{"id":2594,"date":"2025-02-06T21:16:17","date_gmt":"2025-02-06T21:16:17","guid":{"rendered":"https:\/\/exoticchemicals.com\/?post_type=product&#038;p=2594"},"modified":"2026-04-15T06:11:38","modified_gmt":"2026-04-15T06:11:38","slug":"dibutylone-crystals-bk-dmbdb","status":"publish","type":"product","link":"https:\/\/exoticchemicals.com\/pt\/product\/dibutylone-crystals-bk-dmbdb\/","title":{"rendered":"Dibutylone Crystals (bk-DMBDB)"},"content":{"rendered":"<h1 class=\"product_title entry-title\">Buy Dibutylone Crystals Online<\/h1>\n<p>Dibutylone, also commonly referred to as bk-DMBDB, Buy Dibutylone Crystals Online, is a stimulant drug of the amphetamine, phenethylamine, and cathinone drug classes. These types of drugs feature a phenethylamine core with an alkyl group attached to the alpha carbon, and a ketone group attached to the beta carbon. Cathinone occurs naturally in the plant khat, the leaves of which are often chewed as a recreational drug. Looking to\u00a0buy\u00a0Dibutylone Crystals Online? You are in the right place.<\/p>\n<p>Dibutylone is a potentially psychotropic designer drug. It is structurally related to methylone, a designer drug that has been detected in products like bath salts, plant food, and tablets. However, the effects of a chemical substance such as this are still unknown in regards to organic specimens, including human subjects. It is considered to be a biochemical with widespread applications in Mass Spectrometry. Therefore, those looking to buy Dibutylone might intend to use it in research areas like Neuroscience and Forensic Science.<\/p>\n<h2>Dibutylone Crystals For Sale Online<\/h2>\n<p>Some more technical information on this chemical substance includes:<\/p>\n<p>Formal Name: 1-(1,3-benzodioxol-5-yl)-2-(dimethylamino)-1-butanone, monohydrochloride<\/p>\n<p>Formula Weight: 271.7<\/p>\n<p>Purity: Greater than or equal to 98%<\/p>\n<p>Formula\u00e7\u00e3o: Um s\u00f3lido cristalino<\/p>\n<p>Storage: -20\u00c2\u00b0C<\/p>\n<p>Stability: Typically no less than two years worth of stability<\/p>\n<h2>Buy Dibutylone Crystals USA<\/h2>\n<p>While the effects of this type of chemical substance on human subjects is widely unknown, many have started to buy Dibutylone for use as a recreational designer drug. Drugs of this type are typically purchased with the hopes of achieving euphoric experiences, both physically and cognitively. Many seek alternatives like this in comparison to more commonly obtained prescription drugs or over the counter medications in the hopes of achieving a stronger experience. Some also seek these alternatives attempting to find a drug that offers these experiences with fewer of the negative side effects that other common drugs might yield.<\/p>\n<h2>Where To Buy Dibutylone Crystals<\/h2>\n<p>In comparison to other\u00a0drugs like this, many users find that the experience is mild at best, only resulting in a slight euphoric experience. Only a very small number of users have cited this, however, with the others mostly citing no change in mental state whatsoever. Some did note a pleasant rush, more openness when it comes to sharing emotions and thoughts, and a positive lift in mood. These users have cited ingesting nasally to be the best experience, however they have also ingested the chemical substance orally by mixing with water and drinking the resultant substance.<\/p>\n<h2>Top Quality Dibutylone Crystals For Sale Cheap<\/h2>\n<p>Drugs like this typically yield certain negative side effects as well, including occasional nausea and even hallucinations. Some common side effects users of Dibutylone have cited include\u00a0feelings\u00a0of a heavy chest, an increase in heart rate, and constipation. Many compare it to other MDMA chemical substances, except they claim this substance has more controllable effects in comparison to others.<\/p>\n<p>All products, including the substance\u00a0Dibutylone, are sold as research specimens exclusively and are not for human consumption under any circumstances. Due to the lack of research on organic specimens, including human subjects, the effects are widely unpredictable and it should only be used as a research chemical.<\/p>","protected":false},"excerpt":{"rendered":"<h3>Dibutylone For Sale\u00a0(bk-DMBDB<sup id=\"cite_ref-1\" class=\"reference\"><\/sup>)<b><br \/> <\/b><\/h3>\n<p><b>Dibutylone<\/b>\u00a0(<b>bk-DMBDB<\/b><sup id=\"cite_ref-1\" class=\"reference\"><\/sup>) is a\u00a0stimulant drug\u00a0of the\u00a0amphetamine,\u00a0phenethylamine, and\u00a0cathinone\u00a0drug classes. It is structurally related to\u00a0butylone, a\u00a0designer drug\u00a0that has been detected in products marketed as\u00a0bath salts\u00a0or plant food.<\/p>","protected":false},"featured_media":2612,"comment_status":"open","ping_status":"closed","template":"","meta":{"_uag_custom_page_level_css":"","site-sidebar-layout":"default","site-content-layout":"","ast-site-content-layout":"","site-content-style":"default","site-sidebar-style":"default","ast-global-header-display":"","ast-banner-title-visibility":"","ast-main-header-display":"","ast-hfb-above-header-display":"","ast-hfb-below-header-display":"","ast-hfb-mobile-header-display":"","site-post-title":"","ast-breadcrumbs-content":"","ast-featured-img":"","footer-sml-layout":"","theme-transparent-header-meta":"","adv-header-id-meta":"","stick-header-meta":"","header-above-stick-meta":"","header-main-stick-meta":"","header-below-stick-meta":"","astra-migrate-meta-layouts":"default","ast-page-background-enabled":"default","ast-page-background-meta":{"desktop":{"background-color":"","background-image":"","background-repeat":"repeat","background-position":"center center","background-size":"auto","background-attachment":"scroll","background-type":"","background-media":"","overlay-type":"","overlay-color":"","overlay-opacity":"","overlay-gradient":""},"tablet":{"background-color":"","background-image":"","background-repeat":"repeat","background-position":"center center","background-size":"auto","background-attachment":"scroll","background-type":"","background-media":"","overlay-type":"","overlay-color":"","overlay-opacity":"","overlay-gradient":""},"mobile":{"background-color":"","background-image":"","background-repeat":"repeat","background-position":"center center","background-size":"auto","background-attachment":"scroll","background-type":"","background-media":"","overlay-type":"","overlay-color":"","overlay-opacity":"","overlay-gradient":""}},"ast-content-background-meta":{"desktop":{"background-color":"var(--ast-global-color-5)","background-image":"","background-repeat":"repeat","background-position":"center center","background-size":"auto","background-attachment":"scroll","background-type":"","background-media":"","overlay-type":"","overlay-color":"","overlay-opacity":"","overlay-gradient":""},"tablet":{"background-color":"var(--ast-global-color-5)","background-image":"","background-repeat":"repeat","background-position":"center center","background-size":"auto","background-attachment":"scroll","background-type":"","background-media":"","overlay-type":"","overlay-color":"","overlay-opacity":"","overlay-gradient":""},"mobile":{"background-color":"var(--ast-global-color-5)","background-image":"","background-repeat":"repeat","background-position":"center center","background-size":"auto","background-attachment":"scroll","background-type":"","background-media":"","overlay-type":"","overlay-color":"","overlay-opacity":"","overlay-gradient":""}}},"product_brand":[],"product_cat":[330],"product_tag":[],"class_list":{"0":"post-2594","1":"product","2":"type-product","3":"status-publish","4":"has-post-thumbnail","6":"product_cat-mdphp-hydrochloride-for-sale-research-chemicals","7":"desktop-align-left","8":"tablet-align-left","9":"mobile-align-left","11":"first","12":"instock","13":"shipping-taxable","14":"purchasable","15":"product-type-simple"},"yoast_head":"<!-- This site is optimized with the Yoast SEO plugin v27.4 - https:\/\/yoast.com\/product\/yoast-seo-wordpress\/ -->\n<title>Dibutylone Crystals (bk-DMBDB) -<\/title>\n<meta name=\"robots\" content=\"index, follow, max-snippet:-1, max-image-preview:large, max-video-preview:-1\" \/>\n<link rel=\"canonical\" href=\"https:\/\/exoticchemicals.com\/pt\/product\/dibutylone-crystals-bk-dmbdb\/\" \/>\n<meta property=\"og:locale\" content=\"pt_PT\" \/>\n<meta property=\"og:type\" content=\"article\" \/>\n<meta property=\"og:title\" content=\"Dibutylone Crystals (bk-DMBDB) -\" \/>\n<meta property=\"og:description\" content=\"Dibutylone For Sale\u00a0(bk-DMBDB) Dibutylone\u00a0(bk-DMBDB) is a\u00a0stimulant drug\u00a0of the\u00a0amphetamine,\u00a0phenethylamine, and\u00a0cathinone\u00a0drug classes. It is structurally related to\u00a0butylone, a\u00a0designer drug\u00a0that has been detected in products marketed as\u00a0bath salts\u00a0or plant food.\" \/>\n<meta property=\"og:url\" content=\"https:\/\/exoticchemicals.com\/pt\/product\/dibutylone-crystals-bk-dmbdb\/\" \/>\n<meta property=\"article:modified_time\" content=\"2026-04-15T06:11:38+00:00\" \/>\n<meta property=\"og:image\" content=\"https:\/\/exoticchemicals.com\/wp-content\/uploads\/2025\/02\/Buy-Dibutylone-Crystals-Online-510x383-1.jpg\" \/>\n\t<meta property=\"og:image:width\" content=\"510\" \/>\n\t<meta property=\"og:image:height\" content=\"383\" \/>\n\t<meta property=\"og:image:type\" content=\"image\/jpeg\" \/>\n<meta name=\"twitter:card\" content=\"summary_large_image\" \/>\n<meta name=\"twitter:label1\" content=\"Tempo estimado de leitura\" \/>\n\t<meta name=\"twitter:data1\" content=\"3 minutos\" \/>\n<script type=\"application\/ld+json\" class=\"yoast-schema-graph\">{\"@context\":\"https:\\\/\\\/schema.org\",\"@graph\":[{\"@type\":\"WebPage\",\"@id\":\"https:\\\/\\\/exoticchemicals.com\\\/product\\\/dibutylone-crystals-bk-dmbdb\\\/\",\"url\":\"https:\\\/\\\/exoticchemicals.com\\\/product\\\/dibutylone-crystals-bk-dmbdb\\\/\",\"name\":\"Dibutylone Crystals (bk-DMBDB) -\",\"isPartOf\":{\"@id\":\"https:\\\/\\\/exoticchemicals.com\\\/#website\"},\"primaryImageOfPage\":{\"@id\":\"https:\\\/\\\/exoticchemicals.com\\\/product\\\/dibutylone-crystals-bk-dmbdb\\\/#primaryimage\"},\"image\":{\"@id\":\"https:\\\/\\\/exoticchemicals.com\\\/product\\\/dibutylone-crystals-bk-dmbdb\\\/#primaryimage\"},\"thumbnailUrl\":\"https:\\\/\\\/exoticchemicals.com\\\/wp-content\\\/uploads\\\/2025\\\/02\\\/Buy-Dibutylone-Crystals-Online-510x383-1.jpg\",\"datePublished\":\"2025-02-06T21:16:17+00:00\",\"dateModified\":\"2026-04-15T06:11:38+00:00\",\"breadcrumb\":{\"@id\":\"https:\\\/\\\/exoticchemicals.com\\\/product\\\/dibutylone-crystals-bk-dmbdb\\\/#breadcrumb\"},\"inLanguage\":\"pt-PT\",\"potentialAction\":[{\"@type\":\"ReadAction\",\"target\":[\"https:\\\/\\\/exoticchemicals.com\\\/product\\\/dibutylone-crystals-bk-dmbdb\\\/\"]}]},{\"@type\":\"ImageObject\",\"inLanguage\":\"pt-PT\",\"@id\":\"https:\\\/\\\/exoticchemicals.com\\\/product\\\/dibutylone-crystals-bk-dmbdb\\\/#primaryimage\",\"url\":\"https:\\\/\\\/exoticchemicals.com\\\/wp-content\\\/uploads\\\/2025\\\/02\\\/Buy-Dibutylone-Crystals-Online-510x383-1.jpg\",\"contentUrl\":\"https:\\\/\\\/exoticchemicals.com\\\/wp-content\\\/uploads\\\/2025\\\/02\\\/Buy-Dibutylone-Crystals-Online-510x383-1.jpg\",\"width\":510,\"height\":383},{\"@type\":\"BreadcrumbList\",\"@id\":\"https:\\\/\\\/exoticchemicals.com\\\/product\\\/dibutylone-crystals-bk-dmbdb\\\/#breadcrumb\",\"itemListElement\":[{\"@type\":\"ListItem\",\"position\":1,\"name\":\"Home\",\"item\":\"https:\\\/\\\/exoticchemicals.com\\\/\"},{\"@type\":\"ListItem\",\"position\":2,\"name\":\"Shop\",\"item\":\"https:\\\/\\\/exoticchemicals.com\\\/shop\\\/\"},{\"@type\":\"ListItem\",\"position\":3,\"name\":\"Dibutylone Crystals (bk-DMBDB)\"}]},{\"@type\":\"WebSite\",\"@id\":\"https:\\\/\\\/exoticchemicals.com\\\/#website\",\"url\":\"https:\\\/\\\/exoticchemicals.com\\\/\",\"name\":\"exotic chemicals\",\"description\":\"Buy MDPHP Hydrochloride\",\"publisher\":{\"@id\":\"https:\\\/\\\/exoticchemicals.com\\\/#\\\/schema\\\/person\\\/07ad08472b6f5b213792451a32dbe8c7\"},\"potentialAction\":[{\"@type\":\"SearchAction\",\"target\":{\"@type\":\"EntryPoint\",\"urlTemplate\":\"https:\\\/\\\/exoticchemicals.com\\\/?s={search_term_string}\"},\"query-input\":{\"@type\":\"PropertyValueSpecification\",\"valueRequired\":true,\"valueName\":\"search_term_string\"}}],\"inLanguage\":\"pt-PT\"},{\"@type\":[\"Person\",\"Organization\"],\"@id\":\"https:\\\/\\\/exoticchemicals.com\\\/#\\\/schema\\\/person\\\/07ad08472b6f5b213792451a32dbe8c7\",\"name\":\"wwalkershop@gmail.com\",\"image\":{\"@type\":\"ImageObject\",\"inLanguage\":\"pt-PT\",\"@id\":\"https:\\\/\\\/exoticchemicals.com\\\/wp-content\\\/uploads\\\/2025\\\/02\\\/pure-3-1-1.png\",\"url\":\"https:\\\/\\\/exoticchemicals.com\\\/wp-content\\\/uploads\\\/2025\\\/02\\\/pure-3-1-1.png\",\"contentUrl\":\"https:\\\/\\\/exoticchemicals.com\\\/wp-content\\\/uploads\\\/2025\\\/02\\\/pure-3-1-1.png\",\"width\":500,\"height\":500,\"caption\":\"wwalkershop@gmail.com\"},\"logo\":{\"@id\":\"https:\\\/\\\/exoticchemicals.com\\\/wp-content\\\/uploads\\\/2025\\\/02\\\/pure-3-1-1.png\"},\"sameAs\":[\"http:\\\/\\\/exoticchemicals.com\"]}]}<\/script>\n<!-- \/ Yoast SEO plugin. -->","yoast_head_json":{"title":"Dibutylone Crystals (bk-DMBDB) -","robots":{"index":"index","follow":"follow","max-snippet":"max-snippet:-1","max-image-preview":"max-image-preview:large","max-video-preview":"max-video-preview:-1"},"canonical":"https:\/\/exoticchemicals.com\/pt\/product\/dibutylone-crystals-bk-dmbdb\/","og_locale":"pt_PT","og_type":"article","og_title":"Dibutylone Crystals (bk-DMBDB) -","og_description":"Dibutylone For Sale\u00a0(bk-DMBDB) Dibutylone\u00a0(bk-DMBDB) is a\u00a0stimulant drug\u00a0of the\u00a0amphetamine,\u00a0phenethylamine, and\u00a0cathinone\u00a0drug classes. It is structurally related to\u00a0butylone, a\u00a0designer drug\u00a0that has been detected in products marketed as\u00a0bath salts\u00a0or plant food.","og_url":"https:\/\/exoticchemicals.com\/pt\/product\/dibutylone-crystals-bk-dmbdb\/","article_modified_time":"2026-04-15T06:11:38+00:00","og_image":[{"width":510,"height":383,"url":"https:\/\/exoticchemicals.com\/wp-content\/uploads\/2025\/02\/Buy-Dibutylone-Crystals-Online-510x383-1.jpg","type":"image\/jpeg"}],"twitter_card":"summary_large_image","twitter_misc":{"Tempo estimado de leitura":"3 minutos"},"schema":{"@context":"https:\/\/schema.org","@graph":[{"@type":"WebPage","@id":"https:\/\/exoticchemicals.com\/product\/dibutylone-crystals-bk-dmbdb\/","url":"https:\/\/exoticchemicals.com\/product\/dibutylone-crystals-bk-dmbdb\/","name":"Dibutylone Crystals (bk-DMBDB) -","isPartOf":{"@id":"https:\/\/exoticchemicals.com\/#website"},"primaryImageOfPage":{"@id":"https:\/\/exoticchemicals.com\/product\/dibutylone-crystals-bk-dmbdb\/#primaryimage"},"image":{"@id":"https:\/\/exoticchemicals.com\/product\/dibutylone-crystals-bk-dmbdb\/#primaryimage"},"thumbnailUrl":"https:\/\/exoticchemicals.com\/wp-content\/uploads\/2025\/02\/Buy-Dibutylone-Crystals-Online-510x383-1.jpg","datePublished":"2025-02-06T21:16:17+00:00","dateModified":"2026-04-15T06:11:38+00:00","breadcrumb":{"@id":"https:\/\/exoticchemicals.com\/product\/dibutylone-crystals-bk-dmbdb\/#breadcrumb"},"inLanguage":"pt-PT","potentialAction":[{"@type":"ReadAction","target":["https:\/\/exoticchemicals.com\/product\/dibutylone-crystals-bk-dmbdb\/"]}]},{"@type":"ImageObject","inLanguage":"pt-PT","@id":"https:\/\/exoticchemicals.com\/product\/dibutylone-crystals-bk-dmbdb\/#primaryimage","url":"https:\/\/exoticchemicals.com\/wp-content\/uploads\/2025\/02\/Buy-Dibutylone-Crystals-Online-510x383-1.jpg","contentUrl":"https:\/\/exoticchemicals.com\/wp-content\/uploads\/2025\/02\/Buy-Dibutylone-Crystals-Online-510x383-1.jpg","width":510,"height":383},{"@type":"BreadcrumbList","@id":"https:\/\/exoticchemicals.com\/product\/dibutylone-crystals-bk-dmbdb\/#breadcrumb","itemListElement":[{"@type":"ListItem","position":1,"name":"Home","item":"https:\/\/exoticchemicals.com\/"},{"@type":"ListItem","position":2,"name":"Shop","item":"https:\/\/exoticchemicals.com\/shop\/"},{"@type":"ListItem","position":3,"name":"Dibutylone Crystals (bk-DMBDB)"}]},{"@type":"WebSite","@id":"https:\/\/exoticchemicals.com\/#website","url":"https:\/\/exoticchemicals.com\/","name":"produtos qu\u00edmicos ex\u00f3ticos","description":"Comprar cloridrato de MDPHP","publisher":{"@id":"https:\/\/exoticchemicals.com\/#\/schema\/person\/07ad08472b6f5b213792451a32dbe8c7"},"potentialAction":[{"@type":"SearchAction","target":{"@type":"EntryPoint","urlTemplate":"https:\/\/exoticchemicals.com\/?s={search_term_string}"},"query-input":{"@type":"PropertyValueSpecification","valueRequired":true,"valueName":"search_term_string"}}],"inLanguage":"pt-PT"},{"@type":["Person","Organization"],"@id":"https:\/\/exoticchemicals.com\/#\/schema\/person\/07ad08472b6f5b213792451a32dbe8c7","name":"wwalkershop@gmail.com","image":{"@type":"ImageObject","inLanguage":"pt-PT","@id":"https:\/\/exoticchemicals.com\/wp-content\/uploads\/2025\/02\/pure-3-1-1.png","url":"https:\/\/exoticchemicals.com\/wp-content\/uploads\/2025\/02\/pure-3-1-1.png","contentUrl":"https:\/\/exoticchemicals.com\/wp-content\/uploads\/2025\/02\/pure-3-1-1.png","width":500,"height":500,"caption":"wwalkershop@gmail.com"},"logo":{"@id":"https:\/\/exoticchemicals.com\/wp-content\/uploads\/2025\/02\/pure-3-1-1.png"},"sameAs":["http:\/\/exoticchemicals.com"]}]}},"uagb_featured_image_src":{"full":["https:\/\/exoticchemicals.com\/wp-content\/uploads\/2025\/02\/Buy-Dibutylone-Crystals-Online-510x383-1.jpg",510,383,false],"thumbnail":["https:\/\/exoticchemicals.com\/wp-content\/uploads\/2025\/02\/Buy-Dibutylone-Crystals-Online-510x383-1-150x150.jpg",150,150,true],"medium":["https:\/\/exoticchemicals.com\/wp-content\/uploads\/2025\/02\/Buy-Dibutylone-Crystals-Online-510x383-1-300x225.jpg",300,225,true],"medium_large":["https:\/\/exoticchemicals.com\/wp-content\/uploads\/2025\/02\/Buy-Dibutylone-Crystals-Online-510x383-1.jpg",510,383,false],"large":["https:\/\/exoticchemicals.com\/wp-content\/uploads\/2025\/02\/Buy-Dibutylone-Crystals-Online-510x383-1.jpg",510,383,false],"1536x1536":["https:\/\/exoticchemicals.com\/wp-content\/uploads\/2025\/02\/Buy-Dibutylone-Crystals-Online-510x383-1.jpg",510,383,false],"2048x2048":["https:\/\/exoticchemicals.com\/wp-content\/uploads\/2025\/02\/Buy-Dibutylone-Crystals-Online-510x383-1.jpg",510,383,false],"trp-custom-language-flag":["https:\/\/exoticchemicals.com\/wp-content\/uploads\/2025\/02\/Buy-Dibutylone-Crystals-Online-510x383-1.jpg",16,12,false],"woocommerce_thumbnail":["https:\/\/exoticchemicals.com\/wp-content\/uploads\/2025\/02\/Buy-Dibutylone-Crystals-Online-510x383-1-300x300.jpg",300,300,true],"woocommerce_single":["https:\/\/exoticchemicals.com\/wp-content\/uploads\/2025\/02\/Buy-Dibutylone-Crystals-Online-510x383-1.jpg",510,383,false],"woocommerce_gallery_thumbnail":["https:\/\/exoticchemicals.com\/wp-content\/uploads\/2025\/02\/Buy-Dibutylone-Crystals-Online-510x383-1-100x100.jpg",100,100,true]},"uagb_author_info":{"display_name":"bossman","author_link":"https:\/\/exoticchemicals.com\/pt\/author\/"},"uagb_comment_info":7,"uagb_excerpt":"Dibutylone For Sale\u00a0(bk-DMBDB) Dibutylone\u00a0(bk-DMBDB) is a\u00a0stimulant drug\u00a0of the\u00a0amphetamine,\u00a0phenethylamine, and\u00a0cathinone\u00a0drug classes. It is structurally related to\u00a0butylone, a\u00a0designer drug\u00a0that has been detected in products marketed as\u00a0bath salts\u00a0or plant food.","_links":{"self":[{"href":"https:\/\/exoticchemicals.com\/pt\/wp-json\/wp\/v2\/product\/2594","targetHints":{"allow":["GET"]}}],"collection":[{"href":"https:\/\/exoticchemicals.com\/pt\/wp-json\/wp\/v2\/product"}],"about":[{"href":"https:\/\/exoticchemicals.com\/pt\/wp-json\/wp\/v2\/types\/product"}],"replies":[{"embeddable":true,"href":"https:\/\/exoticchemicals.com\/pt\/wp-json\/wp\/v2\/comments?post=2594"}],"wp:featuredmedia":[{"embeddable":true,"href":"https:\/\/exoticchemicals.com\/pt\/wp-json\/wp\/v2\/media\/2612"}],"wp:attachment":[{"href":"https:\/\/exoticchemicals.com\/pt\/wp-json\/wp\/v2\/media?parent=2594"}],"wp:term":[{"taxonomy":"product_brand","embeddable":true,"href":"https:\/\/exoticchemicals.com\/pt\/wp-json\/wp\/v2\/product_brand?post=2594"},{"taxonomy":"product_cat","embeddable":true,"href":"https:\/\/exoticchemicals.com\/pt\/wp-json\/wp\/v2\/product_cat?post=2594"},{"taxonomy":"product_tag","embeddable":true,"href":"https:\/\/exoticchemicals.com\/pt\/wp-json\/wp\/v2\/product_tag?post=2594"}],"curies":[{"name":"wp","href":"https:\/\/api.w.org\/{rel}","templated":true}]}}