{"id":2732,"date":"2025-02-06T21:17:36","date_gmt":"2025-02-06T21:17:36","guid":{"rendered":"https:\/\/exoticchemicals.com\/?post_type=product&#038;p=2732"},"modified":"2026-04-15T05:31:31","modified_gmt":"2026-04-15T05:31:31","slug":"psilocybin-tea-variety-pack","status":"publish","type":"product","link":"https:\/\/exoticchemicals.com\/pt\/product\/psilocybin-tea-variety-pack\/","title":{"rendered":"Pacote de variedades de ch\u00e1 de psilocibina"},"content":{"rendered":"<h2>Ch\u00e1 de psilocibina: Pacote de variedades<\/h2>\n<p>A Organic Shroom Canada convida-o a experimentar o nosso pacote de variedades de ch\u00e1 de psilocibina. Cada pacote de variedades inclui uma saqueta de ch\u00e1 de hortel\u00e3-pimenta, a\u00e7afr\u00e3o-da-terra, gengibre e ch\u00e1 chai. Seleccionamos cuidadosamente os melhores ingredientes, combinados com 1 grama de Psilocibina misturada para cada saqueta de ch\u00e1.<\/p>\n<p><strong>Ch\u00e1 de hortel\u00e3-pimenta com psilocibina<\/strong><\/p>\n<p><span class=\"a-list-item\">A hortel\u00e3-pimenta \u00e9 uma erva mentolada origin\u00e1ria da Europa e da \u00c1sia. Durante centenas de anos, as pessoas utilizaram a hortel\u00e3-pimenta tanto como aromatizante como pelas suas propriedades medicinais. Alguns dos benef\u00edcios da hortel\u00e3-pimenta para a sa\u00fade incluem o al\u00edvio de dores de cabe\u00e7a tensionais, melhor digest\u00e3o e aumento de energia. Uma mistura de hortel\u00e3-pimenta e 1 grama de psilocibina org\u00e2nica que torna este ch\u00e1 de ervas verdadeiramente revigorante.<\/span><\/p>\n<p><strong>Psilocibina Ch\u00e1 de c\u00farcuma e gengibre<\/strong><\/p>\n<p><span class=\"a-list-item\">Popularmente conhecida como a \u2018Erva M\u00e1gica\u2019, a curcuma \u00e9 uma erva rica em anti-oxidantes amplamente utilizada na \u00cdndia h\u00e1 milhares de anos, principalmente como especiaria culin\u00e1ria. Uma erva rica e dourada conhecida por ter poderosos benef\u00edcios para a sa\u00fade e para a vida. O gengibre cont\u00e9m Gingerol, uma subst\u00e2ncia com poderosos benef\u00edcios para a sa\u00fade. Uma mistura de ch\u00e1 de gengibre e ch\u00e1 de curcuma e 1 grama de psilocibina org\u00e2nica que faz deste ch\u00e1 de ervas um ch\u00e1 de desintoxica\u00e7\u00e3o natural completo. Uma experi\u00eancia verdadeiramente curativa, rejuvenescedora e energizante.<\/span><\/p>\n<p><strong>Ch\u00e1 Chai com psilocibina<\/strong><\/p>\n<p><span class=\"a-list-item\">O nosso ch\u00e1 Chai tem uma propor\u00e7\u00e3o mista de folhas soltas de ch\u00e1 Assam CTC Chai e especiarias como vagens de cardamomo esmagadas, canela, cravinho, pimenta preta e 1 grama de psilocibina org\u00e2nica. Este ch\u00e1 a granel tem um sabor rico e benef\u00edcios para a sa\u00fade, como a desintoxica\u00e7\u00e3o do corpo, o aumento da imunidade e a melhoria da digest\u00e3o.<\/span><\/p>","protected":false},"excerpt":{"rendered":"<p>Novo no mundo dos cogumelos m\u00e1gicos ou sente n\u00e1useas quando toma cogumelos? O ch\u00e1 \u00e9 uma das melhores formas de ingerir cogumelos m\u00e1gicos. \u00c9 f\u00e1cil para o corpo e o sabor \u00e9 fant\u00e1stico. O nosso ch\u00e1 de psilocibina: O nosso ch\u00e1 de psilocibina: Pacote de variedades \u00e9 a melhor maneira de experimentares um pouco de cada sabor para veres de qual gostas mais. Cada pacote de variedades cont\u00e9m uma saqueta de ch\u00e1 de hortel\u00e3-pimenta, ch\u00e1 chai e ch\u00e1 de gengibre com curcuma. Cada saqueta de ch\u00e1 cont\u00e9m 1 grama de Psilocybe. Experimente hoje mesmo!<\/p>","protected":false},"featured_media":2776,"comment_status":"open","ping_status":"closed","template":"","meta":{"_uag_custom_page_level_css":"","site-sidebar-layout":"default","site-content-layout":"","ast-site-content-layout":"default","site-content-style":"default","site-sidebar-style":"default","ast-global-header-display":"","ast-banner-title-visibility":"","ast-main-header-display":"","ast-hfb-above-header-display":"","ast-hfb-below-header-display":"","ast-hfb-mobile-header-display":"","site-post-title":"","ast-breadcrumbs-content":"","ast-featured-img":"","footer-sml-layout":"","ast-disable-related-posts":"","theme-transparent-header-meta":"","adv-header-id-meta":"","stick-header-meta":"","header-above-stick-meta":"","header-main-stick-meta":"","header-below-stick-meta":"","astra-migrate-meta-layouts":"default","ast-page-background-enabled":"default","ast-page-background-meta":{"desktop":{"background-color":"","background-image":"","background-repeat":"repeat","background-position":"center center","background-size":"auto","background-attachment":"scroll","background-type":"","background-media":"","overlay-type":"","overlay-color":"","overlay-opacity":"","overlay-gradient":""},"tablet":{"background-color":"","background-image":"","background-repeat":"repeat","background-position":"center center","background-size":"auto","background-attachment":"scroll","background-type":"","background-media":"","overlay-type":"","overlay-color":"","overlay-opacity":"","overlay-gradient":""},"mobile":{"background-color":"","background-image":"","background-repeat":"repeat","background-position":"center center","background-size":"auto","background-attachment":"scroll","background-type":"","background-media":"","overlay-type":"","overlay-color":"","overlay-opacity":"","overlay-gradient":""}},"ast-content-background-meta":{"desktop":{"background-color":"var(--ast-global-color-5)","background-image":"","background-repeat":"repeat","background-position":"center center","background-size":"auto","background-attachment":"scroll","background-type":"","background-media":"","overlay-type":"","overlay-color":"","overlay-opacity":"","overlay-gradient":""},"tablet":{"background-color":"var(--ast-global-color-5)","background-image":"","background-repeat":"repeat","background-position":"center center","background-size":"auto","background-attachment":"scroll","background-type":"","background-media":"","overlay-type":"","overlay-color":"","overlay-opacity":"","overlay-gradient":""},"mobile":{"background-color":"var(--ast-global-color-5)","background-image":"","background-repeat":"repeat","background-position":"center center","background-size":"auto","background-attachment":"scroll","background-type":"","background-media":"","overlay-type":"","overlay-color":"","overlay-opacity":"","overlay-gradient":""}}},"product_brand":[],"product_cat":[1167],"product_tag":[],"class_list":{"0":"post-2732","1":"product","2":"type-product","3":"status-publish","4":"has-post-thumbnail","6":"product_cat-psilocybin-tea","7":"desktop-align-left","8":"tablet-align-left","9":"mobile-align-left","11":"first","12":"instock","13":"shipping-taxable","14":"purchasable","15":"product-type-simple"},"yoast_head":"<!-- This site is optimized with the Yoast SEO plugin v27.4 - https:\/\/yoast.com\/product\/yoast-seo-wordpress\/ -->\n<title>Psilocybin Tea Variety Pack -<\/title>\n<meta name=\"robots\" content=\"index, follow, max-snippet:-1, max-image-preview:large, max-video-preview:-1\" \/>\n<link rel=\"canonical\" href=\"https:\/\/exoticchemicals.com\/pt\/product\/psilocybin-tea-variety-pack\/\" \/>\n<meta property=\"og:locale\" content=\"pt_PT\" \/>\n<meta property=\"og:type\" content=\"article\" \/>\n<meta property=\"og:title\" content=\"Psilocybin Tea Variety Pack -\" \/>\n<meta property=\"og:description\" content=\"New to Magic Mushrooms or feeling nauseous when taking shrooms? Tea is one of the best ways to ingest magic mushrooms. It is easy on the body and the flavour is amazing. Our Psilocybin Tea: Variety Pack is the best way to sample a bit of each flavour to see which one you like the best. Each variety pack contains a bag of Peppermint, Chai and Turmeric ginger tea. Each bag of tea contains 1 gram of Psilocybe. Try them out today!\" \/>\n<meta property=\"og:url\" content=\"https:\/\/exoticchemicals.com\/pt\/product\/psilocybin-tea-variety-pack\/\" \/>\n<meta property=\"article:modified_time\" content=\"2026-04-15T05:31:31+00:00\" \/>\n<meta property=\"og:image\" content=\"https:\/\/exoticchemicals.com\/wp-content\/uploads\/2025\/02\/Psilocybin-Tea-Variety-Pack-scaled-1-1.jpg\" \/>\n\t<meta property=\"og:image:width\" content=\"1920\" \/>\n\t<meta property=\"og:image:height\" content=\"2560\" \/>\n\t<meta property=\"og:image:type\" content=\"image\/jpeg\" \/>\n<meta name=\"twitter:card\" content=\"summary_large_image\" \/>\n<meta name=\"twitter:label1\" content=\"Tempo estimado de leitura\" \/>\n\t<meta name=\"twitter:data1\" content=\"1 minuto\" \/>\n<script type=\"application\/ld+json\" class=\"yoast-schema-graph\">{\"@context\":\"https:\\\/\\\/schema.org\",\"@graph\":[{\"@type\":\"WebPage\",\"@id\":\"https:\\\/\\\/exoticchemicals.com\\\/product\\\/psilocybin-tea-variety-pack\\\/\",\"url\":\"https:\\\/\\\/exoticchemicals.com\\\/product\\\/psilocybin-tea-variety-pack\\\/\",\"name\":\"Psilocybin Tea Variety Pack -\",\"isPartOf\":{\"@id\":\"https:\\\/\\\/exoticchemicals.com\\\/#website\"},\"primaryImageOfPage\":{\"@id\":\"https:\\\/\\\/exoticchemicals.com\\\/product\\\/psilocybin-tea-variety-pack\\\/#primaryimage\"},\"image\":{\"@id\":\"https:\\\/\\\/exoticchemicals.com\\\/product\\\/psilocybin-tea-variety-pack\\\/#primaryimage\"},\"thumbnailUrl\":\"https:\\\/\\\/exoticchemicals.com\\\/wp-content\\\/uploads\\\/2025\\\/02\\\/Psilocybin-Tea-Variety-Pack-scaled-1-1.jpg\",\"datePublished\":\"2025-02-06T21:17:36+00:00\",\"dateModified\":\"2026-04-15T05:31:31+00:00\",\"breadcrumb\":{\"@id\":\"https:\\\/\\\/exoticchemicals.com\\\/product\\\/psilocybin-tea-variety-pack\\\/#breadcrumb\"},\"inLanguage\":\"pt-PT\",\"potentialAction\":[{\"@type\":\"ReadAction\",\"target\":[\"https:\\\/\\\/exoticchemicals.com\\\/product\\\/psilocybin-tea-variety-pack\\\/\"]}]},{\"@type\":\"ImageObject\",\"inLanguage\":\"pt-PT\",\"@id\":\"https:\\\/\\\/exoticchemicals.com\\\/product\\\/psilocybin-tea-variety-pack\\\/#primaryimage\",\"url\":\"https:\\\/\\\/exoticchemicals.com\\\/wp-content\\\/uploads\\\/2025\\\/02\\\/Psilocybin-Tea-Variety-Pack-scaled-1-1.jpg\",\"contentUrl\":\"https:\\\/\\\/exoticchemicals.com\\\/wp-content\\\/uploads\\\/2025\\\/02\\\/Psilocybin-Tea-Variety-Pack-scaled-1-1.jpg\",\"width\":1920,\"height\":2560},{\"@type\":\"BreadcrumbList\",\"@id\":\"https:\\\/\\\/exoticchemicals.com\\\/product\\\/psilocybin-tea-variety-pack\\\/#breadcrumb\",\"itemListElement\":[{\"@type\":\"ListItem\",\"position\":1,\"name\":\"Home\",\"item\":\"https:\\\/\\\/exoticchemicals.com\\\/\"},{\"@type\":\"ListItem\",\"position\":2,\"name\":\"Shop\",\"item\":\"https:\\\/\\\/exoticchemicals.com\\\/shop\\\/\"},{\"@type\":\"ListItem\",\"position\":3,\"name\":\"Psilocybin Tea Variety Pack\"}]},{\"@type\":\"WebSite\",\"@id\":\"https:\\\/\\\/exoticchemicals.com\\\/#website\",\"url\":\"https:\\\/\\\/exoticchemicals.com\\\/\",\"name\":\"exotic chemicals\",\"description\":\"Buy MDPHP Hydrochloride\",\"publisher\":{\"@id\":\"https:\\\/\\\/exoticchemicals.com\\\/#\\\/schema\\\/person\\\/07ad08472b6f5b213792451a32dbe8c7\"},\"potentialAction\":[{\"@type\":\"SearchAction\",\"target\":{\"@type\":\"EntryPoint\",\"urlTemplate\":\"https:\\\/\\\/exoticchemicals.com\\\/?s={search_term_string}\"},\"query-input\":{\"@type\":\"PropertyValueSpecification\",\"valueRequired\":true,\"valueName\":\"search_term_string\"}}],\"inLanguage\":\"pt-PT\"},{\"@type\":[\"Person\",\"Organization\"],\"@id\":\"https:\\\/\\\/exoticchemicals.com\\\/#\\\/schema\\\/person\\\/07ad08472b6f5b213792451a32dbe8c7\",\"name\":\"wwalkershop@gmail.com\",\"image\":{\"@type\":\"ImageObject\",\"inLanguage\":\"pt-PT\",\"@id\":\"https:\\\/\\\/exoticchemicals.com\\\/wp-content\\\/uploads\\\/2025\\\/02\\\/pure-3-1-1.png\",\"url\":\"https:\\\/\\\/exoticchemicals.com\\\/wp-content\\\/uploads\\\/2025\\\/02\\\/pure-3-1-1.png\",\"contentUrl\":\"https:\\\/\\\/exoticchemicals.com\\\/wp-content\\\/uploads\\\/2025\\\/02\\\/pure-3-1-1.png\",\"width\":500,\"height\":500,\"caption\":\"wwalkershop@gmail.com\"},\"logo\":{\"@id\":\"https:\\\/\\\/exoticchemicals.com\\\/wp-content\\\/uploads\\\/2025\\\/02\\\/pure-3-1-1.png\"},\"sameAs\":[\"http:\\\/\\\/exoticchemicals.com\"]}]}<\/script>\n<!-- \/ Yoast SEO plugin. -->","yoast_head_json":{"title":"Pacote de variedades de ch\u00e1 de psilocibina -","robots":{"index":"index","follow":"follow","max-snippet":"max-snippet:-1","max-image-preview":"max-image-preview:large","max-video-preview":"max-video-preview:-1"},"canonical":"https:\/\/exoticchemicals.com\/pt\/product\/psilocybin-tea-variety-pack\/","og_locale":"pt_PT","og_type":"article","og_title":"Psilocybin Tea Variety Pack -","og_description":"New to Magic Mushrooms or feeling nauseous when taking shrooms? Tea is one of the best ways to ingest magic mushrooms. It is easy on the body and the flavour is amazing. Our Psilocybin Tea: Variety Pack is the best way to sample a bit of each flavour to see which one you like the best. Each variety pack contains a bag of Peppermint, Chai and Turmeric ginger tea. Each bag of tea contains 1 gram of Psilocybe. Try them out today!","og_url":"https:\/\/exoticchemicals.com\/pt\/product\/psilocybin-tea-variety-pack\/","article_modified_time":"2026-04-15T05:31:31+00:00","og_image":[{"width":1920,"height":2560,"url":"https:\/\/exoticchemicals.com\/wp-content\/uploads\/2025\/02\/Psilocybin-Tea-Variety-Pack-scaled-1-1.jpg","type":"image\/jpeg"}],"twitter_card":"summary_large_image","twitter_misc":{"Tempo estimado de leitura":"1 minuto"},"schema":{"@context":"https:\/\/schema.org","@graph":[{"@type":"WebPage","@id":"https:\/\/exoticchemicals.com\/product\/psilocybin-tea-variety-pack\/","url":"https:\/\/exoticchemicals.com\/product\/psilocybin-tea-variety-pack\/","name":"Pacote de variedades de ch\u00e1 de psilocibina -","isPartOf":{"@id":"https:\/\/exoticchemicals.com\/#website"},"primaryImageOfPage":{"@id":"https:\/\/exoticchemicals.com\/product\/psilocybin-tea-variety-pack\/#primaryimage"},"image":{"@id":"https:\/\/exoticchemicals.com\/product\/psilocybin-tea-variety-pack\/#primaryimage"},"thumbnailUrl":"https:\/\/exoticchemicals.com\/wp-content\/uploads\/2025\/02\/Psilocybin-Tea-Variety-Pack-scaled-1-1.jpg","datePublished":"2025-02-06T21:17:36+00:00","dateModified":"2026-04-15T05:31:31+00:00","breadcrumb":{"@id":"https:\/\/exoticchemicals.com\/product\/psilocybin-tea-variety-pack\/#breadcrumb"},"inLanguage":"pt-PT","potentialAction":[{"@type":"ReadAction","target":["https:\/\/exoticchemicals.com\/product\/psilocybin-tea-variety-pack\/"]}]},{"@type":"ImageObject","inLanguage":"pt-PT","@id":"https:\/\/exoticchemicals.com\/product\/psilocybin-tea-variety-pack\/#primaryimage","url":"https:\/\/exoticchemicals.com\/wp-content\/uploads\/2025\/02\/Psilocybin-Tea-Variety-Pack-scaled-1-1.jpg","contentUrl":"https:\/\/exoticchemicals.com\/wp-content\/uploads\/2025\/02\/Psilocybin-Tea-Variety-Pack-scaled-1-1.jpg","width":1920,"height":2560},{"@type":"BreadcrumbList","@id":"https:\/\/exoticchemicals.com\/product\/psilocybin-tea-variety-pack\/#breadcrumb","itemListElement":[{"@type":"ListItem","position":1,"name":"Home","item":"https:\/\/exoticchemicals.com\/"},{"@type":"ListItem","position":2,"name":"Shop","item":"https:\/\/exoticchemicals.com\/shop\/"},{"@type":"ListItem","position":3,"name":"Psilocybin Tea Variety Pack"}]},{"@type":"WebSite","@id":"https:\/\/exoticchemicals.com\/#website","url":"https:\/\/exoticchemicals.com\/","name":"produtos qu\u00edmicos ex\u00f3ticos","description":"Comprar cloridrato de MDPHP","publisher":{"@id":"https:\/\/exoticchemicals.com\/#\/schema\/person\/07ad08472b6f5b213792451a32dbe8c7"},"potentialAction":[{"@type":"SearchAction","target":{"@type":"EntryPoint","urlTemplate":"https:\/\/exoticchemicals.com\/?s={search_term_string}"},"query-input":{"@type":"PropertyValueSpecification","valueRequired":true,"valueName":"search_term_string"}}],"inLanguage":"pt-PT"},{"@type":["Person","Organization"],"@id":"https:\/\/exoticchemicals.com\/#\/schema\/person\/07ad08472b6f5b213792451a32dbe8c7","name":"wwalkershop@gmail.com","image":{"@type":"ImageObject","inLanguage":"pt-PT","@id":"https:\/\/exoticchemicals.com\/wp-content\/uploads\/2025\/02\/pure-3-1-1.png","url":"https:\/\/exoticchemicals.com\/wp-content\/uploads\/2025\/02\/pure-3-1-1.png","contentUrl":"https:\/\/exoticchemicals.com\/wp-content\/uploads\/2025\/02\/pure-3-1-1.png","width":500,"height":500,"caption":"wwalkershop@gmail.com"},"logo":{"@id":"https:\/\/exoticchemicals.com\/wp-content\/uploads\/2025\/02\/pure-3-1-1.png"},"sameAs":["http:\/\/exoticchemicals.com"]}]}},"uagb_featured_image_src":{"full":["https:\/\/exoticchemicals.com\/wp-content\/uploads\/2025\/02\/Psilocybin-Tea-Variety-Pack-scaled-1-1.jpg",1920,2560,false],"thumbnail":["https:\/\/exoticchemicals.com\/wp-content\/uploads\/2025\/02\/Psilocybin-Tea-Variety-Pack-scaled-1-1-150x150.jpg",150,150,true],"medium":["https:\/\/exoticchemicals.com\/wp-content\/uploads\/2025\/02\/Psilocybin-Tea-Variety-Pack-scaled-1-1-225x300.jpg",225,300,true],"medium_large":["https:\/\/exoticchemicals.com\/wp-content\/uploads\/2025\/02\/Psilocybin-Tea-Variety-Pack-scaled-1-1-768x1024.jpg",768,1024,true],"large":["https:\/\/exoticchemicals.com\/wp-content\/uploads\/2025\/02\/Psilocybin-Tea-Variety-Pack-scaled-1-1-768x1024.jpg",768,1024,true],"1536x1536":["https:\/\/exoticchemicals.com\/wp-content\/uploads\/2025\/02\/Psilocybin-Tea-Variety-Pack-scaled-1-1-1152x1536.jpg",1152,1536,true],"2048x2048":["https:\/\/exoticchemicals.com\/wp-content\/uploads\/2025\/02\/Psilocybin-Tea-Variety-Pack-scaled-1-1-1536x2048.jpg",1536,2048,true],"trp-custom-language-flag":["https:\/\/exoticchemicals.com\/wp-content\/uploads\/2025\/02\/Psilocybin-Tea-Variety-Pack-scaled-1-1.jpg",9,12,false],"woocommerce_thumbnail":["https:\/\/exoticchemicals.com\/wp-content\/uploads\/2025\/02\/Psilocybin-Tea-Variety-Pack-scaled-1-1-300x300.jpg",300,300,true],"woocommerce_single":["https:\/\/exoticchemicals.com\/wp-content\/uploads\/2025\/02\/Psilocybin-Tea-Variety-Pack-scaled-1-1-600x800.jpg",600,800,true],"woocommerce_gallery_thumbnail":["https:\/\/exoticchemicals.com\/wp-content\/uploads\/2025\/02\/Psilocybin-Tea-Variety-Pack-scaled-1-1-100x100.jpg",100,100,true]},"uagb_author_info":{"display_name":"bossman","author_link":"https:\/\/exoticchemicals.com\/pt\/author\/"},"uagb_comment_info":7,"uagb_excerpt":"New to Magic Mushrooms or feeling nauseous when taking shrooms? Tea is one of the best ways to ingest magic mushrooms. It is easy on the body and the flavour is amazing. Our Psilocybin Tea: Variety Pack is the best way to sample a bit of each flavour to see which one you like the&hellip;","_links":{"self":[{"href":"https:\/\/exoticchemicals.com\/pt\/wp-json\/wp\/v2\/product\/2732","targetHints":{"allow":["GET"]}}],"collection":[{"href":"https:\/\/exoticchemicals.com\/pt\/wp-json\/wp\/v2\/product"}],"about":[{"href":"https:\/\/exoticchemicals.com\/pt\/wp-json\/wp\/v2\/types\/product"}],"replies":[{"embeddable":true,"href":"https:\/\/exoticchemicals.com\/pt\/wp-json\/wp\/v2\/comments?post=2732"}],"wp:featuredmedia":[{"embeddable":true,"href":"https:\/\/exoticchemicals.com\/pt\/wp-json\/wp\/v2\/media\/2776"}],"wp:attachment":[{"href":"https:\/\/exoticchemicals.com\/pt\/wp-json\/wp\/v2\/media?parent=2732"}],"wp:term":[{"taxonomy":"product_brand","embeddable":true,"href":"https:\/\/exoticchemicals.com\/pt\/wp-json\/wp\/v2\/product_brand?post=2732"},{"taxonomy":"product_cat","embeddable":true,"href":"https:\/\/exoticchemicals.com\/pt\/wp-json\/wp\/v2\/product_cat?post=2732"},{"taxonomy":"product_tag","embeddable":true,"href":"https:\/\/exoticchemicals.com\/pt\/wp-json\/wp\/v2\/product_tag?post=2732"}],"curies":[{"name":"wp","href":"https:\/\/api.w.org\/{rel}","templated":true}]}}