{"id":3827,"date":"2025-02-06T21:27:37","date_gmt":"2025-02-06T21:27:37","guid":{"rendered":"https:\/\/exoticchemicals.com\/?post_type=product&#038;p=3827"},"modified":"2026-04-11T02:21:31","modified_gmt":"2026-04-11T02:21:31","slug":"psilocybe-buy-huaulta-cubensis","status":"publish","type":"product","link":"https:\/\/exoticchemicals.com\/pt\/product\/psilocybe-buy-huaulta-cubensis\/","title":{"rendered":"Psilocibo: Comprar Huaulta Cubensis"},"content":{"rendered":"<h1>Buy Huaulta Cubensis Magic mushroom\u00a0 Alaska<\/h1>\n<h2><a href=\"https:\/\/isochemi.com\/product\/psilocybe-buy-huaulta-cubensis\/\">buy psychedelic mushroom Alaska<\/a><\/h2>\n<p>&nbsp;<\/p>\n<p>The Huaulta magic mushroom is one of the most popular strains that comes out of Mexico. Although this mushroom is not large in size, its looks can be deceiving as it packs a punch.<\/p>\n<p dir=\"ltr\">This strain was one of the first mushrooms to be classified by R. Gordon Wasson in the famous LIFE Magazine article \u201cSeeking the Magic Mushroom\u201d. Because of this article, Psilocybin mushrooms gained popularity throughout Western cultures. Its name originates from the village of Huautla De Jim\u00e9nez in Oaxaca, Mexico.<a href=\"https:\/\/isochemi.com\/product\/psilocybe-buy-huaulta-cubensis\/\">buy psychedelic mushroom Alaska <\/a>This is where Wasson\u2019s experience first took place.<\/p>\n<p>In 1954 Gordon Wasson and Allan Richardson became the first Caucasians to participate in a mushroom ceremony, conducted under the guidance of Maria Sabina near the village of Huautla de Jimenez. Wasson and Richardson each consumed specimens of <a href=\"http:\/\/australiapsilocybins.com\">Psilocybe caerulescen<\/a>s var. mazatecorum.<\/p>\n<div>While not large in size, the Huaulta Cubensis is quite potent. At even one gram, this mushroom can invoke some intense body sensations. At higher concentrations, users will experience shamanistic hallucinations.<\/div>\n<div><\/div>\n<div>\n<h2><a href=\"https:\/\/isochemi.com\/product\/psilocybe-buy-huaulta-cubensis\/\">buy psychedelic mushroom Alaska<\/a><\/h2>\n<\/p><\/div>\n<p>Dose criativa: 0,5 grama a 1,25 grama<\/p>\n<p>Dose recreativa m\u00e9dia: 1,5 gramas a 2 gramas<\/p>\n<p>Dose recreativa completa: 2 gramas a 3,5 gramas<\/p>\n<p>!!!Cuidado!!! N\u00e3o mistures os produtos \u00e0 base de cogumelos m\u00e1gicos com \u00e1lcool ou outros medicamentos anti-depressivos (SSRI), pois estes entorpecem a experi\u00eancia ou bloqueiam-na completamente.<\/p>\n<p>Manter o produto armazenado \u00e0 temperatura ambiente, num ambiente seco e ao abrigo da luz solar direta. Manter tamb\u00e9m fora do alcance das crian\u00e7as e dos animais dom\u00e9sticos.<\/p>","protected":false},"excerpt":{"rendered":"<h2>Buy Huaulta Cubensis<\/h2>\n<p>&nbsp;<\/p>\n<p>Huautla are typically small to medium-sized mushrooms of moderate potency. They are known to reliably elicit spiritually meaningful experiences permeated with intense feelings of love and unity, along with a sense of connection with nature and the universe as a whole.<\/p>\n<p>&nbsp;<\/p>\n<h3>14 grams<\/h3>","protected":false},"featured_media":3857,"comment_status":"open","ping_status":"closed","template":"","meta":{"_uag_custom_page_level_css":"","site-sidebar-layout":"default","site-content-layout":"","ast-site-content-layout":"default","site-content-style":"default","site-sidebar-style":"default","ast-global-header-display":"","ast-banner-title-visibility":"","ast-main-header-display":"","ast-hfb-above-header-display":"","ast-hfb-below-header-display":"","ast-hfb-mobile-header-display":"","site-post-title":"","ast-breadcrumbs-content":"","ast-featured-img":"","footer-sml-layout":"","ast-disable-related-posts":"","theme-transparent-header-meta":"","adv-header-id-meta":"","stick-header-meta":"","header-above-stick-meta":"","header-main-stick-meta":"","header-below-stick-meta":"","astra-migrate-meta-layouts":"default","ast-page-background-enabled":"default","ast-page-background-meta":{"desktop":{"background-color":"","background-image":"","background-repeat":"repeat","background-position":"center center","background-size":"auto","background-attachment":"scroll","background-type":"","background-media":"","overlay-type":"","overlay-color":"","overlay-opacity":"","overlay-gradient":""},"tablet":{"background-color":"","background-image":"","background-repeat":"repeat","background-position":"center center","background-size":"auto","background-attachment":"scroll","background-type":"","background-media":"","overlay-type":"","overlay-color":"","overlay-opacity":"","overlay-gradient":""},"mobile":{"background-color":"","background-image":"","background-repeat":"repeat","background-position":"center center","background-size":"auto","background-attachment":"scroll","background-type":"","background-media":"","overlay-type":"","overlay-color":"","overlay-opacity":"","overlay-gradient":""}},"ast-content-background-meta":{"desktop":{"background-color":"var(--ast-global-color-5)","background-image":"","background-repeat":"repeat","background-position":"center center","background-size":"auto","background-attachment":"scroll","background-type":"","background-media":"","overlay-type":"","overlay-color":"","overlay-opacity":"","overlay-gradient":""},"tablet":{"background-color":"var(--ast-global-color-5)","background-image":"","background-repeat":"repeat","background-position":"center center","background-size":"auto","background-attachment":"scroll","background-type":"","background-media":"","overlay-type":"","overlay-color":"","overlay-opacity":"","overlay-gradient":""},"mobile":{"background-color":"var(--ast-global-color-5)","background-image":"","background-repeat":"repeat","background-position":"center center","background-size":"auto","background-attachment":"scroll","background-type":"","background-media":"","overlay-type":"","overlay-color":"","overlay-opacity":"","overlay-gradient":""}}},"product_brand":[],"product_cat":[2198],"product_tag":[2218,2238,2241,2213,2239,2199,2200,2201,2202,2203,2214,2219,2220,2215,2204,2205,2206,2221,2222,2223,2224,2207,2208,2225,2226,2216,2227,2240,2228,2229,2230,2231,2232,2209,2233,2210,2211,2212,2234,2217,2235],"class_list":{"0":"post-3827","1":"product","2":"type-product","3":"status-publish","4":"has-post-thumbnail","6":"product_cat-secure-mdphp-hydrochloride-purchase-shrooms","7":"product_tag-book-on-psychedelic-mushrooms","8":"product_tag-buy-psychedelic-mushroom","9":"product_tag-buy-psychedelic-mushroom-alaska","10":"product_tag-buy-psychedelic-mushroom-in-australia","11":"product_tag-buy-psychedelic-mushroom-new-jersey","12":"product_tag-buy-psychedelic-mushroom-spores-canada","13":"product_tag-buy-psychedelic-mushrooms-uk","14":"product_tag-buy-psychedelics-mushrooms","15":"product_tag-can-you-buy-psychedelic-mushroom-seeds-online","16":"product_tag-can-you-buy-psychedelics-mushrooms-in-usa","17":"product_tag-how-much-are-mushrooms-psychedelic","18":"product_tag-how-to-buy-psychedelic-mushrooms","19":"product_tag-how-to-find-psychedelic-mushrooms","20":"product_tag-how-to-get-psychedelics-mushrooms","21":"product_tag-mushrooms-for-sale","22":"product_tag-mushrooms-psychedelic-buy","23":"product_tag-mushrooms-psychedelic-buy-online-usa","24":"product_tag-mushrooms-psychedelic-near-me","25":"product_tag-mushrooms-psychedelic-where-to-find-them","26":"product_tag-mushrooms-selling-price-psychedelic","27":"product_tag-mushrooms-with-psychedelic-properties","28":"product_tag-psychedelic-drugs","29":"product_tag-psychedelic-mushroom-kit-ship-to-kuwait-buy","30":"product_tag-psychedelic-mushroom-shop-near-me","31":"product_tag-psychedelic-mushrooms-for-sale","32":"product_tag-psychedelic-mushrooms-for-sale-near-me","33":"product_tag-psychedelic-mushrooms-in-australia","34":"product_tag-psychedelic-mushrooms-in-ohio","35":"product_tag-psychedelic-mushrooms-near-me","36":"product_tag-psychedelic-mushrooms-to-buy","37":"product_tag-psychedelics-mushroom-for-sale","38":"product_tag-what-are-psychedelic-mushrooms","39":"product_tag-where-can-i-buy-psychedelic-mushrooms","40":"product_tag-where-can-i-buy-psychedelics-mushrooms-in-usa","41":"product_tag-where-can-i-get-psychedelic-mushrooms","42":"product_tag-where-to-buy-mushrooms-psychedelic","43":"product_tag-where-to-buy-psychedelic-mushroom-spores","44":"product_tag-where-to-buy-psychedelics-mushrooms","45":"product_tag-where-to-find-psychedelics-mushrooms","46":"product_tag-where-to-find-psychedelics-mushrooms-uk","47":"product_tag-which-mushrooms-are-psychedelic","48":"desktop-align-left","49":"tablet-align-left","50":"mobile-align-left","52":"first","53":"instock","54":"shipping-taxable","55":"purchasable","56":"product-type-simple"},"yoast_head":"<!-- This site is optimized with the Yoast SEO plugin v27.5 - https:\/\/yoast.com\/product\/yoast-seo-wordpress\/ -->\n<title>Psilocybe: Buy Huaulta Cubensis -<\/title>\n<meta name=\"robots\" content=\"index, follow, max-snippet:-1, max-image-preview:large, max-video-preview:-1\" \/>\n<link rel=\"canonical\" href=\"https:\/\/exoticchemicals.com\/pt\/product\/psilocybe-buy-huaulta-cubensis\/\" \/>\n<meta property=\"og:locale\" content=\"pt_PT\" \/>\n<meta property=\"og:type\" content=\"article\" \/>\n<meta property=\"og:title\" content=\"Psilocybe: Buy Huaulta Cubensis -\" \/>\n<meta property=\"og:description\" content=\"Buy Huaulta Cubensis &nbsp; Huautla are typically small to medium-sized mushrooms of moderate potency. They are known to reliably elicit spiritually meaningful experiences permeated with intense feelings of love and unity, along with a sense of connection with nature and the universe as a whole. &nbsp; 14 grams\" \/>\n<meta property=\"og:url\" content=\"https:\/\/exoticchemicals.com\/pt\/product\/psilocybe-buy-huaulta-cubensis\/\" \/>\n<meta property=\"article:modified_time\" content=\"2026-04-11T02:21:31+00:00\" \/>\n<meta property=\"og:image\" content=\"https:\/\/exoticchemicals.com\/wp-content\/uploads\/2025\/02\/Huaulta-Cubensis-scaled-465x465-1-jpg.webp\" \/>\n\t<meta property=\"og:image:width\" content=\"465\" \/>\n\t<meta property=\"og:image:height\" content=\"465\" \/>\n\t<meta property=\"og:image:type\" content=\"image\/webp\" \/>\n<meta name=\"twitter:card\" content=\"summary_large_image\" \/>\n<meta name=\"twitter:label1\" content=\"Tempo estimado de leitura\" \/>\n\t<meta name=\"twitter:data1\" content=\"1 minuto\" \/>\n<script type=\"application\/ld+json\" class=\"yoast-schema-graph\">{\"@context\":\"https:\\\/\\\/schema.org\",\"@graph\":[{\"@type\":\"WebPage\",\"@id\":\"https:\\\/\\\/exoticchemicals.com\\\/product\\\/psilocybe-buy-huaulta-cubensis\\\/\",\"url\":\"https:\\\/\\\/exoticchemicals.com\\\/product\\\/psilocybe-buy-huaulta-cubensis\\\/\",\"name\":\"Psilocybe: Buy Huaulta Cubensis -\",\"isPartOf\":{\"@id\":\"https:\\\/\\\/exoticchemicals.com\\\/#website\"},\"primaryImageOfPage\":{\"@id\":\"https:\\\/\\\/exoticchemicals.com\\\/product\\\/psilocybe-buy-huaulta-cubensis\\\/#primaryimage\"},\"image\":{\"@id\":\"https:\\\/\\\/exoticchemicals.com\\\/product\\\/psilocybe-buy-huaulta-cubensis\\\/#primaryimage\"},\"thumbnailUrl\":\"https:\\\/\\\/exoticchemicals.com\\\/wp-content\\\/uploads\\\/2025\\\/02\\\/Huaulta-Cubensis-scaled-465x465-1-jpg.webp\",\"datePublished\":\"2025-02-06T21:27:37+00:00\",\"dateModified\":\"2026-04-11T02:21:31+00:00\",\"breadcrumb\":{\"@id\":\"https:\\\/\\\/exoticchemicals.com\\\/product\\\/psilocybe-buy-huaulta-cubensis\\\/#breadcrumb\"},\"inLanguage\":\"pt-PT\",\"potentialAction\":[{\"@type\":\"ReadAction\",\"target\":[\"https:\\\/\\\/exoticchemicals.com\\\/product\\\/psilocybe-buy-huaulta-cubensis\\\/\"]}]},{\"@type\":\"ImageObject\",\"inLanguage\":\"pt-PT\",\"@id\":\"https:\\\/\\\/exoticchemicals.com\\\/product\\\/psilocybe-buy-huaulta-cubensis\\\/#primaryimage\",\"url\":\"https:\\\/\\\/exoticchemicals.com\\\/wp-content\\\/uploads\\\/2025\\\/02\\\/Huaulta-Cubensis-scaled-465x465-1-jpg.webp\",\"contentUrl\":\"https:\\\/\\\/exoticchemicals.com\\\/wp-content\\\/uploads\\\/2025\\\/02\\\/Huaulta-Cubensis-scaled-465x465-1-jpg.webp\",\"width\":465,\"height\":465},{\"@type\":\"BreadcrumbList\",\"@id\":\"https:\\\/\\\/exoticchemicals.com\\\/product\\\/psilocybe-buy-huaulta-cubensis\\\/#breadcrumb\",\"itemListElement\":[{\"@type\":\"ListItem\",\"position\":1,\"name\":\"Home\",\"item\":\"https:\\\/\\\/exoticchemicals.com\\\/\"},{\"@type\":\"ListItem\",\"position\":2,\"name\":\"Shop\",\"item\":\"https:\\\/\\\/exoticchemicals.com\\\/shop\\\/\"},{\"@type\":\"ListItem\",\"position\":3,\"name\":\"Psilocybe: Buy Huaulta Cubensis\"}]},{\"@type\":\"WebSite\",\"@id\":\"https:\\\/\\\/exoticchemicals.com\\\/#website\",\"url\":\"https:\\\/\\\/exoticchemicals.com\\\/\",\"name\":\"exotic chemicals\",\"description\":\"Buy MDPHP Hydrochloride\",\"publisher\":{\"@id\":\"https:\\\/\\\/exoticchemicals.com\\\/#\\\/schema\\\/person\\\/07ad08472b6f5b213792451a32dbe8c7\"},\"potentialAction\":[{\"@type\":\"SearchAction\",\"target\":{\"@type\":\"EntryPoint\",\"urlTemplate\":\"https:\\\/\\\/exoticchemicals.com\\\/?s={search_term_string}\"},\"query-input\":{\"@type\":\"PropertyValueSpecification\",\"valueRequired\":true,\"valueName\":\"search_term_string\"}}],\"inLanguage\":\"pt-PT\"},{\"@type\":[\"Person\",\"Organization\"],\"@id\":\"https:\\\/\\\/exoticchemicals.com\\\/#\\\/schema\\\/person\\\/07ad08472b6f5b213792451a32dbe8c7\",\"name\":\"wwalkershop@gmail.com\",\"image\":{\"@type\":\"ImageObject\",\"inLanguage\":\"pt-PT\",\"@id\":\"https:\\\/\\\/exoticchemicals.com\\\/wp-content\\\/uploads\\\/2025\\\/02\\\/pure-3-1-1.png\",\"url\":\"https:\\\/\\\/exoticchemicals.com\\\/wp-content\\\/uploads\\\/2025\\\/02\\\/pure-3-1-1.png\",\"contentUrl\":\"https:\\\/\\\/exoticchemicals.com\\\/wp-content\\\/uploads\\\/2025\\\/02\\\/pure-3-1-1.png\",\"width\":500,\"height\":500,\"caption\":\"wwalkershop@gmail.com\"},\"logo\":{\"@id\":\"https:\\\/\\\/exoticchemicals.com\\\/wp-content\\\/uploads\\\/2025\\\/02\\\/pure-3-1-1.png\"},\"sameAs\":[\"http:\\\/\\\/exoticchemicals.com\"]}]}<\/script>\n<!-- \/ Yoast SEO plugin. -->","yoast_head_json":{"title":"Psilocybe: Buy Huaulta Cubensis -","robots":{"index":"index","follow":"follow","max-snippet":"max-snippet:-1","max-image-preview":"max-image-preview:large","max-video-preview":"max-video-preview:-1"},"canonical":"https:\/\/exoticchemicals.com\/pt\/product\/psilocybe-buy-huaulta-cubensis\/","og_locale":"pt_PT","og_type":"article","og_title":"Psilocybe: Buy Huaulta Cubensis -","og_description":"Buy Huaulta Cubensis &nbsp; Huautla are typically small to medium-sized mushrooms of moderate potency. They are known to reliably elicit spiritually meaningful experiences permeated with intense feelings of love and unity, along with a sense of connection with nature and the universe as a whole. &nbsp; 14 grams","og_url":"https:\/\/exoticchemicals.com\/pt\/product\/psilocybe-buy-huaulta-cubensis\/","article_modified_time":"2026-04-11T02:21:31+00:00","og_image":[{"width":465,"height":465,"url":"https:\/\/exoticchemicals.com\/wp-content\/uploads\/2025\/02\/Huaulta-Cubensis-scaled-465x465-1-jpg.webp","type":"image\/webp"}],"twitter_card":"summary_large_image","twitter_misc":{"Tempo estimado de leitura":"1 minuto"},"schema":{"@context":"https:\/\/schema.org","@graph":[{"@type":"WebPage","@id":"https:\/\/exoticchemicals.com\/product\/psilocybe-buy-huaulta-cubensis\/","url":"https:\/\/exoticchemicals.com\/product\/psilocybe-buy-huaulta-cubensis\/","name":"Psilocybe: Buy Huaulta Cubensis -","isPartOf":{"@id":"https:\/\/exoticchemicals.com\/#website"},"primaryImageOfPage":{"@id":"https:\/\/exoticchemicals.com\/product\/psilocybe-buy-huaulta-cubensis\/#primaryimage"},"image":{"@id":"https:\/\/exoticchemicals.com\/product\/psilocybe-buy-huaulta-cubensis\/#primaryimage"},"thumbnailUrl":"https:\/\/exoticchemicals.com\/wp-content\/uploads\/2025\/02\/Huaulta-Cubensis-scaled-465x465-1-jpg.webp","datePublished":"2025-02-06T21:27:37+00:00","dateModified":"2026-04-11T02:21:31+00:00","breadcrumb":{"@id":"https:\/\/exoticchemicals.com\/product\/psilocybe-buy-huaulta-cubensis\/#breadcrumb"},"inLanguage":"pt-PT","potentialAction":[{"@type":"ReadAction","target":["https:\/\/exoticchemicals.com\/product\/psilocybe-buy-huaulta-cubensis\/"]}]},{"@type":"ImageObject","inLanguage":"pt-PT","@id":"https:\/\/exoticchemicals.com\/product\/psilocybe-buy-huaulta-cubensis\/#primaryimage","url":"https:\/\/exoticchemicals.com\/wp-content\/uploads\/2025\/02\/Huaulta-Cubensis-scaled-465x465-1-jpg.webp","contentUrl":"https:\/\/exoticchemicals.com\/wp-content\/uploads\/2025\/02\/Huaulta-Cubensis-scaled-465x465-1-jpg.webp","width":465,"height":465},{"@type":"BreadcrumbList","@id":"https:\/\/exoticchemicals.com\/product\/psilocybe-buy-huaulta-cubensis\/#breadcrumb","itemListElement":[{"@type":"ListItem","position":1,"name":"Home","item":"https:\/\/exoticchemicals.com\/"},{"@type":"ListItem","position":2,"name":"Shop","item":"https:\/\/exoticchemicals.com\/shop\/"},{"@type":"ListItem","position":3,"name":"Psilocybe: Buy Huaulta Cubensis"}]},{"@type":"WebSite","@id":"https:\/\/exoticchemicals.com\/#website","url":"https:\/\/exoticchemicals.com\/","name":"produtos qu\u00edmicos ex\u00f3ticos","description":"Comprar cloridrato de MDPHP","publisher":{"@id":"https:\/\/exoticchemicals.com\/#\/schema\/person\/07ad08472b6f5b213792451a32dbe8c7"},"potentialAction":[{"@type":"SearchAction","target":{"@type":"EntryPoint","urlTemplate":"https:\/\/exoticchemicals.com\/?s={search_term_string}"},"query-input":{"@type":"PropertyValueSpecification","valueRequired":true,"valueName":"search_term_string"}}],"inLanguage":"pt-PT"},{"@type":["Person","Organization"],"@id":"https:\/\/exoticchemicals.com\/#\/schema\/person\/07ad08472b6f5b213792451a32dbe8c7","name":"wwalkershop@gmail.com","image":{"@type":"ImageObject","inLanguage":"pt-PT","@id":"https:\/\/exoticchemicals.com\/wp-content\/uploads\/2025\/02\/pure-3-1-1.png","url":"https:\/\/exoticchemicals.com\/wp-content\/uploads\/2025\/02\/pure-3-1-1.png","contentUrl":"https:\/\/exoticchemicals.com\/wp-content\/uploads\/2025\/02\/pure-3-1-1.png","width":500,"height":500,"caption":"wwalkershop@gmail.com"},"logo":{"@id":"https:\/\/exoticchemicals.com\/wp-content\/uploads\/2025\/02\/pure-3-1-1.png"},"sameAs":["http:\/\/exoticchemicals.com"]}]}},"uagb_featured_image_src":{"full":["https:\/\/exoticchemicals.com\/wp-content\/uploads\/2025\/02\/Huaulta-Cubensis-scaled-465x465-1-jpg.webp",465,465,false],"thumbnail":["https:\/\/exoticchemicals.com\/wp-content\/uploads\/2025\/02\/Huaulta-Cubensis-scaled-465x465-1-jpg-150x150.webp",150,150,true],"medium":["https:\/\/exoticchemicals.com\/wp-content\/uploads\/2025\/02\/Huaulta-Cubensis-scaled-465x465-1-jpg-300x300.webp",300,300,true],"medium_large":["https:\/\/exoticchemicals.com\/wp-content\/uploads\/2025\/02\/Huaulta-Cubensis-scaled-465x465-1-jpg.webp",465,465,false],"large":["https:\/\/exoticchemicals.com\/wp-content\/uploads\/2025\/02\/Huaulta-Cubensis-scaled-465x465-1-jpg.webp",465,465,false],"1536x1536":["https:\/\/exoticchemicals.com\/wp-content\/uploads\/2025\/02\/Huaulta-Cubensis-scaled-465x465-1-jpg.webp",465,465,false],"2048x2048":["https:\/\/exoticchemicals.com\/wp-content\/uploads\/2025\/02\/Huaulta-Cubensis-scaled-465x465-1-jpg.webp",465,465,false],"trp-custom-language-flag":["https:\/\/exoticchemicals.com\/wp-content\/uploads\/2025\/02\/Huaulta-Cubensis-scaled-465x465-1-jpg.webp",12,12,false],"woocommerce_thumbnail":["https:\/\/exoticchemicals.com\/wp-content\/uploads\/2025\/02\/Huaulta-Cubensis-scaled-465x465-1-jpg-300x300.webp",300,300,true],"woocommerce_single":["https:\/\/exoticchemicals.com\/wp-content\/uploads\/2025\/02\/Huaulta-Cubensis-scaled-465x465-1-jpg.webp",465,465,false],"woocommerce_gallery_thumbnail":["https:\/\/exoticchemicals.com\/wp-content\/uploads\/2025\/02\/Huaulta-Cubensis-scaled-465x465-1-jpg-100x100.webp",100,100,true]},"uagb_author_info":{"display_name":"bossman","author_link":"https:\/\/exoticchemicals.com\/pt\/author\/"},"uagb_comment_info":9,"uagb_excerpt":"Buy Huaulta Cubensis &nbsp; Huautla are typically small to medium-sized mushrooms of moderate potency. They are known to reliably elicit spiritually meaningful experiences permeated with intense feelings of love and unity, along with a sense of connection with nature and the universe as a whole. &nbsp; 14 grams","_links":{"self":[{"href":"https:\/\/exoticchemicals.com\/pt\/wp-json\/wp\/v2\/product\/3827","targetHints":{"allow":["GET"]}}],"collection":[{"href":"https:\/\/exoticchemicals.com\/pt\/wp-json\/wp\/v2\/product"}],"about":[{"href":"https:\/\/exoticchemicals.com\/pt\/wp-json\/wp\/v2\/types\/product"}],"replies":[{"embeddable":true,"href":"https:\/\/exoticchemicals.com\/pt\/wp-json\/wp\/v2\/comments?post=3827"}],"wp:featuredmedia":[{"embeddable":true,"href":"https:\/\/exoticchemicals.com\/pt\/wp-json\/wp\/v2\/media\/3857"}],"wp:attachment":[{"href":"https:\/\/exoticchemicals.com\/pt\/wp-json\/wp\/v2\/media?parent=3827"}],"wp:term":[{"taxonomy":"product_brand","embeddable":true,"href":"https:\/\/exoticchemicals.com\/pt\/wp-json\/wp\/v2\/product_brand?post=3827"},{"taxonomy":"product_cat","embeddable":true,"href":"https:\/\/exoticchemicals.com\/pt\/wp-json\/wp\/v2\/product_cat?post=3827"},{"taxonomy":"product_tag","embeddable":true,"href":"https:\/\/exoticchemicals.com\/pt\/wp-json\/wp\/v2\/product_tag?post=3827"}],"curies":[{"name":"wp","href":"https:\/\/api.w.org\/{rel}","templated":true}]}}