{"id":3833,"date":"2025-02-06T21:27:37","date_gmt":"2025-02-06T21:27:37","guid":{"rendered":"https:\/\/exoticchemicals.com\/?post_type=product&#038;p=3833"},"modified":"2026-04-06T05:51:39","modified_gmt":"2026-04-06T05:51:39","slug":"psilocybe-buy-pes-amazonian","status":"publish","type":"product","link":"https:\/\/exoticchemicals.com\/pt\/product\/psilocybe-buy-pes-amazonian\/","title":{"rendered":"Psilocybe: Buy PES Amazonian"},"content":{"rendered":"<h1>Buy PES Amazonian Connecticut<\/h1>\n<p><strong>Buy Psychedelic Mushrooms Connecticut<\/strong><\/p>\n<p>O <a href=\"https:\/\/isochemi.com\/product\/psilocybe-buy-pes-amazonian\/\">PES Amazonian magic mushroom<\/a> is one of the more potent strains in the Psilocybe Cubensis family. It contains an absurdly high amount of psilocybin and psilocin. Because of these high concentrations, users of this shroom tends to experience hallucinations. A common characteristic of this Shroom is its round chestnut brown caps and meaty toad. Originating in the deep jungles of the Amazon rain forest, the PES Amazonian prefers the tropic environment. <a href=\"https:\/\/isochemi.com\/product\/psilocybe-buy-pes-amazonian\/\"><strong>Buy Psychedelic Mushrooms Connecticut\u00a0<\/strong><\/a> The natives of Brazil have used this mushroom for thousands of years. Finally, in the recent 40 years, this strain of mushroom was brought into mainstream by a company called Pacifica Spora.<\/p>\n<div>\n<div class=\"woocommerce-product-details__short-description\">\n<p>In addition to PES Amazonian, other common names for this strain of shroom are known as PESA, Amazon<a href=\"http:\/\/mushroomcoffee.us\"> Magic Mushrooms<\/a> and Amazonians. Experiences associated with this strain are, very intense visuals and mood enhancements. Thus making the PES Amazonian magic mushroom a great all round mushroom for small gatherings and larger festivals.<\/p>\n<h2><strong>Buy Psychedelic Mushrooms Connecticut<\/strong><\/h2>\n<\/p><\/div>\n<\/p><\/div>\n<p>Recomenda\u00e7\u00f5es de dosagem:<\/p>\n<p>Dose criativa: 0,5 grama a 1,25 grama<\/p>\n<p>Dose recreativa m\u00e9dia: 1,5 gramas a 2 gramas<\/p>\n<p>Dose recreativa completa: 2 gramas a 3,5 gramas<\/p>\n<p>!!!Cuidado!!! N\u00e3o mistures os produtos \u00e0 base de cogumelos m\u00e1gicos com \u00e1lcool ou outros medicamentos anti-depressivos (SSRI), pois estes entorpecem a experi\u00eancia ou bloqueiam-na completamente.<\/p>\n<p>Manter o produto armazenado \u00e0 temperatura ambiente, num ambiente seco e ao abrigo da luz solar direta. Manter tamb\u00e9m fora do alcance das crian\u00e7as e dos animais dom\u00e9sticos.<\/p>\n<p>&nbsp;<\/p>\n<h2><strong> Psychedelic Mushrooms Connecticut<\/strong><\/h2>\n<p>&nbsp;<\/p>\n<p>Psychedelic mushrooms, also known as magic mushrooms or shrooms, contain psychoactive compounds that can alter perception, mood, and cognitive processes. Research on the benefits of psychedelic mushrooms is still in its early stages, but here are some potential benefits that have been observed:<\/p>\n<p>1. Improves mental health: There is growing evidence that psychedelic mushrooms can help to alleviate conditions such as depression, anxiety, and post-traumatic stress disorder (PTSD). Studies have shown that psilocybin, the active compound in magic mushrooms, can have long-lasting positive effects on mood and well-being.<\/p>\n<p>2. Enhances creativity: Many users of psychedelic mushrooms report experiencing enhanced creativity and an increase in productivity. This could be because psilocybin can help to activate areas of the brain associated with creative thinking.<\/p>\n<p>3. Increases spiritual awareness: Psychedelic mushrooms have traditionally been used in spiritual and religious ceremonies for thousands of years. Many users report feelings of connectedness to nature and a deeper understanding of the world.<\/p>\n<p>4. Reduces addiction: There is evidence that psychedelic mushrooms can help to reduce addictive behaviour by altering patterns of thought and behaviour. Some studies have shown that psilocybin-assisted therapy can help to reduce cravings for substances such as nicotine and alcohol.<\/p>\n<p>5. Relieves cluster headaches: Cluster headaches are an excruciating type of headache that can be difficult to treat. However, research has shown that psilocybin can help to alleviate the symptoms of cluster headaches in some patients. It&#8217;s important to note that despite the potential benefits, psychedelic mushrooms are still illegal in many countries and can have side effects. Anyone considering using them should carefully weigh the risks and benefits and seek the advice of a medical professional.<\/p>","protected":false},"excerpt":{"rendered":"<h2>Buy PES Amazonian<\/h2>\n<p>&nbsp;<\/p>\n<p>PES Amazonian Cubensis are a popular choice of Magic Mushroom that have been around for more than 40 years. It was first discovered in the Amazon rain forest by a company called Pacifica Spora. This strain of mushroom is considered to be very potent because of its high Psilocybin and Psilocin concentration. When using dosages over 2 grams, people report experiencing intense visuals and euphoria.<\/p>\n<p>&nbsp;<\/p>\n<h2>14 GRAMAS<\/h2>","protected":false},"featured_media":3884,"comment_status":"open","ping_status":"closed","template":"","meta":{"_uag_custom_page_level_css":"","site-sidebar-layout":"default","site-content-layout":"","ast-site-content-layout":"","site-content-style":"default","site-sidebar-style":"default","ast-global-header-display":"","ast-banner-title-visibility":"","ast-main-header-display":"","ast-hfb-above-header-display":"","ast-hfb-below-header-display":"","ast-hfb-mobile-header-display":"","site-post-title":"","ast-breadcrumbs-content":"","ast-featured-img":"","footer-sml-layout":"","theme-transparent-header-meta":"","adv-header-id-meta":"","stick-header-meta":"","header-above-stick-meta":"","header-main-stick-meta":"","header-below-stick-meta":"","astra-migrate-meta-layouts":"default","ast-page-background-enabled":"default","ast-page-background-meta":{"desktop":{"background-color":"","background-image":"","background-repeat":"repeat","background-position":"center center","background-size":"auto","background-attachment":"scroll","background-type":"","background-media":"","overlay-type":"","overlay-color":"","overlay-opacity":"","overlay-gradient":""},"tablet":{"background-color":"","background-image":"","background-repeat":"repeat","background-position":"center center","background-size":"auto","background-attachment":"scroll","background-type":"","background-media":"","overlay-type":"","overlay-color":"","overlay-opacity":"","overlay-gradient":""},"mobile":{"background-color":"","background-image":"","background-repeat":"repeat","background-position":"center center","background-size":"auto","background-attachment":"scroll","background-type":"","background-media":"","overlay-type":"","overlay-color":"","overlay-opacity":"","overlay-gradient":""}},"ast-content-background-meta":{"desktop":{"background-color":"var(--ast-global-color-5)","background-image":"","background-repeat":"repeat","background-position":"center center","background-size":"auto","background-attachment":"scroll","background-type":"","background-media":"","overlay-type":"","overlay-color":"","overlay-opacity":"","overlay-gradient":""},"tablet":{"background-color":"var(--ast-global-color-5)","background-image":"","background-repeat":"repeat","background-position":"center center","background-size":"auto","background-attachment":"scroll","background-type":"","background-media":"","overlay-type":"","overlay-color":"","overlay-opacity":"","overlay-gradient":""},"mobile":{"background-color":"var(--ast-global-color-5)","background-image":"","background-repeat":"repeat","background-position":"center center","background-size":"auto","background-attachment":"scroll","background-type":"","background-media":"","overlay-type":"","overlay-color":"","overlay-opacity":"","overlay-gradient":""}}},"product_brand":[],"product_cat":[2198],"product_tag":[2258,2259,2260,2261],"class_list":{"0":"post-3833","1":"product","2":"type-product","3":"status-publish","4":"has-post-thumbnail","6":"product_cat-secure-mdphp-hydrochloride-purchase-shrooms","7":"product_tag-buy-pes-amazonian-connecticut","8":"product_tag-buy-psychedelic-mushrooms-connecticut","9":"product_tag-pes-amazonian-magic-mushroom","10":"product_tag-psychedelic-mushrooms-connecticut","11":"desktop-align-left","12":"tablet-align-left","13":"mobile-align-left","15":"first","16":"instock","17":"shipping-taxable","18":"purchasable","19":"product-type-simple"},"yoast_head":"<!-- This site is optimized with the Yoast SEO plugin v27.4 - https:\/\/yoast.com\/product\/yoast-seo-wordpress\/ -->\n<title>Psilocybe: Buy PES Amazonian -<\/title>\n<meta name=\"robots\" content=\"index, follow, max-snippet:-1, max-image-preview:large, max-video-preview:-1\" \/>\n<link rel=\"canonical\" href=\"https:\/\/exoticchemicals.com\/pt\/product\/psilocybe-buy-pes-amazonian\/\" \/>\n<meta property=\"og:locale\" content=\"pt_PT\" \/>\n<meta property=\"og:type\" content=\"article\" \/>\n<meta property=\"og:title\" content=\"Psilocybe: Buy PES Amazonian -\" \/>\n<meta property=\"og:description\" content=\"Buy PES Amazonian &nbsp; PES Amazonian Cubensis are a popular choice of Magic Mushroom that have been around for more than 40 years. It was first discovered in the Amazon rain forest by a company called Pacifica Spora. This strain of mushroom is considered to be very potent because of its high Psilocybin and Psilocin concentration. When using dosages over 2 grams, people report experiencing intense visuals and euphoria. &nbsp; 14 GRAMS\" \/>\n<meta property=\"og:url\" content=\"https:\/\/exoticchemicals.com\/pt\/product\/psilocybe-buy-pes-amazonian\/\" \/>\n<meta property=\"article:modified_time\" content=\"2026-04-06T05:51:39+00:00\" \/>\n<meta property=\"og:image\" content=\"https:\/\/exoticchemicals.com\/wp-content\/uploads\/2025\/02\/PES-Amazoian-scaled-465x465-1.jpg\" \/>\n\t<meta property=\"og:image:width\" content=\"465\" \/>\n\t<meta property=\"og:image:height\" content=\"465\" \/>\n\t<meta property=\"og:image:type\" content=\"image\/jpeg\" \/>\n<meta name=\"twitter:card\" content=\"summary_large_image\" \/>\n<meta name=\"twitter:label1\" content=\"Tempo estimado de leitura\" \/>\n\t<meta name=\"twitter:data1\" content=\"3 minutos\" \/>\n<script type=\"application\/ld+json\" class=\"yoast-schema-graph\">{\"@context\":\"https:\\\/\\\/schema.org\",\"@graph\":[{\"@type\":\"WebPage\",\"@id\":\"https:\\\/\\\/exoticchemicals.com\\\/product\\\/psilocybe-buy-pes-amazonian\\\/\",\"url\":\"https:\\\/\\\/exoticchemicals.com\\\/product\\\/psilocybe-buy-pes-amazonian\\\/\",\"name\":\"Psilocybe: Buy PES Amazonian -\",\"isPartOf\":{\"@id\":\"https:\\\/\\\/exoticchemicals.com\\\/#website\"},\"primaryImageOfPage\":{\"@id\":\"https:\\\/\\\/exoticchemicals.com\\\/product\\\/psilocybe-buy-pes-amazonian\\\/#primaryimage\"},\"image\":{\"@id\":\"https:\\\/\\\/exoticchemicals.com\\\/product\\\/psilocybe-buy-pes-amazonian\\\/#primaryimage\"},\"thumbnailUrl\":\"https:\\\/\\\/exoticchemicals.com\\\/wp-content\\\/uploads\\\/2025\\\/02\\\/PES-Amazoian-scaled-465x465-1.jpg\",\"datePublished\":\"2025-02-06T21:27:37+00:00\",\"dateModified\":\"2026-04-06T05:51:39+00:00\",\"breadcrumb\":{\"@id\":\"https:\\\/\\\/exoticchemicals.com\\\/product\\\/psilocybe-buy-pes-amazonian\\\/#breadcrumb\"},\"inLanguage\":\"pt-PT\",\"potentialAction\":[{\"@type\":\"ReadAction\",\"target\":[\"https:\\\/\\\/exoticchemicals.com\\\/product\\\/psilocybe-buy-pes-amazonian\\\/\"]}]},{\"@type\":\"ImageObject\",\"inLanguage\":\"pt-PT\",\"@id\":\"https:\\\/\\\/exoticchemicals.com\\\/product\\\/psilocybe-buy-pes-amazonian\\\/#primaryimage\",\"url\":\"https:\\\/\\\/exoticchemicals.com\\\/wp-content\\\/uploads\\\/2025\\\/02\\\/PES-Amazoian-scaled-465x465-1.jpg\",\"contentUrl\":\"https:\\\/\\\/exoticchemicals.com\\\/wp-content\\\/uploads\\\/2025\\\/02\\\/PES-Amazoian-scaled-465x465-1.jpg\",\"width\":465,\"height\":465},{\"@type\":\"BreadcrumbList\",\"@id\":\"https:\\\/\\\/exoticchemicals.com\\\/product\\\/psilocybe-buy-pes-amazonian\\\/#breadcrumb\",\"itemListElement\":[{\"@type\":\"ListItem\",\"position\":1,\"name\":\"Home\",\"item\":\"https:\\\/\\\/exoticchemicals.com\\\/\"},{\"@type\":\"ListItem\",\"position\":2,\"name\":\"Shop\",\"item\":\"https:\\\/\\\/exoticchemicals.com\\\/shop\\\/\"},{\"@type\":\"ListItem\",\"position\":3,\"name\":\"Psilocybe: Buy PES Amazonian\"}]},{\"@type\":\"WebSite\",\"@id\":\"https:\\\/\\\/exoticchemicals.com\\\/#website\",\"url\":\"https:\\\/\\\/exoticchemicals.com\\\/\",\"name\":\"exotic chemicals\",\"description\":\"Buy MDPHP Hydrochloride\",\"publisher\":{\"@id\":\"https:\\\/\\\/exoticchemicals.com\\\/#\\\/schema\\\/person\\\/07ad08472b6f5b213792451a32dbe8c7\"},\"potentialAction\":[{\"@type\":\"SearchAction\",\"target\":{\"@type\":\"EntryPoint\",\"urlTemplate\":\"https:\\\/\\\/exoticchemicals.com\\\/?s={search_term_string}\"},\"query-input\":{\"@type\":\"PropertyValueSpecification\",\"valueRequired\":true,\"valueName\":\"search_term_string\"}}],\"inLanguage\":\"pt-PT\"},{\"@type\":[\"Person\",\"Organization\"],\"@id\":\"https:\\\/\\\/exoticchemicals.com\\\/#\\\/schema\\\/person\\\/07ad08472b6f5b213792451a32dbe8c7\",\"name\":\"wwalkershop@gmail.com\",\"image\":{\"@type\":\"ImageObject\",\"inLanguage\":\"pt-PT\",\"@id\":\"https:\\\/\\\/exoticchemicals.com\\\/wp-content\\\/uploads\\\/2025\\\/02\\\/pure-3-1-1.png\",\"url\":\"https:\\\/\\\/exoticchemicals.com\\\/wp-content\\\/uploads\\\/2025\\\/02\\\/pure-3-1-1.png\",\"contentUrl\":\"https:\\\/\\\/exoticchemicals.com\\\/wp-content\\\/uploads\\\/2025\\\/02\\\/pure-3-1-1.png\",\"width\":500,\"height\":500,\"caption\":\"wwalkershop@gmail.com\"},\"logo\":{\"@id\":\"https:\\\/\\\/exoticchemicals.com\\\/wp-content\\\/uploads\\\/2025\\\/02\\\/pure-3-1-1.png\"},\"sameAs\":[\"http:\\\/\\\/exoticchemicals.com\"]}]}<\/script>\n<!-- \/ Yoast SEO plugin. -->","yoast_head_json":{"title":"Psilocybe: Buy PES Amazonian -","robots":{"index":"index","follow":"follow","max-snippet":"max-snippet:-1","max-image-preview":"max-image-preview:large","max-video-preview":"max-video-preview:-1"},"canonical":"https:\/\/exoticchemicals.com\/pt\/product\/psilocybe-buy-pes-amazonian\/","og_locale":"pt_PT","og_type":"article","og_title":"Psilocybe: Buy PES Amazonian -","og_description":"Buy PES Amazonian &nbsp; PES Amazonian Cubensis are a popular choice of Magic Mushroom that have been around for more than 40 years. It was first discovered in the Amazon rain forest by a company called Pacifica Spora. This strain of mushroom is considered to be very potent because of its high Psilocybin and Psilocin concentration. When using dosages over 2 grams, people report experiencing intense visuals and euphoria. &nbsp; 14 GRAMS","og_url":"https:\/\/exoticchemicals.com\/pt\/product\/psilocybe-buy-pes-amazonian\/","article_modified_time":"2026-04-06T05:51:39+00:00","og_image":[{"width":465,"height":465,"url":"https:\/\/exoticchemicals.com\/wp-content\/uploads\/2025\/02\/PES-Amazoian-scaled-465x465-1.jpg","type":"image\/jpeg"}],"twitter_card":"summary_large_image","twitter_misc":{"Tempo estimado de leitura":"3 minutos"},"schema":{"@context":"https:\/\/schema.org","@graph":[{"@type":"WebPage","@id":"https:\/\/exoticchemicals.com\/product\/psilocybe-buy-pes-amazonian\/","url":"https:\/\/exoticchemicals.com\/product\/psilocybe-buy-pes-amazonian\/","name":"Psilocybe: Buy PES Amazonian -","isPartOf":{"@id":"https:\/\/exoticchemicals.com\/#website"},"primaryImageOfPage":{"@id":"https:\/\/exoticchemicals.com\/product\/psilocybe-buy-pes-amazonian\/#primaryimage"},"image":{"@id":"https:\/\/exoticchemicals.com\/product\/psilocybe-buy-pes-amazonian\/#primaryimage"},"thumbnailUrl":"https:\/\/exoticchemicals.com\/wp-content\/uploads\/2025\/02\/PES-Amazoian-scaled-465x465-1.jpg","datePublished":"2025-02-06T21:27:37+00:00","dateModified":"2026-04-06T05:51:39+00:00","breadcrumb":{"@id":"https:\/\/exoticchemicals.com\/product\/psilocybe-buy-pes-amazonian\/#breadcrumb"},"inLanguage":"pt-PT","potentialAction":[{"@type":"ReadAction","target":["https:\/\/exoticchemicals.com\/product\/psilocybe-buy-pes-amazonian\/"]}]},{"@type":"ImageObject","inLanguage":"pt-PT","@id":"https:\/\/exoticchemicals.com\/product\/psilocybe-buy-pes-amazonian\/#primaryimage","url":"https:\/\/exoticchemicals.com\/wp-content\/uploads\/2025\/02\/PES-Amazoian-scaled-465x465-1.jpg","contentUrl":"https:\/\/exoticchemicals.com\/wp-content\/uploads\/2025\/02\/PES-Amazoian-scaled-465x465-1.jpg","width":465,"height":465},{"@type":"BreadcrumbList","@id":"https:\/\/exoticchemicals.com\/product\/psilocybe-buy-pes-amazonian\/#breadcrumb","itemListElement":[{"@type":"ListItem","position":1,"name":"Home","item":"https:\/\/exoticchemicals.com\/"},{"@type":"ListItem","position":2,"name":"Shop","item":"https:\/\/exoticchemicals.com\/shop\/"},{"@type":"ListItem","position":3,"name":"Psilocybe: Buy PES Amazonian"}]},{"@type":"WebSite","@id":"https:\/\/exoticchemicals.com\/#website","url":"https:\/\/exoticchemicals.com\/","name":"produtos qu\u00edmicos ex\u00f3ticos","description":"Comprar cloridrato de MDPHP","publisher":{"@id":"https:\/\/exoticchemicals.com\/#\/schema\/person\/07ad08472b6f5b213792451a32dbe8c7"},"potentialAction":[{"@type":"SearchAction","target":{"@type":"EntryPoint","urlTemplate":"https:\/\/exoticchemicals.com\/?s={search_term_string}"},"query-input":{"@type":"PropertyValueSpecification","valueRequired":true,"valueName":"search_term_string"}}],"inLanguage":"pt-PT"},{"@type":["Person","Organization"],"@id":"https:\/\/exoticchemicals.com\/#\/schema\/person\/07ad08472b6f5b213792451a32dbe8c7","name":"wwalkershop@gmail.com","image":{"@type":"ImageObject","inLanguage":"pt-PT","@id":"https:\/\/exoticchemicals.com\/wp-content\/uploads\/2025\/02\/pure-3-1-1.png","url":"https:\/\/exoticchemicals.com\/wp-content\/uploads\/2025\/02\/pure-3-1-1.png","contentUrl":"https:\/\/exoticchemicals.com\/wp-content\/uploads\/2025\/02\/pure-3-1-1.png","width":500,"height":500,"caption":"wwalkershop@gmail.com"},"logo":{"@id":"https:\/\/exoticchemicals.com\/wp-content\/uploads\/2025\/02\/pure-3-1-1.png"},"sameAs":["http:\/\/exoticchemicals.com"]}]}},"uagb_featured_image_src":{"full":["https:\/\/exoticchemicals.com\/wp-content\/uploads\/2025\/02\/PES-Amazoian-scaled-465x465-1.jpg",465,465,false],"thumbnail":["https:\/\/exoticchemicals.com\/wp-content\/uploads\/2025\/02\/PES-Amazoian-scaled-465x465-1-150x150.jpg",150,150,true],"medium":["https:\/\/exoticchemicals.com\/wp-content\/uploads\/2025\/02\/PES-Amazoian-scaled-465x465-1-300x300.jpg",300,300,true],"medium_large":["https:\/\/exoticchemicals.com\/wp-content\/uploads\/2025\/02\/PES-Amazoian-scaled-465x465-1.jpg",465,465,false],"large":["https:\/\/exoticchemicals.com\/wp-content\/uploads\/2025\/02\/PES-Amazoian-scaled-465x465-1.jpg",465,465,false],"1536x1536":["https:\/\/exoticchemicals.com\/wp-content\/uploads\/2025\/02\/PES-Amazoian-scaled-465x465-1.jpg",465,465,false],"2048x2048":["https:\/\/exoticchemicals.com\/wp-content\/uploads\/2025\/02\/PES-Amazoian-scaled-465x465-1.jpg",465,465,false],"trp-custom-language-flag":["https:\/\/exoticchemicals.com\/wp-content\/uploads\/2025\/02\/PES-Amazoian-scaled-465x465-1.jpg",12,12,false],"woocommerce_thumbnail":["https:\/\/exoticchemicals.com\/wp-content\/uploads\/2025\/02\/PES-Amazoian-scaled-465x465-1-300x300.jpg",300,300,true],"woocommerce_single":["https:\/\/exoticchemicals.com\/wp-content\/uploads\/2025\/02\/PES-Amazoian-scaled-465x465-1.jpg",465,465,false],"woocommerce_gallery_thumbnail":["https:\/\/exoticchemicals.com\/wp-content\/uploads\/2025\/02\/PES-Amazoian-scaled-465x465-1-100x100.jpg",100,100,true]},"uagb_author_info":{"display_name":"bossman","author_link":"https:\/\/exoticchemicals.com\/pt\/author\/"},"uagb_comment_info":8,"uagb_excerpt":"Buy PES Amazonian &nbsp; PES Amazonian Cubensis are a popular choice of Magic Mushroom that have been around for more than 40 years. It was first discovered in the Amazon rain forest by a company called Pacifica Spora. This strain of mushroom is considered to be very potent because of its high Psilocybin and Psilocin&hellip;","_links":{"self":[{"href":"https:\/\/exoticchemicals.com\/pt\/wp-json\/wp\/v2\/product\/3833","targetHints":{"allow":["GET"]}}],"collection":[{"href":"https:\/\/exoticchemicals.com\/pt\/wp-json\/wp\/v2\/product"}],"about":[{"href":"https:\/\/exoticchemicals.com\/pt\/wp-json\/wp\/v2\/types\/product"}],"replies":[{"embeddable":true,"href":"https:\/\/exoticchemicals.com\/pt\/wp-json\/wp\/v2\/comments?post=3833"}],"wp:featuredmedia":[{"embeddable":true,"href":"https:\/\/exoticchemicals.com\/pt\/wp-json\/wp\/v2\/media\/3884"}],"wp:attachment":[{"href":"https:\/\/exoticchemicals.com\/pt\/wp-json\/wp\/v2\/media?parent=3833"}],"wp:term":[{"taxonomy":"product_brand","embeddable":true,"href":"https:\/\/exoticchemicals.com\/pt\/wp-json\/wp\/v2\/product_brand?post=3833"},{"taxonomy":"product_cat","embeddable":true,"href":"https:\/\/exoticchemicals.com\/pt\/wp-json\/wp\/v2\/product_cat?post=3833"},{"taxonomy":"product_tag","embeddable":true,"href":"https:\/\/exoticchemicals.com\/pt\/wp-json\/wp\/v2\/product_tag?post=3833"}],"curies":[{"name":"wp","href":"https:\/\/api.w.org\/{rel}","templated":true}]}}