{"id":3841,"date":"2025-02-06T21:27:37","date_gmt":"2025-02-06T21:27:37","guid":{"rendered":"https:\/\/exoticchemicals.com\/?post_type=product&#038;p=3841"},"modified":"2026-04-15T18:11:31","modified_gmt":"2026-04-15T18:11:31","slug":"psilocybe-buy-penis-envy","status":"publish","type":"product","link":"https:\/\/exoticchemicals.com\/pt\/product\/psilocybe-buy-penis-envy\/","title":{"rendered":"Psilocybe: Buy Penis Envy"},"content":{"rendered":"<h1>Buy Penis Envy Cubensis<\/h1>\n<p>Psilocybin in New Mexico<\/p>\n<p>&nbsp;<\/p>\n<p>O <a href=\"https:\/\/isochemi.com\/product\/psilocybe-buy-penis-envy\/\">Penis Envy Magic Mushroom<\/a> is one of the rarest mushroom strains. It\u2019s potency is considered one of the world\u2019s strongest in the Cubensis family. This strain of mushroom got its name from its physical appearance. The resemblance is very close to that of an actual Penis. Even with it\u2019s caps opened, the Penis Envy\u2019s stem continues to grow. Unlike other mushrooms, the Penis Envy\u2019s cap does not open too wide. Thus, the appearance looks like a Penis rather than a traditional mushroom.<\/p>\n<p>The original founder of the mushroom was the late mycologist Terence McKenna. Terence was well known within the Magic Mushroom community. He was a famed author and scientist. Through his work he mutated the Amazonian mushroom and created the <a href=\"http:\/\/mushroomcoffee.us\">Penis Envy<\/a>. On average, Penis Envy mushrooms are 1.5 times to 3 times more potent than some mushrooms. This is not a <a href=\"https:\/\/isochemi.com\/product\/psilocybe-buy-mexicana\/\">mushroom for beginners<\/a> because of its high potency of Psilocybin and Psilocin.<\/p>\n<h2>Psilocybin in New Mexico<\/h2>\n<div>\n<p>Recomenda\u00e7\u00f5es de dosagem:<\/p>\n<p>Dose criativa: 0,5 grama a 1,25 grama<\/p>\n<p>Dose recreativa m\u00e9dia: 1,5 gramas a 2 gramas<\/p>\n<p>Dose recreativa completa: 2 gramas a 3,5 gramas<\/p>\n<p>!!!Cuidado!!! N\u00e3o mistures os produtos \u00e0 base de cogumelos m\u00e1gicos com \u00e1lcool ou outros medicamentos anti-depressivos (SSRI), pois estes entorpecem a experi\u00eancia ou bloqueiam-na completamente.<\/p>\n<p>Manter o produto armazenado \u00e0 temperatura ambiente, num ambiente seco e ao abrigo da luz solar direta. Manter tamb\u00e9m fora do alcance das crian\u00e7as e dos animais dom\u00e9sticos.<\/p>\n<p>Psilocybin in New Mexico,<br \/> <a href=\"https:\/\/isochemi.com\/about-us\/\">psilocybe in new hampshire,<\/a><br \/> psilocybin mushrooms in new hampshire,<br \/> new mexico psilocybin,<br \/> psilocybin law new mexico,<\/p>\n<\/p><\/div>","protected":false},"excerpt":{"rendered":"<h2>Buy Penis Envy Cubensis<\/h2>\n<p>The Penis Envy Magic Mushroom is one of the world\u2019s most potent Cubensis. This strain got its name from its physical appearance. It has a long thick stem followed by a small cap. This is the authentic strain unlike other stuff that you see on the web. Do not confuse this strain with the lesser and weaker Penis Envy 6 or the Texas Penis Envy. This mushroom is not recommended for beginners because of its high potency. It is said to have better psychedelic effects than LSD. Most users experience extreme visuals, out of body experience and euphoria.<\/p>\n<p>&nbsp;<\/p>\n<h2>14 GRAMAS<\/h2>","protected":false},"featured_media":3891,"comment_status":"closed","ping_status":"closed","template":"","meta":{"_uag_custom_page_level_css":"","site-sidebar-layout":"default","site-content-layout":"","ast-site-content-layout":"default","site-content-style":"default","site-sidebar-style":"default","ast-global-header-display":"","ast-banner-title-visibility":"","ast-main-header-display":"","ast-hfb-above-header-display":"","ast-hfb-below-header-display":"","ast-hfb-mobile-header-display":"","site-post-title":"","ast-breadcrumbs-content":"","ast-featured-img":"","footer-sml-layout":"","ast-disable-related-posts":"","theme-transparent-header-meta":"","adv-header-id-meta":"","stick-header-meta":"","header-above-stick-meta":"","header-main-stick-meta":"","header-below-stick-meta":"","astra-migrate-meta-layouts":"default","ast-page-background-enabled":"default","ast-page-background-meta":{"desktop":{"background-color":"","background-image":"","background-repeat":"repeat","background-position":"center center","background-size":"auto","background-attachment":"scroll","background-type":"","background-media":"","overlay-type":"","overlay-color":"","overlay-opacity":"","overlay-gradient":""},"tablet":{"background-color":"","background-image":"","background-repeat":"repeat","background-position":"center center","background-size":"auto","background-attachment":"scroll","background-type":"","background-media":"","overlay-type":"","overlay-color":"","overlay-opacity":"","overlay-gradient":""},"mobile":{"background-color":"","background-image":"","background-repeat":"repeat","background-position":"center center","background-size":"auto","background-attachment":"scroll","background-type":"","background-media":"","overlay-type":"","overlay-color":"","overlay-opacity":"","overlay-gradient":""}},"ast-content-background-meta":{"desktop":{"background-color":"var(--ast-global-color-5)","background-image":"","background-repeat":"repeat","background-position":"center center","background-size":"auto","background-attachment":"scroll","background-type":"","background-media":"","overlay-type":"","overlay-color":"","overlay-opacity":"","overlay-gradient":""},"tablet":{"background-color":"var(--ast-global-color-5)","background-image":"","background-repeat":"repeat","background-position":"center center","background-size":"auto","background-attachment":"scroll","background-type":"","background-media":"","overlay-type":"","overlay-color":"","overlay-opacity":"","overlay-gradient":""},"mobile":{"background-color":"var(--ast-global-color-5)","background-image":"","background-repeat":"repeat","background-position":"center center","background-size":"auto","background-attachment":"scroll","background-type":"","background-media":"","overlay-type":"","overlay-color":"","overlay-opacity":"","overlay-gradient":""}}},"product_brand":[],"product_cat":[2198],"product_tag":[2290,2291,2292,2293,2294,2295,2296,2297,2298,2299,2300,2301],"class_list":{"0":"post-3841","1":"product","2":"type-product","3":"status-publish","4":"has-post-thumbnail","6":"product_cat-secure-mdphp-hydrochloride-purchase-shrooms","7":"product_tag-are-psilocybin-mushrooms-legal-in-new-mexico","8":"product_tag-is-psilocybin-legal-in-new-mexico","9":"product_tag-new-mexico-psilocybin","10":"product_tag-new-mexico-psilocybin-laws","11":"product_tag-psilocybe-in-new-hampshire","12":"product_tag-psilocybin-in-new-mexico","13":"product_tag-psilocybin-law-new-mexico","14":"product_tag-psilocybin-mushrooms-in-new-hampshire","15":"product_tag-psilocybin-new-mexico","16":"product_tag-psilocybin-retreats-in-new-mexico","17":"product_tag-psilocybin-therapy-new-mexico","18":"product_tag-university-of-new-mexico-psilocybin-stud","19":"desktop-align-left","20":"tablet-align-left","21":"mobile-align-left","23":"first","24":"instock","25":"shipping-taxable","26":"purchasable","27":"product-type-simple"},"yoast_head":"<!-- This site is optimized with the Yoast SEO plugin v27.4 - https:\/\/yoast.com\/product\/yoast-seo-wordpress\/ -->\n<title>Psilocybe: Buy Penis Envy -<\/title>\n<meta name=\"robots\" content=\"index, follow, max-snippet:-1, max-image-preview:large, max-video-preview:-1\" \/>\n<link rel=\"canonical\" href=\"https:\/\/exoticchemicals.com\/pt\/product\/psilocybe-buy-penis-envy\/\" \/>\n<meta property=\"og:locale\" content=\"pt_PT\" \/>\n<meta property=\"og:type\" content=\"article\" \/>\n<meta property=\"og:title\" content=\"Psilocybe: Buy Penis Envy -\" \/>\n<meta property=\"og:description\" content=\"Buy Penis Envy Cubensis The Penis Envy Magic Mushroom is one of the world\u2019s most potent Cubensis. This strain got its name from its physical appearance. It has a long thick stem followed by a small cap. This is the authentic strain unlike other stuff that you see on the web. Do not confuse this strain with the lesser and weaker Penis Envy 6 or the Texas Penis Envy. This mushroom is not recommended for beginners because of its high potency. It is said to have better psychedelic effects than LSD. Most users experience extreme visuals, out of body experience and euphoria. &nbsp; 14 GRAMS\" \/>\n<meta property=\"og:url\" content=\"https:\/\/exoticchemicals.com\/pt\/product\/psilocybe-buy-penis-envy\/\" \/>\n<meta property=\"article:modified_time\" content=\"2026-04-15T18:11:31+00:00\" \/>\n<meta property=\"og:image\" content=\"https:\/\/exoticchemicals.com\/wp-content\/uploads\/2025\/02\/Penis-Envy-scaled-465x465-1.jpg\" \/>\n\t<meta property=\"og:image:width\" content=\"465\" \/>\n\t<meta property=\"og:image:height\" content=\"465\" \/>\n\t<meta property=\"og:image:type\" content=\"image\/jpeg\" \/>\n<meta name=\"twitter:card\" content=\"summary_large_image\" \/>\n<meta name=\"twitter:label1\" content=\"Tempo estimado de leitura\" \/>\n\t<meta name=\"twitter:data1\" content=\"1 minuto\" \/>\n<script type=\"application\/ld+json\" class=\"yoast-schema-graph\">{\"@context\":\"https:\\\/\\\/schema.org\",\"@graph\":[{\"@type\":\"WebPage\",\"@id\":\"https:\\\/\\\/exoticchemicals.com\\\/product\\\/psilocybe-buy-penis-envy\\\/\",\"url\":\"https:\\\/\\\/exoticchemicals.com\\\/product\\\/psilocybe-buy-penis-envy\\\/\",\"name\":\"Psilocybe: Buy Penis Envy -\",\"isPartOf\":{\"@id\":\"https:\\\/\\\/exoticchemicals.com\\\/#website\"},\"primaryImageOfPage\":{\"@id\":\"https:\\\/\\\/exoticchemicals.com\\\/product\\\/psilocybe-buy-penis-envy\\\/#primaryimage\"},\"image\":{\"@id\":\"https:\\\/\\\/exoticchemicals.com\\\/product\\\/psilocybe-buy-penis-envy\\\/#primaryimage\"},\"thumbnailUrl\":\"https:\\\/\\\/exoticchemicals.com\\\/wp-content\\\/uploads\\\/2025\\\/02\\\/Penis-Envy-scaled-465x465-1.jpg\",\"datePublished\":\"2025-02-06T21:27:37+00:00\",\"dateModified\":\"2026-04-15T18:11:31+00:00\",\"breadcrumb\":{\"@id\":\"https:\\\/\\\/exoticchemicals.com\\\/product\\\/psilocybe-buy-penis-envy\\\/#breadcrumb\"},\"inLanguage\":\"pt-PT\",\"potentialAction\":[{\"@type\":\"ReadAction\",\"target\":[\"https:\\\/\\\/exoticchemicals.com\\\/product\\\/psilocybe-buy-penis-envy\\\/\"]}]},{\"@type\":\"ImageObject\",\"inLanguage\":\"pt-PT\",\"@id\":\"https:\\\/\\\/exoticchemicals.com\\\/product\\\/psilocybe-buy-penis-envy\\\/#primaryimage\",\"url\":\"https:\\\/\\\/exoticchemicals.com\\\/wp-content\\\/uploads\\\/2025\\\/02\\\/Penis-Envy-scaled-465x465-1.jpg\",\"contentUrl\":\"https:\\\/\\\/exoticchemicals.com\\\/wp-content\\\/uploads\\\/2025\\\/02\\\/Penis-Envy-scaled-465x465-1.jpg\",\"width\":465,\"height\":465},{\"@type\":\"BreadcrumbList\",\"@id\":\"https:\\\/\\\/exoticchemicals.com\\\/product\\\/psilocybe-buy-penis-envy\\\/#breadcrumb\",\"itemListElement\":[{\"@type\":\"ListItem\",\"position\":1,\"name\":\"Home\",\"item\":\"https:\\\/\\\/exoticchemicals.com\\\/\"},{\"@type\":\"ListItem\",\"position\":2,\"name\":\"Shop\",\"item\":\"https:\\\/\\\/exoticchemicals.com\\\/shop\\\/\"},{\"@type\":\"ListItem\",\"position\":3,\"name\":\"Psilocybe: Buy Penis Envy\"}]},{\"@type\":\"WebSite\",\"@id\":\"https:\\\/\\\/exoticchemicals.com\\\/#website\",\"url\":\"https:\\\/\\\/exoticchemicals.com\\\/\",\"name\":\"exotic chemicals\",\"description\":\"Buy MDPHP Hydrochloride\",\"publisher\":{\"@id\":\"https:\\\/\\\/exoticchemicals.com\\\/#\\\/schema\\\/person\\\/07ad08472b6f5b213792451a32dbe8c7\"},\"potentialAction\":[{\"@type\":\"SearchAction\",\"target\":{\"@type\":\"EntryPoint\",\"urlTemplate\":\"https:\\\/\\\/exoticchemicals.com\\\/?s={search_term_string}\"},\"query-input\":{\"@type\":\"PropertyValueSpecification\",\"valueRequired\":true,\"valueName\":\"search_term_string\"}}],\"inLanguage\":\"pt-PT\"},{\"@type\":[\"Person\",\"Organization\"],\"@id\":\"https:\\\/\\\/exoticchemicals.com\\\/#\\\/schema\\\/person\\\/07ad08472b6f5b213792451a32dbe8c7\",\"name\":\"wwalkershop@gmail.com\",\"image\":{\"@type\":\"ImageObject\",\"inLanguage\":\"pt-PT\",\"@id\":\"https:\\\/\\\/exoticchemicals.com\\\/wp-content\\\/uploads\\\/2025\\\/02\\\/pure-3-1-1.png\",\"url\":\"https:\\\/\\\/exoticchemicals.com\\\/wp-content\\\/uploads\\\/2025\\\/02\\\/pure-3-1-1.png\",\"contentUrl\":\"https:\\\/\\\/exoticchemicals.com\\\/wp-content\\\/uploads\\\/2025\\\/02\\\/pure-3-1-1.png\",\"width\":500,\"height\":500,\"caption\":\"wwalkershop@gmail.com\"},\"logo\":{\"@id\":\"https:\\\/\\\/exoticchemicals.com\\\/wp-content\\\/uploads\\\/2025\\\/02\\\/pure-3-1-1.png\"},\"sameAs\":[\"http:\\\/\\\/exoticchemicals.com\"]}]}<\/script>\n<!-- \/ Yoast SEO plugin. -->","yoast_head_json":{"title":"Psilocybe: Buy Penis Envy -","robots":{"index":"index","follow":"follow","max-snippet":"max-snippet:-1","max-image-preview":"max-image-preview:large","max-video-preview":"max-video-preview:-1"},"canonical":"https:\/\/exoticchemicals.com\/pt\/product\/psilocybe-buy-penis-envy\/","og_locale":"pt_PT","og_type":"article","og_title":"Psilocybe: Buy Penis Envy -","og_description":"Buy Penis Envy Cubensis The Penis Envy Magic Mushroom is one of the world\u2019s most potent Cubensis. This strain got its name from its physical appearance. It has a long thick stem followed by a small cap. This is the authentic strain unlike other stuff that you see on the web. Do not confuse this strain with the lesser and weaker Penis Envy 6 or the Texas Penis Envy. This mushroom is not recommended for beginners because of its high potency. It is said to have better psychedelic effects than LSD. Most users experience extreme visuals, out of body experience and euphoria. &nbsp; 14 GRAMS","og_url":"https:\/\/exoticchemicals.com\/pt\/product\/psilocybe-buy-penis-envy\/","article_modified_time":"2026-04-15T18:11:31+00:00","og_image":[{"width":465,"height":465,"url":"https:\/\/exoticchemicals.com\/wp-content\/uploads\/2025\/02\/Penis-Envy-scaled-465x465-1.jpg","type":"image\/jpeg"}],"twitter_card":"summary_large_image","twitter_misc":{"Tempo estimado de leitura":"1 minuto"},"schema":{"@context":"https:\/\/schema.org","@graph":[{"@type":"WebPage","@id":"https:\/\/exoticchemicals.com\/product\/psilocybe-buy-penis-envy\/","url":"https:\/\/exoticchemicals.com\/product\/psilocybe-buy-penis-envy\/","name":"Psilocybe: Buy Penis Envy -","isPartOf":{"@id":"https:\/\/exoticchemicals.com\/#website"},"primaryImageOfPage":{"@id":"https:\/\/exoticchemicals.com\/product\/psilocybe-buy-penis-envy\/#primaryimage"},"image":{"@id":"https:\/\/exoticchemicals.com\/product\/psilocybe-buy-penis-envy\/#primaryimage"},"thumbnailUrl":"https:\/\/exoticchemicals.com\/wp-content\/uploads\/2025\/02\/Penis-Envy-scaled-465x465-1.jpg","datePublished":"2025-02-06T21:27:37+00:00","dateModified":"2026-04-15T18:11:31+00:00","breadcrumb":{"@id":"https:\/\/exoticchemicals.com\/product\/psilocybe-buy-penis-envy\/#breadcrumb"},"inLanguage":"pt-PT","potentialAction":[{"@type":"ReadAction","target":["https:\/\/exoticchemicals.com\/product\/psilocybe-buy-penis-envy\/"]}]},{"@type":"ImageObject","inLanguage":"pt-PT","@id":"https:\/\/exoticchemicals.com\/product\/psilocybe-buy-penis-envy\/#primaryimage","url":"https:\/\/exoticchemicals.com\/wp-content\/uploads\/2025\/02\/Penis-Envy-scaled-465x465-1.jpg","contentUrl":"https:\/\/exoticchemicals.com\/wp-content\/uploads\/2025\/02\/Penis-Envy-scaled-465x465-1.jpg","width":465,"height":465},{"@type":"BreadcrumbList","@id":"https:\/\/exoticchemicals.com\/product\/psilocybe-buy-penis-envy\/#breadcrumb","itemListElement":[{"@type":"ListItem","position":1,"name":"Home","item":"https:\/\/exoticchemicals.com\/"},{"@type":"ListItem","position":2,"name":"Shop","item":"https:\/\/exoticchemicals.com\/shop\/"},{"@type":"ListItem","position":3,"name":"Psilocybe: Buy Penis Envy"}]},{"@type":"WebSite","@id":"https:\/\/exoticchemicals.com\/#website","url":"https:\/\/exoticchemicals.com\/","name":"produtos qu\u00edmicos ex\u00f3ticos","description":"Comprar cloridrato de MDPHP","publisher":{"@id":"https:\/\/exoticchemicals.com\/#\/schema\/person\/07ad08472b6f5b213792451a32dbe8c7"},"potentialAction":[{"@type":"SearchAction","target":{"@type":"EntryPoint","urlTemplate":"https:\/\/exoticchemicals.com\/?s={search_term_string}"},"query-input":{"@type":"PropertyValueSpecification","valueRequired":true,"valueName":"search_term_string"}}],"inLanguage":"pt-PT"},{"@type":["Person","Organization"],"@id":"https:\/\/exoticchemicals.com\/#\/schema\/person\/07ad08472b6f5b213792451a32dbe8c7","name":"wwalkershop@gmail.com","image":{"@type":"ImageObject","inLanguage":"pt-PT","@id":"https:\/\/exoticchemicals.com\/wp-content\/uploads\/2025\/02\/pure-3-1-1.png","url":"https:\/\/exoticchemicals.com\/wp-content\/uploads\/2025\/02\/pure-3-1-1.png","contentUrl":"https:\/\/exoticchemicals.com\/wp-content\/uploads\/2025\/02\/pure-3-1-1.png","width":500,"height":500,"caption":"wwalkershop@gmail.com"},"logo":{"@id":"https:\/\/exoticchemicals.com\/wp-content\/uploads\/2025\/02\/pure-3-1-1.png"},"sameAs":["http:\/\/exoticchemicals.com"]}]}},"uagb_featured_image_src":{"full":["https:\/\/exoticchemicals.com\/wp-content\/uploads\/2025\/02\/Penis-Envy-scaled-465x465-1.jpg",465,465,false],"thumbnail":["https:\/\/exoticchemicals.com\/wp-content\/uploads\/2025\/02\/Penis-Envy-scaled-465x465-1-150x150.jpg",150,150,true],"medium":["https:\/\/exoticchemicals.com\/wp-content\/uploads\/2025\/02\/Penis-Envy-scaled-465x465-1-300x300.jpg",300,300,true],"medium_large":["https:\/\/exoticchemicals.com\/wp-content\/uploads\/2025\/02\/Penis-Envy-scaled-465x465-1.jpg",465,465,false],"large":["https:\/\/exoticchemicals.com\/wp-content\/uploads\/2025\/02\/Penis-Envy-scaled-465x465-1.jpg",465,465,false],"1536x1536":["https:\/\/exoticchemicals.com\/wp-content\/uploads\/2025\/02\/Penis-Envy-scaled-465x465-1.jpg",465,465,false],"2048x2048":["https:\/\/exoticchemicals.com\/wp-content\/uploads\/2025\/02\/Penis-Envy-scaled-465x465-1.jpg",465,465,false],"trp-custom-language-flag":["https:\/\/exoticchemicals.com\/wp-content\/uploads\/2025\/02\/Penis-Envy-scaled-465x465-1.jpg",12,12,false],"woocommerce_thumbnail":["https:\/\/exoticchemicals.com\/wp-content\/uploads\/2025\/02\/Penis-Envy-scaled-465x465-1-300x300.jpg",300,300,true],"woocommerce_single":["https:\/\/exoticchemicals.com\/wp-content\/uploads\/2025\/02\/Penis-Envy-scaled-465x465-1.jpg",465,465,false],"woocommerce_gallery_thumbnail":["https:\/\/exoticchemicals.com\/wp-content\/uploads\/2025\/02\/Penis-Envy-scaled-465x465-1-100x100.jpg",100,100,true]},"uagb_author_info":{"display_name":"bossman","author_link":"https:\/\/exoticchemicals.com\/pt\/author\/"},"uagb_comment_info":10,"uagb_excerpt":"Buy Penis Envy Cubensis The Penis Envy Magic Mushroom is one of the world\u2019s most potent Cubensis. This strain got its name from its physical appearance. It has a long thick stem followed by a small cap. This is the authentic strain unlike other stuff that you see on the web. Do not confuse this&hellip;","_links":{"self":[{"href":"https:\/\/exoticchemicals.com\/pt\/wp-json\/wp\/v2\/product\/3841","targetHints":{"allow":["GET"]}}],"collection":[{"href":"https:\/\/exoticchemicals.com\/pt\/wp-json\/wp\/v2\/product"}],"about":[{"href":"https:\/\/exoticchemicals.com\/pt\/wp-json\/wp\/v2\/types\/product"}],"replies":[{"embeddable":true,"href":"https:\/\/exoticchemicals.com\/pt\/wp-json\/wp\/v2\/comments?post=3841"}],"wp:featuredmedia":[{"embeddable":true,"href":"https:\/\/exoticchemicals.com\/pt\/wp-json\/wp\/v2\/media\/3891"}],"wp:attachment":[{"href":"https:\/\/exoticchemicals.com\/pt\/wp-json\/wp\/v2\/media?parent=3841"}],"wp:term":[{"taxonomy":"product_brand","embeddable":true,"href":"https:\/\/exoticchemicals.com\/pt\/wp-json\/wp\/v2\/product_brand?post=3841"},{"taxonomy":"product_cat","embeddable":true,"href":"https:\/\/exoticchemicals.com\/pt\/wp-json\/wp\/v2\/product_cat?post=3841"},{"taxonomy":"product_tag","embeddable":true,"href":"https:\/\/exoticchemicals.com\/pt\/wp-json\/wp\/v2\/product_tag?post=3841"}],"curies":[{"name":"wp","href":"https:\/\/api.w.org\/{rel}","templated":true}]}}