{"id":3898,"date":"2025-02-06T21:28:11","date_gmt":"2025-02-06T21:28:11","guid":{"rendered":"https:\/\/exoticchemicals.com\/?post_type=product&#038;p=3898"},"modified":"2026-04-03T18:11:37","modified_gmt":"2026-04-03T18:11:37","slug":"microdose-neuro-lions-mane-and-niacin-2","status":"publish","type":"product","link":"https:\/\/exoticchemicals.com\/pt\/product\/microdose-neuro-lions-mane-and-niacin-2\/","title":{"rendered":"Microdose: Neuro (Lions Mane and Niacin)"},"content":{"rendered":"<p>Ingredients:<\/p>\n<p>Organic Psilocybe\/Psilocybin (100MG), Lion\u2019s Mane, Niacin, Ginger Root Extract<\/p>\n<p>Known as the remedy for everything. This Nootripic stack is great for enhancing cognitive function &amp; boosting creativity. It also helps with Neurogenesis and treatment of mental illnesses such as anxiety, depression, and post traumatic stress disorder.<\/p>\n<p>Stamets claims that Niacin and Lion\u2019s Mane will boost the efficiency of the Magic Mushroom. The Psilocybin properties will alter your brain permanently as shown by research. Even after you stop taking the Microdose, the changes in your brain are long term. You will no longer depend on the Microdose or medication to feel great.<\/p>\n<p>Because of the low concentration of magic mushroom, you will more than likely not feel the psychedelic effects making this a great everyday use supplement<\/p>\n<p>Recommended Dose:<br \/> 1-2 capsules depending on your body weight.<\/p>\n<p>5 days on 2 days off.<\/p>\n<p>**this stack is more effective if you take it for 1-2 months*<\/p>\n<p>!!!Cuidado!!! N\u00e3o mistures os produtos \u00e0 base de cogumelos m\u00e1gicos com \u00e1lcool ou outros medicamentos anti-depressivos (SSRI), pois estes entorpecem a experi\u00eancia ou bloqueiam-na completamente.<\/p>\n<p>Niacin is used to open up your capillaries. This in turn may make your skin red (similar to that of a light sunburn). Do not panic as this is not an allergic reaction. The redness will subside within 30 minutes. As your body gets used to the Niacin with subsequent cycles, the physical effects of the Niacin will not affect you as much or at all.<\/p>\n<p>Manter o produto armazenado \u00e0 temperatura ambiente, num ambiente seco e ao abrigo da luz solar direta. Manter tamb\u00e9m fora do alcance das crian\u00e7as e dos animais dom\u00e9sticos.<\/p>","protected":false},"excerpt":{"rendered":"<p class=\"price\">The OG of micro-dosing was founded by Paul Stamets when he released his study on the effects of blending Lion\u2019s Mane and Niacin with psychedelic mushrooms. Stamets believed that this blend will increase Neurogenesis (the growth of new neurons and pathways). Reports also show that this stack is also effective for treating mental illnesses like anxiety, post-traumatic stress disorder, and depression.<\/p>\n<div class=\"woocommerce-product-details__short-description\">\n<p>Here, we have improved on the original recipe to make it easier to ingest without upsetting the stomach. Each Neuro Capsule contains 100mg of Psilocybe (active ingredient Psilocybin)<\/p>\n<\/p><\/div>","protected":false},"featured_media":2808,"comment_status":"open","ping_status":"closed","template":"","meta":{"_uag_custom_page_level_css":"","site-sidebar-layout":"default","site-content-layout":"","ast-site-content-layout":"default","site-content-style":"default","site-sidebar-style":"default","ast-global-header-display":"","ast-banner-title-visibility":"","ast-main-header-display":"","ast-hfb-above-header-display":"","ast-hfb-below-header-display":"","ast-hfb-mobile-header-display":"","site-post-title":"","ast-breadcrumbs-content":"","ast-featured-img":"","footer-sml-layout":"","ast-disable-related-posts":"","theme-transparent-header-meta":"","adv-header-id-meta":"","stick-header-meta":"","header-above-stick-meta":"","header-main-stick-meta":"","header-below-stick-meta":"","astra-migrate-meta-layouts":"default","ast-page-background-enabled":"default","ast-page-background-meta":{"desktop":{"background-color":"","background-image":"","background-repeat":"repeat","background-position":"center center","background-size":"auto","background-attachment":"scroll","background-type":"","background-media":"","overlay-type":"","overlay-color":"","overlay-opacity":"","overlay-gradient":""},"tablet":{"background-color":"","background-image":"","background-repeat":"repeat","background-position":"center center","background-size":"auto","background-attachment":"scroll","background-type":"","background-media":"","overlay-type":"","overlay-color":"","overlay-opacity":"","overlay-gradient":""},"mobile":{"background-color":"","background-image":"","background-repeat":"repeat","background-position":"center center","background-size":"auto","background-attachment":"scroll","background-type":"","background-media":"","overlay-type":"","overlay-color":"","overlay-opacity":"","overlay-gradient":""}},"ast-content-background-meta":{"desktop":{"background-color":"var(--ast-global-color-5)","background-image":"","background-repeat":"repeat","background-position":"center center","background-size":"auto","background-attachment":"scroll","background-type":"","background-media":"","overlay-type":"","overlay-color":"","overlay-opacity":"","overlay-gradient":""},"tablet":{"background-color":"var(--ast-global-color-5)","background-image":"","background-repeat":"repeat","background-position":"center center","background-size":"auto","background-attachment":"scroll","background-type":"","background-media":"","overlay-type":"","overlay-color":"","overlay-opacity":"","overlay-gradient":""},"mobile":{"background-color":"var(--ast-global-color-5)","background-image":"","background-repeat":"repeat","background-position":"center center","background-size":"auto","background-attachment":"scroll","background-type":"","background-media":"","overlay-type":"","overlay-color":"","overlay-opacity":"","overlay-gradient":""}}},"product_brand":[],"product_cat":[1168],"product_tag":[],"class_list":{"0":"post-3898","1":"product","2":"type-product","3":"status-publish","4":"has-post-thumbnail","6":"product_cat-order-micro-dose-mushrooms","7":"desktop-align-left","8":"tablet-align-left","9":"mobile-align-left","11":"first","12":"instock","13":"shipping-taxable","14":"purchasable","15":"product-type-variable"},"yoast_head":"<!-- This site is optimized with the Yoast SEO plugin v27.4 - https:\/\/yoast.com\/product\/yoast-seo-wordpress\/ -->\n<title>Microdose: Neuro (Lions Mane and Niacin) -<\/title>\n<meta name=\"robots\" content=\"index, follow, max-snippet:-1, max-image-preview:large, max-video-preview:-1\" \/>\n<link rel=\"canonical\" href=\"https:\/\/exoticchemicals.com\/pt\/product\/microdose-neuro-lions-mane-and-niacin-2\/\" \/>\n<meta property=\"og:locale\" content=\"pt_PT\" \/>\n<meta property=\"og:type\" content=\"article\" \/>\n<meta property=\"og:title\" content=\"Microdose: Neuro (Lions Mane and Niacin) -\" \/>\n<meta property=\"og:description\" content=\"The OG of micro-dosing was founded by Paul Stamets when he released his study on the effects of blending Lion\u2019s Mane and Niacin with psychedelic mushrooms. Stamets believed that this blend will increase Neurogenesis (the growth of new neurons and pathways). Reports also show that this stack is also effective for treating mental illnesses like anxiety, post-traumatic stress disorder, and depression. Here, we have improved on the original recipe to make it easier to ingest without upsetting the stomach. Each Neuro Capsule contains 100mg of Psilocybe (active ingredient Psilocybin)\" \/>\n<meta property=\"og:url\" content=\"https:\/\/exoticchemicals.com\/pt\/product\/microdose-neuro-lions-mane-and-niacin-2\/\" \/>\n<meta property=\"article:modified_time\" content=\"2026-04-03T18:11:37+00:00\" \/>\n<meta property=\"og:image\" content=\"https:\/\/exoticchemicals.com\/wp-content\/uploads\/2025\/02\/Neuro-scaled-930x930-1-jpg.webp\" \/>\n\t<meta property=\"og:image:width\" content=\"930\" \/>\n\t<meta property=\"og:image:height\" content=\"930\" \/>\n\t<meta property=\"og:image:type\" content=\"image\/webp\" \/>\n<meta name=\"twitter:card\" content=\"summary_large_image\" \/>\n<meta name=\"twitter:label1\" content=\"Tempo estimado de leitura\" \/>\n\t<meta name=\"twitter:data1\" content=\"1 minuto\" \/>\n<script type=\"application\/ld+json\" class=\"yoast-schema-graph\">{\"@context\":\"https:\\\/\\\/schema.org\",\"@graph\":[{\"@type\":\"WebPage\",\"@id\":\"https:\\\/\\\/exoticchemicals.com\\\/product\\\/microdose-neuro-lions-mane-and-niacin-2\\\/\",\"url\":\"https:\\\/\\\/exoticchemicals.com\\\/product\\\/microdose-neuro-lions-mane-and-niacin-2\\\/\",\"name\":\"Microdose: Neuro (Lions Mane and Niacin) -\",\"isPartOf\":{\"@id\":\"https:\\\/\\\/exoticchemicals.com\\\/#website\"},\"primaryImageOfPage\":{\"@id\":\"https:\\\/\\\/exoticchemicals.com\\\/product\\\/microdose-neuro-lions-mane-and-niacin-2\\\/#primaryimage\"},\"image\":{\"@id\":\"https:\\\/\\\/exoticchemicals.com\\\/product\\\/microdose-neuro-lions-mane-and-niacin-2\\\/#primaryimage\"},\"thumbnailUrl\":\"https:\\\/\\\/exoticchemicals.com\\\/wp-content\\\/uploads\\\/2025\\\/02\\\/Neuro-scaled-930x930-1-jpg.webp\",\"datePublished\":\"2025-02-06T21:28:11+00:00\",\"dateModified\":\"2026-04-03T18:11:37+00:00\",\"breadcrumb\":{\"@id\":\"https:\\\/\\\/exoticchemicals.com\\\/product\\\/microdose-neuro-lions-mane-and-niacin-2\\\/#breadcrumb\"},\"inLanguage\":\"pt-PT\",\"potentialAction\":[{\"@type\":\"ReadAction\",\"target\":[\"https:\\\/\\\/exoticchemicals.com\\\/product\\\/microdose-neuro-lions-mane-and-niacin-2\\\/\"]}]},{\"@type\":\"ImageObject\",\"inLanguage\":\"pt-PT\",\"@id\":\"https:\\\/\\\/exoticchemicals.com\\\/product\\\/microdose-neuro-lions-mane-and-niacin-2\\\/#primaryimage\",\"url\":\"https:\\\/\\\/exoticchemicals.com\\\/wp-content\\\/uploads\\\/2025\\\/02\\\/Neuro-scaled-930x930-1-jpg.webp\",\"contentUrl\":\"https:\\\/\\\/exoticchemicals.com\\\/wp-content\\\/uploads\\\/2025\\\/02\\\/Neuro-scaled-930x930-1-jpg.webp\",\"width\":930,\"height\":930},{\"@type\":\"BreadcrumbList\",\"@id\":\"https:\\\/\\\/exoticchemicals.com\\\/product\\\/microdose-neuro-lions-mane-and-niacin-2\\\/#breadcrumb\",\"itemListElement\":[{\"@type\":\"ListItem\",\"position\":1,\"name\":\"Home\",\"item\":\"https:\\\/\\\/exoticchemicals.com\\\/\"},{\"@type\":\"ListItem\",\"position\":2,\"name\":\"Shop\",\"item\":\"https:\\\/\\\/exoticchemicals.com\\\/shop\\\/\"},{\"@type\":\"ListItem\",\"position\":3,\"name\":\"Microdose: Neuro (Lions Mane and Niacin)\"}]},{\"@type\":\"WebSite\",\"@id\":\"https:\\\/\\\/exoticchemicals.com\\\/#website\",\"url\":\"https:\\\/\\\/exoticchemicals.com\\\/\",\"name\":\"exotic chemicals\",\"description\":\"Buy MDPHP Hydrochloride\",\"publisher\":{\"@id\":\"https:\\\/\\\/exoticchemicals.com\\\/#\\\/schema\\\/person\\\/07ad08472b6f5b213792451a32dbe8c7\"},\"potentialAction\":[{\"@type\":\"SearchAction\",\"target\":{\"@type\":\"EntryPoint\",\"urlTemplate\":\"https:\\\/\\\/exoticchemicals.com\\\/?s={search_term_string}\"},\"query-input\":{\"@type\":\"PropertyValueSpecification\",\"valueRequired\":true,\"valueName\":\"search_term_string\"}}],\"inLanguage\":\"pt-PT\"},{\"@type\":[\"Person\",\"Organization\"],\"@id\":\"https:\\\/\\\/exoticchemicals.com\\\/#\\\/schema\\\/person\\\/07ad08472b6f5b213792451a32dbe8c7\",\"name\":\"wwalkershop@gmail.com\",\"image\":{\"@type\":\"ImageObject\",\"inLanguage\":\"pt-PT\",\"@id\":\"https:\\\/\\\/exoticchemicals.com\\\/wp-content\\\/uploads\\\/2025\\\/02\\\/pure-3-1-1.png\",\"url\":\"https:\\\/\\\/exoticchemicals.com\\\/wp-content\\\/uploads\\\/2025\\\/02\\\/pure-3-1-1.png\",\"contentUrl\":\"https:\\\/\\\/exoticchemicals.com\\\/wp-content\\\/uploads\\\/2025\\\/02\\\/pure-3-1-1.png\",\"width\":500,\"height\":500,\"caption\":\"wwalkershop@gmail.com\"},\"logo\":{\"@id\":\"https:\\\/\\\/exoticchemicals.com\\\/wp-content\\\/uploads\\\/2025\\\/02\\\/pure-3-1-1.png\"},\"sameAs\":[\"http:\\\/\\\/exoticchemicals.com\"]}]}<\/script>\n<!-- \/ Yoast SEO plugin. -->","yoast_head_json":{"title":"Microdose: Neuro (Lions Mane and Niacin) -","robots":{"index":"index","follow":"follow","max-snippet":"max-snippet:-1","max-image-preview":"max-image-preview:large","max-video-preview":"max-video-preview:-1"},"canonical":"https:\/\/exoticchemicals.com\/pt\/product\/microdose-neuro-lions-mane-and-niacin-2\/","og_locale":"pt_PT","og_type":"article","og_title":"Microdose: Neuro (Lions Mane and Niacin) -","og_description":"The OG of micro-dosing was founded by Paul Stamets when he released his study on the effects of blending Lion\u2019s Mane and Niacin with psychedelic mushrooms. Stamets believed that this blend will increase Neurogenesis (the growth of new neurons and pathways). Reports also show that this stack is also effective for treating mental illnesses like anxiety, post-traumatic stress disorder, and depression. Here, we have improved on the original recipe to make it easier to ingest without upsetting the stomach. Each Neuro Capsule contains 100mg of Psilocybe (active ingredient Psilocybin)","og_url":"https:\/\/exoticchemicals.com\/pt\/product\/microdose-neuro-lions-mane-and-niacin-2\/","article_modified_time":"2026-04-03T18:11:37+00:00","og_image":[{"width":930,"height":930,"url":"https:\/\/exoticchemicals.com\/wp-content\/uploads\/2025\/02\/Neuro-scaled-930x930-1-jpg.webp","type":"image\/webp"}],"twitter_card":"summary_large_image","twitter_misc":{"Tempo estimado de leitura":"1 minuto"},"schema":{"@context":"https:\/\/schema.org","@graph":[{"@type":"WebPage","@id":"https:\/\/exoticchemicals.com\/product\/microdose-neuro-lions-mane-and-niacin-2\/","url":"https:\/\/exoticchemicals.com\/product\/microdose-neuro-lions-mane-and-niacin-2\/","name":"Microdose: Neuro (Lions Mane and Niacin) -","isPartOf":{"@id":"https:\/\/exoticchemicals.com\/#website"},"primaryImageOfPage":{"@id":"https:\/\/exoticchemicals.com\/product\/microdose-neuro-lions-mane-and-niacin-2\/#primaryimage"},"image":{"@id":"https:\/\/exoticchemicals.com\/product\/microdose-neuro-lions-mane-and-niacin-2\/#primaryimage"},"thumbnailUrl":"https:\/\/exoticchemicals.com\/wp-content\/uploads\/2025\/02\/Neuro-scaled-930x930-1-jpg.webp","datePublished":"2025-02-06T21:28:11+00:00","dateModified":"2026-04-03T18:11:37+00:00","breadcrumb":{"@id":"https:\/\/exoticchemicals.com\/product\/microdose-neuro-lions-mane-and-niacin-2\/#breadcrumb"},"inLanguage":"pt-PT","potentialAction":[{"@type":"ReadAction","target":["https:\/\/exoticchemicals.com\/product\/microdose-neuro-lions-mane-and-niacin-2\/"]}]},{"@type":"ImageObject","inLanguage":"pt-PT","@id":"https:\/\/exoticchemicals.com\/product\/microdose-neuro-lions-mane-and-niacin-2\/#primaryimage","url":"https:\/\/exoticchemicals.com\/wp-content\/uploads\/2025\/02\/Neuro-scaled-930x930-1-jpg.webp","contentUrl":"https:\/\/exoticchemicals.com\/wp-content\/uploads\/2025\/02\/Neuro-scaled-930x930-1-jpg.webp","width":930,"height":930},{"@type":"BreadcrumbList","@id":"https:\/\/exoticchemicals.com\/product\/microdose-neuro-lions-mane-and-niacin-2\/#breadcrumb","itemListElement":[{"@type":"ListItem","position":1,"name":"Home","item":"https:\/\/exoticchemicals.com\/"},{"@type":"ListItem","position":2,"name":"Shop","item":"https:\/\/exoticchemicals.com\/shop\/"},{"@type":"ListItem","position":3,"name":"Microdose: Neuro (Lions Mane and Niacin)"}]},{"@type":"WebSite","@id":"https:\/\/exoticchemicals.com\/#website","url":"https:\/\/exoticchemicals.com\/","name":"produtos qu\u00edmicos ex\u00f3ticos","description":"Comprar cloridrato de MDPHP","publisher":{"@id":"https:\/\/exoticchemicals.com\/#\/schema\/person\/07ad08472b6f5b213792451a32dbe8c7"},"potentialAction":[{"@type":"SearchAction","target":{"@type":"EntryPoint","urlTemplate":"https:\/\/exoticchemicals.com\/?s={search_term_string}"},"query-input":{"@type":"PropertyValueSpecification","valueRequired":true,"valueName":"search_term_string"}}],"inLanguage":"pt-PT"},{"@type":["Person","Organization"],"@id":"https:\/\/exoticchemicals.com\/#\/schema\/person\/07ad08472b6f5b213792451a32dbe8c7","name":"wwalkershop@gmail.com","image":{"@type":"ImageObject","inLanguage":"pt-PT","@id":"https:\/\/exoticchemicals.com\/wp-content\/uploads\/2025\/02\/pure-3-1-1.png","url":"https:\/\/exoticchemicals.com\/wp-content\/uploads\/2025\/02\/pure-3-1-1.png","contentUrl":"https:\/\/exoticchemicals.com\/wp-content\/uploads\/2025\/02\/pure-3-1-1.png","width":500,"height":500,"caption":"wwalkershop@gmail.com"},"logo":{"@id":"https:\/\/exoticchemicals.com\/wp-content\/uploads\/2025\/02\/pure-3-1-1.png"},"sameAs":["http:\/\/exoticchemicals.com"]}]}},"uagb_featured_image_src":{"full":["https:\/\/exoticchemicals.com\/wp-content\/uploads\/2025\/02\/Neuro-scaled-930x930-1-jpg.webp",930,930,false],"thumbnail":["https:\/\/exoticchemicals.com\/wp-content\/uploads\/2025\/02\/Neuro-scaled-930x930-1-jpg-150x150.webp",150,150,true],"medium":["https:\/\/exoticchemicals.com\/wp-content\/uploads\/2025\/02\/Neuro-scaled-930x930-1-jpg-300x300.webp",300,300,true],"medium_large":["https:\/\/exoticchemicals.com\/wp-content\/uploads\/2025\/02\/Neuro-scaled-930x930-1-jpg-768x768.webp",768,768,true],"large":["https:\/\/exoticchemicals.com\/wp-content\/uploads\/2025\/02\/Neuro-scaled-930x930-1-jpg.webp",930,930,false],"1536x1536":["https:\/\/exoticchemicals.com\/wp-content\/uploads\/2025\/02\/Neuro-scaled-930x930-1-jpg.webp",930,930,false],"2048x2048":["https:\/\/exoticchemicals.com\/wp-content\/uploads\/2025\/02\/Neuro-scaled-930x930-1-jpg.webp",930,930,false],"trp-custom-language-flag":["https:\/\/exoticchemicals.com\/wp-content\/uploads\/2025\/02\/Neuro-scaled-930x930-1-jpg.webp",12,12,false],"woocommerce_thumbnail":["https:\/\/exoticchemicals.com\/wp-content\/uploads\/2025\/02\/Neuro-scaled-930x930-1-jpg-300x300.webp",300,300,true],"woocommerce_single":["https:\/\/exoticchemicals.com\/wp-content\/uploads\/2025\/02\/Neuro-scaled-930x930-1-jpg-600x600.webp",600,600,true],"woocommerce_gallery_thumbnail":["https:\/\/exoticchemicals.com\/wp-content\/uploads\/2025\/02\/Neuro-scaled-930x930-1-jpg-100x100.webp",100,100,true]},"uagb_author_info":{"display_name":"bossman","author_link":"https:\/\/exoticchemicals.com\/pt\/author\/"},"uagb_comment_info":6,"uagb_excerpt":"The OG of micro-dosing was founded by Paul Stamets when he released his study on the effects of blending Lion\u2019s Mane and Niacin with psychedelic mushrooms. Stamets believed that this blend will increase Neurogenesis (the growth of new neurons and pathways). Reports also show that this stack is also effective for treating mental illnesses like&hellip;","_links":{"self":[{"href":"https:\/\/exoticchemicals.com\/pt\/wp-json\/wp\/v2\/product\/3898","targetHints":{"allow":["GET"]}}],"collection":[{"href":"https:\/\/exoticchemicals.com\/pt\/wp-json\/wp\/v2\/product"}],"about":[{"href":"https:\/\/exoticchemicals.com\/pt\/wp-json\/wp\/v2\/types\/product"}],"replies":[{"embeddable":true,"href":"https:\/\/exoticchemicals.com\/pt\/wp-json\/wp\/v2\/comments?post=3898"}],"wp:featuredmedia":[{"embeddable":true,"href":"https:\/\/exoticchemicals.com\/pt\/wp-json\/wp\/v2\/media\/2808"}],"wp:attachment":[{"href":"https:\/\/exoticchemicals.com\/pt\/wp-json\/wp\/v2\/media?parent=3898"}],"wp:term":[{"taxonomy":"product_brand","embeddable":true,"href":"https:\/\/exoticchemicals.com\/pt\/wp-json\/wp\/v2\/product_brand?post=3898"},{"taxonomy":"product_cat","embeddable":true,"href":"https:\/\/exoticchemicals.com\/pt\/wp-json\/wp\/v2\/product_cat?post=3898"},{"taxonomy":"product_tag","embeddable":true,"href":"https:\/\/exoticchemicals.com\/pt\/wp-json\/wp\/v2\/product_tag?post=3898"}],"curies":[{"name":"wp","href":"https:\/\/api.w.org\/{rel}","templated":true}]}}