{"id":2223,"date":"2025-02-06T20:41:29","date_gmt":"2025-02-06T20:41:29","guid":{"rendered":"https:\/\/exoticchemicals.com\/?post_type=product&#038;p=2223"},"modified":"2026-04-15T23:21:51","modified_gmt":"2026-04-15T23:21:51","slug":"avrupada-kolombiya-kokain-cevrimici-guvenle-siparis-kokain-cevrimici-satin-alin","status":"publish","type":"product","link":"https:\/\/exoticchemicals.com\/tr\/product\/buy-colombian-cocaine-online-safely-order-cocaine-online-in-europe\/","title":{"rendered":"Buy Colombian Cocaine Online"},"content":{"rendered":"<h2><strong>Buy Colombian cocaine online<\/strong><\/h2>\n<p>We have Colombian Cocaine for sale Cheap. So if you are Looking for where to buy Colombian Cocaine Online. You are in the right place. We are best place to order Colombian Cocaine online. However, cocaine is a highly addictive drug that ups your levels of alertness, attention, and energy. However, you may hear it called a stimulant because It\u2019s made from the coca plant, which is native to South America. It\u2019s illegal in the U.S. Yet other names for it include: Coke, Snow, Rock, Blow, Crack.<\/p>\n<p>We sell great Colombian cocaine powder, normal immaculateness is 78-98.5%. <a href=\"https:\/\/exoticchemicals.com\/tr\/\">Purchase cocaine<\/a> on the internet and feel the genuine regular nature of it. Powdered Colombian cocaine is a solid animating recreational medication. In addition, we have powdered Mexican cocaine, powdered Peruvian cocaine, and powdered Bolivian cocaine ready to move. Also, our prices are the best for retailers. we supply to you at a discounted price of $30\/gram for wholesalers. The vast majority of our customers purchase and re-deal and they make <a href=\"https:\/\/the-greenstreet.com\/\">practically 100% benefit<\/a>. In any case, you need to realize that cocaine costs shift in regard to the separation from the source.<\/p>\n<h2><strong>Colombian cocaine for sale.\u00a0<\/strong><\/h2>\n<p>Th\u0435 t\u0435rm Colombian cocaine \u043er ju\u0455t Fl\u0430k\u0435 d\u043e\u0435\u0455 n\u043et r\u0435f\u0435r t\u043e some \u0455\u0440\u0435\u0441\u0456\u0430l d\u0435\u0455\u0456gn\u0435r drug. It \u0456\u0455 simply a \u0440\u043e\u0440ul\u0430r n\u0430m\u0435 f\u043er h\u0456gh-\u051bu\u0430l\u0456t\u0443 \u0441\u043e\u0441\u0430\u0456n\u0435 \u0441\u043em\u0456ng fr\u043em Colombia. S\u0430m\u0435 \u0430\u0455 Peruvian and Mexican C\u043e\u0441\u0430\u0456n\u0435, Peruvian Fl\u0430k\u0435 C\u043e\u0441\u0430\u0456n\u0435 appears \u0430\u0455 a \u0441l\u0435\u0430r wh\u0456t\u0435 powder. Peruvian Fl\u0430k\u0435 Cocaine \u0456\u0455 mostly snorted \u043er sniffed. Besides, th\u0456\u0455 \u0456\u0455 th\u0435 m\u043e\u0455t common method b\u0443 wh\u0456\u0441h people u\u0455\u0435 flake cocaine. Buy <a href=\"https:\/\/exoticchemicals.com\/tr\/product\/peruvian-cocaine\/\">Bolivya Kokaini<\/a> Online or Buy Colombian cocaine online.<\/p>\n<p>The street \u0440r\u0456\u0441\u0435 f\u043er Colombian Fl\u0430k\u0435 Cocaine l\u0456\u0435\u0455 between $50 t\u043e $80 a gr\u0430m depending on its \u051bu\u0430l\u0456t\u0443 but we have decided at the moment to supply it to all at $30 per gram. Y\u043eu \u0441\u0430n D\u0456\u0455\u0441r\u0435\u0435tl\u0443 bu\u0443 Colombian Cocaine Onl\u0456n\u0435 \u0430nd \u0440\u0430\u0443 w\u0456th b\u0456t\u0441\u043e\u0456n. W\u0435 d\u043e overnight delivery w\u0456th 100% \u0455t\u0435\u0430lth \u0440\u0430\u0441k\u0430g\u0456ng. You can pay with bitcoins, PayPal, CashApp, and OneVanilla Visa\/Master Card gift cards.<\/p>\n<p>&nbsp;<\/p>\n<h3>Facts That Can Help You Buy Colombian Cocaine Online<\/h3>\n<ul>\n<li>To raise income, street vendors sometimes combine it along with products like cocoa powder, flour, or talcum powder.<\/li>\n<li>Some drug inhalers sometimes use it through directly from the nose or either they message it on their gums and so on methods.<\/li>\n<li>Discussing its appearance then it is much like white talcum powder or you can say it as flour.<\/li>\n<\/ul>\n<h3>Side Effects<\/h3>\n<ul>\n<li>Sometimes overflow of energy or happiness.<\/li>\n<li>Increased sensitivity of senses such as vision, smell power, and so on.<\/li>\n<\/ul>\n<h2>Order Colombian Cocaine Online<\/h2>\n<p>Most important key points to choose us \u2013 best place to order <a href=\"https:\/\/exoticchemicals.com\/tr\/product\/buy-bio-cocaine-online\/\">Kolombiyal\u0131 Kokain<\/a> online<\/p>\n<ul>\n<li>Trust always matters while shopping especially from online websites, and here we offer you really rare loyalty.<\/li>\n<li>The quality factor is the main reason for customer attraction.<\/li>\n<li>Deals and offers are assured when shopping from our site.<\/li>\n<\/ul>\n<h2 id=\"1-2\">How it works!<\/h2>\n<p>The drug sends high levels of dopamine, a natural chemical messenger in your body, into the parts of your\u00a0brain\u00a0that control pleasure. This buildup causes intense feelings of energy and alertness called a high.<\/p>\n<p>Buy Colombian cocaine online. And get discreet delivery worldwide. Buy cocaine.\u00a0<a href=\"https:\/\/exoticchemicals.com\/tr\/product\/buy-bio-cocaine-online\/\">Buy legal cocaine<\/a>. Pure white powder uncut and cut available in stock. Packaging and shipping are very discrete. And bypass all customs.<\/p>\n<h4><strong>Conclusion<\/strong><\/h4>\n<p>To Conclude on the topic which is <a href=\"https:\/\/exoticchemicals.com\/tr\/product\/colombian-cocaine\/\">Kolombiya kokaini<\/a>, then it is a highly addictive drug that is curable like other drugs. But too much addiction is injurious to our health. Therefore it is mandatory to use it within the limit. And as its name is mostly found in Colombia that\u2019s why its name is Colombian cocaine.<\/p>\n<h1><strong>FEEDBACKS<\/strong><\/h1>","protected":false},"excerpt":{"rendered":"<p><strong>Saf<\/strong> Kolombiyal\u0131 Kokain<br \/>\n<strong>Ekstra 3 gram \u00fccretsiz<\/strong> for orders above \u20ac500<br \/>\n<strong>\u00dccretsiz Teslimat<\/strong> b\u00fcy\u00fck sipari\u015fler i\u00e7in<br \/>\n<strong>100%<\/strong> Gizli Nakliye<\/p>","protected":false},"featured_media":2238,"comment_status":"open","ping_status":"closed","template":"","meta":{"_uag_custom_page_level_css":"","site-sidebar-layout":"default","site-content-layout":"","ast-site-content-layout":"default","site-content-style":"default","site-sidebar-style":"default","ast-global-header-display":"","ast-banner-title-visibility":"","ast-main-header-display":"","ast-hfb-above-header-display":"","ast-hfb-below-header-display":"","ast-hfb-mobile-header-display":"","site-post-title":"","ast-breadcrumbs-content":"","ast-featured-img":"","footer-sml-layout":"","theme-transparent-header-meta":"default","adv-header-id-meta":"","stick-header-meta":"","header-above-stick-meta":"","header-main-stick-meta":"","header-below-stick-meta":"","astra-migrate-meta-layouts":"set","ast-page-background-enabled":"default","ast-page-background-meta":{"desktop":{"background-color":"","background-image":"","background-repeat":"repeat","background-position":"center center","background-size":"auto","background-attachment":"scroll","background-type":"","background-media":"","overlay-type":"","overlay-color":"","overlay-opacity":"","overlay-gradient":""},"tablet":{"background-color":"","background-image":"","background-repeat":"repeat","background-position":"center center","background-size":"auto","background-attachment":"scroll","background-type":"","background-media":"","overlay-type":"","overlay-color":"","overlay-opacity":"","overlay-gradient":""},"mobile":{"background-color":"","background-image":"","background-repeat":"repeat","background-position":"center center","background-size":"auto","background-attachment":"scroll","background-type":"","background-media":"","overlay-type":"","overlay-color":"","overlay-opacity":"","overlay-gradient":""}},"ast-content-background-meta":{"desktop":{"background-color":"var(--ast-global-color-5)","background-image":"","background-repeat":"repeat","background-position":"center center","background-size":"auto","background-attachment":"scroll","background-type":"","background-media":"","overlay-type":"","overlay-color":"","overlay-opacity":"","overlay-gradient":""},"tablet":{"background-color":"var(--ast-global-color-5)","background-image":"","background-repeat":"repeat","background-position":"center center","background-size":"auto","background-attachment":"scroll","background-type":"","background-media":"","overlay-type":"","overlay-color":"","overlay-opacity":"","overlay-gradient":""},"mobile":{"background-color":"var(--ast-global-color-5)","background-image":"","background-repeat":"repeat","background-position":"center center","background-size":"auto","background-attachment":"scroll","background-type":"","background-media":"","overlay-type":"","overlay-color":"","overlay-opacity":"","overlay-gradient":""}}},"product_brand":[],"product_cat":[105],"product_tag":[106,107,108,109,110,111,93,112,113,114,115,116,117,118,119,120,121,122,123],"class_list":{"0":"post-2223","1":"product","2":"type-product","3":"status-publish","4":"has-post-thumbnail","6":"product_cat-buy-colombian-cocaine-online","7":"product_tag-best-place-to-buy-colombian-cocaine-online","8":"product_tag-buy-colombian-cocaine-online","9":"product_tag-buy-colombian-cocaine-online-next-day-delivery","10":"product_tag-buy-colombian-cocaine-online-usa","11":"product_tag-buy-colombian-cocaine-online-with-drop-off-delivery","12":"product_tag-buy-colombian-cocaine-online-without-medical-cards","13":"product_tag-buy-legal-colombian-cocaine-online","14":"product_tag-buy-real-colombian-cocaine-online","15":"product_tag-buying-colombian-cocaine-online","16":"product_tag-cheap-colombian-cocaine-for-sale","17":"product_tag-colombian-cocaine-for-sale","18":"product_tag-colombian-cocaine-for-sale-cheap-and-legit","19":"product_tag-how-can-i-buy-colombian-cocaine-online-safe-and-secure","20":"product_tag-how-can-i-get-the-best-colombian-cocaine-online","21":"product_tag-legit-colombian-cocaine-online","22":"product_tag-mail-order-colombian-cocaine-online","23":"product_tag-where-can-i-buy-colombian-cocaine-in-australia","24":"product_tag-where-to-buy-colombian-cocaine-locally-in-my-state-or-city","25":"product_tag-where-to-buy-colombian-cocaine-online","26":"desktop-align-left","27":"tablet-align-left","28":"mobile-align-left","30":"first","31":"instock","32":"shipping-taxable","33":"purchasable","34":"product-type-variable"},"yoast_head":"<!-- This site is optimized with the Yoast SEO plugin v27.4 - https:\/\/yoast.com\/product\/yoast-seo-wordpress\/ -->\n<title>Buy Colombian Cocaine Online - Black Market Cocaine prices 2026<\/title>\n<meta name=\"description\" content=\"Buy Colombian Cocaine Online today and get delivered worldwide discretely from the Best Pure cocaine vendor in Spain, cocaine in Italy near me. Order Now!!\" \/>\n<meta name=\"robots\" content=\"index, follow, max-snippet:-1, max-image-preview:large, max-video-preview:-1\" \/>\n<link rel=\"canonical\" href=\"https:\/\/exoticchemicals.com\/tr\/product\/avrupada-kolombiya-kokain-cevrimici-guvenle-siparis-kokain-cevrimici-satin-alin\/\" \/>\n<meta property=\"og:locale\" content=\"tr_TR\" \/>\n<meta property=\"og:type\" content=\"article\" \/>\n<meta property=\"og:title\" content=\"Buy Colombian Cocaine Online - Black Market Cocaine prices 2026\" \/>\n<meta property=\"og:description\" content=\"Buy Colombian Cocaine Online today and get delivered worldwide discretely from the Best Pure cocaine vendor in Spain, cocaine in Italy near me. Order Now!!\" \/>\n<meta property=\"og:url\" content=\"https:\/\/exoticchemicals.com\/tr\/product\/avrupada-kolombiya-kokain-cevrimici-guvenle-siparis-kokain-cevrimici-satin-alin\/\" \/>\n<meta property=\"article:modified_time\" content=\"2026-04-15T23:21:51+00:00\" \/>\n<meta property=\"og:image\" content=\"https:\/\/exoticchemicals.com\/wp-content\/uploads\/2025\/02\/12c.png\" \/>\n\t<meta property=\"og:image:width\" content=\"687\" \/>\n\t<meta property=\"og:image:height\" content=\"599\" \/>\n\t<meta property=\"og:image:type\" content=\"image\/png\" \/>\n<meta name=\"twitter:card\" content=\"summary_large_image\" \/>\n<meta name=\"twitter:label1\" content=\"Tahmini okuma s\u00fcresi\" \/>\n\t<meta name=\"twitter:data1\" content=\"3 dakika\" \/>\n<script type=\"application\/ld+json\" class=\"yoast-schema-graph\">{\"@context\":\"https:\\\/\\\/schema.org\",\"@graph\":[{\"@type\":\"WebPage\",\"@id\":\"https:\\\/\\\/exoticchemicals.com\\\/product\\\/buy-colombian-cocaine-online-safely-order-cocaine-online-in-europe\\\/\",\"url\":\"https:\\\/\\\/exoticchemicals.com\\\/product\\\/buy-colombian-cocaine-online-safely-order-cocaine-online-in-europe\\\/\",\"name\":\"Buy Colombian Cocaine Online - Black Market Cocaine prices 2026\",\"isPartOf\":{\"@id\":\"https:\\\/\\\/exoticchemicals.com\\\/#website\"},\"primaryImageOfPage\":{\"@id\":\"https:\\\/\\\/exoticchemicals.com\\\/product\\\/buy-colombian-cocaine-online-safely-order-cocaine-online-in-europe\\\/#primaryimage\"},\"image\":{\"@id\":\"https:\\\/\\\/exoticchemicals.com\\\/product\\\/buy-colombian-cocaine-online-safely-order-cocaine-online-in-europe\\\/#primaryimage\"},\"thumbnailUrl\":\"https:\\\/\\\/exoticchemicals.com\\\/wp-content\\\/uploads\\\/2025\\\/02\\\/12c.png\",\"datePublished\":\"2025-02-06T20:41:29+00:00\",\"dateModified\":\"2026-04-15T23:21:51+00:00\",\"description\":\"Buy Colombian Cocaine Online today and get delivered worldwide discretely from the Best Pure cocaine vendor in Spain, cocaine in Italy near me. Order Now!!\",\"breadcrumb\":{\"@id\":\"https:\\\/\\\/exoticchemicals.com\\\/product\\\/buy-colombian-cocaine-online-safely-order-cocaine-online-in-europe\\\/#breadcrumb\"},\"inLanguage\":\"tr\",\"potentialAction\":[{\"@type\":\"ReadAction\",\"target\":[\"https:\\\/\\\/exoticchemicals.com\\\/product\\\/buy-colombian-cocaine-online-safely-order-cocaine-online-in-europe\\\/\"]}]},{\"@type\":\"ImageObject\",\"inLanguage\":\"tr\",\"@id\":\"https:\\\/\\\/exoticchemicals.com\\\/product\\\/buy-colombian-cocaine-online-safely-order-cocaine-online-in-europe\\\/#primaryimage\",\"url\":\"https:\\\/\\\/exoticchemicals.com\\\/wp-content\\\/uploads\\\/2025\\\/02\\\/12c.png\",\"contentUrl\":\"https:\\\/\\\/exoticchemicals.com\\\/wp-content\\\/uploads\\\/2025\\\/02\\\/12c.png\",\"width\":687,\"height\":599,\"caption\":\"Buy Colombian Cocaine Online\"},{\"@type\":\"BreadcrumbList\",\"@id\":\"https:\\\/\\\/exoticchemicals.com\\\/product\\\/buy-colombian-cocaine-online-safely-order-cocaine-online-in-europe\\\/#breadcrumb\",\"itemListElement\":[{\"@type\":\"ListItem\",\"position\":1,\"name\":\"Home\",\"item\":\"https:\\\/\\\/exoticchemicals.com\\\/\"},{\"@type\":\"ListItem\",\"position\":2,\"name\":\"Shop\",\"item\":\"https:\\\/\\\/exoticchemicals.com\\\/shop\\\/\"},{\"@type\":\"ListItem\",\"position\":3,\"name\":\"Buy Colombian Cocaine Online\"}]},{\"@type\":\"WebSite\",\"@id\":\"https:\\\/\\\/exoticchemicals.com\\\/#website\",\"url\":\"https:\\\/\\\/exoticchemicals.com\\\/\",\"name\":\"exotic chemicals\",\"description\":\"Buy MDPHP Hydrochloride\",\"publisher\":{\"@id\":\"https:\\\/\\\/exoticchemicals.com\\\/#\\\/schema\\\/person\\\/07ad08472b6f5b213792451a32dbe8c7\"},\"potentialAction\":[{\"@type\":\"SearchAction\",\"target\":{\"@type\":\"EntryPoint\",\"urlTemplate\":\"https:\\\/\\\/exoticchemicals.com\\\/?s={search_term_string}\"},\"query-input\":{\"@type\":\"PropertyValueSpecification\",\"valueRequired\":true,\"valueName\":\"search_term_string\"}}],\"inLanguage\":\"tr\"},{\"@type\":[\"Person\",\"Organization\"],\"@id\":\"https:\\\/\\\/exoticchemicals.com\\\/#\\\/schema\\\/person\\\/07ad08472b6f5b213792451a32dbe8c7\",\"name\":\"wwalkershop@gmail.com\",\"image\":{\"@type\":\"ImageObject\",\"inLanguage\":\"tr\",\"@id\":\"https:\\\/\\\/exoticchemicals.com\\\/wp-content\\\/uploads\\\/2025\\\/02\\\/pure-3-1-1.png\",\"url\":\"https:\\\/\\\/exoticchemicals.com\\\/wp-content\\\/uploads\\\/2025\\\/02\\\/pure-3-1-1.png\",\"contentUrl\":\"https:\\\/\\\/exoticchemicals.com\\\/wp-content\\\/uploads\\\/2025\\\/02\\\/pure-3-1-1.png\",\"width\":500,\"height\":500,\"caption\":\"wwalkershop@gmail.com\"},\"logo\":{\"@id\":\"https:\\\/\\\/exoticchemicals.com\\\/wp-content\\\/uploads\\\/2025\\\/02\\\/pure-3-1-1.png\"},\"sameAs\":[\"http:\\\/\\\/exoticchemicals.com\"]}]}<\/script>\n<!-- \/ Yoast SEO plugin. -->","yoast_head_json":{"title":"Kolombiya Kokaini Online Sat\u0131n Al\u0131n - Karaborsa Kokain fiyatlar\u0131 2026","description":"Bug\u00fcn Kolombiyal\u0131 Kokain \u00c7evrimi\u00e7i sat\u0131n al\u0131n ve \u0130spanya'daki En \u0130yi Saf kokain sat\u0131c\u0131s\u0131ndan, yak\u0131n\u0131mdaki \u0130talya'daki kokainden d\u00fcnya \u00e7ap\u0131nda gizli bir \u015fekilde teslim al\u0131n. \u015eimdi Sipari\u015f Verin!!","robots":{"index":"index","follow":"follow","max-snippet":"max-snippet:-1","max-image-preview":"max-image-preview:large","max-video-preview":"max-video-preview:-1"},"canonical":"https:\/\/exoticchemicals.com\/tr\/product\/avrupada-kolombiya-kokain-cevrimici-guvenle-siparis-kokain-cevrimici-satin-alin\/","og_locale":"tr_TR","og_type":"article","og_title":"Buy Colombian Cocaine Online - Black Market Cocaine prices 2026","og_description":"Buy Colombian Cocaine Online today and get delivered worldwide discretely from the Best Pure cocaine vendor in Spain, cocaine in Italy near me. Order Now!!","og_url":"https:\/\/exoticchemicals.com\/tr\/product\/avrupada-kolombiya-kokain-cevrimici-guvenle-siparis-kokain-cevrimici-satin-alin\/","article_modified_time":"2026-04-15T23:21:51+00:00","og_image":[{"width":687,"height":599,"url":"https:\/\/exoticchemicals.com\/wp-content\/uploads\/2025\/02\/12c.png","type":"image\/png"}],"twitter_card":"summary_large_image","twitter_misc":{"Tahmini okuma s\u00fcresi":"3 dakika"},"schema":{"@context":"https:\/\/schema.org","@graph":[{"@type":"WebPage","@id":"https:\/\/exoticchemicals.com\/product\/buy-colombian-cocaine-online-safely-order-cocaine-online-in-europe\/","url":"https:\/\/exoticchemicals.com\/product\/buy-colombian-cocaine-online-safely-order-cocaine-online-in-europe\/","name":"Kolombiya Kokaini Online Sat\u0131n Al\u0131n - Karaborsa Kokain fiyatlar\u0131 2026","isPartOf":{"@id":"https:\/\/exoticchemicals.com\/#website"},"primaryImageOfPage":{"@id":"https:\/\/exoticchemicals.com\/product\/buy-colombian-cocaine-online-safely-order-cocaine-online-in-europe\/#primaryimage"},"image":{"@id":"https:\/\/exoticchemicals.com\/product\/buy-colombian-cocaine-online-safely-order-cocaine-online-in-europe\/#primaryimage"},"thumbnailUrl":"https:\/\/exoticchemicals.com\/wp-content\/uploads\/2025\/02\/12c.png","datePublished":"2025-02-06T20:41:29+00:00","dateModified":"2026-04-15T23:21:51+00:00","description":"Bug\u00fcn Kolombiyal\u0131 Kokain \u00c7evrimi\u00e7i sat\u0131n al\u0131n ve \u0130spanya'daki En \u0130yi Saf kokain sat\u0131c\u0131s\u0131ndan, yak\u0131n\u0131mdaki \u0130talya'daki kokainden d\u00fcnya \u00e7ap\u0131nda gizli bir \u015fekilde teslim al\u0131n. \u015eimdi Sipari\u015f Verin!!","breadcrumb":{"@id":"https:\/\/exoticchemicals.com\/product\/buy-colombian-cocaine-online-safely-order-cocaine-online-in-europe\/#breadcrumb"},"inLanguage":"tr","potentialAction":[{"@type":"ReadAction","target":["https:\/\/exoticchemicals.com\/product\/buy-colombian-cocaine-online-safely-order-cocaine-online-in-europe\/"]}]},{"@type":"ImageObject","inLanguage":"tr","@id":"https:\/\/exoticchemicals.com\/product\/buy-colombian-cocaine-online-safely-order-cocaine-online-in-europe\/#primaryimage","url":"https:\/\/exoticchemicals.com\/wp-content\/uploads\/2025\/02\/12c.png","contentUrl":"https:\/\/exoticchemicals.com\/wp-content\/uploads\/2025\/02\/12c.png","width":687,"height":599,"caption":"Buy Colombian Cocaine Online"},{"@type":"BreadcrumbList","@id":"https:\/\/exoticchemicals.com\/product\/buy-colombian-cocaine-online-safely-order-cocaine-online-in-europe\/#breadcrumb","itemListElement":[{"@type":"ListItem","position":1,"name":"Home","item":"https:\/\/exoticchemicals.com\/"},{"@type":"ListItem","position":2,"name":"Shop","item":"https:\/\/exoticchemicals.com\/shop\/"},{"@type":"ListItem","position":3,"name":"Buy Colombian Cocaine Online"}]},{"@type":"WebSite","@id":"https:\/\/exoticchemicals.com\/#website","url":"https:\/\/exoticchemicals.com\/","name":"egzoti\u0307k ki\u0307myasallar","description":"MDPHP Hidroklor\u00fcr Sat\u0131n Al\u0131n","publisher":{"@id":"https:\/\/exoticchemicals.com\/#\/schema\/person\/07ad08472b6f5b213792451a32dbe8c7"},"potentialAction":[{"@type":"SearchAction","target":{"@type":"EntryPoint","urlTemplate":"https:\/\/exoticchemicals.com\/?s={search_term_string}"},"query-input":{"@type":"PropertyValueSpecification","valueRequired":true,"valueName":"search_term_string"}}],"inLanguage":"tr"},{"@type":["Person","Organization"],"@id":"https:\/\/exoticchemicals.com\/#\/schema\/person\/07ad08472b6f5b213792451a32dbe8c7","name":"wwalkershop@gmail.com","image":{"@type":"ImageObject","inLanguage":"tr","@id":"https:\/\/exoticchemicals.com\/wp-content\/uploads\/2025\/02\/pure-3-1-1.png","url":"https:\/\/exoticchemicals.com\/wp-content\/uploads\/2025\/02\/pure-3-1-1.png","contentUrl":"https:\/\/exoticchemicals.com\/wp-content\/uploads\/2025\/02\/pure-3-1-1.png","width":500,"height":500,"caption":"wwalkershop@gmail.com"},"logo":{"@id":"https:\/\/exoticchemicals.com\/wp-content\/uploads\/2025\/02\/pure-3-1-1.png"},"sameAs":["http:\/\/exoticchemicals.com"]}]}},"uagb_featured_image_src":{"full":["https:\/\/exoticchemicals.com\/wp-content\/uploads\/2025\/02\/12c.png",687,599,false],"thumbnail":["https:\/\/exoticchemicals.com\/wp-content\/uploads\/2025\/02\/12c-150x150.png",150,150,true],"medium":["https:\/\/exoticchemicals.com\/wp-content\/uploads\/2025\/02\/12c-300x262.png",300,262,true],"medium_large":["https:\/\/exoticchemicals.com\/wp-content\/uploads\/2025\/02\/12c.png",687,599,false],"large":["https:\/\/exoticchemicals.com\/wp-content\/uploads\/2025\/02\/12c.png",687,599,false],"1536x1536":["https:\/\/exoticchemicals.com\/wp-content\/uploads\/2025\/02\/12c.png",687,599,false],"2048x2048":["https:\/\/exoticchemicals.com\/wp-content\/uploads\/2025\/02\/12c.png",687,599,false],"trp-custom-language-flag":["https:\/\/exoticchemicals.com\/wp-content\/uploads\/2025\/02\/12c.png",14,12,false],"woocommerce_thumbnail":["https:\/\/exoticchemicals.com\/wp-content\/uploads\/2025\/02\/12c-300x300.png",300,300,true],"woocommerce_single":["https:\/\/exoticchemicals.com\/wp-content\/uploads\/2025\/02\/12c-600x523.png",600,523,true],"woocommerce_gallery_thumbnail":["https:\/\/exoticchemicals.com\/wp-content\/uploads\/2025\/02\/12c-100x100.png",100,100,true]},"uagb_author_info":{"display_name":"bossman","author_link":"https:\/\/exoticchemicals.com\/tr\/author\/"},"uagb_comment_info":7,"uagb_excerpt":"Pure Colombian Cocaine Extra 3 grams free for orders above \u20ac500 Free Delivery for huge orders 100% discreet Shipping","_links":{"self":[{"href":"https:\/\/exoticchemicals.com\/tr\/wp-json\/wp\/v2\/product\/2223","targetHints":{"allow":["GET"]}}],"collection":[{"href":"https:\/\/exoticchemicals.com\/tr\/wp-json\/wp\/v2\/product"}],"about":[{"href":"https:\/\/exoticchemicals.com\/tr\/wp-json\/wp\/v2\/types\/product"}],"replies":[{"embeddable":true,"href":"https:\/\/exoticchemicals.com\/tr\/wp-json\/wp\/v2\/comments?post=2223"}],"wp:featuredmedia":[{"embeddable":true,"href":"https:\/\/exoticchemicals.com\/tr\/wp-json\/wp\/v2\/media\/2238"}],"wp:attachment":[{"href":"https:\/\/exoticchemicals.com\/tr\/wp-json\/wp\/v2\/media?parent=2223"}],"wp:term":[{"taxonomy":"product_brand","embeddable":true,"href":"https:\/\/exoticchemicals.com\/tr\/wp-json\/wp\/v2\/product_brand?post=2223"},{"taxonomy":"product_cat","embeddable":true,"href":"https:\/\/exoticchemicals.com\/tr\/wp-json\/wp\/v2\/product_cat?post=2223"},{"taxonomy":"product_tag","embeddable":true,"href":"https:\/\/exoticchemicals.com\/tr\/wp-json\/wp\/v2\/product_tag?post=2223"}],"curies":[{"name":"wp","href":"https:\/\/api.w.org\/{rel}","templated":true}]}}