{"id":2439,"date":"2025-02-06T20:57:59","date_gmt":"2025-02-06T20:57:59","guid":{"rendered":"https:\/\/exoticchemicals.com\/?post_type=product&#038;p=2439"},"modified":"2026-04-14T10:11:41","modified_gmt":"2026-04-14T10:11:41","slug":"2c-b-pink-cocaine","status":"publish","type":"product","link":"https:\/\/exoticchemicals.com\/tr\/product\/2c-b-pink-cocaine\/","title":{"rendered":"2C-B ( Pink Cocaine )"},"content":{"rendered":"<h1>Buy 2C-B Online | Buy Pink Cocaine Online<\/h1>\n<p>Buy 2C-B Online, 2C-B reached mainstream acceptance sometime just after 1985 when MDMA was formally banned. It absolutely was used being a lawful alternative to MDMA. 2C-B and the remainder of the 2C- relatives were afterward banned in 1995. <a href=\"https:\/\/ketamclinic.com\/product\/2c-b-pink-cocaine\/\">Buy 2C-B Online<\/a><\/p>\n<h2>2C-B vs MDMA<\/h2>\n<p>The results of 2C-B are often described as currently being a mid-issue in between the empathogenic effects of MDMA along the hallucinogenic effects of LSD.<\/p>\n<p>Nevertheless, results in the therapeutic get-the-job-done were \u201coverwhelmingly favorable. There have been no really serious adverse reactions to the substances, no psychoses, no hospitalizations, and no suicides of any shoppers who were being actively going through psycholytic therapy.\u201d Buy 2C-B Online<\/p>\n<p>Some outcomes are therefore much like basic psychedelics, like LSD; open-up-eye visuals are commonplace, with designs and outlines of designs transferring and undulating all through the vacation.<\/p>\n<h3>2C-B Addiction<\/h3>\n<p>Like<a href=\"https:\/\/ketamclinic.com\/product\/5-mapb\/\"> MDMA<\/a>, <a href=\"https:\/\/ketamclinic.com\/product\/2c-b-pink-cocaine\/\">2C-B<\/a> encourages empathy and knowing among persons. One mom who took the drug along with her son\u2014who had recently moved absent\u2014learned how to Permit go as a mum or dad and take his individuality. Buy 2C-B Online<\/p>\n<p>Dependency Middle receives advertising and marketing payments in the remedy facilities that reply to phone calls for the toll-free-of-charge figures listed on the websites and is not linked to any unique therapy supplier. Habit Center gets advertising and marketing payments from the remedy suppliers that reply to chat requests to the Websites and are not connected with any distinct cure company.<\/p>\n<h3>Buy 2C-B Online Abuse | Pink Cocaine For Sale<\/h3>\n<p>Because 2C-B is frequently abused inside a nightclub or at an all-evening dance bash, dehydration, and hyperthermia are genuine pitfalls that can boost the odds of a probable overdose or unfavorable reaction to the drug. Pink cocaine for sale<\/p>\n<h3>2C-B Toxicity<\/h3>\n<p>The toxicity and prolonged-phrase well-being effects of recreational 2C-B use have not been studied in any scientific get more info context, and the precise toxic dose is unknown.<\/p>\n<p>The powder is usually Utilized in a \u201cparachute\u201d \u2014 which involves weighing the dose of powder on a small scale and wrapping it up right into a rolling paper. This really is then taken identical to you\u2019d probably a capsule, by essentially swallowing it full.<\/p>\n<h3>Purchase 2C-B white powder USA | Best Place to buy 2C-B Online<\/h3>\n<p>Based upon our number of years of functioning experience, we have actually made it effortless for customers to purchase 2c-b white powder online in the UNITED STATES as well as enjoy its amazing trippy experience. To purchase 2c-b white powder online in the U.S.A. is very affordable because we are interested in dropping our rate to an obtainable price at the very same original quality.<\/p>\n<h3>2c-b offer for sale Online Cheap USA<\/h3>\n<p>If you are looking to purchase, then you are welcome at Agora DrugStore. 2C-B for sale online \u2013 Buy 2C-B online overnight.<\/p>","protected":false},"excerpt":{"rendered":"<p><span style=\"color: #ff0000;font-size: 150%\"><strong>BUY NOW, AND GET DELIVERED TOMORROW WITHOUT THE LEAST HASSLE!!<\/strong><\/span><\/p>\n<p>When sold as &#8220;Ecstasy&#8221;, tablets containing 2C-B often contain about 5 mg of the drug, an amount which\u00a0<b>produces stimulatory effects that mimic the effects of MDMA<\/b>; in contrast, tablets marketed as 2C-B have larger quantities of the drug (10\u201320 mg) which cause hallucinogenic effects.<\/p>","protected":false},"featured_media":2468,"comment_status":"open","ping_status":"closed","template":"","meta":{"_uag_custom_page_level_css":"","site-sidebar-layout":"default","site-content-layout":"","ast-site-content-layout":"default","site-content-style":"default","site-sidebar-style":"default","ast-global-header-display":"","ast-banner-title-visibility":"","ast-main-header-display":"","ast-hfb-above-header-display":"","ast-hfb-below-header-display":"","ast-hfb-mobile-header-display":"","site-post-title":"","ast-breadcrumbs-content":"","ast-featured-img":"","footer-sml-layout":"","ast-disable-related-posts":"","theme-transparent-header-meta":"","adv-header-id-meta":"","stick-header-meta":"","header-above-stick-meta":"","header-main-stick-meta":"","header-below-stick-meta":"","astra-migrate-meta-layouts":"default","ast-page-background-enabled":"default","ast-page-background-meta":{"desktop":{"background-color":"","background-image":"","background-repeat":"repeat","background-position":"center center","background-size":"auto","background-attachment":"scroll","background-type":"","background-media":"","overlay-type":"","overlay-color":"","overlay-opacity":"","overlay-gradient":""},"tablet":{"background-color":"","background-image":"","background-repeat":"repeat","background-position":"center center","background-size":"auto","background-attachment":"scroll","background-type":"","background-media":"","overlay-type":"","overlay-color":"","overlay-opacity":"","overlay-gradient":""},"mobile":{"background-color":"","background-image":"","background-repeat":"repeat","background-position":"center center","background-size":"auto","background-attachment":"scroll","background-type":"","background-media":"","overlay-type":"","overlay-color":"","overlay-opacity":"","overlay-gradient":""}},"ast-content-background-meta":{"desktop":{"background-color":"var(--ast-global-color-5)","background-image":"","background-repeat":"repeat","background-position":"center center","background-size":"auto","background-attachment":"scroll","background-type":"","background-media":"","overlay-type":"","overlay-color":"","overlay-opacity":"","overlay-gradient":""},"tablet":{"background-color":"var(--ast-global-color-5)","background-image":"","background-repeat":"repeat","background-position":"center center","background-size":"auto","background-attachment":"scroll","background-type":"","background-media":"","overlay-type":"","overlay-color":"","overlay-opacity":"","overlay-gradient":""},"mobile":{"background-color":"var(--ast-global-color-5)","background-image":"","background-repeat":"repeat","background-position":"center center","background-size":"auto","background-attachment":"scroll","background-type":"","background-media":"","overlay-type":"","overlay-color":"","overlay-opacity":"","overlay-gradient":""}}},"product_brand":[],"product_cat":[543],"product_tag":[621,622,623,624,625,626,627,628,629,630,631,632,633,634,635,636,637,638,639,640,641,642],"class_list":{"0":"post-2439","1":"product","2":"type-product","3":"status-publish","4":"has-post-thumbnail","6":"product_cat-powders","7":"product_tag-2c-b-australia-buy","8":"product_tag-2c-b-powder","9":"product_tag-2c-b-powder-around-me","10":"product_tag-2c-b-powder-buy-canada","11":"product_tag-2c-b-powder-buy-italy","12":"product_tag-2c-b-powder-buy-spain","13":"product_tag-2c-b-powder-buy-usa","14":"product_tag-2c-b-powder-europe-buy","15":"product_tag-2c-b-powder-price","16":"product_tag-2c-b-powder-reddit","17":"product_tag-2c-b-powder-uk","18":"product_tag-2c-b-powder-uses","19":"product_tag-2c-b-powderfor-sale","20":"product_tag-2c-b-powders-buy-germany","21":"product_tag-2c-b-powderstill-available","22":"product_tag-2c-b-quora","23":"product_tag-2c-b-suppler-2c-b-vendors-2c-b-wholesale-2c-b-price","24":"product_tag-2c-b-uses","25":"product_tag-buy-2c-b-online","26":"product_tag-how-much-is-2c-b-powder","27":"product_tag-how-to-take-2c-b-power","28":"product_tag-where-to-buy-2c-b-online-2c-b-powder-for-sale","29":"desktop-align-left","30":"tablet-align-left","31":"mobile-align-left","33":"first","34":"instock","35":"shipping-taxable","36":"purchasable","37":"product-type-variable"},"yoast_head":"<!-- This site is optimized with the Yoast SEO plugin v27.4 - https:\/\/yoast.com\/product\/yoast-seo-wordpress\/ -->\n<title>2C-B ( Pink Cocaine ) -<\/title>\n<meta name=\"robots\" content=\"index, follow, max-snippet:-1, max-image-preview:large, max-video-preview:-1\" \/>\n<link rel=\"canonical\" href=\"https:\/\/exoticchemicals.com\/tr\/product\/2c-b-pink-cocaine\/\" \/>\n<meta property=\"og:locale\" content=\"tr_TR\" \/>\n<meta property=\"og:type\" content=\"article\" \/>\n<meta property=\"og:title\" content=\"2C-B ( Pink Cocaine ) -\" \/>\n<meta property=\"og:description\" content=\"BUY NOW, AND GET DELIVERED TOMORROW WITHOUT THE LEAST HASSLE!! When sold as &#8220;Ecstasy&#8221;, tablets containing 2C-B often contain about 5 mg of the drug, an amount which\u00a0produces stimulatory effects that mimic the effects of MDMA; in contrast, tablets marketed as 2C-B have larger quantities of the drug (10\u201320 mg) which cause hallucinogenic effects.\" \/>\n<meta property=\"og:url\" content=\"https:\/\/exoticchemicals.com\/tr\/product\/2c-b-pink-cocaine\/\" \/>\n<meta property=\"article:modified_time\" content=\"2026-04-14T10:11:41+00:00\" \/>\n<meta property=\"og:image\" content=\"https:\/\/exoticchemicals.com\/wp-content\/uploads\/2025\/02\/NBAXC5FDFRACVNGAYHCCEONSUY.jpeg\" \/>\n\t<meta property=\"og:image:width\" content=\"1920\" \/>\n\t<meta property=\"og:image:height\" content=\"1080\" \/>\n\t<meta property=\"og:image:type\" content=\"image\/jpeg\" \/>\n<meta name=\"twitter:card\" content=\"summary_large_image\" \/>\n<meta name=\"twitter:label1\" content=\"Tahmini okuma s\u00fcresi\" \/>\n\t<meta name=\"twitter:data1\" content=\"2 dakika\" \/>\n<script type=\"application\/ld+json\" class=\"yoast-schema-graph\">{\"@context\":\"https:\\\/\\\/schema.org\",\"@graph\":[{\"@type\":\"WebPage\",\"@id\":\"https:\\\/\\\/exoticchemicals.com\\\/product\\\/2c-b-pink-cocaine\\\/\",\"url\":\"https:\\\/\\\/exoticchemicals.com\\\/product\\\/2c-b-pink-cocaine\\\/\",\"name\":\"2C-B ( Pink Cocaine ) -\",\"isPartOf\":{\"@id\":\"https:\\\/\\\/exoticchemicals.com\\\/#website\"},\"primaryImageOfPage\":{\"@id\":\"https:\\\/\\\/exoticchemicals.com\\\/product\\\/2c-b-pink-cocaine\\\/#primaryimage\"},\"image\":{\"@id\":\"https:\\\/\\\/exoticchemicals.com\\\/product\\\/2c-b-pink-cocaine\\\/#primaryimage\"},\"thumbnailUrl\":\"https:\\\/\\\/exoticchemicals.com\\\/wp-content\\\/uploads\\\/2025\\\/02\\\/NBAXC5FDFRACVNGAYHCCEONSUY.jpeg\",\"datePublished\":\"2025-02-06T20:57:59+00:00\",\"dateModified\":\"2026-04-14T10:11:41+00:00\",\"breadcrumb\":{\"@id\":\"https:\\\/\\\/exoticchemicals.com\\\/product\\\/2c-b-pink-cocaine\\\/#breadcrumb\"},\"inLanguage\":\"tr\",\"potentialAction\":[{\"@type\":\"ReadAction\",\"target\":[\"https:\\\/\\\/exoticchemicals.com\\\/product\\\/2c-b-pink-cocaine\\\/\"]}]},{\"@type\":\"ImageObject\",\"inLanguage\":\"tr\",\"@id\":\"https:\\\/\\\/exoticchemicals.com\\\/product\\\/2c-b-pink-cocaine\\\/#primaryimage\",\"url\":\"https:\\\/\\\/exoticchemicals.com\\\/wp-content\\\/uploads\\\/2025\\\/02\\\/NBAXC5FDFRACVNGAYHCCEONSUY.jpeg\",\"contentUrl\":\"https:\\\/\\\/exoticchemicals.com\\\/wp-content\\\/uploads\\\/2025\\\/02\\\/NBAXC5FDFRACVNGAYHCCEONSUY.jpeg\",\"width\":1920,\"height\":1080},{\"@type\":\"BreadcrumbList\",\"@id\":\"https:\\\/\\\/exoticchemicals.com\\\/product\\\/2c-b-pink-cocaine\\\/#breadcrumb\",\"itemListElement\":[{\"@type\":\"ListItem\",\"position\":1,\"name\":\"Home\",\"item\":\"https:\\\/\\\/exoticchemicals.com\\\/\"},{\"@type\":\"ListItem\",\"position\":2,\"name\":\"Shop\",\"item\":\"https:\\\/\\\/exoticchemicals.com\\\/shop\\\/\"},{\"@type\":\"ListItem\",\"position\":3,\"name\":\"2C-B ( Pink Cocaine )\"}]},{\"@type\":\"WebSite\",\"@id\":\"https:\\\/\\\/exoticchemicals.com\\\/#website\",\"url\":\"https:\\\/\\\/exoticchemicals.com\\\/\",\"name\":\"exotic chemicals\",\"description\":\"Buy MDPHP Hydrochloride\",\"publisher\":{\"@id\":\"https:\\\/\\\/exoticchemicals.com\\\/#\\\/schema\\\/person\\\/07ad08472b6f5b213792451a32dbe8c7\"},\"potentialAction\":[{\"@type\":\"SearchAction\",\"target\":{\"@type\":\"EntryPoint\",\"urlTemplate\":\"https:\\\/\\\/exoticchemicals.com\\\/?s={search_term_string}\"},\"query-input\":{\"@type\":\"PropertyValueSpecification\",\"valueRequired\":true,\"valueName\":\"search_term_string\"}}],\"inLanguage\":\"tr\"},{\"@type\":[\"Person\",\"Organization\"],\"@id\":\"https:\\\/\\\/exoticchemicals.com\\\/#\\\/schema\\\/person\\\/07ad08472b6f5b213792451a32dbe8c7\",\"name\":\"wwalkershop@gmail.com\",\"image\":{\"@type\":\"ImageObject\",\"inLanguage\":\"tr\",\"@id\":\"https:\\\/\\\/exoticchemicals.com\\\/wp-content\\\/uploads\\\/2025\\\/02\\\/pure-3-1-1.png\",\"url\":\"https:\\\/\\\/exoticchemicals.com\\\/wp-content\\\/uploads\\\/2025\\\/02\\\/pure-3-1-1.png\",\"contentUrl\":\"https:\\\/\\\/exoticchemicals.com\\\/wp-content\\\/uploads\\\/2025\\\/02\\\/pure-3-1-1.png\",\"width\":500,\"height\":500,\"caption\":\"wwalkershop@gmail.com\"},\"logo\":{\"@id\":\"https:\\\/\\\/exoticchemicals.com\\\/wp-content\\\/uploads\\\/2025\\\/02\\\/pure-3-1-1.png\"},\"sameAs\":[\"http:\\\/\\\/exoticchemicals.com\"]}]}<\/script>\n<!-- \/ Yoast SEO plugin. -->","yoast_head_json":{"title":"2C-B ( Pink Cocaine ) -","robots":{"index":"index","follow":"follow","max-snippet":"max-snippet:-1","max-image-preview":"max-image-preview:large","max-video-preview":"max-video-preview:-1"},"canonical":"https:\/\/exoticchemicals.com\/tr\/product\/2c-b-pink-cocaine\/","og_locale":"tr_TR","og_type":"article","og_title":"2C-B ( Pink Cocaine ) -","og_description":"BUY NOW, AND GET DELIVERED TOMORROW WITHOUT THE LEAST HASSLE!! When sold as &#8220;Ecstasy&#8221;, tablets containing 2C-B often contain about 5 mg of the drug, an amount which\u00a0produces stimulatory effects that mimic the effects of MDMA; in contrast, tablets marketed as 2C-B have larger quantities of the drug (10\u201320 mg) which cause hallucinogenic effects.","og_url":"https:\/\/exoticchemicals.com\/tr\/product\/2c-b-pink-cocaine\/","article_modified_time":"2026-04-14T10:11:41+00:00","og_image":[{"width":1920,"height":1080,"url":"https:\/\/exoticchemicals.com\/wp-content\/uploads\/2025\/02\/NBAXC5FDFRACVNGAYHCCEONSUY.jpeg","type":"image\/jpeg"}],"twitter_card":"summary_large_image","twitter_misc":{"Tahmini okuma s\u00fcresi":"2 dakika"},"schema":{"@context":"https:\/\/schema.org","@graph":[{"@type":"WebPage","@id":"https:\/\/exoticchemicals.com\/product\/2c-b-pink-cocaine\/","url":"https:\/\/exoticchemicals.com\/product\/2c-b-pink-cocaine\/","name":"2C-B ( Pink Cocaine ) -","isPartOf":{"@id":"https:\/\/exoticchemicals.com\/#website"},"primaryImageOfPage":{"@id":"https:\/\/exoticchemicals.com\/product\/2c-b-pink-cocaine\/#primaryimage"},"image":{"@id":"https:\/\/exoticchemicals.com\/product\/2c-b-pink-cocaine\/#primaryimage"},"thumbnailUrl":"https:\/\/exoticchemicals.com\/wp-content\/uploads\/2025\/02\/NBAXC5FDFRACVNGAYHCCEONSUY.jpeg","datePublished":"2025-02-06T20:57:59+00:00","dateModified":"2026-04-14T10:11:41+00:00","breadcrumb":{"@id":"https:\/\/exoticchemicals.com\/product\/2c-b-pink-cocaine\/#breadcrumb"},"inLanguage":"tr","potentialAction":[{"@type":"ReadAction","target":["https:\/\/exoticchemicals.com\/product\/2c-b-pink-cocaine\/"]}]},{"@type":"ImageObject","inLanguage":"tr","@id":"https:\/\/exoticchemicals.com\/product\/2c-b-pink-cocaine\/#primaryimage","url":"https:\/\/exoticchemicals.com\/wp-content\/uploads\/2025\/02\/NBAXC5FDFRACVNGAYHCCEONSUY.jpeg","contentUrl":"https:\/\/exoticchemicals.com\/wp-content\/uploads\/2025\/02\/NBAXC5FDFRACVNGAYHCCEONSUY.jpeg","width":1920,"height":1080},{"@type":"BreadcrumbList","@id":"https:\/\/exoticchemicals.com\/product\/2c-b-pink-cocaine\/#breadcrumb","itemListElement":[{"@type":"ListItem","position":1,"name":"Home","item":"https:\/\/exoticchemicals.com\/"},{"@type":"ListItem","position":2,"name":"Shop","item":"https:\/\/exoticchemicals.com\/shop\/"},{"@type":"ListItem","position":3,"name":"2C-B ( Pink Cocaine )"}]},{"@type":"WebSite","@id":"https:\/\/exoticchemicals.com\/#website","url":"https:\/\/exoticchemicals.com\/","name":"egzoti\u0307k ki\u0307myasallar","description":"MDPHP Hidroklor\u00fcr Sat\u0131n Al\u0131n","publisher":{"@id":"https:\/\/exoticchemicals.com\/#\/schema\/person\/07ad08472b6f5b213792451a32dbe8c7"},"potentialAction":[{"@type":"SearchAction","target":{"@type":"EntryPoint","urlTemplate":"https:\/\/exoticchemicals.com\/?s={search_term_string}"},"query-input":{"@type":"PropertyValueSpecification","valueRequired":true,"valueName":"search_term_string"}}],"inLanguage":"tr"},{"@type":["Person","Organization"],"@id":"https:\/\/exoticchemicals.com\/#\/schema\/person\/07ad08472b6f5b213792451a32dbe8c7","name":"wwalkershop@gmail.com","image":{"@type":"ImageObject","inLanguage":"tr","@id":"https:\/\/exoticchemicals.com\/wp-content\/uploads\/2025\/02\/pure-3-1-1.png","url":"https:\/\/exoticchemicals.com\/wp-content\/uploads\/2025\/02\/pure-3-1-1.png","contentUrl":"https:\/\/exoticchemicals.com\/wp-content\/uploads\/2025\/02\/pure-3-1-1.png","width":500,"height":500,"caption":"wwalkershop@gmail.com"},"logo":{"@id":"https:\/\/exoticchemicals.com\/wp-content\/uploads\/2025\/02\/pure-3-1-1.png"},"sameAs":["http:\/\/exoticchemicals.com"]}]}},"uagb_featured_image_src":{"full":["https:\/\/exoticchemicals.com\/wp-content\/uploads\/2025\/02\/NBAXC5FDFRACVNGAYHCCEONSUY.jpeg",1920,1080,false],"thumbnail":["https:\/\/exoticchemicals.com\/wp-content\/uploads\/2025\/02\/NBAXC5FDFRACVNGAYHCCEONSUY-150x150.jpeg",150,150,true],"medium":["https:\/\/exoticchemicals.com\/wp-content\/uploads\/2025\/02\/NBAXC5FDFRACVNGAYHCCEONSUY-300x169.jpeg",300,169,true],"medium_large":["https:\/\/exoticchemicals.com\/wp-content\/uploads\/2025\/02\/NBAXC5FDFRACVNGAYHCCEONSUY-768x432.jpeg",768,432,true],"large":["https:\/\/exoticchemicals.com\/wp-content\/uploads\/2025\/02\/NBAXC5FDFRACVNGAYHCCEONSUY-1024x576.jpeg",1024,576,true],"1536x1536":["https:\/\/exoticchemicals.com\/wp-content\/uploads\/2025\/02\/NBAXC5FDFRACVNGAYHCCEONSUY-1536x864.jpeg",1536,864,true],"2048x2048":["https:\/\/exoticchemicals.com\/wp-content\/uploads\/2025\/02\/NBAXC5FDFRACVNGAYHCCEONSUY.jpeg",1920,1080,false],"trp-custom-language-flag":["https:\/\/exoticchemicals.com\/wp-content\/uploads\/2025\/02\/NBAXC5FDFRACVNGAYHCCEONSUY.jpeg",18,10,false],"woocommerce_thumbnail":["https:\/\/exoticchemicals.com\/wp-content\/uploads\/2025\/02\/NBAXC5FDFRACVNGAYHCCEONSUY-300x300.jpeg",300,300,true],"woocommerce_single":["https:\/\/exoticchemicals.com\/wp-content\/uploads\/2025\/02\/NBAXC5FDFRACVNGAYHCCEONSUY-600x338.jpeg",600,338,true],"woocommerce_gallery_thumbnail":["https:\/\/exoticchemicals.com\/wp-content\/uploads\/2025\/02\/NBAXC5FDFRACVNGAYHCCEONSUY-100x100.jpeg",100,100,true]},"uagb_author_info":{"display_name":"bossman","author_link":"https:\/\/exoticchemicals.com\/tr\/author\/"},"uagb_comment_info":9,"uagb_excerpt":"BUY NOW, AND GET DELIVERED TOMORROW WITHOUT THE LEAST HASSLE!! When sold as &#8220;Ecstasy&#8221;, tablets containing 2C-B often contain about 5 mg of the drug, an amount which\u00a0produces stimulatory effects that mimic the effects of MDMA; in contrast, tablets marketed as 2C-B have larger quantities of the drug (10\u201320 mg) which cause hallucinogenic effects.","_links":{"self":[{"href":"https:\/\/exoticchemicals.com\/tr\/wp-json\/wp\/v2\/product\/2439","targetHints":{"allow":["GET"]}}],"collection":[{"href":"https:\/\/exoticchemicals.com\/tr\/wp-json\/wp\/v2\/product"}],"about":[{"href":"https:\/\/exoticchemicals.com\/tr\/wp-json\/wp\/v2\/types\/product"}],"replies":[{"embeddable":true,"href":"https:\/\/exoticchemicals.com\/tr\/wp-json\/wp\/v2\/comments?post=2439"}],"wp:featuredmedia":[{"embeddable":true,"href":"https:\/\/exoticchemicals.com\/tr\/wp-json\/wp\/v2\/media\/2468"}],"wp:attachment":[{"href":"https:\/\/exoticchemicals.com\/tr\/wp-json\/wp\/v2\/media?parent=2439"}],"wp:term":[{"taxonomy":"product_brand","embeddable":true,"href":"https:\/\/exoticchemicals.com\/tr\/wp-json\/wp\/v2\/product_brand?post=2439"},{"taxonomy":"product_cat","embeddable":true,"href":"https:\/\/exoticchemicals.com\/tr\/wp-json\/wp\/v2\/product_cat?post=2439"},{"taxonomy":"product_tag","embeddable":true,"href":"https:\/\/exoticchemicals.com\/tr\/wp-json\/wp\/v2\/product_tag?post=2439"}],"curies":[{"name":"wp","href":"https:\/\/api.w.org\/{rel}","templated":true}]}}