{"id":2672,"date":"2025-02-06T21:16:51","date_gmt":"2025-02-06T21:16:51","guid":{"rendered":"https:\/\/exoticchemicals.com\/?post_type=product&#038;p=2672"},"modified":"2026-04-14T17:11:46","modified_gmt":"2026-04-14T17:11:46","slug":"dmt-vape-pen","status":"publish","type":"product","link":"https:\/\/exoticchemicals.com\/tr\/product\/dmt-vape-pen\/","title":{"rendered":"DMT Vape Pen"},"content":{"rendered":"<h1>Buy DMT Vape Pens For Sale<\/h1>\n<p><strong>DMT Vape Pens For Sale Online\u00a0<\/strong>Dimethyltryptamine, also known as DMT, is a chemical substance that is present in many plants and animals and it is a type of hallucinogenic drugs (which are also known as psychedelic drugs). Vape pens of DMT is fast getting popular all over the globe. DMT\u00a0 amazingly calming, fast-acting, and it also has a positive effect on mental and physical health. A DMT vape pen is simply a vape pen, or E-cigarette, that uses an E-liquid cartridge containing DMT. The psychoactive\u00a0effects of vaping DMT are mostly identical to those experienced when smoking it.<\/p>\n<h2>Buy MDT Vape Pens Online | DMT Pens in USA<\/h2>\n<p>dmt vape pens\u00a0, dmt pen , dmt vape cartridge ,\u00a0buy dmt online usa , dmt vape , dmt pen. Users can inhale a small but effective amount of the potent drug It is completely illegal in the United States and in many different nations, despite its popularity and regardless of how a product is normally made. That is why we at\u00a0<strong>Buy Psychedelics USA<\/strong> promise our customers a high skilled discreet delivery. The main reasons why people choose to vape DMT are the convenience and the fact that a DMT vape pen can be very discreet\u00a0Vaping DMT\u00a0makes it much more convenient when compared to actually lighting it up and smoking it.\u00a0Vaping also makes DMT use much more discreet,\u00a0which is a major plus when you realize that the government treats this life-saving substance as the equivalent of\u00a0crack\u00a0or\u00a0heroin.<\/p>\n<p>Users can inhale a small but effective amount of the potent drug. The pen contains no nicotine. The traditional ceremony involved smoking the venom of the Bufo alvarius toad. Due to environmental concerns, many have made the switch to synthetic\u00a05-MeO-DMT\u00a0instead. DMT crystals are incredibly heat-sensitive, so the best way to vaporize them is with a cold-start rig<\/p>\n<h2>Why Buy DMT Vape Pens At\u00a0<strong>Buy Psychedelics USA<\/strong><\/h2>\n<p>Moreover, buy DMT vape pen from\u00a0<strong>Buy Psychedelics USA<\/strong>. The top psychedelic supplier in the United States. We supply high-quality chemical test items to wholesalers and consumers efficiently. Our shipment and distribution are 100% convenient and free. We are happy to offer DMT vape pen for sale online our best possible alternative in minor and major quantities. We have been shipping DMT vape pen for sale online and distributing DMT across the world for over 5 years to still ensure that we stay 100% secure and explicitly supplied. On bulk orders, we bring a 10-15 percent discount and can differ with your order. Lastly, buy DMT vape pen online and all of our rates are high! The rates are excellent! All orders are\u00a0shipped\u00a0within 48 hours . Nonetheless, we normally ship all orders after confirmation of your invoice.\u00a0We ensure fast and effective delivery worldwide. dmt vape pens , dmt pen , dmt vape cartridge , buy dmt online usa , dmt vape , dmt pen ,<strong>How Do DMT Vape Pens\u00a0<\/strong><\/p>\n<h2>Advantage Of Using DMT Vape Pen<\/h2>\n<p>The main reasons why people choose to vape DMT are the convenience and the fact that a DMT vape pen can be very discreet. The preferred method of smoking DMT powder is generally a glass pipe. DMT Vape Pens are appealing to some users because they allow them to control how fast and how deep they want to go with each puff.\u00a0how to take dmt\u00a0Finally, some drug users with serious dependencies are turning to vaping as a form of harm reduction. While vaping a substance does not equate with sobriety or abstinence by any means, being able to control the dosage and the effects does help heavy drug users better regulate their habits.\u00a0\u00a0what is dmt drug.<\/p>","protected":false},"excerpt":{"rendered":"<p>Buy DMT Vape Pens For Sale DMT Vape Pens For Sale Online\u00a0Dimethyltryptamine, also known as DMT, is a chemical substance that is present in many plants and animals and it is a type of hallucinogenic drugs (which are also known as psychedelic drugs). Vape pens of DMT is fast getting popular all over the globe. [&hellip;]<\/p>\n","protected":false},"featured_media":2704,"comment_status":"open","ping_status":"closed","template":"","meta":{"_uag_custom_page_level_css":"","site-sidebar-layout":"default","site-content-layout":"","ast-site-content-layout":"default","site-content-style":"default","site-sidebar-style":"default","ast-global-header-display":"","ast-banner-title-visibility":"","ast-main-header-display":"","ast-hfb-above-header-display":"","ast-hfb-below-header-display":"","ast-hfb-mobile-header-display":"","site-post-title":"","ast-breadcrumbs-content":"","ast-featured-img":"","footer-sml-layout":"","ast-disable-related-posts":"","theme-transparent-header-meta":"","adv-header-id-meta":"","stick-header-meta":"","header-above-stick-meta":"","header-main-stick-meta":"","header-below-stick-meta":"","astra-migrate-meta-layouts":"default","ast-page-background-enabled":"default","ast-page-background-meta":{"desktop":{"background-color":"","background-image":"","background-repeat":"repeat","background-position":"center center","background-size":"auto","background-attachment":"scroll","background-type":"","background-media":"","overlay-type":"","overlay-color":"","overlay-opacity":"","overlay-gradient":""},"tablet":{"background-color":"","background-image":"","background-repeat":"repeat","background-position":"center center","background-size":"auto","background-attachment":"scroll","background-type":"","background-media":"","overlay-type":"","overlay-color":"","overlay-opacity":"","overlay-gradient":""},"mobile":{"background-color":"","background-image":"","background-repeat":"repeat","background-position":"center center","background-size":"auto","background-attachment":"scroll","background-type":"","background-media":"","overlay-type":"","overlay-color":"","overlay-opacity":"","overlay-gradient":""}},"ast-content-background-meta":{"desktop":{"background-color":"var(--ast-global-color-5)","background-image":"","background-repeat":"repeat","background-position":"center center","background-size":"auto","background-attachment":"scroll","background-type":"","background-media":"","overlay-type":"","overlay-color":"","overlay-opacity":"","overlay-gradient":""},"tablet":{"background-color":"var(--ast-global-color-5)","background-image":"","background-repeat":"repeat","background-position":"center center","background-size":"auto","background-attachment":"scroll","background-type":"","background-media":"","overlay-type":"","overlay-color":"","overlay-opacity":"","overlay-gradient":""},"mobile":{"background-color":"var(--ast-global-color-5)","background-image":"","background-repeat":"repeat","background-position":"center center","background-size":"auto","background-attachment":"scroll","background-type":"","background-media":"","overlay-type":"","overlay-color":"","overlay-opacity":"","overlay-gradient":""}}},"product_brand":[],"product_cat":[505],"product_tag":[],"class_list":{"0":"post-2672","1":"product","2":"type-product","3":"status-publish","4":"has-post-thumbnail","6":"product_cat-buy-dmt-online-discreetly","7":"desktop-align-left","8":"tablet-align-left","9":"mobile-align-left","11":"first","12":"instock","13":"shipping-taxable","14":"purchasable","15":"product-type-variable"},"yoast_head":"<!-- This site is optimized with the Yoast SEO plugin v27.4 - https:\/\/yoast.com\/product\/yoast-seo-wordpress\/ -->\n<title>DMT Vape Pen -<\/title>\n<meta name=\"robots\" content=\"index, follow, max-snippet:-1, max-image-preview:large, max-video-preview:-1\" \/>\n<link rel=\"canonical\" href=\"https:\/\/exoticchemicals.com\/tr\/product\/dmt-vape-pen\/\" \/>\n<meta property=\"og:locale\" content=\"tr_TR\" \/>\n<meta property=\"og:type\" content=\"article\" \/>\n<meta property=\"og:title\" content=\"DMT Vape Pen -\" \/>\n<meta property=\"og:description\" content=\"Buy DMT Vape Pens For Sale DMT Vape Pens For Sale Online\u00a0Dimethyltryptamine, also known as DMT, is a chemical substance that is present in many plants and animals and it is a type of hallucinogenic drugs (which are also known as psychedelic drugs). Vape pens of DMT is fast getting popular all over the globe. [&hellip;]\" \/>\n<meta property=\"og:url\" content=\"https:\/\/exoticchemicals.com\/tr\/product\/dmt-vape-pen\/\" \/>\n<meta property=\"article:modified_time\" content=\"2026-04-14T17:11:46+00:00\" \/>\n<meta property=\"og:image\" content=\"https:\/\/exoticchemicals.com\/wp-content\/uploads\/2025\/02\/R-2-jpg.webp\" \/>\n\t<meta property=\"og:image:width\" content=\"1024\" \/>\n\t<meta property=\"og:image:height\" content=\"683\" \/>\n\t<meta property=\"og:image:type\" content=\"image\/webp\" \/>\n<meta name=\"twitter:card\" content=\"summary_large_image\" \/>\n<meta name=\"twitter:label1\" content=\"Tahmini okuma s\u00fcresi\" \/>\n\t<meta name=\"twitter:data1\" content=\"3 dakika\" \/>\n<script type=\"application\/ld+json\" class=\"yoast-schema-graph\">{\"@context\":\"https:\\\/\\\/schema.org\",\"@graph\":[{\"@type\":\"WebPage\",\"@id\":\"https:\\\/\\\/exoticchemicals.com\\\/product\\\/dmt-vape-pen\\\/\",\"url\":\"https:\\\/\\\/exoticchemicals.com\\\/product\\\/dmt-vape-pen\\\/\",\"name\":\"DMT Vape Pen -\",\"isPartOf\":{\"@id\":\"https:\\\/\\\/exoticchemicals.com\\\/#website\"},\"primaryImageOfPage\":{\"@id\":\"https:\\\/\\\/exoticchemicals.com\\\/product\\\/dmt-vape-pen\\\/#primaryimage\"},\"image\":{\"@id\":\"https:\\\/\\\/exoticchemicals.com\\\/product\\\/dmt-vape-pen\\\/#primaryimage\"},\"thumbnailUrl\":\"https:\\\/\\\/exoticchemicals.com\\\/wp-content\\\/uploads\\\/2025\\\/02\\\/R-2-jpg.webp\",\"datePublished\":\"2025-02-06T21:16:51+00:00\",\"dateModified\":\"2026-04-14T17:11:46+00:00\",\"breadcrumb\":{\"@id\":\"https:\\\/\\\/exoticchemicals.com\\\/product\\\/dmt-vape-pen\\\/#breadcrumb\"},\"inLanguage\":\"tr\",\"potentialAction\":[{\"@type\":\"ReadAction\",\"target\":[\"https:\\\/\\\/exoticchemicals.com\\\/product\\\/dmt-vape-pen\\\/\"]}]},{\"@type\":\"ImageObject\",\"inLanguage\":\"tr\",\"@id\":\"https:\\\/\\\/exoticchemicals.com\\\/product\\\/dmt-vape-pen\\\/#primaryimage\",\"url\":\"https:\\\/\\\/exoticchemicals.com\\\/wp-content\\\/uploads\\\/2025\\\/02\\\/R-2-jpg.webp\",\"contentUrl\":\"https:\\\/\\\/exoticchemicals.com\\\/wp-content\\\/uploads\\\/2025\\\/02\\\/R-2-jpg.webp\",\"width\":1024,\"height\":683},{\"@type\":\"BreadcrumbList\",\"@id\":\"https:\\\/\\\/exoticchemicals.com\\\/product\\\/dmt-vape-pen\\\/#breadcrumb\",\"itemListElement\":[{\"@type\":\"ListItem\",\"position\":1,\"name\":\"Home\",\"item\":\"https:\\\/\\\/exoticchemicals.com\\\/\"},{\"@type\":\"ListItem\",\"position\":2,\"name\":\"Shop\",\"item\":\"https:\\\/\\\/exoticchemicals.com\\\/shop\\\/\"},{\"@type\":\"ListItem\",\"position\":3,\"name\":\"DMT Vape Pen\"}]},{\"@type\":\"WebSite\",\"@id\":\"https:\\\/\\\/exoticchemicals.com\\\/#website\",\"url\":\"https:\\\/\\\/exoticchemicals.com\\\/\",\"name\":\"exotic chemicals\",\"description\":\"Buy MDPHP Hydrochloride\",\"publisher\":{\"@id\":\"https:\\\/\\\/exoticchemicals.com\\\/#\\\/schema\\\/person\\\/07ad08472b6f5b213792451a32dbe8c7\"},\"potentialAction\":[{\"@type\":\"SearchAction\",\"target\":{\"@type\":\"EntryPoint\",\"urlTemplate\":\"https:\\\/\\\/exoticchemicals.com\\\/?s={search_term_string}\"},\"query-input\":{\"@type\":\"PropertyValueSpecification\",\"valueRequired\":true,\"valueName\":\"search_term_string\"}}],\"inLanguage\":\"tr\"},{\"@type\":[\"Person\",\"Organization\"],\"@id\":\"https:\\\/\\\/exoticchemicals.com\\\/#\\\/schema\\\/person\\\/07ad08472b6f5b213792451a32dbe8c7\",\"name\":\"wwalkershop@gmail.com\",\"image\":{\"@type\":\"ImageObject\",\"inLanguage\":\"tr\",\"@id\":\"https:\\\/\\\/exoticchemicals.com\\\/wp-content\\\/uploads\\\/2025\\\/02\\\/pure-3-1-1.png\",\"url\":\"https:\\\/\\\/exoticchemicals.com\\\/wp-content\\\/uploads\\\/2025\\\/02\\\/pure-3-1-1.png\",\"contentUrl\":\"https:\\\/\\\/exoticchemicals.com\\\/wp-content\\\/uploads\\\/2025\\\/02\\\/pure-3-1-1.png\",\"width\":500,\"height\":500,\"caption\":\"wwalkershop@gmail.com\"},\"logo\":{\"@id\":\"https:\\\/\\\/exoticchemicals.com\\\/wp-content\\\/uploads\\\/2025\\\/02\\\/pure-3-1-1.png\"},\"sameAs\":[\"http:\\\/\\\/exoticchemicals.com\"]}]}<\/script>\n<!-- \/ Yoast SEO plugin. -->","yoast_head_json":{"title":"DMT Vape Pen -","robots":{"index":"index","follow":"follow","max-snippet":"max-snippet:-1","max-image-preview":"max-image-preview:large","max-video-preview":"max-video-preview:-1"},"canonical":"https:\/\/exoticchemicals.com\/tr\/product\/dmt-vape-pen\/","og_locale":"tr_TR","og_type":"article","og_title":"DMT Vape Pen -","og_description":"Buy DMT Vape Pens For Sale DMT Vape Pens For Sale Online\u00a0Dimethyltryptamine, also known as DMT, is a chemical substance that is present in many plants and animals and it is a type of hallucinogenic drugs (which are also known as psychedelic drugs). Vape pens of DMT is fast getting popular all over the globe. [&hellip;]","og_url":"https:\/\/exoticchemicals.com\/tr\/product\/dmt-vape-pen\/","article_modified_time":"2026-04-14T17:11:46+00:00","og_image":[{"width":1024,"height":683,"url":"https:\/\/exoticchemicals.com\/wp-content\/uploads\/2025\/02\/R-2-jpg.webp","type":"image\/webp"}],"twitter_card":"summary_large_image","twitter_misc":{"Tahmini okuma s\u00fcresi":"3 dakika"},"schema":{"@context":"https:\/\/schema.org","@graph":[{"@type":"WebPage","@id":"https:\/\/exoticchemicals.com\/product\/dmt-vape-pen\/","url":"https:\/\/exoticchemicals.com\/product\/dmt-vape-pen\/","name":"DMT Vape Pen -","isPartOf":{"@id":"https:\/\/exoticchemicals.com\/#website"},"primaryImageOfPage":{"@id":"https:\/\/exoticchemicals.com\/product\/dmt-vape-pen\/#primaryimage"},"image":{"@id":"https:\/\/exoticchemicals.com\/product\/dmt-vape-pen\/#primaryimage"},"thumbnailUrl":"https:\/\/exoticchemicals.com\/wp-content\/uploads\/2025\/02\/R-2-jpg.webp","datePublished":"2025-02-06T21:16:51+00:00","dateModified":"2026-04-14T17:11:46+00:00","breadcrumb":{"@id":"https:\/\/exoticchemicals.com\/product\/dmt-vape-pen\/#breadcrumb"},"inLanguage":"tr","potentialAction":[{"@type":"ReadAction","target":["https:\/\/exoticchemicals.com\/product\/dmt-vape-pen\/"]}]},{"@type":"ImageObject","inLanguage":"tr","@id":"https:\/\/exoticchemicals.com\/product\/dmt-vape-pen\/#primaryimage","url":"https:\/\/exoticchemicals.com\/wp-content\/uploads\/2025\/02\/R-2-jpg.webp","contentUrl":"https:\/\/exoticchemicals.com\/wp-content\/uploads\/2025\/02\/R-2-jpg.webp","width":1024,"height":683},{"@type":"BreadcrumbList","@id":"https:\/\/exoticchemicals.com\/product\/dmt-vape-pen\/#breadcrumb","itemListElement":[{"@type":"ListItem","position":1,"name":"Home","item":"https:\/\/exoticchemicals.com\/"},{"@type":"ListItem","position":2,"name":"Shop","item":"https:\/\/exoticchemicals.com\/shop\/"},{"@type":"ListItem","position":3,"name":"DMT Vape Pen"}]},{"@type":"WebSite","@id":"https:\/\/exoticchemicals.com\/#website","url":"https:\/\/exoticchemicals.com\/","name":"egzoti\u0307k ki\u0307myasallar","description":"MDPHP Hidroklor\u00fcr Sat\u0131n Al\u0131n","publisher":{"@id":"https:\/\/exoticchemicals.com\/#\/schema\/person\/07ad08472b6f5b213792451a32dbe8c7"},"potentialAction":[{"@type":"SearchAction","target":{"@type":"EntryPoint","urlTemplate":"https:\/\/exoticchemicals.com\/?s={search_term_string}"},"query-input":{"@type":"PropertyValueSpecification","valueRequired":true,"valueName":"search_term_string"}}],"inLanguage":"tr"},{"@type":["Person","Organization"],"@id":"https:\/\/exoticchemicals.com\/#\/schema\/person\/07ad08472b6f5b213792451a32dbe8c7","name":"wwalkershop@gmail.com","image":{"@type":"ImageObject","inLanguage":"tr","@id":"https:\/\/exoticchemicals.com\/wp-content\/uploads\/2025\/02\/pure-3-1-1.png","url":"https:\/\/exoticchemicals.com\/wp-content\/uploads\/2025\/02\/pure-3-1-1.png","contentUrl":"https:\/\/exoticchemicals.com\/wp-content\/uploads\/2025\/02\/pure-3-1-1.png","width":500,"height":500,"caption":"wwalkershop@gmail.com"},"logo":{"@id":"https:\/\/exoticchemicals.com\/wp-content\/uploads\/2025\/02\/pure-3-1-1.png"},"sameAs":["http:\/\/exoticchemicals.com"]}]}},"uagb_featured_image_src":{"full":["https:\/\/exoticchemicals.com\/wp-content\/uploads\/2025\/02\/R-2-jpg.webp",1024,683,false],"thumbnail":["https:\/\/exoticchemicals.com\/wp-content\/uploads\/2025\/02\/R-2-jpg-150x150.webp",150,150,true],"medium":["https:\/\/exoticchemicals.com\/wp-content\/uploads\/2025\/02\/R-2-jpg-300x200.webp",300,200,true],"medium_large":["https:\/\/exoticchemicals.com\/wp-content\/uploads\/2025\/02\/R-2-jpg-768x512.webp",768,512,true],"large":["https:\/\/exoticchemicals.com\/wp-content\/uploads\/2025\/02\/R-2-jpg.webp",1024,683,false],"1536x1536":["https:\/\/exoticchemicals.com\/wp-content\/uploads\/2025\/02\/R-2-jpg.webp",1024,683,false],"2048x2048":["https:\/\/exoticchemicals.com\/wp-content\/uploads\/2025\/02\/R-2-jpg.webp",1024,683,false],"trp-custom-language-flag":["https:\/\/exoticchemicals.com\/wp-content\/uploads\/2025\/02\/R-2-jpg.webp",18,12,false],"woocommerce_thumbnail":["https:\/\/exoticchemicals.com\/wp-content\/uploads\/2025\/02\/R-2-jpg-300x300.webp",300,300,true],"woocommerce_single":["https:\/\/exoticchemicals.com\/wp-content\/uploads\/2025\/02\/R-2-jpg-600x400.webp",600,400,true],"woocommerce_gallery_thumbnail":["https:\/\/exoticchemicals.com\/wp-content\/uploads\/2025\/02\/R-2-jpg-100x100.webp",100,100,true]},"uagb_author_info":{"display_name":"bossman","author_link":"https:\/\/exoticchemicals.com\/tr\/author\/"},"uagb_comment_info":8,"uagb_excerpt":"Buy DMT Vape Pens For Sale DMT Vape Pens For Sale Online\u00a0Dimethyltryptamine, also known as DMT, is a chemical substance that is present in many plants and animals and it is a type of hallucinogenic drugs (which are also known as psychedelic drugs). Vape pens of DMT is fast getting popular all over the globe.&hellip;","_links":{"self":[{"href":"https:\/\/exoticchemicals.com\/tr\/wp-json\/wp\/v2\/product\/2672","targetHints":{"allow":["GET"]}}],"collection":[{"href":"https:\/\/exoticchemicals.com\/tr\/wp-json\/wp\/v2\/product"}],"about":[{"href":"https:\/\/exoticchemicals.com\/tr\/wp-json\/wp\/v2\/types\/product"}],"replies":[{"embeddable":true,"href":"https:\/\/exoticchemicals.com\/tr\/wp-json\/wp\/v2\/comments?post=2672"}],"wp:featuredmedia":[{"embeddable":true,"href":"https:\/\/exoticchemicals.com\/tr\/wp-json\/wp\/v2\/media\/2704"}],"wp:attachment":[{"href":"https:\/\/exoticchemicals.com\/tr\/wp-json\/wp\/v2\/media?parent=2672"}],"wp:term":[{"taxonomy":"product_brand","embeddable":true,"href":"https:\/\/exoticchemicals.com\/tr\/wp-json\/wp\/v2\/product_brand?post=2672"},{"taxonomy":"product_cat","embeddable":true,"href":"https:\/\/exoticchemicals.com\/tr\/wp-json\/wp\/v2\/product_cat?post=2672"},{"taxonomy":"product_tag","embeddable":true,"href":"https:\/\/exoticchemicals.com\/tr\/wp-json\/wp\/v2\/product_tag?post=2672"}],"curies":[{"name":"wp","href":"https:\/\/api.w.org\/{rel}","templated":true}]}}