{"id":2698,"date":"2025-02-06T21:17:15","date_gmt":"2025-02-06T21:17:15","guid":{"rendered":"https:\/\/exoticchemicals.com\/?post_type=product&#038;p=2698"},"modified":"2026-04-11T19:51:45","modified_gmt":"2026-04-11T19:51:45","slug":"1p-lsd-online-125mcg-blotter","status":"publish","type":"product","link":"https:\/\/exoticchemicals.com\/tr\/product\/1p-lsd-online-125mcg-blotter\/","title":{"rendered":"1P-LSD online (125mcg) Blotter"},"content":{"rendered":"<h2><strong>1P-LSD Online (125mcg)<\/strong><\/h2>\n<p>According to 1P-LSD online (125mcg) customers in Kinshasa, Democratic Republic of Congo, handiest three grams of shredded bark are required for a unmarried dosage, or cup. The Iboga tree is the relevant pillar of the Bwiti religious exercise in West-Central Africa. Tabernanthe iboga root bark for sale.<\/p>\n<p><strong>Bark of Tabernanthe\u00a0iboga for Sale Online<\/strong><\/p>\n<p>The psychoactivity of the foundation barks of Iboga tree, from which\u00a0Ibogaine\u00a0is extracted, changed into first observed through the Pygmy tribe of Central Africa who surpassed the expertise to the Bwiti tribe of Gabon. French explorers, in turn, discovered it from the Bwiti tribe and taken Iboga returned to Europe in 1899-1900 in which it changed into in the end advertised in France as Lambarene. Ibogaine-containing arrangements are used for medicinal and formality functions withinside the African religious traditions of the Bwiti, who declare to have discovered it from the Pygmy peoples.<\/p>\n<p>Although it changed into first normally marketed as having anti-addictive homes in 1962 through Howard Lotsof, its Western use predates that through as a minimum a century. In France, it changed into advertised as Lambar\u00e8ne and used as a stimulant. Additionally, the U.S. Central Intelligence Agency (CIA) studied the results of ibogaine withinside the 1950s<\/p>\n<p><strong>Bark Of Iboga\u00a0<\/strong><\/p>\n<p>Our top-quality, excessive alkaloid Bark of Tabernanthe Iboga additionally comes as shavings, coarse powder, excellent powder or pre-packaged into drugs and natural crystal shape and is of the very best purity to be had. We do deliver different merchandise Upon request from a client and we promote at slight prices<br \/> Our excellent Iboga Rootbark powder is sourced at once from the a long way Northern location of Cameroon in particular withinside the Pymic villages and it\u2019s miles considerably harvested from over 10-year-antique Iboga trees.<\/p>\n<p><strong>Iboga Bark USA<\/strong><\/p>\n<p>We take delivery of custom orders. We provide unfastened delivery to all orders above an ounce. All our merchandise are discretely shipped, below nameless identity. Thus there absolute protection in all our shipments. All our merchandise were examined and feature surpassed our exams on a rating of as a minimum 93\/one hundred earlier than they may be to be had to our clients.<\/p>","protected":false},"excerpt":{"rendered":"<p>1P-LSD Online (125mcg) According to 1P-LSD online (125mcg) customers in Kinshasa, Democratic Republic of Congo, handiest three grams of shredded bark are required for a unmarried dosage, or cup. The Iboga tree is the relevant pillar of the Bwiti religious exercise in West-Central Africa. Tabernanthe iboga root bark for sale. Bark of Tabernanthe\u00a0iboga for Sale [&hellip;]<\/p>\n","protected":false},"featured_media":2709,"comment_status":"open","ping_status":"closed","template":"","meta":{"_uag_custom_page_level_css":"","site-sidebar-layout":"default","site-content-layout":"","ast-site-content-layout":"","site-content-style":"default","site-sidebar-style":"default","ast-global-header-display":"","ast-banner-title-visibility":"","ast-main-header-display":"","ast-hfb-above-header-display":"","ast-hfb-below-header-display":"","ast-hfb-mobile-header-display":"","site-post-title":"","ast-breadcrumbs-content":"","ast-featured-img":"","footer-sml-layout":"","theme-transparent-header-meta":"","adv-header-id-meta":"","stick-header-meta":"","header-above-stick-meta":"","header-main-stick-meta":"","header-below-stick-meta":"","astra-migrate-meta-layouts":"default","ast-page-background-enabled":"default","ast-page-background-meta":{"desktop":{"background-color":"","background-image":"","background-repeat":"repeat","background-position":"center center","background-size":"auto","background-attachment":"scroll","background-type":"","background-media":"","overlay-type":"","overlay-color":"","overlay-opacity":"","overlay-gradient":""},"tablet":{"background-color":"","background-image":"","background-repeat":"repeat","background-position":"center center","background-size":"auto","background-attachment":"scroll","background-type":"","background-media":"","overlay-type":"","overlay-color":"","overlay-opacity":"","overlay-gradient":""},"mobile":{"background-color":"","background-image":"","background-repeat":"repeat","background-position":"center center","background-size":"auto","background-attachment":"scroll","background-type":"","background-media":"","overlay-type":"","overlay-color":"","overlay-opacity":"","overlay-gradient":""}},"ast-content-background-meta":{"desktop":{"background-color":"var(--ast-global-color-5)","background-image":"","background-repeat":"repeat","background-position":"center center","background-size":"auto","background-attachment":"scroll","background-type":"","background-media":"","overlay-type":"","overlay-color":"","overlay-opacity":"","overlay-gradient":""},"tablet":{"background-color":"var(--ast-global-color-5)","background-image":"","background-repeat":"repeat","background-position":"center center","background-size":"auto","background-attachment":"scroll","background-type":"","background-media":"","overlay-type":"","overlay-color":"","overlay-opacity":"","overlay-gradient":""},"mobile":{"background-color":"var(--ast-global-color-5)","background-image":"","background-repeat":"repeat","background-position":"center center","background-size":"auto","background-attachment":"scroll","background-type":"","background-media":"","overlay-type":"","overlay-color":"","overlay-opacity":"","overlay-gradient":""}}},"product_brand":[],"product_cat":[1123],"product_tag":[],"class_list":{"0":"post-2698","1":"product","2":"type-product","3":"status-publish","4":"has-post-thumbnail","6":"product_cat-lsd-online-kaufen","7":"desktop-align-left","8":"tablet-align-left","9":"mobile-align-left","11":"first","12":"instock","13":"shipping-taxable","14":"purchasable","15":"product-type-simple"},"yoast_head":"<!-- This site is optimized with the Yoast SEO plugin v27.4 - https:\/\/yoast.com\/product\/yoast-seo-wordpress\/ -->\n<title>1P-LSD online (125mcg) Blotter -<\/title>\n<meta name=\"robots\" content=\"index, follow, max-snippet:-1, max-image-preview:large, max-video-preview:-1\" \/>\n<link rel=\"canonical\" href=\"https:\/\/exoticchemicals.com\/tr\/product\/1p-lsd-online-125mcg-blotter\/\" \/>\n<meta property=\"og:locale\" content=\"tr_TR\" \/>\n<meta property=\"og:type\" content=\"article\" \/>\n<meta property=\"og:title\" content=\"1P-LSD online (125mcg) Blotter -\" \/>\n<meta property=\"og:description\" content=\"1P-LSD Online (125mcg) According to 1P-LSD online (125mcg) customers in Kinshasa, Democratic Republic of Congo, handiest three grams of shredded bark are required for a unmarried dosage, or cup. The Iboga tree is the relevant pillar of the Bwiti religious exercise in West-Central Africa. Tabernanthe iboga root bark for sale. Bark of Tabernanthe\u00a0iboga for Sale [&hellip;]\" \/>\n<meta property=\"og:url\" content=\"https:\/\/exoticchemicals.com\/tr\/product\/1p-lsd-online-125mcg-blotter\/\" \/>\n<meta property=\"article:modified_time\" content=\"2026-04-11T19:51:45+00:00\" \/>\n<meta property=\"og:image\" content=\"https:\/\/exoticchemicals.com\/wp-content\/uploads\/2025\/02\/tabernanthe-iboga-root-bark-for-sale-510x383-1.jpg\" \/>\n\t<meta property=\"og:image:width\" content=\"510\" \/>\n\t<meta property=\"og:image:height\" content=\"383\" \/>\n\t<meta property=\"og:image:type\" content=\"image\/jpeg\" \/>\n<meta name=\"twitter:card\" content=\"summary_large_image\" \/>\n<meta name=\"twitter:label1\" content=\"Tahmini okuma s\u00fcresi\" \/>\n\t<meta name=\"twitter:data1\" content=\"2 dakika\" \/>\n<script type=\"application\/ld+json\" class=\"yoast-schema-graph\">{\"@context\":\"https:\\\/\\\/schema.org\",\"@graph\":[{\"@type\":\"WebPage\",\"@id\":\"https:\\\/\\\/exoticchemicals.com\\\/product\\\/1p-lsd-online-125mcg-blotter\\\/\",\"url\":\"https:\\\/\\\/exoticchemicals.com\\\/product\\\/1p-lsd-online-125mcg-blotter\\\/\",\"name\":\"1P-LSD online (125mcg) Blotter -\",\"isPartOf\":{\"@id\":\"https:\\\/\\\/exoticchemicals.com\\\/#website\"},\"primaryImageOfPage\":{\"@id\":\"https:\\\/\\\/exoticchemicals.com\\\/product\\\/1p-lsd-online-125mcg-blotter\\\/#primaryimage\"},\"image\":{\"@id\":\"https:\\\/\\\/exoticchemicals.com\\\/product\\\/1p-lsd-online-125mcg-blotter\\\/#primaryimage\"},\"thumbnailUrl\":\"https:\\\/\\\/exoticchemicals.com\\\/wp-content\\\/uploads\\\/2025\\\/02\\\/tabernanthe-iboga-root-bark-for-sale-510x383-1.jpg\",\"datePublished\":\"2025-02-06T21:17:15+00:00\",\"dateModified\":\"2026-04-11T19:51:45+00:00\",\"breadcrumb\":{\"@id\":\"https:\\\/\\\/exoticchemicals.com\\\/product\\\/1p-lsd-online-125mcg-blotter\\\/#breadcrumb\"},\"inLanguage\":\"tr\",\"potentialAction\":[{\"@type\":\"ReadAction\",\"target\":[\"https:\\\/\\\/exoticchemicals.com\\\/product\\\/1p-lsd-online-125mcg-blotter\\\/\"]}]},{\"@type\":\"ImageObject\",\"inLanguage\":\"tr\",\"@id\":\"https:\\\/\\\/exoticchemicals.com\\\/product\\\/1p-lsd-online-125mcg-blotter\\\/#primaryimage\",\"url\":\"https:\\\/\\\/exoticchemicals.com\\\/wp-content\\\/uploads\\\/2025\\\/02\\\/tabernanthe-iboga-root-bark-for-sale-510x383-1.jpg\",\"contentUrl\":\"https:\\\/\\\/exoticchemicals.com\\\/wp-content\\\/uploads\\\/2025\\\/02\\\/tabernanthe-iboga-root-bark-for-sale-510x383-1.jpg\",\"width\":510,\"height\":383},{\"@type\":\"BreadcrumbList\",\"@id\":\"https:\\\/\\\/exoticchemicals.com\\\/product\\\/1p-lsd-online-125mcg-blotter\\\/#breadcrumb\",\"itemListElement\":[{\"@type\":\"ListItem\",\"position\":1,\"name\":\"Home\",\"item\":\"https:\\\/\\\/exoticchemicals.com\\\/\"},{\"@type\":\"ListItem\",\"position\":2,\"name\":\"Shop\",\"item\":\"https:\\\/\\\/exoticchemicals.com\\\/shop\\\/\"},{\"@type\":\"ListItem\",\"position\":3,\"name\":\"1P-LSD online (125mcg) Blotter\"}]},{\"@type\":\"WebSite\",\"@id\":\"https:\\\/\\\/exoticchemicals.com\\\/#website\",\"url\":\"https:\\\/\\\/exoticchemicals.com\\\/\",\"name\":\"exotic chemicals\",\"description\":\"Buy MDPHP Hydrochloride\",\"publisher\":{\"@id\":\"https:\\\/\\\/exoticchemicals.com\\\/#\\\/schema\\\/person\\\/07ad08472b6f5b213792451a32dbe8c7\"},\"potentialAction\":[{\"@type\":\"SearchAction\",\"target\":{\"@type\":\"EntryPoint\",\"urlTemplate\":\"https:\\\/\\\/exoticchemicals.com\\\/?s={search_term_string}\"},\"query-input\":{\"@type\":\"PropertyValueSpecification\",\"valueRequired\":true,\"valueName\":\"search_term_string\"}}],\"inLanguage\":\"tr\"},{\"@type\":[\"Person\",\"Organization\"],\"@id\":\"https:\\\/\\\/exoticchemicals.com\\\/#\\\/schema\\\/person\\\/07ad08472b6f5b213792451a32dbe8c7\",\"name\":\"wwalkershop@gmail.com\",\"image\":{\"@type\":\"ImageObject\",\"inLanguage\":\"tr\",\"@id\":\"https:\\\/\\\/exoticchemicals.com\\\/wp-content\\\/uploads\\\/2025\\\/02\\\/pure-3-1-1.png\",\"url\":\"https:\\\/\\\/exoticchemicals.com\\\/wp-content\\\/uploads\\\/2025\\\/02\\\/pure-3-1-1.png\",\"contentUrl\":\"https:\\\/\\\/exoticchemicals.com\\\/wp-content\\\/uploads\\\/2025\\\/02\\\/pure-3-1-1.png\",\"width\":500,\"height\":500,\"caption\":\"wwalkershop@gmail.com\"},\"logo\":{\"@id\":\"https:\\\/\\\/exoticchemicals.com\\\/wp-content\\\/uploads\\\/2025\\\/02\\\/pure-3-1-1.png\"},\"sameAs\":[\"http:\\\/\\\/exoticchemicals.com\"]}]}<\/script>\n<!-- \/ Yoast SEO plugin. -->","yoast_head_json":{"title":"1P-LSD online (125mcg) Blotter -","robots":{"index":"index","follow":"follow","max-snippet":"max-snippet:-1","max-image-preview":"max-image-preview:large","max-video-preview":"max-video-preview:-1"},"canonical":"https:\/\/exoticchemicals.com\/tr\/product\/1p-lsd-online-125mcg-blotter\/","og_locale":"tr_TR","og_type":"article","og_title":"1P-LSD online (125mcg) Blotter -","og_description":"1P-LSD Online (125mcg) According to 1P-LSD online (125mcg) customers in Kinshasa, Democratic Republic of Congo, handiest three grams of shredded bark are required for a unmarried dosage, or cup. The Iboga tree is the relevant pillar of the Bwiti religious exercise in West-Central Africa. Tabernanthe iboga root bark for sale. Bark of Tabernanthe\u00a0iboga for Sale [&hellip;]","og_url":"https:\/\/exoticchemicals.com\/tr\/product\/1p-lsd-online-125mcg-blotter\/","article_modified_time":"2026-04-11T19:51:45+00:00","og_image":[{"width":510,"height":383,"url":"https:\/\/exoticchemicals.com\/wp-content\/uploads\/2025\/02\/tabernanthe-iboga-root-bark-for-sale-510x383-1.jpg","type":"image\/jpeg"}],"twitter_card":"summary_large_image","twitter_misc":{"Tahmini okuma s\u00fcresi":"2 dakika"},"schema":{"@context":"https:\/\/schema.org","@graph":[{"@type":"WebPage","@id":"https:\/\/exoticchemicals.com\/product\/1p-lsd-online-125mcg-blotter\/","url":"https:\/\/exoticchemicals.com\/product\/1p-lsd-online-125mcg-blotter\/","name":"1P-LSD online (125mcg) Blotter -","isPartOf":{"@id":"https:\/\/exoticchemicals.com\/#website"},"primaryImageOfPage":{"@id":"https:\/\/exoticchemicals.com\/product\/1p-lsd-online-125mcg-blotter\/#primaryimage"},"image":{"@id":"https:\/\/exoticchemicals.com\/product\/1p-lsd-online-125mcg-blotter\/#primaryimage"},"thumbnailUrl":"https:\/\/exoticchemicals.com\/wp-content\/uploads\/2025\/02\/tabernanthe-iboga-root-bark-for-sale-510x383-1.jpg","datePublished":"2025-02-06T21:17:15+00:00","dateModified":"2026-04-11T19:51:45+00:00","breadcrumb":{"@id":"https:\/\/exoticchemicals.com\/product\/1p-lsd-online-125mcg-blotter\/#breadcrumb"},"inLanguage":"tr","potentialAction":[{"@type":"ReadAction","target":["https:\/\/exoticchemicals.com\/product\/1p-lsd-online-125mcg-blotter\/"]}]},{"@type":"ImageObject","inLanguage":"tr","@id":"https:\/\/exoticchemicals.com\/product\/1p-lsd-online-125mcg-blotter\/#primaryimage","url":"https:\/\/exoticchemicals.com\/wp-content\/uploads\/2025\/02\/tabernanthe-iboga-root-bark-for-sale-510x383-1.jpg","contentUrl":"https:\/\/exoticchemicals.com\/wp-content\/uploads\/2025\/02\/tabernanthe-iboga-root-bark-for-sale-510x383-1.jpg","width":510,"height":383},{"@type":"BreadcrumbList","@id":"https:\/\/exoticchemicals.com\/product\/1p-lsd-online-125mcg-blotter\/#breadcrumb","itemListElement":[{"@type":"ListItem","position":1,"name":"Home","item":"https:\/\/exoticchemicals.com\/"},{"@type":"ListItem","position":2,"name":"Shop","item":"https:\/\/exoticchemicals.com\/shop\/"},{"@type":"ListItem","position":3,"name":"1P-LSD online (125mcg) Blotter"}]},{"@type":"WebSite","@id":"https:\/\/exoticchemicals.com\/#website","url":"https:\/\/exoticchemicals.com\/","name":"egzoti\u0307k ki\u0307myasallar","description":"MDPHP Hidroklor\u00fcr Sat\u0131n Al\u0131n","publisher":{"@id":"https:\/\/exoticchemicals.com\/#\/schema\/person\/07ad08472b6f5b213792451a32dbe8c7"},"potentialAction":[{"@type":"SearchAction","target":{"@type":"EntryPoint","urlTemplate":"https:\/\/exoticchemicals.com\/?s={search_term_string}"},"query-input":{"@type":"PropertyValueSpecification","valueRequired":true,"valueName":"search_term_string"}}],"inLanguage":"tr"},{"@type":["Person","Organization"],"@id":"https:\/\/exoticchemicals.com\/#\/schema\/person\/07ad08472b6f5b213792451a32dbe8c7","name":"wwalkershop@gmail.com","image":{"@type":"ImageObject","inLanguage":"tr","@id":"https:\/\/exoticchemicals.com\/wp-content\/uploads\/2025\/02\/pure-3-1-1.png","url":"https:\/\/exoticchemicals.com\/wp-content\/uploads\/2025\/02\/pure-3-1-1.png","contentUrl":"https:\/\/exoticchemicals.com\/wp-content\/uploads\/2025\/02\/pure-3-1-1.png","width":500,"height":500,"caption":"wwalkershop@gmail.com"},"logo":{"@id":"https:\/\/exoticchemicals.com\/wp-content\/uploads\/2025\/02\/pure-3-1-1.png"},"sameAs":["http:\/\/exoticchemicals.com"]}]}},"uagb_featured_image_src":{"full":["https:\/\/exoticchemicals.com\/wp-content\/uploads\/2025\/02\/tabernanthe-iboga-root-bark-for-sale-510x383-1.jpg",510,383,false],"thumbnail":["https:\/\/exoticchemicals.com\/wp-content\/uploads\/2025\/02\/tabernanthe-iboga-root-bark-for-sale-510x383-1-150x150.jpg",150,150,true],"medium":["https:\/\/exoticchemicals.com\/wp-content\/uploads\/2025\/02\/tabernanthe-iboga-root-bark-for-sale-510x383-1-300x225.jpg",300,225,true],"medium_large":["https:\/\/exoticchemicals.com\/wp-content\/uploads\/2025\/02\/tabernanthe-iboga-root-bark-for-sale-510x383-1.jpg",510,383,false],"large":["https:\/\/exoticchemicals.com\/wp-content\/uploads\/2025\/02\/tabernanthe-iboga-root-bark-for-sale-510x383-1.jpg",510,383,false],"1536x1536":["https:\/\/exoticchemicals.com\/wp-content\/uploads\/2025\/02\/tabernanthe-iboga-root-bark-for-sale-510x383-1.jpg",510,383,false],"2048x2048":["https:\/\/exoticchemicals.com\/wp-content\/uploads\/2025\/02\/tabernanthe-iboga-root-bark-for-sale-510x383-1.jpg",510,383,false],"trp-custom-language-flag":["https:\/\/exoticchemicals.com\/wp-content\/uploads\/2025\/02\/tabernanthe-iboga-root-bark-for-sale-510x383-1.jpg",16,12,false],"woocommerce_thumbnail":["https:\/\/exoticchemicals.com\/wp-content\/uploads\/2025\/02\/tabernanthe-iboga-root-bark-for-sale-510x383-1-300x300.jpg",300,300,true],"woocommerce_single":["https:\/\/exoticchemicals.com\/wp-content\/uploads\/2025\/02\/tabernanthe-iboga-root-bark-for-sale-510x383-1.jpg",510,383,false],"woocommerce_gallery_thumbnail":["https:\/\/exoticchemicals.com\/wp-content\/uploads\/2025\/02\/tabernanthe-iboga-root-bark-for-sale-510x383-1-100x100.jpg",100,100,true]},"uagb_author_info":{"display_name":"bossman","author_link":"https:\/\/exoticchemicals.com\/tr\/author\/"},"uagb_comment_info":7,"uagb_excerpt":"1P-LSD Online (125mcg) According to 1P-LSD online (125mcg) customers in Kinshasa, Democratic Republic of Congo, handiest three grams of shredded bark are required for a unmarried dosage, or cup. The Iboga tree is the relevant pillar of the Bwiti religious exercise in West-Central Africa. Tabernanthe iboga root bark for sale. Bark of Tabernanthe\u00a0iboga for Sale&hellip;","_links":{"self":[{"href":"https:\/\/exoticchemicals.com\/tr\/wp-json\/wp\/v2\/product\/2698","targetHints":{"allow":["GET"]}}],"collection":[{"href":"https:\/\/exoticchemicals.com\/tr\/wp-json\/wp\/v2\/product"}],"about":[{"href":"https:\/\/exoticchemicals.com\/tr\/wp-json\/wp\/v2\/types\/product"}],"replies":[{"embeddable":true,"href":"https:\/\/exoticchemicals.com\/tr\/wp-json\/wp\/v2\/comments?post=2698"}],"wp:featuredmedia":[{"embeddable":true,"href":"https:\/\/exoticchemicals.com\/tr\/wp-json\/wp\/v2\/media\/2709"}],"wp:attachment":[{"href":"https:\/\/exoticchemicals.com\/tr\/wp-json\/wp\/v2\/media?parent=2698"}],"wp:term":[{"taxonomy":"product_brand","embeddable":true,"href":"https:\/\/exoticchemicals.com\/tr\/wp-json\/wp\/v2\/product_brand?post=2698"},{"taxonomy":"product_cat","embeddable":true,"href":"https:\/\/exoticchemicals.com\/tr\/wp-json\/wp\/v2\/product_cat?post=2698"},{"taxonomy":"product_tag","embeddable":true,"href":"https:\/\/exoticchemicals.com\/tr\/wp-json\/wp\/v2\/product_tag?post=2698"}],"curies":[{"name":"wp","href":"https:\/\/api.w.org\/{rel}","templated":true}]}}