{"id":2734,"date":"2025-02-06T21:17:36","date_gmt":"2025-02-06T21:17:36","guid":{"rendered":"https:\/\/exoticchemicals.com\/?post_type=product&#038;p=2734"},"modified":"2026-04-14T05:31:31","modified_gmt":"2026-04-14T05:31:31","slug":"ritual-relief-pure-distillate","status":"publish","type":"product","link":"https:\/\/exoticchemicals.com\/tr\/product\/ritual-relief-pure-distillate\/","title":{"rendered":"Ritual Relief Pure Distillate"},"content":{"rendered":"<h2>Buy Magic Mushroom Distillate!<\/h2>\n<p>Ritual Relief Pure Distillate is made with 100% pure psilocybin extracts. Psilocybin Distillates are great for people who dislike the taste of dried magic mushrooms. It is the easiest way to incorporate Psilocybin to your regular diet. Research as shown that Microdosing is an effective way to treat depression, anxiety, addictions, PTSD, and other mental illnesses. Not only is it easy, you get the purest form of the journey. Our proprietary dual extraction distillate has been lab tested and approved to ensure strength and consistency.\u00a0 Ritual Relief Pure Distillate is also vegan and gluten free.<\/p>\n<p>Our 1:1 (1G:1ML) ratio makes it easy for all projects you may have in experimenting with practical culinary creations and recreational purposes. You will experience a true and accurate dose of pure psilocybin extract while excluding the grittiness and gut-rot of traditional dried magic mushroom.<\/p>\n<p>Our 1:1 (1G:1ML) ratio makes it easy for all projects you may have in experimenting with practical culinary creations and recreational purposes. You will experience a true and accurate dose of pure psilocybin extract while excluding the grittiness and gut-rot of traditional dried magic mushroom.<\/p>\n<p>Ingredients:<\/p>\n<p>100% Pure Psilocybin Distillate<\/p>\n<p>Dosage:<\/p>\n<p>1:1 (1G:1ML) ratio of Psilocybin<\/p>\n<p>Ingredients:<\/p>\n<p>100% Pure Psilocybin Distillate<\/p>\n<p>Dosage:<\/p>\n<p>10ml \/ 10,000mg DME (dried mushroom equivalent)<\/p>\n<p>1 Dropper (0.5ml) = 500mg DME<\/p>\n<p>0.5 Dropper (0.25ml) = 250mg DME<\/p>","protected":false},"excerpt":{"rendered":"<p>Ritual Relief Pure Distillate is made with 100% pure psilocybin extracts. Psilocybin Distillates are great for people who dislike the taste of dried magic mushrooms. It is the easiest way to incorporate Psilocybin to your regular diet. Research as shown that Microdosing is an effective way to treat depression, anxiety, addictions, PTSD, and other mental illnesses. Not only is it easy, you get the purest form of the journey. Our proprietary dual extraction distillate has been lab tested and approved to ensure strength and consistency.\u00a0 Ritual Relief Pure Distillate is also vegan and gluten free.<\/p>","protected":false},"featured_media":2785,"comment_status":"open","ping_status":"closed","template":"","meta":{"_uag_custom_page_level_css":"","site-sidebar-layout":"default","site-content-layout":"","ast-site-content-layout":"","site-content-style":"default","site-sidebar-style":"default","ast-global-header-display":"","ast-banner-title-visibility":"","ast-main-header-display":"","ast-hfb-above-header-display":"","ast-hfb-below-header-display":"","ast-hfb-mobile-header-display":"","site-post-title":"","ast-breadcrumbs-content":"","ast-featured-img":"","footer-sml-layout":"","theme-transparent-header-meta":"","adv-header-id-meta":"","stick-header-meta":"","header-above-stick-meta":"","header-main-stick-meta":"","header-below-stick-meta":"","astra-migrate-meta-layouts":"default","ast-page-background-enabled":"default","ast-page-background-meta":{"desktop":{"background-color":"","background-image":"","background-repeat":"repeat","background-position":"center center","background-size":"auto","background-attachment":"scroll","background-type":"","background-media":"","overlay-type":"","overlay-color":"","overlay-opacity":"","overlay-gradient":""},"tablet":{"background-color":"","background-image":"","background-repeat":"repeat","background-position":"center center","background-size":"auto","background-attachment":"scroll","background-type":"","background-media":"","overlay-type":"","overlay-color":"","overlay-opacity":"","overlay-gradient":""},"mobile":{"background-color":"","background-image":"","background-repeat":"repeat","background-position":"center center","background-size":"auto","background-attachment":"scroll","background-type":"","background-media":"","overlay-type":"","overlay-color":"","overlay-opacity":"","overlay-gradient":""}},"ast-content-background-meta":{"desktop":{"background-color":"var(--ast-global-color-5)","background-image":"","background-repeat":"repeat","background-position":"center center","background-size":"auto","background-attachment":"scroll","background-type":"","background-media":"","overlay-type":"","overlay-color":"","overlay-opacity":"","overlay-gradient":""},"tablet":{"background-color":"var(--ast-global-color-5)","background-image":"","background-repeat":"repeat","background-position":"center center","background-size":"auto","background-attachment":"scroll","background-type":"","background-media":"","overlay-type":"","overlay-color":"","overlay-opacity":"","overlay-gradient":""},"mobile":{"background-color":"var(--ast-global-color-5)","background-image":"","background-repeat":"repeat","background-position":"center center","background-size":"auto","background-attachment":"scroll","background-type":"","background-media":"","overlay-type":"","overlay-color":"","overlay-opacity":"","overlay-gradient":""}}},"product_brand":[],"product_cat":[1168],"product_tag":[],"class_list":{"0":"post-2734","1":"product","2":"type-product","3":"status-publish","4":"has-post-thumbnail","6":"product_cat-order-micro-dose-mushrooms","7":"desktop-align-left","8":"tablet-align-left","9":"mobile-align-left","11":"first","12":"instock","13":"sale","14":"shipping-taxable","15":"purchasable","16":"product-type-simple"},"yoast_head":"<!-- This site is optimized with the Yoast SEO plugin v27.4 - https:\/\/yoast.com\/product\/yoast-seo-wordpress\/ -->\n<title>Ritual Relief Pure Distillate -<\/title>\n<meta name=\"robots\" content=\"index, follow, max-snippet:-1, max-image-preview:large, max-video-preview:-1\" \/>\n<link rel=\"canonical\" href=\"https:\/\/exoticchemicals.com\/tr\/product\/ritual-relief-pure-distillate\/\" \/>\n<meta property=\"og:locale\" content=\"tr_TR\" \/>\n<meta property=\"og:type\" content=\"article\" \/>\n<meta property=\"og:title\" content=\"Ritual Relief Pure Distillate -\" \/>\n<meta property=\"og:description\" content=\"Ritual Relief Pure Distillate is made with 100% pure psilocybin extracts. Psilocybin Distillates are great for people who dislike the taste of dried magic mushrooms. It is the easiest way to incorporate Psilocybin to your regular diet. Research as shown that Microdosing is an effective way to treat depression, anxiety, addictions, PTSD, and other mental illnesses. Not only is it easy, you get the purest form of the journey. Our proprietary dual extraction distillate has been lab tested and approved to ensure strength and consistency.\u00a0 Ritual Relief Pure Distillate is also vegan and gluten free.\" \/>\n<meta property=\"og:url\" content=\"https:\/\/exoticchemicals.com\/tr\/product\/ritual-relief-pure-distillate\/\" \/>\n<meta property=\"article:modified_time\" content=\"2026-04-14T05:31:31+00:00\" \/>\n<meta property=\"og:image\" content=\"https:\/\/exoticchemicals.com\/wp-content\/uploads\/2025\/02\/Distillate-Front-600x600-1.webp\" \/>\n\t<meta property=\"og:image:width\" content=\"600\" \/>\n\t<meta property=\"og:image:height\" content=\"600\" \/>\n\t<meta property=\"og:image:type\" content=\"image\/webp\" \/>\n<meta name=\"twitter:card\" content=\"summary_large_image\" \/>\n<meta name=\"twitter:label1\" content=\"Tahmini okuma s\u00fcresi\" \/>\n\t<meta name=\"twitter:data1\" content=\"1 dakika\" \/>\n<script type=\"application\/ld+json\" class=\"yoast-schema-graph\">{\"@context\":\"https:\\\/\\\/schema.org\",\"@graph\":[{\"@type\":\"WebPage\",\"@id\":\"https:\\\/\\\/exoticchemicals.com\\\/product\\\/ritual-relief-pure-distillate\\\/\",\"url\":\"https:\\\/\\\/exoticchemicals.com\\\/product\\\/ritual-relief-pure-distillate\\\/\",\"name\":\"Ritual Relief Pure Distillate -\",\"isPartOf\":{\"@id\":\"https:\\\/\\\/exoticchemicals.com\\\/#website\"},\"primaryImageOfPage\":{\"@id\":\"https:\\\/\\\/exoticchemicals.com\\\/product\\\/ritual-relief-pure-distillate\\\/#primaryimage\"},\"image\":{\"@id\":\"https:\\\/\\\/exoticchemicals.com\\\/product\\\/ritual-relief-pure-distillate\\\/#primaryimage\"},\"thumbnailUrl\":\"https:\\\/\\\/exoticchemicals.com\\\/wp-content\\\/uploads\\\/2025\\\/02\\\/Distillate-Front-600x600-1.webp\",\"datePublished\":\"2025-02-06T21:17:36+00:00\",\"dateModified\":\"2026-04-14T05:31:31+00:00\",\"breadcrumb\":{\"@id\":\"https:\\\/\\\/exoticchemicals.com\\\/product\\\/ritual-relief-pure-distillate\\\/#breadcrumb\"},\"inLanguage\":\"tr\",\"potentialAction\":[{\"@type\":\"ReadAction\",\"target\":[\"https:\\\/\\\/exoticchemicals.com\\\/product\\\/ritual-relief-pure-distillate\\\/\"]}]},{\"@type\":\"ImageObject\",\"inLanguage\":\"tr\",\"@id\":\"https:\\\/\\\/exoticchemicals.com\\\/product\\\/ritual-relief-pure-distillate\\\/#primaryimage\",\"url\":\"https:\\\/\\\/exoticchemicals.com\\\/wp-content\\\/uploads\\\/2025\\\/02\\\/Distillate-Front-600x600-1.webp\",\"contentUrl\":\"https:\\\/\\\/exoticchemicals.com\\\/wp-content\\\/uploads\\\/2025\\\/02\\\/Distillate-Front-600x600-1.webp\",\"width\":600,\"height\":600},{\"@type\":\"BreadcrumbList\",\"@id\":\"https:\\\/\\\/exoticchemicals.com\\\/product\\\/ritual-relief-pure-distillate\\\/#breadcrumb\",\"itemListElement\":[{\"@type\":\"ListItem\",\"position\":1,\"name\":\"Home\",\"item\":\"https:\\\/\\\/exoticchemicals.com\\\/\"},{\"@type\":\"ListItem\",\"position\":2,\"name\":\"Shop\",\"item\":\"https:\\\/\\\/exoticchemicals.com\\\/shop\\\/\"},{\"@type\":\"ListItem\",\"position\":3,\"name\":\"Ritual Relief Pure Distillate\"}]},{\"@type\":\"WebSite\",\"@id\":\"https:\\\/\\\/exoticchemicals.com\\\/#website\",\"url\":\"https:\\\/\\\/exoticchemicals.com\\\/\",\"name\":\"exotic chemicals\",\"description\":\"Buy MDPHP Hydrochloride\",\"publisher\":{\"@id\":\"https:\\\/\\\/exoticchemicals.com\\\/#\\\/schema\\\/person\\\/07ad08472b6f5b213792451a32dbe8c7\"},\"potentialAction\":[{\"@type\":\"SearchAction\",\"target\":{\"@type\":\"EntryPoint\",\"urlTemplate\":\"https:\\\/\\\/exoticchemicals.com\\\/?s={search_term_string}\"},\"query-input\":{\"@type\":\"PropertyValueSpecification\",\"valueRequired\":true,\"valueName\":\"search_term_string\"}}],\"inLanguage\":\"tr\"},{\"@type\":[\"Person\",\"Organization\"],\"@id\":\"https:\\\/\\\/exoticchemicals.com\\\/#\\\/schema\\\/person\\\/07ad08472b6f5b213792451a32dbe8c7\",\"name\":\"wwalkershop@gmail.com\",\"image\":{\"@type\":\"ImageObject\",\"inLanguage\":\"tr\",\"@id\":\"https:\\\/\\\/exoticchemicals.com\\\/wp-content\\\/uploads\\\/2025\\\/02\\\/pure-3-1-1.png\",\"url\":\"https:\\\/\\\/exoticchemicals.com\\\/wp-content\\\/uploads\\\/2025\\\/02\\\/pure-3-1-1.png\",\"contentUrl\":\"https:\\\/\\\/exoticchemicals.com\\\/wp-content\\\/uploads\\\/2025\\\/02\\\/pure-3-1-1.png\",\"width\":500,\"height\":500,\"caption\":\"wwalkershop@gmail.com\"},\"logo\":{\"@id\":\"https:\\\/\\\/exoticchemicals.com\\\/wp-content\\\/uploads\\\/2025\\\/02\\\/pure-3-1-1.png\"},\"sameAs\":[\"http:\\\/\\\/exoticchemicals.com\"]}]}<\/script>\n<!-- \/ Yoast SEO plugin. -->","yoast_head_json":{"title":"Ritual Relief Pure Distillate -","robots":{"index":"index","follow":"follow","max-snippet":"max-snippet:-1","max-image-preview":"max-image-preview:large","max-video-preview":"max-video-preview:-1"},"canonical":"https:\/\/exoticchemicals.com\/tr\/product\/ritual-relief-pure-distillate\/","og_locale":"tr_TR","og_type":"article","og_title":"Ritual Relief Pure Distillate -","og_description":"Ritual Relief Pure Distillate is made with 100% pure psilocybin extracts. Psilocybin Distillates are great for people who dislike the taste of dried magic mushrooms. It is the easiest way to incorporate Psilocybin to your regular diet. Research as shown that Microdosing is an effective way to treat depression, anxiety, addictions, PTSD, and other mental illnesses. Not only is it easy, you get the purest form of the journey. Our proprietary dual extraction distillate has been lab tested and approved to ensure strength and consistency.\u00a0 Ritual Relief Pure Distillate is also vegan and gluten free.","og_url":"https:\/\/exoticchemicals.com\/tr\/product\/ritual-relief-pure-distillate\/","article_modified_time":"2026-04-14T05:31:31+00:00","og_image":[{"width":600,"height":600,"url":"https:\/\/exoticchemicals.com\/wp-content\/uploads\/2025\/02\/Distillate-Front-600x600-1.webp","type":"image\/webp"}],"twitter_card":"summary_large_image","twitter_misc":{"Tahmini okuma s\u00fcresi":"1 dakika"},"schema":{"@context":"https:\/\/schema.org","@graph":[{"@type":"WebPage","@id":"https:\/\/exoticchemicals.com\/product\/ritual-relief-pure-distillate\/","url":"https:\/\/exoticchemicals.com\/product\/ritual-relief-pure-distillate\/","name":"Ritual Relief Pure Distillate -","isPartOf":{"@id":"https:\/\/exoticchemicals.com\/#website"},"primaryImageOfPage":{"@id":"https:\/\/exoticchemicals.com\/product\/ritual-relief-pure-distillate\/#primaryimage"},"image":{"@id":"https:\/\/exoticchemicals.com\/product\/ritual-relief-pure-distillate\/#primaryimage"},"thumbnailUrl":"https:\/\/exoticchemicals.com\/wp-content\/uploads\/2025\/02\/Distillate-Front-600x600-1.webp","datePublished":"2025-02-06T21:17:36+00:00","dateModified":"2026-04-14T05:31:31+00:00","breadcrumb":{"@id":"https:\/\/exoticchemicals.com\/product\/ritual-relief-pure-distillate\/#breadcrumb"},"inLanguage":"tr","potentialAction":[{"@type":"ReadAction","target":["https:\/\/exoticchemicals.com\/product\/ritual-relief-pure-distillate\/"]}]},{"@type":"ImageObject","inLanguage":"tr","@id":"https:\/\/exoticchemicals.com\/product\/ritual-relief-pure-distillate\/#primaryimage","url":"https:\/\/exoticchemicals.com\/wp-content\/uploads\/2025\/02\/Distillate-Front-600x600-1.webp","contentUrl":"https:\/\/exoticchemicals.com\/wp-content\/uploads\/2025\/02\/Distillate-Front-600x600-1.webp","width":600,"height":600},{"@type":"BreadcrumbList","@id":"https:\/\/exoticchemicals.com\/product\/ritual-relief-pure-distillate\/#breadcrumb","itemListElement":[{"@type":"ListItem","position":1,"name":"Home","item":"https:\/\/exoticchemicals.com\/"},{"@type":"ListItem","position":2,"name":"Shop","item":"https:\/\/exoticchemicals.com\/shop\/"},{"@type":"ListItem","position":3,"name":"Ritual Relief Pure Distillate"}]},{"@type":"WebSite","@id":"https:\/\/exoticchemicals.com\/#website","url":"https:\/\/exoticchemicals.com\/","name":"egzoti\u0307k ki\u0307myasallar","description":"MDPHP Hidroklor\u00fcr Sat\u0131n Al\u0131n","publisher":{"@id":"https:\/\/exoticchemicals.com\/#\/schema\/person\/07ad08472b6f5b213792451a32dbe8c7"},"potentialAction":[{"@type":"SearchAction","target":{"@type":"EntryPoint","urlTemplate":"https:\/\/exoticchemicals.com\/?s={search_term_string}"},"query-input":{"@type":"PropertyValueSpecification","valueRequired":true,"valueName":"search_term_string"}}],"inLanguage":"tr"},{"@type":["Person","Organization"],"@id":"https:\/\/exoticchemicals.com\/#\/schema\/person\/07ad08472b6f5b213792451a32dbe8c7","name":"wwalkershop@gmail.com","image":{"@type":"ImageObject","inLanguage":"tr","@id":"https:\/\/exoticchemicals.com\/wp-content\/uploads\/2025\/02\/pure-3-1-1.png","url":"https:\/\/exoticchemicals.com\/wp-content\/uploads\/2025\/02\/pure-3-1-1.png","contentUrl":"https:\/\/exoticchemicals.com\/wp-content\/uploads\/2025\/02\/pure-3-1-1.png","width":500,"height":500,"caption":"wwalkershop@gmail.com"},"logo":{"@id":"https:\/\/exoticchemicals.com\/wp-content\/uploads\/2025\/02\/pure-3-1-1.png"},"sameAs":["http:\/\/exoticchemicals.com"]}]}},"uagb_featured_image_src":{"full":["https:\/\/exoticchemicals.com\/wp-content\/uploads\/2025\/02\/Distillate-Front-600x600-1.webp",600,600,false],"thumbnail":["https:\/\/exoticchemicals.com\/wp-content\/uploads\/2025\/02\/Distillate-Front-600x600-1-150x150.webp",150,150,true],"medium":["https:\/\/exoticchemicals.com\/wp-content\/uploads\/2025\/02\/Distillate-Front-600x600-1-300x300.webp",300,300,true],"medium_large":["https:\/\/exoticchemicals.com\/wp-content\/uploads\/2025\/02\/Distillate-Front-600x600-1.webp",600,600,false],"large":["https:\/\/exoticchemicals.com\/wp-content\/uploads\/2025\/02\/Distillate-Front-600x600-1.webp",600,600,false],"1536x1536":["https:\/\/exoticchemicals.com\/wp-content\/uploads\/2025\/02\/Distillate-Front-600x600-1.webp",600,600,false],"2048x2048":["https:\/\/exoticchemicals.com\/wp-content\/uploads\/2025\/02\/Distillate-Front-600x600-1.webp",600,600,false],"trp-custom-language-flag":["https:\/\/exoticchemicals.com\/wp-content\/uploads\/2025\/02\/Distillate-Front-600x600-1.webp",12,12,false],"woocommerce_thumbnail":["https:\/\/exoticchemicals.com\/wp-content\/uploads\/2025\/02\/Distillate-Front-600x600-1-300x300.webp",300,300,true],"woocommerce_single":["https:\/\/exoticchemicals.com\/wp-content\/uploads\/2025\/02\/Distillate-Front-600x600-1.webp",600,600,false],"woocommerce_gallery_thumbnail":["https:\/\/exoticchemicals.com\/wp-content\/uploads\/2025\/02\/Distillate-Front-600x600-1-100x100.webp",100,100,true]},"uagb_author_info":{"display_name":"bossman","author_link":"https:\/\/exoticchemicals.com\/tr\/author\/"},"uagb_comment_info":9,"uagb_excerpt":"Ritual Relief Pure Distillate is made with 100% pure psilocybin extracts. Psilocybin Distillates are great for people who dislike the taste of dried magic mushrooms. It is the easiest way to incorporate Psilocybin to your regular diet. Research as shown that Microdosing is an effective way to treat depression, anxiety, addictions, PTSD, and other mental&hellip;","_links":{"self":[{"href":"https:\/\/exoticchemicals.com\/tr\/wp-json\/wp\/v2\/product\/2734","targetHints":{"allow":["GET"]}}],"collection":[{"href":"https:\/\/exoticchemicals.com\/tr\/wp-json\/wp\/v2\/product"}],"about":[{"href":"https:\/\/exoticchemicals.com\/tr\/wp-json\/wp\/v2\/types\/product"}],"replies":[{"embeddable":true,"href":"https:\/\/exoticchemicals.com\/tr\/wp-json\/wp\/v2\/comments?post=2734"}],"wp:featuredmedia":[{"embeddable":true,"href":"https:\/\/exoticchemicals.com\/tr\/wp-json\/wp\/v2\/media\/2785"}],"wp:attachment":[{"href":"https:\/\/exoticchemicals.com\/tr\/wp-json\/wp\/v2\/media?parent=2734"}],"wp:term":[{"taxonomy":"product_brand","embeddable":true,"href":"https:\/\/exoticchemicals.com\/tr\/wp-json\/wp\/v2\/product_brand?post=2734"},{"taxonomy":"product_cat","embeddable":true,"href":"https:\/\/exoticchemicals.com\/tr\/wp-json\/wp\/v2\/product_cat?post=2734"},{"taxonomy":"product_tag","embeddable":true,"href":"https:\/\/exoticchemicals.com\/tr\/wp-json\/wp\/v2\/product_tag?post=2734"}],"curies":[{"name":"wp","href":"https:\/\/api.w.org\/{rel}","templated":true}]}}