{"id":2821,"date":"2025-02-06T21:18:52","date_gmt":"2025-02-06T21:18:52","guid":{"rendered":"https:\/\/exoticchemicals.com\/?post_type=product&#038;p=2821"},"modified":"2026-04-11T00:41:48","modified_gmt":"2026-04-11T00:41:48","slug":"edibles-500-mg","status":"publish","type":"product","link":"https:\/\/exoticchemicals.com\/tr\/product\/edibles-500-mg\/","title":{"rendered":"Edibles 500 mg"},"content":{"rendered":"<h1><strong>Buy Edibles 500 mg: 500 mg edibles available in stock<\/strong><\/h1>\n<p>Buy Edibles 500 mg: <span id=\"874a49b57414c8717056c22c3b73c0e7\" class=\"match punique checked unique-match chkfinal checkedF\"><a href=\"https:\/\/australiapsilocybins.com\/product-category\/tea-beverages\/\"><em><strong>THC Gummies<\/strong> <\/em><\/a>stimulated by the laidback way of life of West Coast surfers, <\/span><span id=\"852bede709c9f29cf9d0c904b5c9740b\" class=\"match punique checked unique-match\">skaters, and dreamers, excessive Dose gummies are edibles for the sake of amusement. <\/span><span id=\"6a9dd93e55dba98333f56b71d28bf578\" class=\"match punique checked unique-match chkfinal checkedF\"> within the age of hashish as a health and health holy grail, the joy of taking a safe to <\/span><span id=\"c828bba94ffe26f135d7c1f375f8edd6\" class=\"match punique checked unique-match\">eat along with your friends and kicking back is starting to look like a component of the beyond-high<\/span><span id=\"d08c655d4728ae6be79dc44dcaaeeb8a\" class=\"match punique checked unique-match chkfinal checkedF\">\u00a0Dose, we\u2019re not health-hero-haters, but we assume there\u2019s nonetheless a time and area when suitable weed can simply be an accurate weed.<\/span><span id=\"e3c509e12f10b06142eb243075f1a019\" class=\"match punique checked unique-match\"> <\/span><\/p>\n<p><span id=\"af0df11ff412a0c453bd09fb65bc241c\" class=\"match punique checked unique-match\">THC edibles are a fun, nostalgic manner to medicate. <\/span><span id=\"e9d7dcacf1397948e04efd8e6407a5ed\" class=\"match checked unique-match chkfinal checkedF exact-match paraphrased\"><\/span><span id=\"353e9f64c78e3407500cc2f9d2219dc1\" class=\"match punique checked unique-match\">undying, traditional gummies which you\u2019ll don&#8217;t forget eating returned while you were a child! <\/span><span id=\"0926b5e8e595d28f35b735f69b90dfe5\" class=\"match punique checked unique-match chkfinal checkedF\"> Franken Stein 500mg THC Edibles are infused with THC distillate, turning in all their delicious <\/span><span id=\"231e6876a5c435876440e7bd9d94e65f\" class=\"match punique checked unique-match\">THC potency with none of the bitterness or taste of weed oil or weed butter! <\/span><span id=\"53ce0c21c03f14537f0a706bdad43321\" class=\"match punique checked unique-match chkfinal checkedF\"> unlike smoking or vaping flower or cannabis concentrates, weed edibles work in a massively distinctive manner.<\/span><span id=\"9a26f08f7389b9adf9583328a5b40b5b\" class=\"match punique checked unique-match\"> instead of being absorbed via our blood, THC edibles journey thru the gastrointestinal <\/span><span id=\"180e05df73ffc0e21000a175c5d5e6e0\" class=\"match punique checked unique-match chkfinal checkedF\">tract and is damaged earlier than the cannabinoids are transported to our liver. <\/span><span id=\"96242bff51d17d7bf4c02306bf3f5caf\" class=\"match punique checked unique-match\"> once they\u2019re in the liver, the THC inside THC edibles is transformed into eleven-OH-THC, also referred to as 11-hydroxy-metabolite.<\/span><\/p>\n<h2><strong>About the product<\/strong><\/h2>\n<h4><strong><span id=\"e3c509e12f10b06142eb243075f1a019\" class=\"match punique checked unique-match\">That\u2019s why we created high Dose gummies:<\/span><\/strong><\/h4>\n<ul>\n<li><span id=\"e3c509e12f10b06142eb243075f1a019\" class=\"match punique checked unique-match\">\u00a0delicious gummies,<\/span><\/li>\n<li><span id=\"e3c509e12f10b06142eb243075f1a019\" class=\"match punique checked unique-match\"> infused with the very best satisfactory <\/span><\/li>\n<li><span id=\"e3c509e12f10b06142eb243075f1a019\" class=\"match punique checked unique-match\">THC around, which are made with an excellent time in thoughts.<\/span><\/li>\n<li><span id=\"bb40ffe2b7cd26951bd9e7dbf512bdc0\" class=\"match punique checked unique-match chkfinal checkedF\"> excessive Dose gummies are available 8 conventional sweet flavors:<\/span><\/li>\n<li><span id=\"bb40ffe2b7cd26951bd9e7dbf512bdc0\" class=\"match punique checked unique-match chkfinal checkedF\"> strawberry, cherry, blue raspberry, tangerine, blackberry, cherry cola, tropical punch<\/span><\/li>\n<li><span id=\"bb40ffe2b7cd26951bd9e7dbf512bdc0\" class=\"match punique checked unique-match chkfinal checkedF\">, and watermelon. <\/span><span id=\"2fdef02947a54ae53dd071fe9681ca72\" class=\"match punique checked unique-match\"> every flavour is available in 500mg THC,<\/span><\/li>\n<li><span id=\"2fdef02947a54ae53dd071fe9681ca72\" class=\"match punique checked unique-match\"> 1000mg THC, and 1500mg THC<\/span><\/li>\n<li><span id=\"2fdef02947a54ae53dd071fe9681ca72\" class=\"match punique checked unique-match\"> alternatives.<\/span><span id=\"202ea01ed3afb0b0d9c80c2f14ce3dae\" class=\"match punique checked unique-match chkfinal checkedF\"> Sharing is caring, but non-compulsory, <\/span><\/li>\n<li><span id=\"202ea01ed3afb0b0d9c80c2f14ce3dae\" class=\"match punique checked unique-match chkfinal checkedF\">depending on how courageous you are.<\/span><span id=\"7c93b07117427495c41c5c354b6a62c5\" class=\"match punique checked unique-match\"> to be had Flavours:<\/span><\/li>\n<li><span id=\"7c93b07117427495c41c5c354b6a62c5\" class=\"match punique checked unique-match\"> \u2013 Cherry 500mg THC \u2013 Cherry Cola 500mg THC \u2013<\/span><\/li>\n<li><span id=\"7c93b07117427495c41c5c354b6a62c5\" class=\"match punique checked unique-match\"> Tropical Punch 500mg THC \u2013 Watermelon 500mg THC \u2013 <\/span><\/li>\n<li><span id=\"7c93b07117427495c41c5c354b6a62c5\" class=\"match punique checked unique-match\">Strawberry 500mg THC cautioned Use:<\/span><\/li>\n<\/ul>\n<p><span id=\"7c93b07117427495c41c5c354b6a62c5\" class=\"match punique checked unique-match\"> <\/span><span id=\"28073a7df619ce9b174a727bb7bd0e1a\" class=\"match punique checked unique-match chkfinal checkedF\">We propose first-time users to begin with a small dose.<\/span><span id=\"a18c9e223f64365f8469c3682e8e62dd\" class=\"match punique checked unique-match\"> allow 60-90 mins for complete impact before some other dose is taken into consideration.<\/span><span id=\"b634656926611aaf1ac8deddac886579\" class=\"match punique checked unique-match chkfinal checkedF\"> garage: save in a fab, dry location.<\/span><span id=\"dbca817ea64b2819ac7ad99a7ac088bd\" class=\"match punique checked unique-match\"> exceptional if used within 2 months of commencing.<\/span><span id=\"98a257c4f02cb56a27475285a7252241\" class=\"match punique checked unique-match chkfinal checkedF\"> important: keep out of the reach of youngsters and pets.<\/span><span id=\"c06bdb437d828717c79869e4a706acaf\" class=\"match punique checked unique-match\"> Do no longer power or operate equipment underneath the influence.<\/span><span id=\"6e03c3b565637e0c7b73587ce8ad6138\" class=\"match punique checked unique-match chkfinal checkedF\"> The consequences of this product can be behind schedule and might have an effect on users for lots of hours after consumption.<\/span><span id=\"af0df11ff412a0c453bd09fb65bc241c\" class=\"match punique checked unique-match\"> Crafted in stunning British Columbia, Frank\u2019N Stein 500mg <\/span><span id=\"98d5e38189d363df370f52cc4c917680\" class=\"match punique checked unique-match chkfinal checkedF\">this modification is why edibles are lots more potent than the smoking of regular marijuana flower.<\/span><span id=\"cf27c890599ceee209f67c24e6e500ad\" class=\"match punique checked unique-match\"> eleven-OH-THC is more potent than ordinary THC and is metabolized with the aid of our bodies a lot slower, generating a more potent and longer-lasting effect.<\/span><span id=\"0e3283b189a31974559c479ceb0d7d7b\" class=\"match punique checked unique-match chkfinal checkedF\"> Frank\u2019N Stein 500mg THC edibles offer a convenient, discreet, and healthy way to medicate with hashish.<\/span><span id=\"73600cf628f3f2376aac11248e44f0d3\" class=\"match punique checked unique-match\"> They motive no lung inflammation and provide a measurable and accurate dose of THC.<\/span><span id=\"638a818a747d234c70a037a51c19aa11\" class=\"match punique checked unique-match chkfinal checkedF\"> in relation to dosing THC edibles, there is no \u201cone-length-fits-all.<\/span><span id=\"5bb9be01ab4a7d0bb4c89c0684b338f9\" class=\"match punique checked unique-match\">\u201d Your body type, your revel in with hashish, and whether or not you\u2019ve eaten that day will all affect how long and how tough THC edibles will hit you.<\/span><span id=\"77e76af3005334b2fb5899932f019fb8\" class=\"match punique checked unique-match chkfinal checkedF\"> identifying a very good edible dosage comes with experimentation and time.<\/span><span id=\"755d50d03b7f2b601e257deb8fa042c5\" class=\"match punique\"> in case you\u2019re just starting out, it\u2019s first-rate to head low and slow.<\/span><\/p>","protected":false},"excerpt":{"rendered":"<p>Buy Edibles 500 mg: 500 mg edibles available in stock Buy Edibles 500 mg: THC Gummies stimulated by the laidback way of life of West Coast surfers, skaters, and dreamers, excessive Dose gummies are edibles for the sake of amusement. within the age of hashish as a health and health holy grail, the joy of [&hellip;]<\/p>\n","protected":false},"featured_media":2867,"comment_status":"open","ping_status":"closed","template":"","meta":{"_uag_custom_page_level_css":"","site-sidebar-layout":"default","site-content-layout":"","ast-site-content-layout":"","site-content-style":"default","site-sidebar-style":"default","ast-global-header-display":"","ast-banner-title-visibility":"","ast-main-header-display":"","ast-hfb-above-header-display":"","ast-hfb-below-header-display":"","ast-hfb-mobile-header-display":"","site-post-title":"","ast-breadcrumbs-content":"","ast-featured-img":"","footer-sml-layout":"","theme-transparent-header-meta":"","adv-header-id-meta":"","stick-header-meta":"","header-above-stick-meta":"","header-main-stick-meta":"","header-below-stick-meta":"","astra-migrate-meta-layouts":"default","ast-page-background-enabled":"default","ast-page-background-meta":{"desktop":{"background-color":"","background-image":"","background-repeat":"repeat","background-position":"center center","background-size":"auto","background-attachment":"scroll","background-type":"","background-media":"","overlay-type":"","overlay-color":"","overlay-opacity":"","overlay-gradient":""},"tablet":{"background-color":"","background-image":"","background-repeat":"repeat","background-position":"center center","background-size":"auto","background-attachment":"scroll","background-type":"","background-media":"","overlay-type":"","overlay-color":"","overlay-opacity":"","overlay-gradient":""},"mobile":{"background-color":"","background-image":"","background-repeat":"repeat","background-position":"center center","background-size":"auto","background-attachment":"scroll","background-type":"","background-media":"","overlay-type":"","overlay-color":"","overlay-opacity":"","overlay-gradient":""}},"ast-content-background-meta":{"desktop":{"background-color":"var(--ast-global-color-5)","background-image":"","background-repeat":"repeat","background-position":"center center","background-size":"auto","background-attachment":"scroll","background-type":"","background-media":"","overlay-type":"","overlay-color":"","overlay-opacity":"","overlay-gradient":""},"tablet":{"background-color":"var(--ast-global-color-5)","background-image":"","background-repeat":"repeat","background-position":"center center","background-size":"auto","background-attachment":"scroll","background-type":"","background-media":"","overlay-type":"","overlay-color":"","overlay-opacity":"","overlay-gradient":""},"mobile":{"background-color":"var(--ast-global-color-5)","background-image":"","background-repeat":"repeat","background-position":"center center","background-size":"auto","background-attachment":"scroll","background-type":"","background-media":"","overlay-type":"","overlay-color":"","overlay-opacity":"","overlay-gradient":""}}},"product_brand":[],"product_cat":[1013],"product_tag":[],"class_list":{"0":"post-2821","1":"product","2":"type-product","3":"status-publish","4":"has-post-thumbnail","6":"product_cat-cake","7":"desktop-align-left","8":"tablet-align-left","9":"mobile-align-left","11":"first","12":"instock","13":"shipping-taxable","14":"purchasable","15":"product-type-simple"},"yoast_head":"<!-- This site is optimized with the Yoast SEO plugin v27.4 - https:\/\/yoast.com\/product\/yoast-seo-wordpress\/ -->\n<title>Edibles 500 mg -<\/title>\n<meta name=\"robots\" content=\"index, follow, max-snippet:-1, max-image-preview:large, max-video-preview:-1\" \/>\n<link rel=\"canonical\" href=\"https:\/\/exoticchemicals.com\/tr\/product\/edibles-500-mg\/\" \/>\n<meta property=\"og:locale\" content=\"tr_TR\" \/>\n<meta property=\"og:type\" content=\"article\" \/>\n<meta property=\"og:title\" content=\"Edibles 500 mg -\" \/>\n<meta property=\"og:description\" content=\"Buy Edibles 500 mg: 500 mg edibles available in stock Buy Edibles 500 mg: THC Gummies stimulated by the laidback way of life of West Coast surfers, skaters, and dreamers, excessive Dose gummies are edibles for the sake of amusement. within the age of hashish as a health and health holy grail, the joy of [&hellip;]\" \/>\n<meta property=\"og:url\" content=\"https:\/\/exoticchemicals.com\/tr\/product\/edibles-500-mg\/\" \/>\n<meta property=\"article:modified_time\" content=\"2026-04-11T00:41:48+00:00\" \/>\n<meta property=\"og:image\" content=\"https:\/\/exoticchemicals.com\/wp-content\/uploads\/2025\/02\/ae587b8e-8808-4e03-93e1-85e27ff92f40.jpg\" \/>\n\t<meta property=\"og:image:width\" content=\"960\" \/>\n\t<meta property=\"og:image:height\" content=\"1280\" \/>\n\t<meta property=\"og:image:type\" content=\"image\/jpeg\" \/>\n<meta name=\"twitter:card\" content=\"summary_large_image\" \/>\n<meta name=\"twitter:label1\" content=\"Tahmini okuma s\u00fcresi\" \/>\n\t<meta name=\"twitter:data1\" content=\"3 dakika\" \/>\n<script type=\"application\/ld+json\" class=\"yoast-schema-graph\">{\"@context\":\"https:\\\/\\\/schema.org\",\"@graph\":[{\"@type\":\"WebPage\",\"@id\":\"https:\\\/\\\/exoticchemicals.com\\\/product\\\/edibles-500-mg\\\/\",\"url\":\"https:\\\/\\\/exoticchemicals.com\\\/product\\\/edibles-500-mg\\\/\",\"name\":\"Edibles 500 mg -\",\"isPartOf\":{\"@id\":\"https:\\\/\\\/exoticchemicals.com\\\/#website\"},\"primaryImageOfPage\":{\"@id\":\"https:\\\/\\\/exoticchemicals.com\\\/product\\\/edibles-500-mg\\\/#primaryimage\"},\"image\":{\"@id\":\"https:\\\/\\\/exoticchemicals.com\\\/product\\\/edibles-500-mg\\\/#primaryimage\"},\"thumbnailUrl\":\"https:\\\/\\\/exoticchemicals.com\\\/wp-content\\\/uploads\\\/2025\\\/02\\\/ae587b8e-8808-4e03-93e1-85e27ff92f40.jpg\",\"datePublished\":\"2025-02-06T21:18:52+00:00\",\"dateModified\":\"2026-04-11T00:41:48+00:00\",\"breadcrumb\":{\"@id\":\"https:\\\/\\\/exoticchemicals.com\\\/product\\\/edibles-500-mg\\\/#breadcrumb\"},\"inLanguage\":\"tr\",\"potentialAction\":[{\"@type\":\"ReadAction\",\"target\":[\"https:\\\/\\\/exoticchemicals.com\\\/product\\\/edibles-500-mg\\\/\"]}]},{\"@type\":\"ImageObject\",\"inLanguage\":\"tr\",\"@id\":\"https:\\\/\\\/exoticchemicals.com\\\/product\\\/edibles-500-mg\\\/#primaryimage\",\"url\":\"https:\\\/\\\/exoticchemicals.com\\\/wp-content\\\/uploads\\\/2025\\\/02\\\/ae587b8e-8808-4e03-93e1-85e27ff92f40.jpg\",\"contentUrl\":\"https:\\\/\\\/exoticchemicals.com\\\/wp-content\\\/uploads\\\/2025\\\/02\\\/ae587b8e-8808-4e03-93e1-85e27ff92f40.jpg\",\"width\":960,\"height\":1280},{\"@type\":\"BreadcrumbList\",\"@id\":\"https:\\\/\\\/exoticchemicals.com\\\/product\\\/edibles-500-mg\\\/#breadcrumb\",\"itemListElement\":[{\"@type\":\"ListItem\",\"position\":1,\"name\":\"Home\",\"item\":\"https:\\\/\\\/exoticchemicals.com\\\/\"},{\"@type\":\"ListItem\",\"position\":2,\"name\":\"Shop\",\"item\":\"https:\\\/\\\/exoticchemicals.com\\\/shop\\\/\"},{\"@type\":\"ListItem\",\"position\":3,\"name\":\"Edibles 500 mg\"}]},{\"@type\":\"WebSite\",\"@id\":\"https:\\\/\\\/exoticchemicals.com\\\/#website\",\"url\":\"https:\\\/\\\/exoticchemicals.com\\\/\",\"name\":\"exotic chemicals\",\"description\":\"Buy MDPHP Hydrochloride\",\"publisher\":{\"@id\":\"https:\\\/\\\/exoticchemicals.com\\\/#\\\/schema\\\/person\\\/07ad08472b6f5b213792451a32dbe8c7\"},\"potentialAction\":[{\"@type\":\"SearchAction\",\"target\":{\"@type\":\"EntryPoint\",\"urlTemplate\":\"https:\\\/\\\/exoticchemicals.com\\\/?s={search_term_string}\"},\"query-input\":{\"@type\":\"PropertyValueSpecification\",\"valueRequired\":true,\"valueName\":\"search_term_string\"}}],\"inLanguage\":\"tr\"},{\"@type\":[\"Person\",\"Organization\"],\"@id\":\"https:\\\/\\\/exoticchemicals.com\\\/#\\\/schema\\\/person\\\/07ad08472b6f5b213792451a32dbe8c7\",\"name\":\"wwalkershop@gmail.com\",\"image\":{\"@type\":\"ImageObject\",\"inLanguage\":\"tr\",\"@id\":\"https:\\\/\\\/exoticchemicals.com\\\/wp-content\\\/uploads\\\/2025\\\/02\\\/pure-3-1-1.png\",\"url\":\"https:\\\/\\\/exoticchemicals.com\\\/wp-content\\\/uploads\\\/2025\\\/02\\\/pure-3-1-1.png\",\"contentUrl\":\"https:\\\/\\\/exoticchemicals.com\\\/wp-content\\\/uploads\\\/2025\\\/02\\\/pure-3-1-1.png\",\"width\":500,\"height\":500,\"caption\":\"wwalkershop@gmail.com\"},\"logo\":{\"@id\":\"https:\\\/\\\/exoticchemicals.com\\\/wp-content\\\/uploads\\\/2025\\\/02\\\/pure-3-1-1.png\"},\"sameAs\":[\"http:\\\/\\\/exoticchemicals.com\"]}]}<\/script>\n<!-- \/ Yoast SEO plugin. -->","yoast_head_json":{"title":"Edibles 500 mg -","robots":{"index":"index","follow":"follow","max-snippet":"max-snippet:-1","max-image-preview":"max-image-preview:large","max-video-preview":"max-video-preview:-1"},"canonical":"https:\/\/exoticchemicals.com\/tr\/product\/edibles-500-mg\/","og_locale":"tr_TR","og_type":"article","og_title":"Edibles 500 mg -","og_description":"Buy Edibles 500 mg: 500 mg edibles available in stock Buy Edibles 500 mg: THC Gummies stimulated by the laidback way of life of West Coast surfers, skaters, and dreamers, excessive Dose gummies are edibles for the sake of amusement. within the age of hashish as a health and health holy grail, the joy of [&hellip;]","og_url":"https:\/\/exoticchemicals.com\/tr\/product\/edibles-500-mg\/","article_modified_time":"2026-04-11T00:41:48+00:00","og_image":[{"width":960,"height":1280,"url":"https:\/\/exoticchemicals.com\/wp-content\/uploads\/2025\/02\/ae587b8e-8808-4e03-93e1-85e27ff92f40.jpg","type":"image\/jpeg"}],"twitter_card":"summary_large_image","twitter_misc":{"Tahmini okuma s\u00fcresi":"3 dakika"},"schema":{"@context":"https:\/\/schema.org","@graph":[{"@type":"WebPage","@id":"https:\/\/exoticchemicals.com\/product\/edibles-500-mg\/","url":"https:\/\/exoticchemicals.com\/product\/edibles-500-mg\/","name":"Edibles 500 mg -","isPartOf":{"@id":"https:\/\/exoticchemicals.com\/#website"},"primaryImageOfPage":{"@id":"https:\/\/exoticchemicals.com\/product\/edibles-500-mg\/#primaryimage"},"image":{"@id":"https:\/\/exoticchemicals.com\/product\/edibles-500-mg\/#primaryimage"},"thumbnailUrl":"https:\/\/exoticchemicals.com\/wp-content\/uploads\/2025\/02\/ae587b8e-8808-4e03-93e1-85e27ff92f40.jpg","datePublished":"2025-02-06T21:18:52+00:00","dateModified":"2026-04-11T00:41:48+00:00","breadcrumb":{"@id":"https:\/\/exoticchemicals.com\/product\/edibles-500-mg\/#breadcrumb"},"inLanguage":"tr","potentialAction":[{"@type":"ReadAction","target":["https:\/\/exoticchemicals.com\/product\/edibles-500-mg\/"]}]},{"@type":"ImageObject","inLanguage":"tr","@id":"https:\/\/exoticchemicals.com\/product\/edibles-500-mg\/#primaryimage","url":"https:\/\/exoticchemicals.com\/wp-content\/uploads\/2025\/02\/ae587b8e-8808-4e03-93e1-85e27ff92f40.jpg","contentUrl":"https:\/\/exoticchemicals.com\/wp-content\/uploads\/2025\/02\/ae587b8e-8808-4e03-93e1-85e27ff92f40.jpg","width":960,"height":1280},{"@type":"BreadcrumbList","@id":"https:\/\/exoticchemicals.com\/product\/edibles-500-mg\/#breadcrumb","itemListElement":[{"@type":"ListItem","position":1,"name":"Home","item":"https:\/\/exoticchemicals.com\/"},{"@type":"ListItem","position":2,"name":"Shop","item":"https:\/\/exoticchemicals.com\/shop\/"},{"@type":"ListItem","position":3,"name":"Edibles 500 mg"}]},{"@type":"WebSite","@id":"https:\/\/exoticchemicals.com\/#website","url":"https:\/\/exoticchemicals.com\/","name":"egzoti\u0307k ki\u0307myasallar","description":"MDPHP Hidroklor\u00fcr Sat\u0131n Al\u0131n","publisher":{"@id":"https:\/\/exoticchemicals.com\/#\/schema\/person\/07ad08472b6f5b213792451a32dbe8c7"},"potentialAction":[{"@type":"SearchAction","target":{"@type":"EntryPoint","urlTemplate":"https:\/\/exoticchemicals.com\/?s={search_term_string}"},"query-input":{"@type":"PropertyValueSpecification","valueRequired":true,"valueName":"search_term_string"}}],"inLanguage":"tr"},{"@type":["Person","Organization"],"@id":"https:\/\/exoticchemicals.com\/#\/schema\/person\/07ad08472b6f5b213792451a32dbe8c7","name":"wwalkershop@gmail.com","image":{"@type":"ImageObject","inLanguage":"tr","@id":"https:\/\/exoticchemicals.com\/wp-content\/uploads\/2025\/02\/pure-3-1-1.png","url":"https:\/\/exoticchemicals.com\/wp-content\/uploads\/2025\/02\/pure-3-1-1.png","contentUrl":"https:\/\/exoticchemicals.com\/wp-content\/uploads\/2025\/02\/pure-3-1-1.png","width":500,"height":500,"caption":"wwalkershop@gmail.com"},"logo":{"@id":"https:\/\/exoticchemicals.com\/wp-content\/uploads\/2025\/02\/pure-3-1-1.png"},"sameAs":["http:\/\/exoticchemicals.com"]}]}},"uagb_featured_image_src":{"full":["https:\/\/exoticchemicals.com\/wp-content\/uploads\/2025\/02\/ae587b8e-8808-4e03-93e1-85e27ff92f40.jpg",960,1280,false],"thumbnail":["https:\/\/exoticchemicals.com\/wp-content\/uploads\/2025\/02\/ae587b8e-8808-4e03-93e1-85e27ff92f40-150x150.jpg",150,150,true],"medium":["https:\/\/exoticchemicals.com\/wp-content\/uploads\/2025\/02\/ae587b8e-8808-4e03-93e1-85e27ff92f40-225x300.jpg",225,300,true],"medium_large":["https:\/\/exoticchemicals.com\/wp-content\/uploads\/2025\/02\/ae587b8e-8808-4e03-93e1-85e27ff92f40-768x1024.jpg",768,1024,true],"large":["https:\/\/exoticchemicals.com\/wp-content\/uploads\/2025\/02\/ae587b8e-8808-4e03-93e1-85e27ff92f40-768x1024.jpg",768,1024,true],"1536x1536":["https:\/\/exoticchemicals.com\/wp-content\/uploads\/2025\/02\/ae587b8e-8808-4e03-93e1-85e27ff92f40.jpg",960,1280,false],"2048x2048":["https:\/\/exoticchemicals.com\/wp-content\/uploads\/2025\/02\/ae587b8e-8808-4e03-93e1-85e27ff92f40.jpg",960,1280,false],"trp-custom-language-flag":["https:\/\/exoticchemicals.com\/wp-content\/uploads\/2025\/02\/ae587b8e-8808-4e03-93e1-85e27ff92f40.jpg",9,12,false],"woocommerce_thumbnail":["https:\/\/exoticchemicals.com\/wp-content\/uploads\/2025\/02\/ae587b8e-8808-4e03-93e1-85e27ff92f40-300x300.jpg",300,300,true],"woocommerce_single":["https:\/\/exoticchemicals.com\/wp-content\/uploads\/2025\/02\/ae587b8e-8808-4e03-93e1-85e27ff92f40-600x800.jpg",600,800,true],"woocommerce_gallery_thumbnail":["https:\/\/exoticchemicals.com\/wp-content\/uploads\/2025\/02\/ae587b8e-8808-4e03-93e1-85e27ff92f40-100x100.jpg",100,100,true]},"uagb_author_info":{"display_name":"bossman","author_link":"https:\/\/exoticchemicals.com\/tr\/author\/"},"uagb_comment_info":14,"uagb_excerpt":"Buy Edibles 500 mg: 500 mg edibles available in stock Buy Edibles 500 mg: THC Gummies stimulated by the laidback way of life of West Coast surfers, skaters, and dreamers, excessive Dose gummies are edibles for the sake of amusement. within the age of hashish as a health and health holy grail, the joy of&hellip;","_links":{"self":[{"href":"https:\/\/exoticchemicals.com\/tr\/wp-json\/wp\/v2\/product\/2821","targetHints":{"allow":["GET"]}}],"collection":[{"href":"https:\/\/exoticchemicals.com\/tr\/wp-json\/wp\/v2\/product"}],"about":[{"href":"https:\/\/exoticchemicals.com\/tr\/wp-json\/wp\/v2\/types\/product"}],"replies":[{"embeddable":true,"href":"https:\/\/exoticchemicals.com\/tr\/wp-json\/wp\/v2\/comments?post=2821"}],"wp:featuredmedia":[{"embeddable":true,"href":"https:\/\/exoticchemicals.com\/tr\/wp-json\/wp\/v2\/media\/2867"}],"wp:attachment":[{"href":"https:\/\/exoticchemicals.com\/tr\/wp-json\/wp\/v2\/media?parent=2821"}],"wp:term":[{"taxonomy":"product_brand","embeddable":true,"href":"https:\/\/exoticchemicals.com\/tr\/wp-json\/wp\/v2\/product_brand?post=2821"},{"taxonomy":"product_cat","embeddable":true,"href":"https:\/\/exoticchemicals.com\/tr\/wp-json\/wp\/v2\/product_cat?post=2821"},{"taxonomy":"product_tag","embeddable":true,"href":"https:\/\/exoticchemicals.com\/tr\/wp-json\/wp\/v2\/product_tag?post=2821"}],"curies":[{"name":"wp","href":"https:\/\/api.w.org\/{rel}","templated":true}]}}