{"id":2891,"date":"2025-02-06T21:20:14","date_gmt":"2025-02-06T21:20:14","guid":{"rendered":"https:\/\/exoticchemicals.com\/?post_type=product&#038;p=2891"},"modified":"2026-04-01T16:41:32","modified_gmt":"2026-04-01T16:41:32","slug":"buy-4-emc-powder","status":"publish","type":"product","link":"https:\/\/exoticchemicals.com\/tr\/product\/buy-4-emc-powder\/","title":{"rendered":"Buy 4-EMC Powder"},"content":{"rendered":"<h1>4-EMC Powder<\/h1>\n<p>Buy 4-EMC Powder (4-Ethylmethcathinone ) may be a recreational psychoactive substance of the stimulant and entactogen class. it\u2019s a structural chemical compound of\u00a04-MEC.<\/p>\n<p>thanks to intense interest of the market, we have a tendency to are introducing a replacement cathinone product that may be used for advanced scientific studies. 4-ethylmethcathinone (4-EMC) is an state sort of 4-MMC, that is successively closely concerning currently restricted mephedrone, with all of the listed chemicals displaying stimulant and entactogen properties.<\/p>\n<p>As is typical for this chemical class, 4-EMC is believed to dam re-uptake of key neurotransmitters on the conjunction cleft, with Intropin and 5-hydroxytryptamine as its seemingly primary targets.<\/p>\n<p>The substance has the looks of a crystalline powder underneath\u00a0traditional\u00a0conditions, and might be promptly ready for testing with none risk of together with impurities.<\/p>\n<p>4-EMC may be dissolved in water, and should be unbroken at a dry and air-tight storage space.<\/p>\n<p>Since the substance has not been extensively tested within the past and most of what\u2019s known regarding it comes from\u00a0analogies\u00a0from connected chemicals, researchers have an opportunity to map its profile from scratch. All experiment styles ought to mirror the novel standing of the chemical and leave an outsized margin of error.<\/p>\n<p>Legal status<br \/> 4-Ethylmethcathinone is a controlled substance in the US state of Vermont as of January 2016. It is also covered by analogue provisions in many other jurisdictions.<\/p>\n<p><strong>Chemical and physical data<\/strong><br \/> <strong>Formula: C12H17NO<\/strong><\/p>\n<p><strong>Molar mass: 191.27 g\/mol g\u00b7mol?1<\/strong><\/p>\n<p><strong>Warning<\/strong><br \/> <strong>Our online store stocks only high-purity chemical products<\/strong>, delivering anywhere in the world on demand. Please be aware that 4-ethylmethcathinone and other products available for sale are approved only as in vitro research agents and may be restricted in some countries. Buyers bear sole responsibility for handling of the products after delivery and are expected to learn about local regulations in advance of the order.<\/p>","protected":false},"excerpt":{"rendered":"<p>4-EMC Powder Buy 4-EMC Powder (4-Ethylmethcathinone ) may be a recreational psychoactive substance of the stimulant and entactogen class. it\u2019s a structural chemical compound of\u00a04-MEC. thanks to intense interest of the market, we have a tendency to are introducing a replacement cathinone product that may be used for advanced scientific studies. 4-ethylmethcathinone (4-EMC) is an [&hellip;]<\/p>\n","protected":false},"featured_media":2912,"comment_status":"open","ping_status":"closed","template":"","meta":{"_uag_custom_page_level_css":"","site-sidebar-layout":"default","site-content-layout":"","ast-site-content-layout":"","site-content-style":"default","site-sidebar-style":"default","ast-global-header-display":"","ast-banner-title-visibility":"","ast-main-header-display":"","ast-hfb-above-header-display":"","ast-hfb-below-header-display":"","ast-hfb-mobile-header-display":"","site-post-title":"","ast-breadcrumbs-content":"","ast-featured-img":"","footer-sml-layout":"","theme-transparent-header-meta":"","adv-header-id-meta":"","stick-header-meta":"","header-above-stick-meta":"","header-main-stick-meta":"","header-below-stick-meta":"","astra-migrate-meta-layouts":"default","ast-page-background-enabled":"default","ast-page-background-meta":{"desktop":{"background-color":"","background-image":"","background-repeat":"repeat","background-position":"center center","background-size":"auto","background-attachment":"scroll","background-type":"","background-media":"","overlay-type":"","overlay-color":"","overlay-opacity":"","overlay-gradient":""},"tablet":{"background-color":"","background-image":"","background-repeat":"repeat","background-position":"center center","background-size":"auto","background-attachment":"scroll","background-type":"","background-media":"","overlay-type":"","overlay-color":"","overlay-opacity":"","overlay-gradient":""},"mobile":{"background-color":"","background-image":"","background-repeat":"repeat","background-position":"center center","background-size":"auto","background-attachment":"scroll","background-type":"","background-media":"","overlay-type":"","overlay-color":"","overlay-opacity":"","overlay-gradient":""}},"ast-content-background-meta":{"desktop":{"background-color":"var(--ast-global-color-5)","background-image":"","background-repeat":"repeat","background-position":"center center","background-size":"auto","background-attachment":"scroll","background-type":"","background-media":"","overlay-type":"","overlay-color":"","overlay-opacity":"","overlay-gradient":""},"tablet":{"background-color":"var(--ast-global-color-5)","background-image":"","background-repeat":"repeat","background-position":"center center","background-size":"auto","background-attachment":"scroll","background-type":"","background-media":"","overlay-type":"","overlay-color":"","overlay-opacity":"","overlay-gradient":""},"mobile":{"background-color":"var(--ast-global-color-5)","background-image":"","background-repeat":"repeat","background-position":"center center","background-size":"auto","background-attachment":"scroll","background-type":"","background-media":"","overlay-type":"","overlay-color":"","overlay-opacity":"","overlay-gradient":""}}},"product_brand":[],"product_cat":[330],"product_tag":[],"class_list":{"0":"post-2891","1":"product","2":"type-product","3":"status-publish","4":"has-post-thumbnail","6":"product_cat-mdphp-hydrochloride-for-sale-research-chemicals","7":"desktop-align-left","8":"tablet-align-left","9":"mobile-align-left","11":"first","12":"instock","13":"shipping-taxable","14":"purchasable","15":"product-type-variable"},"yoast_head":"<!-- This site is optimized with the Yoast SEO plugin v27.3 - https:\/\/yoast.com\/product\/yoast-seo-wordpress\/ -->\n<title>Buy 4-EMC Powder -<\/title>\n<meta name=\"robots\" content=\"index, follow, max-snippet:-1, max-image-preview:large, max-video-preview:-1\" \/>\n<link rel=\"canonical\" href=\"https:\/\/exoticchemicals.com\/tr\/product\/buy-4-emc-powder\/\" \/>\n<meta property=\"og:locale\" content=\"tr_TR\" \/>\n<meta property=\"og:type\" content=\"article\" \/>\n<meta property=\"og:title\" content=\"Buy 4-EMC Powder -\" \/>\n<meta property=\"og:description\" content=\"4-EMC Powder Buy 4-EMC Powder (4-Ethylmethcathinone ) may be a recreational psychoactive substance of the stimulant and entactogen class. it\u2019s a structural chemical compound of\u00a04-MEC. thanks to intense interest of the market, we have a tendency to are introducing a replacement cathinone product that may be used for advanced scientific studies. 4-ethylmethcathinone (4-EMC) is an [&hellip;]\" \/>\n<meta property=\"og:url\" content=\"https:\/\/exoticchemicals.com\/tr\/product\/buy-4-emc-powder\/\" \/>\n<meta property=\"article:modified_time\" content=\"2026-04-01T16:41:32+00:00\" \/>\n<meta property=\"og:image\" content=\"https:\/\/exoticchemicals.com\/wp-content\/uploads\/2025\/02\/Buy-4-EMC-Powder-jpg.webp\" \/>\n\t<meta property=\"og:image:width\" content=\"539\" \/>\n\t<meta property=\"og:image:height\" content=\"327\" \/>\n\t<meta property=\"og:image:type\" content=\"image\/webp\" \/>\n<meta name=\"twitter:card\" content=\"summary_large_image\" \/>\n<meta name=\"twitter:label1\" content=\"Tahmini okuma s\u00fcresi\" \/>\n\t<meta name=\"twitter:data1\" content=\"2 dakika\" \/>\n<script type=\"application\/ld+json\" class=\"yoast-schema-graph\">{\"@context\":\"https:\\\/\\\/schema.org\",\"@graph\":[{\"@type\":\"WebPage\",\"@id\":\"https:\\\/\\\/exoticchemicals.com\\\/product\\\/buy-4-emc-powder\\\/\",\"url\":\"https:\\\/\\\/exoticchemicals.com\\\/product\\\/buy-4-emc-powder\\\/\",\"name\":\"Buy 4-EMC Powder -\",\"isPartOf\":{\"@id\":\"https:\\\/\\\/exoticchemicals.com\\\/#website\"},\"primaryImageOfPage\":{\"@id\":\"https:\\\/\\\/exoticchemicals.com\\\/product\\\/buy-4-emc-powder\\\/#primaryimage\"},\"image\":{\"@id\":\"https:\\\/\\\/exoticchemicals.com\\\/product\\\/buy-4-emc-powder\\\/#primaryimage\"},\"thumbnailUrl\":\"https:\\\/\\\/exoticchemicals.com\\\/wp-content\\\/uploads\\\/2025\\\/02\\\/Buy-4-EMC-Powder-jpg.webp\",\"datePublished\":\"2025-02-06T21:20:14+00:00\",\"dateModified\":\"2026-04-01T16:41:32+00:00\",\"breadcrumb\":{\"@id\":\"https:\\\/\\\/exoticchemicals.com\\\/product\\\/buy-4-emc-powder\\\/#breadcrumb\"},\"inLanguage\":\"tr\",\"potentialAction\":[{\"@type\":\"ReadAction\",\"target\":[\"https:\\\/\\\/exoticchemicals.com\\\/product\\\/buy-4-emc-powder\\\/\"]}]},{\"@type\":\"ImageObject\",\"inLanguage\":\"tr\",\"@id\":\"https:\\\/\\\/exoticchemicals.com\\\/product\\\/buy-4-emc-powder\\\/#primaryimage\",\"url\":\"https:\\\/\\\/exoticchemicals.com\\\/wp-content\\\/uploads\\\/2025\\\/02\\\/Buy-4-EMC-Powder-jpg.webp\",\"contentUrl\":\"https:\\\/\\\/exoticchemicals.com\\\/wp-content\\\/uploads\\\/2025\\\/02\\\/Buy-4-EMC-Powder-jpg.webp\",\"width\":539,\"height\":327},{\"@type\":\"BreadcrumbList\",\"@id\":\"https:\\\/\\\/exoticchemicals.com\\\/product\\\/buy-4-emc-powder\\\/#breadcrumb\",\"itemListElement\":[{\"@type\":\"ListItem\",\"position\":1,\"name\":\"Home\",\"item\":\"https:\\\/\\\/exoticchemicals.com\\\/\"},{\"@type\":\"ListItem\",\"position\":2,\"name\":\"Shop\",\"item\":\"https:\\\/\\\/exoticchemicals.com\\\/shop\\\/\"},{\"@type\":\"ListItem\",\"position\":3,\"name\":\"Buy 4-EMC Powder\"}]},{\"@type\":\"WebSite\",\"@id\":\"https:\\\/\\\/exoticchemicals.com\\\/#website\",\"url\":\"https:\\\/\\\/exoticchemicals.com\\\/\",\"name\":\"exotic chemicals\",\"description\":\"Buy MDPHP Hydrochloride\",\"publisher\":{\"@id\":\"https:\\\/\\\/exoticchemicals.com\\\/#\\\/schema\\\/person\\\/07ad08472b6f5b213792451a32dbe8c7\"},\"potentialAction\":[{\"@type\":\"SearchAction\",\"target\":{\"@type\":\"EntryPoint\",\"urlTemplate\":\"https:\\\/\\\/exoticchemicals.com\\\/?s={search_term_string}\"},\"query-input\":{\"@type\":\"PropertyValueSpecification\",\"valueRequired\":true,\"valueName\":\"search_term_string\"}}],\"inLanguage\":\"tr\"},{\"@type\":[\"Person\",\"Organization\"],\"@id\":\"https:\\\/\\\/exoticchemicals.com\\\/#\\\/schema\\\/person\\\/07ad08472b6f5b213792451a32dbe8c7\",\"name\":\"wwalkershop@gmail.com\",\"image\":{\"@type\":\"ImageObject\",\"inLanguage\":\"tr\",\"@id\":\"https:\\\/\\\/exoticchemicals.com\\\/wp-content\\\/uploads\\\/2025\\\/02\\\/pure-3-1-1.png\",\"url\":\"https:\\\/\\\/exoticchemicals.com\\\/wp-content\\\/uploads\\\/2025\\\/02\\\/pure-3-1-1.png\",\"contentUrl\":\"https:\\\/\\\/exoticchemicals.com\\\/wp-content\\\/uploads\\\/2025\\\/02\\\/pure-3-1-1.png\",\"width\":500,\"height\":500,\"caption\":\"wwalkershop@gmail.com\"},\"logo\":{\"@id\":\"https:\\\/\\\/exoticchemicals.com\\\/wp-content\\\/uploads\\\/2025\\\/02\\\/pure-3-1-1.png\"},\"sameAs\":[\"http:\\\/\\\/exoticchemicals.com\"]}]}<\/script>\n<!-- \/ Yoast SEO plugin. -->","yoast_head_json":{"title":"Buy 4-EMC Powder -","robots":{"index":"index","follow":"follow","max-snippet":"max-snippet:-1","max-image-preview":"max-image-preview:large","max-video-preview":"max-video-preview:-1"},"canonical":"https:\/\/exoticchemicals.com\/tr\/product\/buy-4-emc-powder\/","og_locale":"tr_TR","og_type":"article","og_title":"Buy 4-EMC Powder -","og_description":"4-EMC Powder Buy 4-EMC Powder (4-Ethylmethcathinone ) may be a recreational psychoactive substance of the stimulant and entactogen class. it\u2019s a structural chemical compound of\u00a04-MEC. thanks to intense interest of the market, we have a tendency to are introducing a replacement cathinone product that may be used for advanced scientific studies. 4-ethylmethcathinone (4-EMC) is an [&hellip;]","og_url":"https:\/\/exoticchemicals.com\/tr\/product\/buy-4-emc-powder\/","article_modified_time":"2026-04-01T16:41:32+00:00","og_image":[{"width":539,"height":327,"url":"https:\/\/exoticchemicals.com\/wp-content\/uploads\/2025\/02\/Buy-4-EMC-Powder-jpg.webp","type":"image\/webp"}],"twitter_card":"summary_large_image","twitter_misc":{"Tahmini okuma s\u00fcresi":"2 dakika"},"schema":{"@context":"https:\/\/schema.org","@graph":[{"@type":"WebPage","@id":"https:\/\/exoticchemicals.com\/product\/buy-4-emc-powder\/","url":"https:\/\/exoticchemicals.com\/product\/buy-4-emc-powder\/","name":"Buy 4-EMC Powder -","isPartOf":{"@id":"https:\/\/exoticchemicals.com\/#website"},"primaryImageOfPage":{"@id":"https:\/\/exoticchemicals.com\/product\/buy-4-emc-powder\/#primaryimage"},"image":{"@id":"https:\/\/exoticchemicals.com\/product\/buy-4-emc-powder\/#primaryimage"},"thumbnailUrl":"https:\/\/exoticchemicals.com\/wp-content\/uploads\/2025\/02\/Buy-4-EMC-Powder-jpg.webp","datePublished":"2025-02-06T21:20:14+00:00","dateModified":"2026-04-01T16:41:32+00:00","breadcrumb":{"@id":"https:\/\/exoticchemicals.com\/product\/buy-4-emc-powder\/#breadcrumb"},"inLanguage":"tr","potentialAction":[{"@type":"ReadAction","target":["https:\/\/exoticchemicals.com\/product\/buy-4-emc-powder\/"]}]},{"@type":"ImageObject","inLanguage":"tr","@id":"https:\/\/exoticchemicals.com\/product\/buy-4-emc-powder\/#primaryimage","url":"https:\/\/exoticchemicals.com\/wp-content\/uploads\/2025\/02\/Buy-4-EMC-Powder-jpg.webp","contentUrl":"https:\/\/exoticchemicals.com\/wp-content\/uploads\/2025\/02\/Buy-4-EMC-Powder-jpg.webp","width":539,"height":327},{"@type":"BreadcrumbList","@id":"https:\/\/exoticchemicals.com\/product\/buy-4-emc-powder\/#breadcrumb","itemListElement":[{"@type":"ListItem","position":1,"name":"Home","item":"https:\/\/exoticchemicals.com\/"},{"@type":"ListItem","position":2,"name":"Shop","item":"https:\/\/exoticchemicals.com\/shop\/"},{"@type":"ListItem","position":3,"name":"Buy 4-EMC Powder"}]},{"@type":"WebSite","@id":"https:\/\/exoticchemicals.com\/#website","url":"https:\/\/exoticchemicals.com\/","name":"egzoti\u0307k ki\u0307myasallar","description":"MDPHP Hidroklor\u00fcr Sat\u0131n Al\u0131n","publisher":{"@id":"https:\/\/exoticchemicals.com\/#\/schema\/person\/07ad08472b6f5b213792451a32dbe8c7"},"potentialAction":[{"@type":"SearchAction","target":{"@type":"EntryPoint","urlTemplate":"https:\/\/exoticchemicals.com\/?s={search_term_string}"},"query-input":{"@type":"PropertyValueSpecification","valueRequired":true,"valueName":"search_term_string"}}],"inLanguage":"tr"},{"@type":["Person","Organization"],"@id":"https:\/\/exoticchemicals.com\/#\/schema\/person\/07ad08472b6f5b213792451a32dbe8c7","name":"wwalkershop@gmail.com","image":{"@type":"ImageObject","inLanguage":"tr","@id":"https:\/\/exoticchemicals.com\/wp-content\/uploads\/2025\/02\/pure-3-1-1.png","url":"https:\/\/exoticchemicals.com\/wp-content\/uploads\/2025\/02\/pure-3-1-1.png","contentUrl":"https:\/\/exoticchemicals.com\/wp-content\/uploads\/2025\/02\/pure-3-1-1.png","width":500,"height":500,"caption":"wwalkershop@gmail.com"},"logo":{"@id":"https:\/\/exoticchemicals.com\/wp-content\/uploads\/2025\/02\/pure-3-1-1.png"},"sameAs":["http:\/\/exoticchemicals.com"]}]}},"uagb_featured_image_src":{"full":["https:\/\/exoticchemicals.com\/wp-content\/uploads\/2025\/02\/Buy-4-EMC-Powder-jpg.webp",539,327,false],"thumbnail":["https:\/\/exoticchemicals.com\/wp-content\/uploads\/2025\/02\/Buy-4-EMC-Powder-jpg-150x150.webp",150,150,true],"medium":["https:\/\/exoticchemicals.com\/wp-content\/uploads\/2025\/02\/Buy-4-EMC-Powder-jpg-300x182.webp",300,182,true],"medium_large":["https:\/\/exoticchemicals.com\/wp-content\/uploads\/2025\/02\/Buy-4-EMC-Powder-jpg.webp",539,327,false],"large":["https:\/\/exoticchemicals.com\/wp-content\/uploads\/2025\/02\/Buy-4-EMC-Powder-jpg.webp",539,327,false],"1536x1536":["https:\/\/exoticchemicals.com\/wp-content\/uploads\/2025\/02\/Buy-4-EMC-Powder-jpg.webp",539,327,false],"2048x2048":["https:\/\/exoticchemicals.com\/wp-content\/uploads\/2025\/02\/Buy-4-EMC-Powder-jpg.webp",539,327,false],"trp-custom-language-flag":["https:\/\/exoticchemicals.com\/wp-content\/uploads\/2025\/02\/Buy-4-EMC-Powder-jpg.webp",18,12,false],"woocommerce_thumbnail":["https:\/\/exoticchemicals.com\/wp-content\/uploads\/2025\/02\/Buy-4-EMC-Powder-jpg-300x300.webp",300,300,true],"woocommerce_single":["https:\/\/exoticchemicals.com\/wp-content\/uploads\/2025\/02\/Buy-4-EMC-Powder-jpg.webp",539,327,false],"woocommerce_gallery_thumbnail":["https:\/\/exoticchemicals.com\/wp-content\/uploads\/2025\/02\/Buy-4-EMC-Powder-jpg-100x100.webp",100,100,true]},"uagb_author_info":{"display_name":"bossman","author_link":"https:\/\/exoticchemicals.com\/tr\/author\/"},"uagb_comment_info":8,"uagb_excerpt":"4-EMC Powder Buy 4-EMC Powder (4-Ethylmethcathinone ) may be a recreational psychoactive substance of the stimulant and entactogen class. it\u2019s a structural chemical compound of\u00a04-MEC. thanks to intense interest of the market, we have a tendency to are introducing a replacement cathinone product that may be used for advanced scientific studies. 4-ethylmethcathinone (4-EMC) is an&hellip;","_links":{"self":[{"href":"https:\/\/exoticchemicals.com\/tr\/wp-json\/wp\/v2\/product\/2891","targetHints":{"allow":["GET"]}}],"collection":[{"href":"https:\/\/exoticchemicals.com\/tr\/wp-json\/wp\/v2\/product"}],"about":[{"href":"https:\/\/exoticchemicals.com\/tr\/wp-json\/wp\/v2\/types\/product"}],"replies":[{"embeddable":true,"href":"https:\/\/exoticchemicals.com\/tr\/wp-json\/wp\/v2\/comments?post=2891"}],"wp:featuredmedia":[{"embeddable":true,"href":"https:\/\/exoticchemicals.com\/tr\/wp-json\/wp\/v2\/media\/2912"}],"wp:attachment":[{"href":"https:\/\/exoticchemicals.com\/tr\/wp-json\/wp\/v2\/media?parent=2891"}],"wp:term":[{"taxonomy":"product_brand","embeddable":true,"href":"https:\/\/exoticchemicals.com\/tr\/wp-json\/wp\/v2\/product_brand?post=2891"},{"taxonomy":"product_cat","embeddable":true,"href":"https:\/\/exoticchemicals.com\/tr\/wp-json\/wp\/v2\/product_cat?post=2891"},{"taxonomy":"product_tag","embeddable":true,"href":"https:\/\/exoticchemicals.com\/tr\/wp-json\/wp\/v2\/product_tag?post=2891"}],"curies":[{"name":"wp","href":"https:\/\/api.w.org\/{rel}","templated":true}]}}