{"id":3147,"date":"2025-02-06T21:22:08","date_gmt":"2025-02-06T21:22:08","guid":{"rendered":"https:\/\/exoticchemicals.com\/?post_type=product&#038;p=3147"},"modified":"2026-04-14T19:51:33","modified_gmt":"2026-04-14T19:51:33","slug":"spore-wellness-cognitive-microdose-mushrooms","status":"publish","type":"product","link":"https:\/\/exoticchemicals.com\/tr\/product\/spore-wellness-cognitive-microdose-mushrooms\/","title":{"rendered":"Spore Wellness COGNITIVE Microdose Mushrooms"},"content":{"rendered":"<h1>Cognitive Microdose Mushrooms<\/h1>\n<p>Buy Cognitive Microdose Mushrooms, is ideal for those looking for a mental edge by improving memory and general cognition. Spore Wellness\u2019s non-intoxicating formula contains a blend of Golden Teacher (Psilocybe cubensis), Lion\u2019s Mane (Hericium erinaceus), and Organic Ginger. Vegan and gluten free.<\/p>\n<p>Each bottle of Spore Wellness COGNITIVE contains 25 capsules (500mg per capsule).<\/p>\n<p>Lion\u2019s Mane (hericium erinaceus) known for its neuroprotective abilities, is used for improved cognitive function as it increases the amount of Nerve Growth Factor (NGF) in the brain. This mushroom helps with neural growth, reduce inflammation and improves overall brain health. It also helps with relief from anxiety, fatigue and symptoms of depression- Buy Cognitive Microdose Mushroomsonline.<\/p>\n<p><b>Recommend Use:<\/b>\u00a0Promotes mental clarity, focus and memory.<\/p>\n<p><b>Benefits of Microdosing:<\/b>\u00a0Non-psychoactive,\u00a0improved mood, increased creativity, improved focus, improved energy, improved memory, and self-efficacy.<\/p>\n<p><b>Ingredients Per Capsule:<\/b><\/p>\n<p>Golden Teacher (Psilocybe cubensis) \u2013 100 mg<\/p>\n<p>Lion\u2019s Mane\u00a0(Hericium erinaceus) \u2013 350 mg<\/p>\n<p>Organic Ginger \u2013 50 mg<\/p>\n<p><b>Benefits of Microdosing:<\/b><\/p>\n<ul>\n<li>Non-psychoactive<\/li>\n<li>Improved mood<\/li>\n<li>Increased creativity<\/li>\n<li>Improved focus<\/li>\n<li>Improved energy<\/li>\n<li>Improved memory<\/li>\n<li>Self-efficacy<\/li>\n<\/ul>\n<p>CBD &amp; Shrooms offers a wide selection of alternative medicines to help you kickstart your journey to a new you. We offer everything from\u00a0bulk shrooms,\u00a0microdosing mushrooms,\u00a0CBD oil,\u00a0CBD for dogs, and\u00a0THC edibles. Servicing all markets across Canada including\u00a0Vancouver,\u00a0Calgary,\u00a0Edmonton,\u00a0Winnipeg,\u00a0Toronto,\u00a0Ottawa,\u00a0Montreal,\u00a0Quebec City,\u00a0Halifax.<\/p>","protected":false},"excerpt":{"rendered":"<p>Cognitive Microdose Mushrooms Buy Cognitive Microdose Mushrooms, is ideal for those looking for a mental edge by improving memory and general cognition. Spore Wellness\u2019s non-intoxicating formula contains a blend of Golden Teacher (Psilocybe cubensis), Lion\u2019s Mane (Hericium erinaceus), and Organic Ginger. Vegan and gluten free. Each bottle of Spore Wellness COGNITIVE contains 25 capsules (500mg [&hellip;]<\/p>\n","protected":false},"featured_media":3161,"comment_status":"open","ping_status":"closed","template":"","meta":{"_uag_custom_page_level_css":"","site-sidebar-layout":"default","site-content-layout":"","ast-site-content-layout":"default","site-content-style":"default","site-sidebar-style":"default","ast-global-header-display":"","ast-banner-title-visibility":"","ast-main-header-display":"","ast-hfb-above-header-display":"","ast-hfb-below-header-display":"","ast-hfb-mobile-header-display":"","site-post-title":"","ast-breadcrumbs-content":"","ast-featured-img":"","footer-sml-layout":"","ast-disable-related-posts":"","theme-transparent-header-meta":"","adv-header-id-meta":"","stick-header-meta":"","header-above-stick-meta":"","header-main-stick-meta":"","header-below-stick-meta":"","astra-migrate-meta-layouts":"default","ast-page-background-enabled":"default","ast-page-background-meta":{"desktop":{"background-color":"","background-image":"","background-repeat":"repeat","background-position":"center center","background-size":"auto","background-attachment":"scroll","background-type":"","background-media":"","overlay-type":"","overlay-color":"","overlay-opacity":"","overlay-gradient":""},"tablet":{"background-color":"","background-image":"","background-repeat":"repeat","background-position":"center center","background-size":"auto","background-attachment":"scroll","background-type":"","background-media":"","overlay-type":"","overlay-color":"","overlay-opacity":"","overlay-gradient":""},"mobile":{"background-color":"","background-image":"","background-repeat":"repeat","background-position":"center center","background-size":"auto","background-attachment":"scroll","background-type":"","background-media":"","overlay-type":"","overlay-color":"","overlay-opacity":"","overlay-gradient":""}},"ast-content-background-meta":{"desktop":{"background-color":"var(--ast-global-color-5)","background-image":"","background-repeat":"repeat","background-position":"center center","background-size":"auto","background-attachment":"scroll","background-type":"","background-media":"","overlay-type":"","overlay-color":"","overlay-opacity":"","overlay-gradient":""},"tablet":{"background-color":"var(--ast-global-color-5)","background-image":"","background-repeat":"repeat","background-position":"center center","background-size":"auto","background-attachment":"scroll","background-type":"","background-media":"","overlay-type":"","overlay-color":"","overlay-opacity":"","overlay-gradient":""},"mobile":{"background-color":"var(--ast-global-color-5)","background-image":"","background-repeat":"repeat","background-position":"center center","background-size":"auto","background-attachment":"scroll","background-type":"","background-media":"","overlay-type":"","overlay-color":"","overlay-opacity":"","overlay-gradient":""}}},"product_brand":[],"product_cat":[1389],"product_tag":[],"class_list":{"0":"post-3147","1":"product","2":"type-product","3":"status-publish","4":"has-post-thumbnail","6":"product_cat-buy-microdose-mushrooms","7":"desktop-align-left","8":"tablet-align-left","9":"mobile-align-left","11":"first","12":"instock","13":"shipping-taxable","14":"purchasable","15":"product-type-simple"},"yoast_head":"<!-- This site is optimized with the Yoast SEO plugin v27.5 - https:\/\/yoast.com\/product\/yoast-seo-wordpress\/ -->\n<title>Spore Wellness COGNITIVE Microdose Mushrooms -<\/title>\n<meta name=\"robots\" content=\"index, follow, max-snippet:-1, max-image-preview:large, max-video-preview:-1\" \/>\n<link rel=\"canonical\" href=\"https:\/\/exoticchemicals.com\/tr\/product\/spore-wellness-cognitive-microdose-mushrooms\/\" \/>\n<meta property=\"og:locale\" content=\"tr_TR\" \/>\n<meta property=\"og:type\" content=\"article\" \/>\n<meta property=\"og:title\" content=\"Spore Wellness COGNITIVE Microdose Mushrooms -\" \/>\n<meta property=\"og:description\" content=\"Cognitive Microdose Mushrooms Buy Cognitive Microdose Mushrooms, is ideal for those looking for a mental edge by improving memory and general cognition. Spore Wellness\u2019s non-intoxicating formula contains a blend of Golden Teacher (Psilocybe cubensis), Lion\u2019s Mane (Hericium erinaceus), and Organic Ginger. Vegan and gluten free. Each bottle of Spore Wellness COGNITIVE contains 25 capsules (500mg [&hellip;]\" \/>\n<meta property=\"og:url\" content=\"https:\/\/exoticchemicals.com\/tr\/product\/spore-wellness-cognitive-microdose-mushrooms\/\" \/>\n<meta property=\"article:modified_time\" content=\"2026-04-14T19:51:33+00:00\" \/>\n<meta property=\"og:image\" content=\"https:\/\/exoticchemicals.com\/wp-content\/uploads\/2025\/02\/Spore-Wellness-Cognitive-510x510-1-jpg.webp\" \/>\n\t<meta property=\"og:image:width\" content=\"510\" \/>\n\t<meta property=\"og:image:height\" content=\"510\" \/>\n\t<meta property=\"og:image:type\" content=\"image\/webp\" \/>\n<meta name=\"twitter:card\" content=\"summary_large_image\" \/>\n<meta name=\"twitter:label1\" content=\"Tahmini okuma s\u00fcresi\" \/>\n\t<meta name=\"twitter:data1\" content=\"1 dakika\" \/>\n<script type=\"application\/ld+json\" class=\"yoast-schema-graph\">{\"@context\":\"https:\\\/\\\/schema.org\",\"@graph\":[{\"@type\":\"WebPage\",\"@id\":\"https:\\\/\\\/exoticchemicals.com\\\/product\\\/spore-wellness-cognitive-microdose-mushrooms\\\/\",\"url\":\"https:\\\/\\\/exoticchemicals.com\\\/product\\\/spore-wellness-cognitive-microdose-mushrooms\\\/\",\"name\":\"Spore Wellness COGNITIVE Microdose Mushrooms -\",\"isPartOf\":{\"@id\":\"https:\\\/\\\/exoticchemicals.com\\\/#website\"},\"primaryImageOfPage\":{\"@id\":\"https:\\\/\\\/exoticchemicals.com\\\/product\\\/spore-wellness-cognitive-microdose-mushrooms\\\/#primaryimage\"},\"image\":{\"@id\":\"https:\\\/\\\/exoticchemicals.com\\\/product\\\/spore-wellness-cognitive-microdose-mushrooms\\\/#primaryimage\"},\"thumbnailUrl\":\"https:\\\/\\\/exoticchemicals.com\\\/wp-content\\\/uploads\\\/2025\\\/02\\\/Spore-Wellness-Cognitive-510x510-1-jpg.webp\",\"datePublished\":\"2025-02-06T21:22:08+00:00\",\"dateModified\":\"2026-04-14T19:51:33+00:00\",\"breadcrumb\":{\"@id\":\"https:\\\/\\\/exoticchemicals.com\\\/product\\\/spore-wellness-cognitive-microdose-mushrooms\\\/#breadcrumb\"},\"inLanguage\":\"tr\",\"potentialAction\":[{\"@type\":\"ReadAction\",\"target\":[\"https:\\\/\\\/exoticchemicals.com\\\/product\\\/spore-wellness-cognitive-microdose-mushrooms\\\/\"]}]},{\"@type\":\"ImageObject\",\"inLanguage\":\"tr\",\"@id\":\"https:\\\/\\\/exoticchemicals.com\\\/product\\\/spore-wellness-cognitive-microdose-mushrooms\\\/#primaryimage\",\"url\":\"https:\\\/\\\/exoticchemicals.com\\\/wp-content\\\/uploads\\\/2025\\\/02\\\/Spore-Wellness-Cognitive-510x510-1-jpg.webp\",\"contentUrl\":\"https:\\\/\\\/exoticchemicals.com\\\/wp-content\\\/uploads\\\/2025\\\/02\\\/Spore-Wellness-Cognitive-510x510-1-jpg.webp\",\"width\":510,\"height\":510},{\"@type\":\"BreadcrumbList\",\"@id\":\"https:\\\/\\\/exoticchemicals.com\\\/product\\\/spore-wellness-cognitive-microdose-mushrooms\\\/#breadcrumb\",\"itemListElement\":[{\"@type\":\"ListItem\",\"position\":1,\"name\":\"Home\",\"item\":\"https:\\\/\\\/exoticchemicals.com\\\/\"},{\"@type\":\"ListItem\",\"position\":2,\"name\":\"Shop\",\"item\":\"https:\\\/\\\/exoticchemicals.com\\\/shop\\\/\"},{\"@type\":\"ListItem\",\"position\":3,\"name\":\"Spore Wellness COGNITIVE Microdose Mushrooms\"}]},{\"@type\":\"WebSite\",\"@id\":\"https:\\\/\\\/exoticchemicals.com\\\/#website\",\"url\":\"https:\\\/\\\/exoticchemicals.com\\\/\",\"name\":\"exotic chemicals\",\"description\":\"Buy MDPHP Hydrochloride\",\"publisher\":{\"@id\":\"https:\\\/\\\/exoticchemicals.com\\\/#\\\/schema\\\/person\\\/07ad08472b6f5b213792451a32dbe8c7\"},\"potentialAction\":[{\"@type\":\"SearchAction\",\"target\":{\"@type\":\"EntryPoint\",\"urlTemplate\":\"https:\\\/\\\/exoticchemicals.com\\\/?s={search_term_string}\"},\"query-input\":{\"@type\":\"PropertyValueSpecification\",\"valueRequired\":true,\"valueName\":\"search_term_string\"}}],\"inLanguage\":\"tr\"},{\"@type\":[\"Person\",\"Organization\"],\"@id\":\"https:\\\/\\\/exoticchemicals.com\\\/#\\\/schema\\\/person\\\/07ad08472b6f5b213792451a32dbe8c7\",\"name\":\"wwalkershop@gmail.com\",\"image\":{\"@type\":\"ImageObject\",\"inLanguage\":\"tr\",\"@id\":\"https:\\\/\\\/exoticchemicals.com\\\/wp-content\\\/uploads\\\/2025\\\/02\\\/pure-3-1-1.png\",\"url\":\"https:\\\/\\\/exoticchemicals.com\\\/wp-content\\\/uploads\\\/2025\\\/02\\\/pure-3-1-1.png\",\"contentUrl\":\"https:\\\/\\\/exoticchemicals.com\\\/wp-content\\\/uploads\\\/2025\\\/02\\\/pure-3-1-1.png\",\"width\":500,\"height\":500,\"caption\":\"wwalkershop@gmail.com\"},\"logo\":{\"@id\":\"https:\\\/\\\/exoticchemicals.com\\\/wp-content\\\/uploads\\\/2025\\\/02\\\/pure-3-1-1.png\"},\"sameAs\":[\"http:\\\/\\\/exoticchemicals.com\"]}]}<\/script>\n<!-- \/ Yoast SEO plugin. -->","yoast_head_json":{"title":"Spore Wellness COGNITIVE Microdose Mushrooms -","robots":{"index":"index","follow":"follow","max-snippet":"max-snippet:-1","max-image-preview":"max-image-preview:large","max-video-preview":"max-video-preview:-1"},"canonical":"https:\/\/exoticchemicals.com\/tr\/product\/spore-wellness-cognitive-microdose-mushrooms\/","og_locale":"tr_TR","og_type":"article","og_title":"Spore Wellness COGNITIVE Microdose Mushrooms -","og_description":"Cognitive Microdose Mushrooms Buy Cognitive Microdose Mushrooms, is ideal for those looking for a mental edge by improving memory and general cognition. Spore Wellness\u2019s non-intoxicating formula contains a blend of Golden Teacher (Psilocybe cubensis), Lion\u2019s Mane (Hericium erinaceus), and Organic Ginger. Vegan and gluten free. Each bottle of Spore Wellness COGNITIVE contains 25 capsules (500mg [&hellip;]","og_url":"https:\/\/exoticchemicals.com\/tr\/product\/spore-wellness-cognitive-microdose-mushrooms\/","article_modified_time":"2026-04-14T19:51:33+00:00","og_image":[{"width":510,"height":510,"url":"https:\/\/exoticchemicals.com\/wp-content\/uploads\/2025\/02\/Spore-Wellness-Cognitive-510x510-1-jpg.webp","type":"image\/webp"}],"twitter_card":"summary_large_image","twitter_misc":{"Tahmini okuma s\u00fcresi":"1 dakika"},"schema":{"@context":"https:\/\/schema.org","@graph":[{"@type":"WebPage","@id":"https:\/\/exoticchemicals.com\/product\/spore-wellness-cognitive-microdose-mushrooms\/","url":"https:\/\/exoticchemicals.com\/product\/spore-wellness-cognitive-microdose-mushrooms\/","name":"Spore Wellness COGNITIVE Microdose Mushrooms -","isPartOf":{"@id":"https:\/\/exoticchemicals.com\/#website"},"primaryImageOfPage":{"@id":"https:\/\/exoticchemicals.com\/product\/spore-wellness-cognitive-microdose-mushrooms\/#primaryimage"},"image":{"@id":"https:\/\/exoticchemicals.com\/product\/spore-wellness-cognitive-microdose-mushrooms\/#primaryimage"},"thumbnailUrl":"https:\/\/exoticchemicals.com\/wp-content\/uploads\/2025\/02\/Spore-Wellness-Cognitive-510x510-1-jpg.webp","datePublished":"2025-02-06T21:22:08+00:00","dateModified":"2026-04-14T19:51:33+00:00","breadcrumb":{"@id":"https:\/\/exoticchemicals.com\/product\/spore-wellness-cognitive-microdose-mushrooms\/#breadcrumb"},"inLanguage":"tr","potentialAction":[{"@type":"ReadAction","target":["https:\/\/exoticchemicals.com\/product\/spore-wellness-cognitive-microdose-mushrooms\/"]}]},{"@type":"ImageObject","inLanguage":"tr","@id":"https:\/\/exoticchemicals.com\/product\/spore-wellness-cognitive-microdose-mushrooms\/#primaryimage","url":"https:\/\/exoticchemicals.com\/wp-content\/uploads\/2025\/02\/Spore-Wellness-Cognitive-510x510-1-jpg.webp","contentUrl":"https:\/\/exoticchemicals.com\/wp-content\/uploads\/2025\/02\/Spore-Wellness-Cognitive-510x510-1-jpg.webp","width":510,"height":510},{"@type":"BreadcrumbList","@id":"https:\/\/exoticchemicals.com\/product\/spore-wellness-cognitive-microdose-mushrooms\/#breadcrumb","itemListElement":[{"@type":"ListItem","position":1,"name":"Home","item":"https:\/\/exoticchemicals.com\/"},{"@type":"ListItem","position":2,"name":"Shop","item":"https:\/\/exoticchemicals.com\/shop\/"},{"@type":"ListItem","position":3,"name":"Spore Wellness COGNITIVE Microdose Mushrooms"}]},{"@type":"WebSite","@id":"https:\/\/exoticchemicals.com\/#website","url":"https:\/\/exoticchemicals.com\/","name":"egzoti\u0307k ki\u0307myasallar","description":"MDPHP Hidroklor\u00fcr Sat\u0131n Al\u0131n","publisher":{"@id":"https:\/\/exoticchemicals.com\/#\/schema\/person\/07ad08472b6f5b213792451a32dbe8c7"},"potentialAction":[{"@type":"SearchAction","target":{"@type":"EntryPoint","urlTemplate":"https:\/\/exoticchemicals.com\/?s={search_term_string}"},"query-input":{"@type":"PropertyValueSpecification","valueRequired":true,"valueName":"search_term_string"}}],"inLanguage":"tr"},{"@type":["Person","Organization"],"@id":"https:\/\/exoticchemicals.com\/#\/schema\/person\/07ad08472b6f5b213792451a32dbe8c7","name":"wwalkershop@gmail.com","image":{"@type":"ImageObject","inLanguage":"tr","@id":"https:\/\/exoticchemicals.com\/wp-content\/uploads\/2025\/02\/pure-3-1-1.png","url":"https:\/\/exoticchemicals.com\/wp-content\/uploads\/2025\/02\/pure-3-1-1.png","contentUrl":"https:\/\/exoticchemicals.com\/wp-content\/uploads\/2025\/02\/pure-3-1-1.png","width":500,"height":500,"caption":"wwalkershop@gmail.com"},"logo":{"@id":"https:\/\/exoticchemicals.com\/wp-content\/uploads\/2025\/02\/pure-3-1-1.png"},"sameAs":["http:\/\/exoticchemicals.com"]}]}},"uagb_featured_image_src":{"full":["https:\/\/exoticchemicals.com\/wp-content\/uploads\/2025\/02\/Spore-Wellness-Cognitive-510x510-1-jpg.webp",510,510,false],"thumbnail":["https:\/\/exoticchemicals.com\/wp-content\/uploads\/2025\/02\/Spore-Wellness-Cognitive-510x510-1-jpg-150x150.webp",150,150,true],"medium":["https:\/\/exoticchemicals.com\/wp-content\/uploads\/2025\/02\/Spore-Wellness-Cognitive-510x510-1-jpg-300x300.webp",300,300,true],"medium_large":["https:\/\/exoticchemicals.com\/wp-content\/uploads\/2025\/02\/Spore-Wellness-Cognitive-510x510-1-jpg.webp",510,510,false],"large":["https:\/\/exoticchemicals.com\/wp-content\/uploads\/2025\/02\/Spore-Wellness-Cognitive-510x510-1-jpg.webp",510,510,false],"1536x1536":["https:\/\/exoticchemicals.com\/wp-content\/uploads\/2025\/02\/Spore-Wellness-Cognitive-510x510-1-jpg.webp",510,510,false],"2048x2048":["https:\/\/exoticchemicals.com\/wp-content\/uploads\/2025\/02\/Spore-Wellness-Cognitive-510x510-1-jpg.webp",510,510,false],"trp-custom-language-flag":["https:\/\/exoticchemicals.com\/wp-content\/uploads\/2025\/02\/Spore-Wellness-Cognitive-510x510-1-jpg.webp",12,12,false],"woocommerce_thumbnail":["https:\/\/exoticchemicals.com\/wp-content\/uploads\/2025\/02\/Spore-Wellness-Cognitive-510x510-1-jpg-300x300.webp",300,300,true],"woocommerce_single":["https:\/\/exoticchemicals.com\/wp-content\/uploads\/2025\/02\/Spore-Wellness-Cognitive-510x510-1-jpg.webp",510,510,false],"woocommerce_gallery_thumbnail":["https:\/\/exoticchemicals.com\/wp-content\/uploads\/2025\/02\/Spore-Wellness-Cognitive-510x510-1-jpg-100x100.webp",100,100,true]},"uagb_author_info":{"display_name":"bossman","author_link":"https:\/\/exoticchemicals.com\/tr\/author\/"},"uagb_comment_info":9,"uagb_excerpt":"Cognitive Microdose Mushrooms Buy Cognitive Microdose Mushrooms, is ideal for those looking for a mental edge by improving memory and general cognition. Spore Wellness\u2019s non-intoxicating formula contains a blend of Golden Teacher (Psilocybe cubensis), Lion\u2019s Mane (Hericium erinaceus), and Organic Ginger. Vegan and gluten free. Each bottle of Spore Wellness COGNITIVE contains 25 capsules (500mg&hellip;","_links":{"self":[{"href":"https:\/\/exoticchemicals.com\/tr\/wp-json\/wp\/v2\/product\/3147","targetHints":{"allow":["GET"]}}],"collection":[{"href":"https:\/\/exoticchemicals.com\/tr\/wp-json\/wp\/v2\/product"}],"about":[{"href":"https:\/\/exoticchemicals.com\/tr\/wp-json\/wp\/v2\/types\/product"}],"replies":[{"embeddable":true,"href":"https:\/\/exoticchemicals.com\/tr\/wp-json\/wp\/v2\/comments?post=3147"}],"wp:featuredmedia":[{"embeddable":true,"href":"https:\/\/exoticchemicals.com\/tr\/wp-json\/wp\/v2\/media\/3161"}],"wp:attachment":[{"href":"https:\/\/exoticchemicals.com\/tr\/wp-json\/wp\/v2\/media?parent=3147"}],"wp:term":[{"taxonomy":"product_brand","embeddable":true,"href":"https:\/\/exoticchemicals.com\/tr\/wp-json\/wp\/v2\/product_brand?post=3147"},{"taxonomy":"product_cat","embeddable":true,"href":"https:\/\/exoticchemicals.com\/tr\/wp-json\/wp\/v2\/product_cat?post=3147"},{"taxonomy":"product_tag","embeddable":true,"href":"https:\/\/exoticchemicals.com\/tr\/wp-json\/wp\/v2\/product_tag?post=3147"}],"curies":[{"name":"wp","href":"https:\/\/api.w.org\/{rel}","templated":true}]}}