{"id":3304,"date":"2025-02-06T21:23:00","date_gmt":"2025-02-06T21:23:00","guid":{"rendered":"https:\/\/exoticchemicals.com\/?post_type=product&#038;p=3304"},"modified":"2026-04-16T04:32:15","modified_gmt":"2026-04-16T04:32:15","slug":"buy-ab-chminaca-crystal","status":"publish","type":"product","link":"https:\/\/exoticchemicals.com\/tr\/product\/buy-ab-chminaca-crystal\/","title":{"rendered":"Buy AB-CHMINACA Crystal"},"content":{"rendered":"<p>Buy AB-CHMINACA crystal<br \/> Buy AB-CHMINACA crystal also 1-(cyclohexylmethyl)-1H-indazole-3- carboxamide. (AB-CHMINACA). is an indazole-based synthetic cannabinoid. It is a potent agonist of the CB1 receptor (Ki = 0.78 nM) and CB2 receptor (Ki = 0.45 nM) and fully substitutes for ?9-THC in rat discrimination studies, while being 16x more potent.<\/p>\n<p>it contains a valine amino acid amide residue as part of its structure, where older cannabinoids contained a naphthyl or adamantane residue.<\/p>\n<p>Formula:<br \/> C20H28N4O2<\/p>\n<p>ChemSpider ID:<br \/> 30646774<\/p>\n<p>IUPAC name<br \/> N-[(2S)-1-Amino-3-methyl-1-oxobutan-2-yl]-1-(cyclohexylmethyl)indazole-3-carboxamide<\/p>\n<p>An Analytical Reference Standard<br \/> Item No.<br \/> 28236<\/p>\n<p>Purity:<br \/> ?98%<\/p>\n<p>Formulation:<br \/> A crystalline solid<br \/> ADB-CHMINACA (MAB-CHMINACA)<br \/> is a new synthetic cannabinoid with high potency and many reported adverse events and fatalities. The drug is currently scheduled in several countries in Europe and the USA.<\/p>\n<p>Analyse<br \/> Analyse method developed to confirm ADB-CHMINACA intake for clinical and forensic programs. For many synthetic cannabinoids, parent compound is not detectable in biological samples after intake, making the detection of metabolites the only way to prove consumption. Therefore,\u00a0<a href=\"https:\/\/psychedeliccurestore.com\/wp-admin\/post.php?post=767&amp;action=edit\">detection<\/a>\u00a0of ADB-CHMINACA metabolites in biological specimens is critical.<\/p>\n<p>Part Description<br \/> LP262538-4 AB-CHMINACA butanoate<br \/> AB-CHMINACA hydroxycyclohexyl and AB-CHMINACA butanoate are metabolites of AB-CHMINACA (N-[1-amino-3-methyl-oxobutan-2-yl]-1-[cyclohexylmethyl]-1H-indazole-3-carboxamide), an indazole-based synthetic cannabinoid that shows high affinity for cannabinoid CB1 and CB2 receptors.<\/p>\n<p>Synthetic cannabinoids interact with the same brain receptors as THC (the active drug present in marijuana) and have been demonstrated to produce similar effects. The drug is typically sprayed on botanical material and smoked, although it can be ingested in liquid or also powder form. Products containing this drug are sold under a wide variety of names including (but not limited to) Spice, Potpourri, Smoke, K2, Zombie, Kush, and Cloud 10.<\/p>\n<p>Related Names<br \/> Cfm<br \/> Cloud 10<br \/> CNFR<br \/> CNFRM<br \/> Conf<br \/> Confirmation<br \/> Confirmatory<br \/> DRUG\/TOXICOLOGY<br \/> Drugs<br \/> GCMS<br \/> K2<br \/> Ordinal<br \/> Point in time<br \/> Potpourri<br \/> PR<br \/> QL<br \/> Qual<br \/> Qualitative<br \/> Random<br \/> Screen<br \/> Spice<br \/> Synthetic cannabinoid<br \/> UA<br \/> UR<br \/> Urn<br \/> Zombie<\/p>\n","protected":false},"excerpt":{"rendered":"<p>Buy AB-CHMINACA crystal Buy AB-CHMINACA crystal also 1-(cyclohexylmethyl)-1H-indazole-3- carboxamide. (AB-CHMINACA). is an indazole-based synthetic cannabinoid. It is a potent agonist of the CB1 receptor (Ki = 0.78 nM) and CB2 receptor (Ki = 0.45 nM) and fully substitutes for ?9-THC in rat discrimination studies, while being 16x more potent. it contains a valine amino acid [&hellip;]<\/p>\n","protected":false},"featured_media":3312,"comment_status":"open","ping_status":"closed","template":"","meta":{"_uag_custom_page_level_css":"","site-sidebar-layout":"default","site-content-layout":"","ast-site-content-layout":"default","site-content-style":"default","site-sidebar-style":"default","ast-global-header-display":"","ast-banner-title-visibility":"","ast-main-header-display":"","ast-hfb-above-header-display":"","ast-hfb-below-header-display":"","ast-hfb-mobile-header-display":"","site-post-title":"","ast-breadcrumbs-content":"","ast-featured-img":"","footer-sml-layout":"","ast-disable-related-posts":"","theme-transparent-header-meta":"","adv-header-id-meta":"","stick-header-meta":"","header-above-stick-meta":"","header-main-stick-meta":"","header-below-stick-meta":"","astra-migrate-meta-layouts":"default","ast-page-background-enabled":"default","ast-page-background-meta":{"desktop":{"background-color":"","background-image":"","background-repeat":"repeat","background-position":"center center","background-size":"auto","background-attachment":"scroll","background-type":"","background-media":"","overlay-type":"","overlay-color":"","overlay-opacity":"","overlay-gradient":""},"tablet":{"background-color":"","background-image":"","background-repeat":"repeat","background-position":"center center","background-size":"auto","background-attachment":"scroll","background-type":"","background-media":"","overlay-type":"","overlay-color":"","overlay-opacity":"","overlay-gradient":""},"mobile":{"background-color":"","background-image":"","background-repeat":"repeat","background-position":"center center","background-size":"auto","background-attachment":"scroll","background-type":"","background-media":"","overlay-type":"","overlay-color":"","overlay-opacity":"","overlay-gradient":""}},"ast-content-background-meta":{"desktop":{"background-color":"var(--ast-global-color-5)","background-image":"","background-repeat":"repeat","background-position":"center center","background-size":"auto","background-attachment":"scroll","background-type":"","background-media":"","overlay-type":"","overlay-color":"","overlay-opacity":"","overlay-gradient":""},"tablet":{"background-color":"var(--ast-global-color-5)","background-image":"","background-repeat":"repeat","background-position":"center center","background-size":"auto","background-attachment":"scroll","background-type":"","background-media":"","overlay-type":"","overlay-color":"","overlay-opacity":"","overlay-gradient":""},"mobile":{"background-color":"var(--ast-global-color-5)","background-image":"","background-repeat":"repeat","background-position":"center center","background-size":"auto","background-attachment":"scroll","background-type":"","background-media":"","overlay-type":"","overlay-color":"","overlay-opacity":"","overlay-gradient":""}}},"product_brand":[],"product_cat":[1392],"product_tag":[],"class_list":{"0":"post-3304","1":"product","2":"type-product","3":"status-publish","4":"has-post-thumbnail","6":"product_cat-buy-synthetic-cannabinoid-online-buy-5fur-144-powder","7":"desktop-align-left","8":"tablet-align-left","9":"mobile-align-left","11":"first","12":"instock","13":"shipping-taxable","14":"purchasable","15":"product-type-variable"},"yoast_head":"<!-- This site is optimized with the Yoast SEO plugin v27.4 - https:\/\/yoast.com\/product\/yoast-seo-wordpress\/ -->\n<title>Buy AB-CHMINACA Crystal -<\/title>\n<meta name=\"robots\" content=\"index, follow, max-snippet:-1, max-image-preview:large, max-video-preview:-1\" \/>\n<link rel=\"canonical\" href=\"https:\/\/exoticchemicals.com\/tr\/product\/buy-ab-chminaca-crystal\/\" \/>\n<meta property=\"og:locale\" content=\"tr_TR\" \/>\n<meta property=\"og:type\" content=\"article\" \/>\n<meta property=\"og:title\" content=\"Buy AB-CHMINACA Crystal -\" \/>\n<meta property=\"og:description\" content=\"Buy AB-CHMINACA crystal Buy AB-CHMINACA crystal also 1-(cyclohexylmethyl)-1H-indazole-3- carboxamide. (AB-CHMINACA). is an indazole-based synthetic cannabinoid. It is a potent agonist of the CB1 receptor (Ki = 0.78 nM) and CB2 receptor (Ki = 0.45 nM) and fully substitutes for ?9-THC in rat discrimination studies, while being 16x more potent. it contains a valine amino acid [&hellip;]\" \/>\n<meta property=\"og:url\" content=\"https:\/\/exoticchemicals.com\/tr\/product\/buy-ab-chminaca-crystal\/\" \/>\n<meta property=\"article:modified_time\" content=\"2026-04-16T04:32:15+00:00\" \/>\n<meta property=\"og:image\" content=\"https:\/\/exoticchemicals.com\/wp-content\/uploads\/2025\/02\/Buy-AB-CHMINACA-Crystal-jpg.webp\" \/>\n\t<meta property=\"og:image:width\" content=\"505\" \/>\n\t<meta property=\"og:image:height\" content=\"618\" \/>\n\t<meta property=\"og:image:type\" content=\"image\/webp\" \/>\n<meta name=\"twitter:card\" content=\"summary_large_image\" \/>\n<meta name=\"twitter:label1\" content=\"Tahmini okuma s\u00fcresi\" \/>\n\t<meta name=\"twitter:data1\" content=\"2 dakika\" \/>\n<script type=\"application\/ld+json\" class=\"yoast-schema-graph\">{\"@context\":\"https:\\\/\\\/schema.org\",\"@graph\":[{\"@type\":\"WebPage\",\"@id\":\"https:\\\/\\\/exoticchemicals.com\\\/product\\\/buy-ab-chminaca-crystal\\\/\",\"url\":\"https:\\\/\\\/exoticchemicals.com\\\/product\\\/buy-ab-chminaca-crystal\\\/\",\"name\":\"Buy AB-CHMINACA Crystal -\",\"isPartOf\":{\"@id\":\"https:\\\/\\\/exoticchemicals.com\\\/#website\"},\"primaryImageOfPage\":{\"@id\":\"https:\\\/\\\/exoticchemicals.com\\\/product\\\/buy-ab-chminaca-crystal\\\/#primaryimage\"},\"image\":{\"@id\":\"https:\\\/\\\/exoticchemicals.com\\\/product\\\/buy-ab-chminaca-crystal\\\/#primaryimage\"},\"thumbnailUrl\":\"https:\\\/\\\/exoticchemicals.com\\\/wp-content\\\/uploads\\\/2025\\\/02\\\/Buy-AB-CHMINACA-Crystal-jpg.webp\",\"datePublished\":\"2025-02-06T21:23:00+00:00\",\"dateModified\":\"2026-04-16T04:32:15+00:00\",\"breadcrumb\":{\"@id\":\"https:\\\/\\\/exoticchemicals.com\\\/product\\\/buy-ab-chminaca-crystal\\\/#breadcrumb\"},\"inLanguage\":\"tr\",\"potentialAction\":[{\"@type\":\"ReadAction\",\"target\":[\"https:\\\/\\\/exoticchemicals.com\\\/product\\\/buy-ab-chminaca-crystal\\\/\"]}]},{\"@type\":\"ImageObject\",\"inLanguage\":\"tr\",\"@id\":\"https:\\\/\\\/exoticchemicals.com\\\/product\\\/buy-ab-chminaca-crystal\\\/#primaryimage\",\"url\":\"https:\\\/\\\/exoticchemicals.com\\\/wp-content\\\/uploads\\\/2025\\\/02\\\/Buy-AB-CHMINACA-Crystal-jpg.webp\",\"contentUrl\":\"https:\\\/\\\/exoticchemicals.com\\\/wp-content\\\/uploads\\\/2025\\\/02\\\/Buy-AB-CHMINACA-Crystal-jpg.webp\",\"width\":505,\"height\":618},{\"@type\":\"BreadcrumbList\",\"@id\":\"https:\\\/\\\/exoticchemicals.com\\\/product\\\/buy-ab-chminaca-crystal\\\/#breadcrumb\",\"itemListElement\":[{\"@type\":\"ListItem\",\"position\":1,\"name\":\"Home\",\"item\":\"https:\\\/\\\/exoticchemicals.com\\\/\"},{\"@type\":\"ListItem\",\"position\":2,\"name\":\"Shop\",\"item\":\"https:\\\/\\\/exoticchemicals.com\\\/shop\\\/\"},{\"@type\":\"ListItem\",\"position\":3,\"name\":\"Buy AB-CHMINACA Crystal\"}]},{\"@type\":\"WebSite\",\"@id\":\"https:\\\/\\\/exoticchemicals.com\\\/#website\",\"url\":\"https:\\\/\\\/exoticchemicals.com\\\/\",\"name\":\"exotic chemicals\",\"description\":\"Buy MDPHP Hydrochloride\",\"publisher\":{\"@id\":\"https:\\\/\\\/exoticchemicals.com\\\/#\\\/schema\\\/person\\\/07ad08472b6f5b213792451a32dbe8c7\"},\"potentialAction\":[{\"@type\":\"SearchAction\",\"target\":{\"@type\":\"EntryPoint\",\"urlTemplate\":\"https:\\\/\\\/exoticchemicals.com\\\/?s={search_term_string}\"},\"query-input\":{\"@type\":\"PropertyValueSpecification\",\"valueRequired\":true,\"valueName\":\"search_term_string\"}}],\"inLanguage\":\"tr\"},{\"@type\":[\"Person\",\"Organization\"],\"@id\":\"https:\\\/\\\/exoticchemicals.com\\\/#\\\/schema\\\/person\\\/07ad08472b6f5b213792451a32dbe8c7\",\"name\":\"wwalkershop@gmail.com\",\"image\":{\"@type\":\"ImageObject\",\"inLanguage\":\"tr\",\"@id\":\"https:\\\/\\\/exoticchemicals.com\\\/wp-content\\\/uploads\\\/2025\\\/02\\\/pure-3-1-1.png\",\"url\":\"https:\\\/\\\/exoticchemicals.com\\\/wp-content\\\/uploads\\\/2025\\\/02\\\/pure-3-1-1.png\",\"contentUrl\":\"https:\\\/\\\/exoticchemicals.com\\\/wp-content\\\/uploads\\\/2025\\\/02\\\/pure-3-1-1.png\",\"width\":500,\"height\":500,\"caption\":\"wwalkershop@gmail.com\"},\"logo\":{\"@id\":\"https:\\\/\\\/exoticchemicals.com\\\/wp-content\\\/uploads\\\/2025\\\/02\\\/pure-3-1-1.png\"},\"sameAs\":[\"http:\\\/\\\/exoticchemicals.com\"]}]}<\/script>\n<!-- \/ Yoast SEO plugin. -->","yoast_head_json":{"title":"Buy AB-CHMINACA Crystal -","robots":{"index":"index","follow":"follow","max-snippet":"max-snippet:-1","max-image-preview":"max-image-preview:large","max-video-preview":"max-video-preview:-1"},"canonical":"https:\/\/exoticchemicals.com\/tr\/product\/buy-ab-chminaca-crystal\/","og_locale":"tr_TR","og_type":"article","og_title":"Buy AB-CHMINACA Crystal -","og_description":"Buy AB-CHMINACA crystal Buy AB-CHMINACA crystal also 1-(cyclohexylmethyl)-1H-indazole-3- carboxamide. (AB-CHMINACA). is an indazole-based synthetic cannabinoid. It is a potent agonist of the CB1 receptor (Ki = 0.78 nM) and CB2 receptor (Ki = 0.45 nM) and fully substitutes for ?9-THC in rat discrimination studies, while being 16x more potent. it contains a valine amino acid [&hellip;]","og_url":"https:\/\/exoticchemicals.com\/tr\/product\/buy-ab-chminaca-crystal\/","article_modified_time":"2026-04-16T04:32:15+00:00","og_image":[{"width":505,"height":618,"url":"https:\/\/exoticchemicals.com\/wp-content\/uploads\/2025\/02\/Buy-AB-CHMINACA-Crystal-jpg.webp","type":"image\/webp"}],"twitter_card":"summary_large_image","twitter_misc":{"Tahmini okuma s\u00fcresi":"2 dakika"},"schema":{"@context":"https:\/\/schema.org","@graph":[{"@type":"WebPage","@id":"https:\/\/exoticchemicals.com\/product\/buy-ab-chminaca-crystal\/","url":"https:\/\/exoticchemicals.com\/product\/buy-ab-chminaca-crystal\/","name":"Buy AB-CHMINACA Crystal -","isPartOf":{"@id":"https:\/\/exoticchemicals.com\/#website"},"primaryImageOfPage":{"@id":"https:\/\/exoticchemicals.com\/product\/buy-ab-chminaca-crystal\/#primaryimage"},"image":{"@id":"https:\/\/exoticchemicals.com\/product\/buy-ab-chminaca-crystal\/#primaryimage"},"thumbnailUrl":"https:\/\/exoticchemicals.com\/wp-content\/uploads\/2025\/02\/Buy-AB-CHMINACA-Crystal-jpg.webp","datePublished":"2025-02-06T21:23:00+00:00","dateModified":"2026-04-16T04:32:15+00:00","breadcrumb":{"@id":"https:\/\/exoticchemicals.com\/product\/buy-ab-chminaca-crystal\/#breadcrumb"},"inLanguage":"tr","potentialAction":[{"@type":"ReadAction","target":["https:\/\/exoticchemicals.com\/product\/buy-ab-chminaca-crystal\/"]}]},{"@type":"ImageObject","inLanguage":"tr","@id":"https:\/\/exoticchemicals.com\/product\/buy-ab-chminaca-crystal\/#primaryimage","url":"https:\/\/exoticchemicals.com\/wp-content\/uploads\/2025\/02\/Buy-AB-CHMINACA-Crystal-jpg.webp","contentUrl":"https:\/\/exoticchemicals.com\/wp-content\/uploads\/2025\/02\/Buy-AB-CHMINACA-Crystal-jpg.webp","width":505,"height":618},{"@type":"BreadcrumbList","@id":"https:\/\/exoticchemicals.com\/product\/buy-ab-chminaca-crystal\/#breadcrumb","itemListElement":[{"@type":"ListItem","position":1,"name":"Home","item":"https:\/\/exoticchemicals.com\/"},{"@type":"ListItem","position":2,"name":"Shop","item":"https:\/\/exoticchemicals.com\/shop\/"},{"@type":"ListItem","position":3,"name":"Buy AB-CHMINACA Crystal"}]},{"@type":"WebSite","@id":"https:\/\/exoticchemicals.com\/#website","url":"https:\/\/exoticchemicals.com\/","name":"egzoti\u0307k ki\u0307myasallar","description":"MDPHP Hidroklor\u00fcr Sat\u0131n Al\u0131n","publisher":{"@id":"https:\/\/exoticchemicals.com\/#\/schema\/person\/07ad08472b6f5b213792451a32dbe8c7"},"potentialAction":[{"@type":"SearchAction","target":{"@type":"EntryPoint","urlTemplate":"https:\/\/exoticchemicals.com\/?s={search_term_string}"},"query-input":{"@type":"PropertyValueSpecification","valueRequired":true,"valueName":"search_term_string"}}],"inLanguage":"tr"},{"@type":["Person","Organization"],"@id":"https:\/\/exoticchemicals.com\/#\/schema\/person\/07ad08472b6f5b213792451a32dbe8c7","name":"wwalkershop@gmail.com","image":{"@type":"ImageObject","inLanguage":"tr","@id":"https:\/\/exoticchemicals.com\/wp-content\/uploads\/2025\/02\/pure-3-1-1.png","url":"https:\/\/exoticchemicals.com\/wp-content\/uploads\/2025\/02\/pure-3-1-1.png","contentUrl":"https:\/\/exoticchemicals.com\/wp-content\/uploads\/2025\/02\/pure-3-1-1.png","width":500,"height":500,"caption":"wwalkershop@gmail.com"},"logo":{"@id":"https:\/\/exoticchemicals.com\/wp-content\/uploads\/2025\/02\/pure-3-1-1.png"},"sameAs":["http:\/\/exoticchemicals.com"]}]}},"uagb_featured_image_src":{"full":["https:\/\/exoticchemicals.com\/wp-content\/uploads\/2025\/02\/Buy-AB-CHMINACA-Crystal-jpg.webp",505,618,false],"thumbnail":["https:\/\/exoticchemicals.com\/wp-content\/uploads\/2025\/02\/Buy-AB-CHMINACA-Crystal-jpg-150x150.webp",150,150,true],"medium":["https:\/\/exoticchemicals.com\/wp-content\/uploads\/2025\/02\/Buy-AB-CHMINACA-Crystal-jpg-245x300.webp",245,300,true],"medium_large":["https:\/\/exoticchemicals.com\/wp-content\/uploads\/2025\/02\/Buy-AB-CHMINACA-Crystal-jpg.webp",505,618,false],"large":["https:\/\/exoticchemicals.com\/wp-content\/uploads\/2025\/02\/Buy-AB-CHMINACA-Crystal-jpg.webp",505,618,false],"1536x1536":["https:\/\/exoticchemicals.com\/wp-content\/uploads\/2025\/02\/Buy-AB-CHMINACA-Crystal-jpg.webp",505,618,false],"2048x2048":["https:\/\/exoticchemicals.com\/wp-content\/uploads\/2025\/02\/Buy-AB-CHMINACA-Crystal-jpg.webp",505,618,false],"trp-custom-language-flag":["https:\/\/exoticchemicals.com\/wp-content\/uploads\/2025\/02\/Buy-AB-CHMINACA-Crystal-jpg.webp",10,12,false],"woocommerce_thumbnail":["https:\/\/exoticchemicals.com\/wp-content\/uploads\/2025\/02\/Buy-AB-CHMINACA-Crystal-jpg-300x300.webp",300,300,true],"woocommerce_single":["https:\/\/exoticchemicals.com\/wp-content\/uploads\/2025\/02\/Buy-AB-CHMINACA-Crystal-jpg.webp",505,618,false],"woocommerce_gallery_thumbnail":["https:\/\/exoticchemicals.com\/wp-content\/uploads\/2025\/02\/Buy-AB-CHMINACA-Crystal-jpg-100x100.webp",100,100,true]},"uagb_author_info":{"display_name":"bossman","author_link":"https:\/\/exoticchemicals.com\/tr\/author\/"},"uagb_comment_info":6,"uagb_excerpt":"Buy AB-CHMINACA crystal Buy AB-CHMINACA crystal also 1-(cyclohexylmethyl)-1H-indazole-3- carboxamide. (AB-CHMINACA). is an indazole-based synthetic cannabinoid. It is a potent agonist of the CB1 receptor (Ki = 0.78 nM) and CB2 receptor (Ki = 0.45 nM) and fully substitutes for ?9-THC in rat discrimination studies, while being 16x more potent. it contains a valine amino acid&hellip;","_links":{"self":[{"href":"https:\/\/exoticchemicals.com\/tr\/wp-json\/wp\/v2\/product\/3304","targetHints":{"allow":["GET"]}}],"collection":[{"href":"https:\/\/exoticchemicals.com\/tr\/wp-json\/wp\/v2\/product"}],"about":[{"href":"https:\/\/exoticchemicals.com\/tr\/wp-json\/wp\/v2\/types\/product"}],"replies":[{"embeddable":true,"href":"https:\/\/exoticchemicals.com\/tr\/wp-json\/wp\/v2\/comments?post=3304"}],"wp:featuredmedia":[{"embeddable":true,"href":"https:\/\/exoticchemicals.com\/tr\/wp-json\/wp\/v2\/media\/3312"}],"wp:attachment":[{"href":"https:\/\/exoticchemicals.com\/tr\/wp-json\/wp\/v2\/media?parent=3304"}],"wp:term":[{"taxonomy":"product_brand","embeddable":true,"href":"https:\/\/exoticchemicals.com\/tr\/wp-json\/wp\/v2\/product_brand?post=3304"},{"taxonomy":"product_cat","embeddable":true,"href":"https:\/\/exoticchemicals.com\/tr\/wp-json\/wp\/v2\/product_cat?post=3304"},{"taxonomy":"product_tag","embeddable":true,"href":"https:\/\/exoticchemicals.com\/tr\/wp-json\/wp\/v2\/product_tag?post=3304"}],"curies":[{"name":"wp","href":"https:\/\/api.w.org\/{rel}","templated":true}]}}