{"id":3331,"date":"2025-02-06T21:23:09","date_gmt":"2025-02-06T21:23:09","guid":{"rendered":"https:\/\/exoticchemicals.com\/?post_type=product&#038;p=3331"},"modified":"2026-04-13T15:21:32","modified_gmt":"2026-04-13T15:21:32","slug":"buy-5f-mdmb-2201","status":"publish","type":"product","link":"https:\/\/exoticchemicals.com\/tr\/product\/buy-5f-mdmb-2201\/","title":{"rendered":"5f-mdmb-2201 sat\u0131n al\u0131n"},"content":{"rendered":"<p>Buy 5f-mdmb-2201 online<br \/>\nBuy 5f-mdmb-2201 online at our shop now,\u00a0 synthetic cannabinoid also known as 5F-MMB-PICA, 5F-AMB-PICA, and I-AMB.<\/p>\n<p>Synonyms MDMB-2201 5-fluoro-MDMB-2201<\/p>\n<p>CAS Number 1971007-88-1<br \/>\nMolecular Formula C21H29FN2O3<br \/>\nFormula Weight 376.5<br \/>\nPurity ?100%<br \/>\nFormulation A crystalline solid ?max 217, 290 nm<br \/>\nControl Status 5f mdmb 2201<br \/>\n5F-MDMB-PICA is a\u00a0Schedule\u00a0I controlled substance under the Federal Controlled Substances Act.<\/p>\n<p>IllicitBuy 5f-mdmb-2201 online :<br \/>\nThe National Forensic Laboratory Information System (NFLIS), a system that collects drug analysis information from state and local forensic laboratories, contain 340 reports for 5F-MDMB-PICA between 2016 and 2018.<\/p>\n<p>Storage Information<br \/>\nStorage: -20\u00b0C<br \/>\nShipping : Room Temperature in continental US; may vary elsewhere<br \/>\nStability: ? 2 years<br \/>\nPharmacology:<br \/>\nData from preclinical studies show that 5F-MDMBPICA binds to and acts as an agonist at the CB1 receptor. There are no published studies on the safety of 5FMDMB-PICA for human use.<\/p>\n<p>MMB-2201 is the indole core analogue of 5F-AMB. Synthetic cannabinoid compounds with an indole-3-carboxamide or indazole-3-carboxamide core bearing a N-1-methoxycarbonyl group with attached isopropyl or tert-butyl substituent, have proved to be much more dangerous than older synthetic cannabinoid compounds previously reported, and have been linked to many deaths in Russia, Japan, Europe and the United States.<\/p>","protected":false},"excerpt":{"rendered":"<p>Buy 5f-mdmb-2201 online Buy 5f-mdmb-2201 online at our shop now,\u00a0 synthetic cannabinoid also known as 5F-MMB-PICA, 5F-AMB-PICA, and I-AMB. Synonyms MDMB-2201 5-fluoro-MDMB-2201 CAS Number 1971007-88-1 Molecular Formula C21H29FN2O3 Formula Weight 376.5 Purity ?100% Formulation A crystalline solid ?max 217, 290 nm Control Status 5f mdmb 2201 5F-MDMB-PICA is a\u00a0Schedule\u00a0I controlled substance under the Federal Controlled [&hellip;]<\/p>\n","protected":false},"featured_media":3346,"comment_status":"open","ping_status":"closed","template":"","meta":{"_uag_custom_page_level_css":"","site-sidebar-layout":"default","site-content-layout":"","ast-site-content-layout":"default","site-content-style":"default","site-sidebar-style":"default","ast-global-header-display":"","ast-banner-title-visibility":"","ast-main-header-display":"","ast-hfb-above-header-display":"","ast-hfb-below-header-display":"","ast-hfb-mobile-header-display":"","site-post-title":"","ast-breadcrumbs-content":"","ast-featured-img":"","footer-sml-layout":"","theme-transparent-header-meta":"default","adv-header-id-meta":"","stick-header-meta":"","header-above-stick-meta":"","header-main-stick-meta":"","header-below-stick-meta":"","astra-migrate-meta-layouts":"set","ast-page-background-enabled":"default","ast-page-background-meta":{"desktop":{"background-color":"","background-image":"","background-repeat":"repeat","background-position":"center center","background-size":"auto","background-attachment":"scroll","background-type":"","background-media":"","overlay-type":"","overlay-color":"","overlay-opacity":"","overlay-gradient":""},"tablet":{"background-color":"","background-image":"","background-repeat":"repeat","background-position":"center center","background-size":"auto","background-attachment":"scroll","background-type":"","background-media":"","overlay-type":"","overlay-color":"","overlay-opacity":"","overlay-gradient":""},"mobile":{"background-color":"","background-image":"","background-repeat":"repeat","background-position":"center center","background-size":"auto","background-attachment":"scroll","background-type":"","background-media":"","overlay-type":"","overlay-color":"","overlay-opacity":"","overlay-gradient":""}},"ast-content-background-meta":{"desktop":{"background-color":"var(--ast-global-color-5)","background-image":"","background-repeat":"repeat","background-position":"center center","background-size":"auto","background-attachment":"scroll","background-type":"","background-media":"","overlay-type":"","overlay-color":"","overlay-opacity":"","overlay-gradient":""},"tablet":{"background-color":"var(--ast-global-color-5)","background-image":"","background-repeat":"repeat","background-position":"center center","background-size":"auto","background-attachment":"scroll","background-type":"","background-media":"","overlay-type":"","overlay-color":"","overlay-opacity":"","overlay-gradient":""},"mobile":{"background-color":"var(--ast-global-color-5)","background-image":"","background-repeat":"repeat","background-position":"center center","background-size":"auto","background-attachment":"scroll","background-type":"","background-media":"","overlay-type":"","overlay-color":"","overlay-opacity":"","overlay-gradient":""}}},"product_brand":[],"product_cat":[1392],"product_tag":[],"class_list":{"0":"post-3331","1":"product","2":"type-product","3":"status-publish","4":"has-post-thumbnail","6":"product_cat-buy-synthetic-cannabinoid-online-buy-5fur-144-powder","7":"desktop-align-left","8":"tablet-align-left","9":"mobile-align-left","11":"first","12":"instock","13":"shipping-taxable","14":"purchasable","15":"product-type-variable"},"yoast_head":"<!-- This site is optimized with the Yoast SEO plugin v27.4 - https:\/\/yoast.com\/product\/yoast-seo-wordpress\/ -->\n<title>Buy 5f-mdmb-2201 -<\/title>\n<meta name=\"robots\" content=\"index, follow, max-snippet:-1, max-image-preview:large, max-video-preview:-1\" \/>\n<link rel=\"canonical\" href=\"https:\/\/exoticchemicals.com\/tr\/product\/buy-5f-mdmb-2201\/\" \/>\n<meta property=\"og:locale\" content=\"tr_TR\" \/>\n<meta property=\"og:type\" content=\"article\" \/>\n<meta property=\"og:title\" content=\"Buy 5f-mdmb-2201 -\" \/>\n<meta property=\"og:description\" content=\"Buy 5f-mdmb-2201 online Buy 5f-mdmb-2201 online at our shop now,\u00a0 synthetic cannabinoid also known as 5F-MMB-PICA, 5F-AMB-PICA, and I-AMB. Synonyms MDMB-2201 5-fluoro-MDMB-2201 CAS Number 1971007-88-1 Molecular Formula C21H29FN2O3 Formula Weight 376.5 Purity ?100% Formulation A crystalline solid ?max 217, 290 nm Control Status 5f mdmb 2201 5F-MDMB-PICA is a\u00a0Schedule\u00a0I controlled substance under the Federal Controlled [&hellip;]\" \/>\n<meta property=\"og:url\" content=\"https:\/\/exoticchemicals.com\/tr\/product\/buy-5f-mdmb-2201\/\" \/>\n<meta property=\"article:modified_time\" content=\"2026-04-13T15:21:32+00:00\" \/>\n<meta property=\"og:image\" content=\"https:\/\/exoticchemicals.com\/wp-content\/uploads\/2025\/02\/buy-5f-mdmb-2201-online-jpg.webp\" \/>\n\t<meta property=\"og:image:width\" content=\"452\" \/>\n\t<meta property=\"og:image:height\" content=\"517\" \/>\n\t<meta property=\"og:image:type\" content=\"image\/webp\" \/>\n<meta name=\"twitter:card\" content=\"summary_large_image\" \/>\n<meta name=\"twitter:label1\" content=\"Tahmini okuma s\u00fcresi\" \/>\n\t<meta name=\"twitter:data1\" content=\"2 dakika\" \/>\n<script type=\"application\/ld+json\" class=\"yoast-schema-graph\">{\"@context\":\"https:\\\/\\\/schema.org\",\"@graph\":[{\"@type\":\"WebPage\",\"@id\":\"https:\\\/\\\/exoticchemicals.com\\\/product\\\/buy-5f-mdmb-2201\\\/\",\"url\":\"https:\\\/\\\/exoticchemicals.com\\\/product\\\/buy-5f-mdmb-2201\\\/\",\"name\":\"Buy 5f-mdmb-2201 -\",\"isPartOf\":{\"@id\":\"https:\\\/\\\/exoticchemicals.com\\\/#website\"},\"primaryImageOfPage\":{\"@id\":\"https:\\\/\\\/exoticchemicals.com\\\/product\\\/buy-5f-mdmb-2201\\\/#primaryimage\"},\"image\":{\"@id\":\"https:\\\/\\\/exoticchemicals.com\\\/product\\\/buy-5f-mdmb-2201\\\/#primaryimage\"},\"thumbnailUrl\":\"https:\\\/\\\/exoticchemicals.com\\\/wp-content\\\/uploads\\\/2025\\\/02\\\/buy-5f-mdmb-2201-online-jpg.webp\",\"datePublished\":\"2025-02-06T21:23:09+00:00\",\"dateModified\":\"2026-04-13T15:21:32+00:00\",\"breadcrumb\":{\"@id\":\"https:\\\/\\\/exoticchemicals.com\\\/product\\\/buy-5f-mdmb-2201\\\/#breadcrumb\"},\"inLanguage\":\"tr\",\"potentialAction\":[{\"@type\":\"ReadAction\",\"target\":[\"https:\\\/\\\/exoticchemicals.com\\\/product\\\/buy-5f-mdmb-2201\\\/\"]}]},{\"@type\":\"ImageObject\",\"inLanguage\":\"tr\",\"@id\":\"https:\\\/\\\/exoticchemicals.com\\\/product\\\/buy-5f-mdmb-2201\\\/#primaryimage\",\"url\":\"https:\\\/\\\/exoticchemicals.com\\\/wp-content\\\/uploads\\\/2025\\\/02\\\/buy-5f-mdmb-2201-online-jpg.webp\",\"contentUrl\":\"https:\\\/\\\/exoticchemicals.com\\\/wp-content\\\/uploads\\\/2025\\\/02\\\/buy-5f-mdmb-2201-online-jpg.webp\",\"width\":452,\"height\":517},{\"@type\":\"BreadcrumbList\",\"@id\":\"https:\\\/\\\/exoticchemicals.com\\\/product\\\/buy-5f-mdmb-2201\\\/#breadcrumb\",\"itemListElement\":[{\"@type\":\"ListItem\",\"position\":1,\"name\":\"Home\",\"item\":\"https:\\\/\\\/exoticchemicals.com\\\/\"},{\"@type\":\"ListItem\",\"position\":2,\"name\":\"Shop\",\"item\":\"https:\\\/\\\/exoticchemicals.com\\\/shop\\\/\"},{\"@type\":\"ListItem\",\"position\":3,\"name\":\"Buy 5f-mdmb-2201\"}]},{\"@type\":\"WebSite\",\"@id\":\"https:\\\/\\\/exoticchemicals.com\\\/#website\",\"url\":\"https:\\\/\\\/exoticchemicals.com\\\/\",\"name\":\"exotic chemicals\",\"description\":\"Buy MDPHP Hydrochloride\",\"publisher\":{\"@id\":\"https:\\\/\\\/exoticchemicals.com\\\/#\\\/schema\\\/person\\\/07ad08472b6f5b213792451a32dbe8c7\"},\"potentialAction\":[{\"@type\":\"SearchAction\",\"target\":{\"@type\":\"EntryPoint\",\"urlTemplate\":\"https:\\\/\\\/exoticchemicals.com\\\/?s={search_term_string}\"},\"query-input\":{\"@type\":\"PropertyValueSpecification\",\"valueRequired\":true,\"valueName\":\"search_term_string\"}}],\"inLanguage\":\"tr\"},{\"@type\":[\"Person\",\"Organization\"],\"@id\":\"https:\\\/\\\/exoticchemicals.com\\\/#\\\/schema\\\/person\\\/07ad08472b6f5b213792451a32dbe8c7\",\"name\":\"wwalkershop@gmail.com\",\"image\":{\"@type\":\"ImageObject\",\"inLanguage\":\"tr\",\"@id\":\"https:\\\/\\\/exoticchemicals.com\\\/wp-content\\\/uploads\\\/2025\\\/02\\\/pure-3-1-1.png\",\"url\":\"https:\\\/\\\/exoticchemicals.com\\\/wp-content\\\/uploads\\\/2025\\\/02\\\/pure-3-1-1.png\",\"contentUrl\":\"https:\\\/\\\/exoticchemicals.com\\\/wp-content\\\/uploads\\\/2025\\\/02\\\/pure-3-1-1.png\",\"width\":500,\"height\":500,\"caption\":\"wwalkershop@gmail.com\"},\"logo\":{\"@id\":\"https:\\\/\\\/exoticchemicals.com\\\/wp-content\\\/uploads\\\/2025\\\/02\\\/pure-3-1-1.png\"},\"sameAs\":[\"http:\\\/\\\/exoticchemicals.com\"]}]}<\/script>\n<!-- \/ Yoast SEO plugin. -->","yoast_head_json":{"title":"Buy 5f-mdmb-2201 -","robots":{"index":"index","follow":"follow","max-snippet":"max-snippet:-1","max-image-preview":"max-image-preview:large","max-video-preview":"max-video-preview:-1"},"canonical":"https:\/\/exoticchemicals.com\/tr\/product\/buy-5f-mdmb-2201\/","og_locale":"tr_TR","og_type":"article","og_title":"Buy 5f-mdmb-2201 -","og_description":"Buy 5f-mdmb-2201 online Buy 5f-mdmb-2201 online at our shop now,\u00a0 synthetic cannabinoid also known as 5F-MMB-PICA, 5F-AMB-PICA, and I-AMB. Synonyms MDMB-2201 5-fluoro-MDMB-2201 CAS Number 1971007-88-1 Molecular Formula C21H29FN2O3 Formula Weight 376.5 Purity ?100% Formulation A crystalline solid ?max 217, 290 nm Control Status 5f mdmb 2201 5F-MDMB-PICA is a\u00a0Schedule\u00a0I controlled substance under the Federal Controlled [&hellip;]","og_url":"https:\/\/exoticchemicals.com\/tr\/product\/buy-5f-mdmb-2201\/","article_modified_time":"2026-04-13T15:21:32+00:00","og_image":[{"width":452,"height":517,"url":"https:\/\/exoticchemicals.com\/wp-content\/uploads\/2025\/02\/buy-5f-mdmb-2201-online-jpg.webp","type":"image\/webp"}],"twitter_card":"summary_large_image","twitter_misc":{"Tahmini okuma s\u00fcresi":"2 dakika"},"schema":{"@context":"https:\/\/schema.org","@graph":[{"@type":"WebPage","@id":"https:\/\/exoticchemicals.com\/product\/buy-5f-mdmb-2201\/","url":"https:\/\/exoticchemicals.com\/product\/buy-5f-mdmb-2201\/","name":"Buy 5f-mdmb-2201 -","isPartOf":{"@id":"https:\/\/exoticchemicals.com\/#website"},"primaryImageOfPage":{"@id":"https:\/\/exoticchemicals.com\/product\/buy-5f-mdmb-2201\/#primaryimage"},"image":{"@id":"https:\/\/exoticchemicals.com\/product\/buy-5f-mdmb-2201\/#primaryimage"},"thumbnailUrl":"https:\/\/exoticchemicals.com\/wp-content\/uploads\/2025\/02\/buy-5f-mdmb-2201-online-jpg.webp","datePublished":"2025-02-06T21:23:09+00:00","dateModified":"2026-04-13T15:21:32+00:00","breadcrumb":{"@id":"https:\/\/exoticchemicals.com\/product\/buy-5f-mdmb-2201\/#breadcrumb"},"inLanguage":"tr","potentialAction":[{"@type":"ReadAction","target":["https:\/\/exoticchemicals.com\/product\/buy-5f-mdmb-2201\/"]}]},{"@type":"ImageObject","inLanguage":"tr","@id":"https:\/\/exoticchemicals.com\/product\/buy-5f-mdmb-2201\/#primaryimage","url":"https:\/\/exoticchemicals.com\/wp-content\/uploads\/2025\/02\/buy-5f-mdmb-2201-online-jpg.webp","contentUrl":"https:\/\/exoticchemicals.com\/wp-content\/uploads\/2025\/02\/buy-5f-mdmb-2201-online-jpg.webp","width":452,"height":517},{"@type":"BreadcrumbList","@id":"https:\/\/exoticchemicals.com\/product\/buy-5f-mdmb-2201\/#breadcrumb","itemListElement":[{"@type":"ListItem","position":1,"name":"Home","item":"https:\/\/exoticchemicals.com\/"},{"@type":"ListItem","position":2,"name":"Shop","item":"https:\/\/exoticchemicals.com\/shop\/"},{"@type":"ListItem","position":3,"name":"Buy 5f-mdmb-2201"}]},{"@type":"WebSite","@id":"https:\/\/exoticchemicals.com\/#website","url":"https:\/\/exoticchemicals.com\/","name":"egzoti\u0307k ki\u0307myasallar","description":"MDPHP Hidroklor\u00fcr Sat\u0131n Al\u0131n","publisher":{"@id":"https:\/\/exoticchemicals.com\/#\/schema\/person\/07ad08472b6f5b213792451a32dbe8c7"},"potentialAction":[{"@type":"SearchAction","target":{"@type":"EntryPoint","urlTemplate":"https:\/\/exoticchemicals.com\/?s={search_term_string}"},"query-input":{"@type":"PropertyValueSpecification","valueRequired":true,"valueName":"search_term_string"}}],"inLanguage":"tr"},{"@type":["Person","Organization"],"@id":"https:\/\/exoticchemicals.com\/#\/schema\/person\/07ad08472b6f5b213792451a32dbe8c7","name":"wwalkershop@gmail.com","image":{"@type":"ImageObject","inLanguage":"tr","@id":"https:\/\/exoticchemicals.com\/wp-content\/uploads\/2025\/02\/pure-3-1-1.png","url":"https:\/\/exoticchemicals.com\/wp-content\/uploads\/2025\/02\/pure-3-1-1.png","contentUrl":"https:\/\/exoticchemicals.com\/wp-content\/uploads\/2025\/02\/pure-3-1-1.png","width":500,"height":500,"caption":"wwalkershop@gmail.com"},"logo":{"@id":"https:\/\/exoticchemicals.com\/wp-content\/uploads\/2025\/02\/pure-3-1-1.png"},"sameAs":["http:\/\/exoticchemicals.com"]}]}},"uagb_featured_image_src":{"full":["https:\/\/exoticchemicals.com\/wp-content\/uploads\/2025\/02\/buy-5f-mdmb-2201-online-jpg.webp",452,517,false],"thumbnail":["https:\/\/exoticchemicals.com\/wp-content\/uploads\/2025\/02\/buy-5f-mdmb-2201-online-jpg-150x150.webp",150,150,true],"medium":["https:\/\/exoticchemicals.com\/wp-content\/uploads\/2025\/02\/buy-5f-mdmb-2201-online-jpg-262x300.webp",262,300,true],"medium_large":["https:\/\/exoticchemicals.com\/wp-content\/uploads\/2025\/02\/buy-5f-mdmb-2201-online-jpg.webp",452,517,false],"large":["https:\/\/exoticchemicals.com\/wp-content\/uploads\/2025\/02\/buy-5f-mdmb-2201-online-jpg.webp",452,517,false],"1536x1536":["https:\/\/exoticchemicals.com\/wp-content\/uploads\/2025\/02\/buy-5f-mdmb-2201-online-jpg.webp",452,517,false],"2048x2048":["https:\/\/exoticchemicals.com\/wp-content\/uploads\/2025\/02\/buy-5f-mdmb-2201-online-jpg.webp",452,517,false],"trp-custom-language-flag":["https:\/\/exoticchemicals.com\/wp-content\/uploads\/2025\/02\/buy-5f-mdmb-2201-online-jpg.webp",10,12,false],"woocommerce_thumbnail":["https:\/\/exoticchemicals.com\/wp-content\/uploads\/2025\/02\/buy-5f-mdmb-2201-online-jpg-300x300.webp",300,300,true],"woocommerce_single":["https:\/\/exoticchemicals.com\/wp-content\/uploads\/2025\/02\/buy-5f-mdmb-2201-online-jpg.webp",452,517,false],"woocommerce_gallery_thumbnail":["https:\/\/exoticchemicals.com\/wp-content\/uploads\/2025\/02\/buy-5f-mdmb-2201-online-jpg-100x100.webp",100,100,true]},"uagb_author_info":{"display_name":"bossman","author_link":"https:\/\/exoticchemicals.com\/tr\/author\/"},"uagb_comment_info":11,"uagb_excerpt":"Buy 5f-mdmb-2201 online Buy 5f-mdmb-2201 online at our shop now,\u00a0 synthetic cannabinoid also known as 5F-MMB-PICA, 5F-AMB-PICA, and I-AMB. Synonyms MDMB-2201 5-fluoro-MDMB-2201 CAS Number 1971007-88-1 Molecular Formula C21H29FN2O3 Formula Weight 376.5 Purity ?100% Formulation A crystalline solid ?max 217, 290 nm Control Status 5f mdmb 2201 5F-MDMB-PICA is a\u00a0Schedule\u00a0I controlled substance under the Federal Controlled&hellip;","_links":{"self":[{"href":"https:\/\/exoticchemicals.com\/tr\/wp-json\/wp\/v2\/product\/3331","targetHints":{"allow":["GET"]}}],"collection":[{"href":"https:\/\/exoticchemicals.com\/tr\/wp-json\/wp\/v2\/product"}],"about":[{"href":"https:\/\/exoticchemicals.com\/tr\/wp-json\/wp\/v2\/types\/product"}],"replies":[{"embeddable":true,"href":"https:\/\/exoticchemicals.com\/tr\/wp-json\/wp\/v2\/comments?post=3331"}],"wp:featuredmedia":[{"embeddable":true,"href":"https:\/\/exoticchemicals.com\/tr\/wp-json\/wp\/v2\/media\/3346"}],"wp:attachment":[{"href":"https:\/\/exoticchemicals.com\/tr\/wp-json\/wp\/v2\/media?parent=3331"}],"wp:term":[{"taxonomy":"product_brand","embeddable":true,"href":"https:\/\/exoticchemicals.com\/tr\/wp-json\/wp\/v2\/product_brand?post=3331"},{"taxonomy":"product_cat","embeddable":true,"href":"https:\/\/exoticchemicals.com\/tr\/wp-json\/wp\/v2\/product_cat?post=3331"},{"taxonomy":"product_tag","embeddable":true,"href":"https:\/\/exoticchemicals.com\/tr\/wp-json\/wp\/v2\/product_tag?post=3331"}],"curies":[{"name":"wp","href":"https:\/\/api.w.org\/{rel}","templated":true}]}}