{"id":3336,"date":"2025-02-06T21:23:09","date_gmt":"2025-02-06T21:23:09","guid":{"rendered":"https:\/\/exoticchemicals.com\/?post_type=product&#038;p=3336"},"modified":"2026-02-06T21:41:55","modified_gmt":"2026-02-06T21:41:55","slug":"5f-bb22-kristal-satin-al","status":"publish","type":"product","link":"https:\/\/exoticchemicals.com\/tr\/product\/buy-5f-bb22-crystal\/","title":{"rendered":"5F-BB22 Kristal Sat\u0131n Al\u0131n"},"content":{"rendered":"<p>5F-BB22 Kristal Sat\u0131n Al\u0131n<br \/> Buy 5F-BB22 Crystal, yap\u0131sal olarak sentetik bir kannabinoid (CB) olarak kategorize edilen analitik bir referans malzemedir. \u0130nsan CB1 ve CB2 resept\u00f6rlerinin tam agonistidir (pEC50s = 8.55 ve 7.97, s\u0131ras\u0131yla).1,2 5-floro PB-22 g\u00fc\u00e7l\u00fc ve doza ba\u011fl\u0131 olarak hipotermiyi ind\u00fckler ve s\u0131\u00e7anlarda kalp at\u0131\u015f h\u0131z\u0131n\u0131 azalt\u0131r, ?9-THC'nin in vivo etkilerini taklit eder.1 Bu \u00fcr\u00fcn ara\u015ft\u0131rma ve adli uygulamalar i\u00e7in tasarlanm\u0131\u015ft\u0131r.<\/p>\n<p>Farmakoloji<br \/> 5F-BB22, CB1'de 1,94 nM ve CB2 kannabinoid resept\u00f6rlerinde 0,266 nM ba\u011flanma afinitesi ile tam bir agonist olarak hareket eder.<\/p>\n<p>Sat\u0131l\u0131k y\u00fcksek kaliteli sentetik kannabinoid tozu veya Kristalleri i\u00e7in piyasada bulunanlar, bunlar\u0131 croweed'de kolayca bulabilirler. \u00dcr\u00fcnlerimizin safl\u0131\u011f\u0131n\u0131n e\u015fi benzeri yoktur, takviye yelpazemizin ne kadar \u00e7e\u015fitli oldu\u011fundan bahsetmeye bile gerek yok. Ara\u015ft\u0131rman\u0131z\u0131 tamamlayabilmeniz i\u00e7in geleneksel THC ve CBD'den \u00e7ok daha fazlas\u0131n\u0131 i\u00e7erir.<\/p>\n<p>Sentetik olmalar\u0131na ra\u011fmen, kannabinoidlerimiz kenevir bitkisinde olu\u015fan do\u011fal bile\u015fiklerle yak\u0131n bir yak\u0131nl\u0131\u011fa sahiptir. Etkilerini sadece ayn\u0131 \u015fekilde (kannabinoid resept\u00f6rleriyle etkile\u015fime girerek) salmakla kalmazlar, ayn\u0131 zamanda y\u00fcksek se\u00e7icilik ve \u00e7ok az toksisite ile ili\u015fkilendirilirler veya hi\u00e7 toksisite g\u00f6stermezler. Ayr\u0131ca, kannabinoidlerimizin ayn\u0131 sinir sistemi tepkilerini tetikledi\u011fi kan\u0131tlanm\u0131\u015ft\u0131r, bu da \u00f6zellikle bu alandaki ara\u015ft\u0131rmalar i\u00e7in \u00f6nemlidir.<\/p>\n<p>ADB-CHMINACA<br \/> ADB-FUBINACA<br \/> ADB-PINACA<br \/> ADBICA<br \/> APICA<br \/> APINACA<br \/> FUB-APINACA<br \/> MDMB-CHMICA<br \/> PX-3<\/p>","protected":false},"excerpt":{"rendered":"<p>Buy 5F-BB22 Crystal Buy 5F-BB22 Crystal is an analytical reference material that is structurally categorized as a synthetic cannabinoid (CB). It is a full agonist of human CB1 and CB2 receptors (pEC50s = 8.55 and 7.97, respectively).1,2 5-fluoro PB-22 potently and dose-dependently induces hypothermia and reduces heart rate in rats, mimicking the in vivo effects [&hellip;]<\/p>\n","protected":false},"featured_media":3347,"comment_status":"open","ping_status":"closed","template":"","meta":{"_uag_custom_page_level_css":"","site-sidebar-layout":"default","site-content-layout":"","ast-site-content-layout":"","site-content-style":"default","site-sidebar-style":"default","ast-global-header-display":"","ast-banner-title-visibility":"","ast-main-header-display":"","ast-hfb-above-header-display":"","ast-hfb-below-header-display":"","ast-hfb-mobile-header-display":"","site-post-title":"","ast-breadcrumbs-content":"","ast-featured-img":"","footer-sml-layout":"","theme-transparent-header-meta":"","adv-header-id-meta":"","stick-header-meta":"","header-above-stick-meta":"","header-main-stick-meta":"","header-below-stick-meta":"","astra-migrate-meta-layouts":"default","ast-page-background-enabled":"default","ast-page-background-meta":{"desktop":{"background-color":"","background-image":"","background-repeat":"repeat","background-position":"center center","background-size":"auto","background-attachment":"scroll","background-type":"","background-media":"","overlay-type":"","overlay-color":"","overlay-opacity":"","overlay-gradient":""},"tablet":{"background-color":"","background-image":"","background-repeat":"repeat","background-position":"center center","background-size":"auto","background-attachment":"scroll","background-type":"","background-media":"","overlay-type":"","overlay-color":"","overlay-opacity":"","overlay-gradient":""},"mobile":{"background-color":"","background-image":"","background-repeat":"repeat","background-position":"center center","background-size":"auto","background-attachment":"scroll","background-type":"","background-media":"","overlay-type":"","overlay-color":"","overlay-opacity":"","overlay-gradient":""}},"ast-content-background-meta":{"desktop":{"background-color":"var(--ast-global-color-5)","background-image":"","background-repeat":"repeat","background-position":"center center","background-size":"auto","background-attachment":"scroll","background-type":"","background-media":"","overlay-type":"","overlay-color":"","overlay-opacity":"","overlay-gradient":""},"tablet":{"background-color":"var(--ast-global-color-5)","background-image":"","background-repeat":"repeat","background-position":"center center","background-size":"auto","background-attachment":"scroll","background-type":"","background-media":"","overlay-type":"","overlay-color":"","overlay-opacity":"","overlay-gradient":""},"mobile":{"background-color":"var(--ast-global-color-5)","background-image":"","background-repeat":"repeat","background-position":"center center","background-size":"auto","background-attachment":"scroll","background-type":"","background-media":"","overlay-type":"","overlay-color":"","overlay-opacity":"","overlay-gradient":""}}},"product_brand":[],"product_cat":[1392],"product_tag":[],"class_list":{"0":"post-3336","1":"product","2":"type-product","3":"status-publish","4":"has-post-thumbnail","6":"product_cat-buy-synthetic-cannabinoid-online-buy-5fur-144-powder","7":"desktop-align-left","8":"tablet-align-left","9":"mobile-align-left","11":"first","12":"instock","13":"shipping-taxable","14":"purchasable","15":"product-type-variable"},"yoast_head":"<!-- This site is optimized with the Yoast SEO plugin v27.3 - https:\/\/yoast.com\/product\/yoast-seo-wordpress\/ -->\n<title>Buy 5F-BB22 Crystal -<\/title>\n<meta name=\"robots\" content=\"index, follow, max-snippet:-1, max-image-preview:large, max-video-preview:-1\" \/>\n<link rel=\"canonical\" href=\"https:\/\/exoticchemicals.com\/tr\/product\/5f-bb22-kristal-satin-al\/\" \/>\n<meta property=\"og:locale\" content=\"tr_TR\" \/>\n<meta property=\"og:type\" content=\"article\" \/>\n<meta property=\"og:title\" content=\"Buy 5F-BB22 Crystal -\" \/>\n<meta property=\"og:description\" content=\"Buy 5F-BB22 Crystal Buy 5F-BB22 Crystal is an analytical reference material that is structurally categorized as a synthetic cannabinoid (CB). It is a full agonist of human CB1 and CB2 receptors (pEC50s = 8.55 and 7.97, respectively).1,2 5-fluoro PB-22 potently and dose-dependently induces hypothermia and reduces heart rate in rats, mimicking the in vivo effects [&hellip;]\" \/>\n<meta property=\"og:url\" content=\"https:\/\/exoticchemicals.com\/tr\/product\/5f-bb22-kristal-satin-al\/\" \/>\n<meta property=\"article:modified_time\" content=\"2026-02-06T21:41:55+00:00\" \/>\n<meta property=\"og:image\" content=\"https:\/\/exoticchemicals.com\/wp-content\/uploads\/2025\/02\/Buy-5F-BB22-Crystal-jpg.webp\" \/>\n\t<meta property=\"og:image:width\" content=\"493\" \/>\n\t<meta property=\"og:image:height\" content=\"364\" \/>\n\t<meta property=\"og:image:type\" content=\"image\/webp\" \/>\n<meta name=\"twitter:card\" content=\"summary_large_image\" \/>\n<meta name=\"twitter:label1\" content=\"Tahmini okuma s\u00fcresi\" \/>\n\t<meta name=\"twitter:data1\" content=\"1 dakika\" \/>\n<script type=\"application\/ld+json\" class=\"yoast-schema-graph\">{\"@context\":\"https:\\\/\\\/schema.org\",\"@graph\":[{\"@type\":\"WebPage\",\"@id\":\"https:\\\/\\\/exoticchemicals.com\\\/product\\\/buy-5f-bb22-crystal\\\/\",\"url\":\"https:\\\/\\\/exoticchemicals.com\\\/product\\\/buy-5f-bb22-crystal\\\/\",\"name\":\"Buy 5F-BB22 Crystal -\",\"isPartOf\":{\"@id\":\"https:\\\/\\\/exoticchemicals.com\\\/#website\"},\"primaryImageOfPage\":{\"@id\":\"https:\\\/\\\/exoticchemicals.com\\\/product\\\/buy-5f-bb22-crystal\\\/#primaryimage\"},\"image\":{\"@id\":\"https:\\\/\\\/exoticchemicals.com\\\/product\\\/buy-5f-bb22-crystal\\\/#primaryimage\"},\"thumbnailUrl\":\"https:\\\/\\\/exoticchemicals.com\\\/wp-content\\\/uploads\\\/2025\\\/02\\\/Buy-5F-BB22-Crystal-jpg.webp\",\"datePublished\":\"2025-02-06T21:23:09+00:00\",\"dateModified\":\"2026-02-06T21:41:55+00:00\",\"breadcrumb\":{\"@id\":\"https:\\\/\\\/exoticchemicals.com\\\/product\\\/buy-5f-bb22-crystal\\\/#breadcrumb\"},\"inLanguage\":\"tr\",\"potentialAction\":[{\"@type\":\"ReadAction\",\"target\":[\"https:\\\/\\\/exoticchemicals.com\\\/product\\\/buy-5f-bb22-crystal\\\/\"]}]},{\"@type\":\"ImageObject\",\"inLanguage\":\"tr\",\"@id\":\"https:\\\/\\\/exoticchemicals.com\\\/product\\\/buy-5f-bb22-crystal\\\/#primaryimage\",\"url\":\"https:\\\/\\\/exoticchemicals.com\\\/wp-content\\\/uploads\\\/2025\\\/02\\\/Buy-5F-BB22-Crystal-jpg.webp\",\"contentUrl\":\"https:\\\/\\\/exoticchemicals.com\\\/wp-content\\\/uploads\\\/2025\\\/02\\\/Buy-5F-BB22-Crystal-jpg.webp\",\"width\":493,\"height\":364},{\"@type\":\"BreadcrumbList\",\"@id\":\"https:\\\/\\\/exoticchemicals.com\\\/product\\\/buy-5f-bb22-crystal\\\/#breadcrumb\",\"itemListElement\":[{\"@type\":\"ListItem\",\"position\":1,\"name\":\"Home\",\"item\":\"https:\\\/\\\/exoticchemicals.com\\\/\"},{\"@type\":\"ListItem\",\"position\":2,\"name\":\"Shop\",\"item\":\"https:\\\/\\\/exoticchemicals.com\\\/shop\\\/\"},{\"@type\":\"ListItem\",\"position\":3,\"name\":\"Buy 5F-BB22 Crystal\"}]},{\"@type\":\"WebSite\",\"@id\":\"https:\\\/\\\/exoticchemicals.com\\\/#website\",\"url\":\"https:\\\/\\\/exoticchemicals.com\\\/\",\"name\":\"exotic chemicals\",\"description\":\"Buy MDPHP Hydrochloride\",\"publisher\":{\"@id\":\"https:\\\/\\\/exoticchemicals.com\\\/#\\\/schema\\\/person\\\/07ad08472b6f5b213792451a32dbe8c7\"},\"potentialAction\":[{\"@type\":\"SearchAction\",\"target\":{\"@type\":\"EntryPoint\",\"urlTemplate\":\"https:\\\/\\\/exoticchemicals.com\\\/?s={search_term_string}\"},\"query-input\":{\"@type\":\"PropertyValueSpecification\",\"valueRequired\":true,\"valueName\":\"search_term_string\"}}],\"inLanguage\":\"tr\"},{\"@type\":[\"Person\",\"Organization\"],\"@id\":\"https:\\\/\\\/exoticchemicals.com\\\/#\\\/schema\\\/person\\\/07ad08472b6f5b213792451a32dbe8c7\",\"name\":\"wwalkershop@gmail.com\",\"image\":{\"@type\":\"ImageObject\",\"inLanguage\":\"tr\",\"@id\":\"https:\\\/\\\/exoticchemicals.com\\\/wp-content\\\/uploads\\\/2025\\\/02\\\/pure-3-1-1.png\",\"url\":\"https:\\\/\\\/exoticchemicals.com\\\/wp-content\\\/uploads\\\/2025\\\/02\\\/pure-3-1-1.png\",\"contentUrl\":\"https:\\\/\\\/exoticchemicals.com\\\/wp-content\\\/uploads\\\/2025\\\/02\\\/pure-3-1-1.png\",\"width\":500,\"height\":500,\"caption\":\"wwalkershop@gmail.com\"},\"logo\":{\"@id\":\"https:\\\/\\\/exoticchemicals.com\\\/wp-content\\\/uploads\\\/2025\\\/02\\\/pure-3-1-1.png\"},\"sameAs\":[\"http:\\\/\\\/exoticchemicals.com\"]}]}<\/script>\n<!-- \/ Yoast SEO plugin. -->","yoast_head_json":{"title":"5F-BB22 Kristal Sat\u0131n Al\u0131n -","robots":{"index":"index","follow":"follow","max-snippet":"max-snippet:-1","max-image-preview":"max-image-preview:large","max-video-preview":"max-video-preview:-1"},"canonical":"https:\/\/exoticchemicals.com\/tr\/product\/5f-bb22-kristal-satin-al\/","og_locale":"tr_TR","og_type":"article","og_title":"Buy 5F-BB22 Crystal -","og_description":"Buy 5F-BB22 Crystal Buy 5F-BB22 Crystal is an analytical reference material that is structurally categorized as a synthetic cannabinoid (CB). It is a full agonist of human CB1 and CB2 receptors (pEC50s = 8.55 and 7.97, respectively).1,2 5-fluoro PB-22 potently and dose-dependently induces hypothermia and reduces heart rate in rats, mimicking the in vivo effects [&hellip;]","og_url":"https:\/\/exoticchemicals.com\/tr\/product\/5f-bb22-kristal-satin-al\/","article_modified_time":"2026-02-06T21:41:55+00:00","og_image":[{"width":493,"height":364,"url":"https:\/\/exoticchemicals.com\/wp-content\/uploads\/2025\/02\/Buy-5F-BB22-Crystal-jpg.webp","type":"image\/webp"}],"twitter_card":"summary_large_image","twitter_misc":{"Tahmini okuma s\u00fcresi":"1 dakika"},"schema":{"@context":"https:\/\/schema.org","@graph":[{"@type":"WebPage","@id":"https:\/\/exoticchemicals.com\/product\/buy-5f-bb22-crystal\/","url":"https:\/\/exoticchemicals.com\/product\/buy-5f-bb22-crystal\/","name":"5F-BB22 Kristal Sat\u0131n Al\u0131n -","isPartOf":{"@id":"https:\/\/exoticchemicals.com\/#website"},"primaryImageOfPage":{"@id":"https:\/\/exoticchemicals.com\/product\/buy-5f-bb22-crystal\/#primaryimage"},"image":{"@id":"https:\/\/exoticchemicals.com\/product\/buy-5f-bb22-crystal\/#primaryimage"},"thumbnailUrl":"https:\/\/exoticchemicals.com\/wp-content\/uploads\/2025\/02\/Buy-5F-BB22-Crystal-jpg.webp","datePublished":"2025-02-06T21:23:09+00:00","dateModified":"2026-02-06T21:41:55+00:00","breadcrumb":{"@id":"https:\/\/exoticchemicals.com\/product\/buy-5f-bb22-crystal\/#breadcrumb"},"inLanguage":"tr","potentialAction":[{"@type":"ReadAction","target":["https:\/\/exoticchemicals.com\/product\/buy-5f-bb22-crystal\/"]}]},{"@type":"ImageObject","inLanguage":"tr","@id":"https:\/\/exoticchemicals.com\/product\/buy-5f-bb22-crystal\/#primaryimage","url":"https:\/\/exoticchemicals.com\/wp-content\/uploads\/2025\/02\/Buy-5F-BB22-Crystal-jpg.webp","contentUrl":"https:\/\/exoticchemicals.com\/wp-content\/uploads\/2025\/02\/Buy-5F-BB22-Crystal-jpg.webp","width":493,"height":364},{"@type":"BreadcrumbList","@id":"https:\/\/exoticchemicals.com\/product\/buy-5f-bb22-crystal\/#breadcrumb","itemListElement":[{"@type":"ListItem","position":1,"name":"Home","item":"https:\/\/exoticchemicals.com\/"},{"@type":"ListItem","position":2,"name":"Shop","item":"https:\/\/exoticchemicals.com\/shop\/"},{"@type":"ListItem","position":3,"name":"Buy 5F-BB22 Crystal"}]},{"@type":"WebSite","@id":"https:\/\/exoticchemicals.com\/#website","url":"https:\/\/exoticchemicals.com\/","name":"egzoti\u0307k ki\u0307myasallar","description":"MDPHP Hidroklor\u00fcr Sat\u0131n Al\u0131n","publisher":{"@id":"https:\/\/exoticchemicals.com\/#\/schema\/person\/07ad08472b6f5b213792451a32dbe8c7"},"potentialAction":[{"@type":"SearchAction","target":{"@type":"EntryPoint","urlTemplate":"https:\/\/exoticchemicals.com\/?s={search_term_string}"},"query-input":{"@type":"PropertyValueSpecification","valueRequired":true,"valueName":"search_term_string"}}],"inLanguage":"tr"},{"@type":["Person","Organization"],"@id":"https:\/\/exoticchemicals.com\/#\/schema\/person\/07ad08472b6f5b213792451a32dbe8c7","name":"wwalkershop@gmail.com","image":{"@type":"ImageObject","inLanguage":"tr","@id":"https:\/\/exoticchemicals.com\/wp-content\/uploads\/2025\/02\/pure-3-1-1.png","url":"https:\/\/exoticchemicals.com\/wp-content\/uploads\/2025\/02\/pure-3-1-1.png","contentUrl":"https:\/\/exoticchemicals.com\/wp-content\/uploads\/2025\/02\/pure-3-1-1.png","width":500,"height":500,"caption":"wwalkershop@gmail.com"},"logo":{"@id":"https:\/\/exoticchemicals.com\/wp-content\/uploads\/2025\/02\/pure-3-1-1.png"},"sameAs":["http:\/\/exoticchemicals.com"]}]}},"uagb_featured_image_src":{"full":["https:\/\/exoticchemicals.com\/wp-content\/uploads\/2025\/02\/Buy-5F-BB22-Crystal-jpg.webp",493,364,false],"thumbnail":["https:\/\/exoticchemicals.com\/wp-content\/uploads\/2025\/02\/Buy-5F-BB22-Crystal-jpg-150x150.webp",150,150,true],"medium":["https:\/\/exoticchemicals.com\/wp-content\/uploads\/2025\/02\/Buy-5F-BB22-Crystal-jpg-300x222.webp",300,222,true],"medium_large":["https:\/\/exoticchemicals.com\/wp-content\/uploads\/2025\/02\/Buy-5F-BB22-Crystal-jpg.webp",493,364,false],"large":["https:\/\/exoticchemicals.com\/wp-content\/uploads\/2025\/02\/Buy-5F-BB22-Crystal-jpg.webp",493,364,false],"1536x1536":["https:\/\/exoticchemicals.com\/wp-content\/uploads\/2025\/02\/Buy-5F-BB22-Crystal-jpg.webp",493,364,false],"2048x2048":["https:\/\/exoticchemicals.com\/wp-content\/uploads\/2025\/02\/Buy-5F-BB22-Crystal-jpg.webp",493,364,false],"trp-custom-language-flag":["https:\/\/exoticchemicals.com\/wp-content\/uploads\/2025\/02\/Buy-5F-BB22-Crystal-jpg.webp",16,12,false],"woocommerce_thumbnail":["https:\/\/exoticchemicals.com\/wp-content\/uploads\/2025\/02\/Buy-5F-BB22-Crystal-jpg-300x300.webp",300,300,true],"woocommerce_single":["https:\/\/exoticchemicals.com\/wp-content\/uploads\/2025\/02\/Buy-5F-BB22-Crystal-jpg.webp",493,364,false],"woocommerce_gallery_thumbnail":["https:\/\/exoticchemicals.com\/wp-content\/uploads\/2025\/02\/Buy-5F-BB22-Crystal-jpg-100x100.webp",100,100,true]},"uagb_author_info":{"display_name":"bossman","author_link":"https:\/\/exoticchemicals.com\/tr\/author\/"},"uagb_comment_info":4,"uagb_excerpt":"Buy 5F-BB22 Crystal Buy 5F-BB22 Crystal is an analytical reference material that is structurally categorized as a synthetic cannabinoid (CB). It is a full agonist of human CB1 and CB2 receptors (pEC50s = 8.55 and 7.97, respectively).1,2 5-fluoro PB-22 potently and dose-dependently induces hypothermia and reduces heart rate in rats, mimicking the in vivo effects&hellip;","_links":{"self":[{"href":"https:\/\/exoticchemicals.com\/tr\/wp-json\/wp\/v2\/product\/3336","targetHints":{"allow":["GET"]}}],"collection":[{"href":"https:\/\/exoticchemicals.com\/tr\/wp-json\/wp\/v2\/product"}],"about":[{"href":"https:\/\/exoticchemicals.com\/tr\/wp-json\/wp\/v2\/types\/product"}],"replies":[{"embeddable":true,"href":"https:\/\/exoticchemicals.com\/tr\/wp-json\/wp\/v2\/comments?post=3336"}],"wp:featuredmedia":[{"embeddable":true,"href":"https:\/\/exoticchemicals.com\/tr\/wp-json\/wp\/v2\/media\/3347"}],"wp:attachment":[{"href":"https:\/\/exoticchemicals.com\/tr\/wp-json\/wp\/v2\/media?parent=3336"}],"wp:term":[{"taxonomy":"product_brand","embeddable":true,"href":"https:\/\/exoticchemicals.com\/tr\/wp-json\/wp\/v2\/product_brand?post=3336"},{"taxonomy":"product_cat","embeddable":true,"href":"https:\/\/exoticchemicals.com\/tr\/wp-json\/wp\/v2\/product_cat?post=3336"},{"taxonomy":"product_tag","embeddable":true,"href":"https:\/\/exoticchemicals.com\/tr\/wp-json\/wp\/v2\/product_tag?post=3336"}],"curies":[{"name":"wp","href":"https:\/\/api.w.org\/{rel}","templated":true}]}}