{"id":3788,"date":"2025-02-06T21:27:22","date_gmt":"2025-02-06T21:27:22","guid":{"rendered":"https:\/\/exoticchemicals.com\/?post_type=product&#038;p=3788"},"modified":"2026-04-12T12:51:38","modified_gmt":"2026-04-12T12:51:38","slug":"wonder-psilocybin-gummies-cranberry-3g","status":"publish","type":"product","link":"https:\/\/exoticchemicals.com\/tr\/product\/wonder-psilocybin-gummies-cranberry-3g\/","title":{"rendered":"Wonder \u2013 Psilocybin Gummies \u2013 Cranberry \u2013 3g"},"content":{"rendered":"<p><strong>Wonder Magic Mushroom Infused Gummies<\/strong>\u00a0are for you if you dislike the taste of consuming dried magic mushrooms.<\/p>\n<p>These flavorful psilocybin-infused gummies come in a variety of flavors while still providing a\u00a0<strong>potent kick<\/strong>. A great choice for those who are\u00a0<strong>new to Magic Mushrooms or<\/strong>\u00a0<strong>experienced with psychedelics<\/strong>\u00a0as each piece contains 300mg of magic mushrooms.<\/p>\n<p><strong>Flavour<\/strong>: Cranberry<\/p>\n<p><strong>Magic Mushroom Content<\/strong>: Each pack contains 10<strong>\u00a0pieces (300mg\/piece) for a total 3,000mg of mushrooms<\/strong>.<\/p>\n<p><strong>Magic Mushroom Strain<\/strong>: Psilocybe Cubensis.<\/p>\n<p><strong>Dosage Instructions:<\/strong>\u00a0For a\u00a0<strong>Museum Dose<\/strong>, consume\u00a0<strong>2 gummies very 90 minutes<\/strong>\u00a0until desire effects are achieved. For a\u00a0<strong>Psychedelic Trip Dose<\/strong>, consume\u00a0<strong>6 gummies and add 3 gummies every 90 minutes<\/strong>\u00a0until desired effects are achieved.<\/p>","protected":false},"excerpt":{"rendered":"<p>Are you looking to integrate psilocybin into your daily routine?<\/p>\n<p>Maybe you\u2019re looking to microdose on a regular basis to enjoy the benefits of increased creativity, decreased anxiety, and improved mood. Perhaps you\u2019re looking to take your next philosophical discussion with friends to a whole new level with a museum dose. Or you might be looking to reset your ego and perspective of the world by taking a trip to wonderland with a mega dose.<\/p>\n<p>For all the above and more, Wonder has you covered. Our Wonder psilocybin gummies are carefully crafted using meticulous measurements of premium quality, third party tested psilocybin derived from the world\u2019s most beloved psychedelic mushroom, Psilocybe Cubensis.<\/p>","protected":false},"featured_media":3803,"comment_status":"open","ping_status":"closed","template":"","meta":{"_uag_custom_page_level_css":"","site-sidebar-layout":"default","site-content-layout":"","ast-site-content-layout":"","site-content-style":"default","site-sidebar-style":"default","ast-global-header-display":"","ast-banner-title-visibility":"","ast-main-header-display":"","ast-hfb-above-header-display":"","ast-hfb-below-header-display":"","ast-hfb-mobile-header-display":"","site-post-title":"","ast-breadcrumbs-content":"","ast-featured-img":"","footer-sml-layout":"","theme-transparent-header-meta":"","adv-header-id-meta":"","stick-header-meta":"","header-above-stick-meta":"","header-main-stick-meta":"","header-below-stick-meta":"","astra-migrate-meta-layouts":"default","ast-page-background-enabled":"default","ast-page-background-meta":{"desktop":{"background-color":"","background-image":"","background-repeat":"repeat","background-position":"center center","background-size":"auto","background-attachment":"scroll","background-type":"","background-media":"","overlay-type":"","overlay-color":"","overlay-opacity":"","overlay-gradient":""},"tablet":{"background-color":"","background-image":"","background-repeat":"repeat","background-position":"center center","background-size":"auto","background-attachment":"scroll","background-type":"","background-media":"","overlay-type":"","overlay-color":"","overlay-opacity":"","overlay-gradient":""},"mobile":{"background-color":"","background-image":"","background-repeat":"repeat","background-position":"center center","background-size":"auto","background-attachment":"scroll","background-type":"","background-media":"","overlay-type":"","overlay-color":"","overlay-opacity":"","overlay-gradient":""}},"ast-content-background-meta":{"desktop":{"background-color":"var(--ast-global-color-5)","background-image":"","background-repeat":"repeat","background-position":"center center","background-size":"auto","background-attachment":"scroll","background-type":"","background-media":"","overlay-type":"","overlay-color":"","overlay-opacity":"","overlay-gradient":""},"tablet":{"background-color":"var(--ast-global-color-5)","background-image":"","background-repeat":"repeat","background-position":"center center","background-size":"auto","background-attachment":"scroll","background-type":"","background-media":"","overlay-type":"","overlay-color":"","overlay-opacity":"","overlay-gradient":""},"mobile":{"background-color":"var(--ast-global-color-5)","background-image":"","background-repeat":"repeat","background-position":"center center","background-size":"auto","background-attachment":"scroll","background-type":"","background-media":"","overlay-type":"","overlay-color":"","overlay-opacity":"","overlay-gradient":""}}},"product_brand":[],"product_cat":[2197],"product_tag":[],"class_list":{"0":"post-3788","1":"product","2":"type-product","3":"status-publish","4":"has-post-thumbnail","6":"product_cat-buy-magic-mushroom-edibles","7":"desktop-align-left","8":"tablet-align-left","9":"mobile-align-left","11":"first","12":"instock","13":"shipping-taxable","14":"purchasable","15":"product-type-simple"},"yoast_head":"<!-- This site is optimized with the Yoast SEO plugin v27.4 - https:\/\/yoast.com\/product\/yoast-seo-wordpress\/ -->\n<title>Wonder \u2013 Psilocybin Gummies \u2013 Cranberry \u2013 3g -<\/title>\n<meta name=\"robots\" content=\"index, follow, max-snippet:-1, max-image-preview:large, max-video-preview:-1\" \/>\n<link rel=\"canonical\" href=\"https:\/\/exoticchemicals.com\/tr\/product\/wonder-psilocybin-gummies-cranberry-3g\/\" \/>\n<meta property=\"og:locale\" content=\"tr_TR\" \/>\n<meta property=\"og:type\" content=\"article\" \/>\n<meta property=\"og:title\" content=\"Wonder \u2013 Psilocybin Gummies \u2013 Cranberry \u2013 3g -\" \/>\n<meta property=\"og:description\" content=\"Are you looking to integrate psilocybin into your daily routine? Maybe you\u2019re looking to microdose on a regular basis to enjoy the benefits of increased creativity, decreased anxiety, and improved mood. Perhaps you\u2019re looking to take your next philosophical discussion with friends to a whole new level with a museum dose. Or you might be looking to reset your ego and perspective of the world by taking a trip to wonderland with a mega dose. For all the above and more, Wonder has you covered. Our Wonder psilocybin gummies are carefully crafted using meticulous measurements of premium quality, third party tested psilocybin derived from the world\u2019s most beloved psychedelic mushroom, Psilocybe Cubensis.\" \/>\n<meta property=\"og:url\" content=\"https:\/\/exoticchemicals.com\/tr\/product\/wonder-psilocybin-gummies-cranberry-3g\/\" \/>\n<meta property=\"article:modified_time\" content=\"2026-04-12T12:51:38+00:00\" \/>\n<meta property=\"og:image\" content=\"https:\/\/exoticchemicals.com\/wp-content\/uploads\/2025\/02\/Wonder_Mockup_GummyBag_Cranberry-600x404-1.webp\" \/>\n\t<meta property=\"og:image:width\" content=\"600\" \/>\n\t<meta property=\"og:image:height\" content=\"404\" \/>\n\t<meta property=\"og:image:type\" content=\"image\/webp\" \/>\n<meta name=\"twitter:card\" content=\"summary_large_image\" \/>\n<meta name=\"twitter:label1\" content=\"Tahmini okuma s\u00fcresi\" \/>\n\t<meta name=\"twitter:data1\" content=\"1 dakika\" \/>\n<script type=\"application\/ld+json\" class=\"yoast-schema-graph\">{\"@context\":\"https:\\\/\\\/schema.org\",\"@graph\":[{\"@type\":\"WebPage\",\"@id\":\"https:\\\/\\\/exoticchemicals.com\\\/product\\\/wonder-psilocybin-gummies-cranberry-3g\\\/\",\"url\":\"https:\\\/\\\/exoticchemicals.com\\\/product\\\/wonder-psilocybin-gummies-cranberry-3g\\\/\",\"name\":\"Wonder \u2013 Psilocybin Gummies \u2013 Cranberry \u2013 3g -\",\"isPartOf\":{\"@id\":\"https:\\\/\\\/exoticchemicals.com\\\/#website\"},\"primaryImageOfPage\":{\"@id\":\"https:\\\/\\\/exoticchemicals.com\\\/product\\\/wonder-psilocybin-gummies-cranberry-3g\\\/#primaryimage\"},\"image\":{\"@id\":\"https:\\\/\\\/exoticchemicals.com\\\/product\\\/wonder-psilocybin-gummies-cranberry-3g\\\/#primaryimage\"},\"thumbnailUrl\":\"https:\\\/\\\/exoticchemicals.com\\\/wp-content\\\/uploads\\\/2025\\\/02\\\/Wonder_Mockup_GummyBag_Cranberry-600x404-1.webp\",\"datePublished\":\"2025-02-06T21:27:22+00:00\",\"dateModified\":\"2026-04-12T12:51:38+00:00\",\"breadcrumb\":{\"@id\":\"https:\\\/\\\/exoticchemicals.com\\\/product\\\/wonder-psilocybin-gummies-cranberry-3g\\\/#breadcrumb\"},\"inLanguage\":\"tr\",\"potentialAction\":[{\"@type\":\"ReadAction\",\"target\":[\"https:\\\/\\\/exoticchemicals.com\\\/product\\\/wonder-psilocybin-gummies-cranberry-3g\\\/\"]}]},{\"@type\":\"ImageObject\",\"inLanguage\":\"tr\",\"@id\":\"https:\\\/\\\/exoticchemicals.com\\\/product\\\/wonder-psilocybin-gummies-cranberry-3g\\\/#primaryimage\",\"url\":\"https:\\\/\\\/exoticchemicals.com\\\/wp-content\\\/uploads\\\/2025\\\/02\\\/Wonder_Mockup_GummyBag_Cranberry-600x404-1.webp\",\"contentUrl\":\"https:\\\/\\\/exoticchemicals.com\\\/wp-content\\\/uploads\\\/2025\\\/02\\\/Wonder_Mockup_GummyBag_Cranberry-600x404-1.webp\",\"width\":600,\"height\":404},{\"@type\":\"BreadcrumbList\",\"@id\":\"https:\\\/\\\/exoticchemicals.com\\\/product\\\/wonder-psilocybin-gummies-cranberry-3g\\\/#breadcrumb\",\"itemListElement\":[{\"@type\":\"ListItem\",\"position\":1,\"name\":\"Home\",\"item\":\"https:\\\/\\\/exoticchemicals.com\\\/\"},{\"@type\":\"ListItem\",\"position\":2,\"name\":\"Shop\",\"item\":\"https:\\\/\\\/exoticchemicals.com\\\/shop\\\/\"},{\"@type\":\"ListItem\",\"position\":3,\"name\":\"Wonder \u2013 Psilocybin Gummies \u2013 Cranberry \u2013 3g\"}]},{\"@type\":\"WebSite\",\"@id\":\"https:\\\/\\\/exoticchemicals.com\\\/#website\",\"url\":\"https:\\\/\\\/exoticchemicals.com\\\/\",\"name\":\"exotic chemicals\",\"description\":\"Buy MDPHP Hydrochloride\",\"publisher\":{\"@id\":\"https:\\\/\\\/exoticchemicals.com\\\/#\\\/schema\\\/person\\\/07ad08472b6f5b213792451a32dbe8c7\"},\"potentialAction\":[{\"@type\":\"SearchAction\",\"target\":{\"@type\":\"EntryPoint\",\"urlTemplate\":\"https:\\\/\\\/exoticchemicals.com\\\/?s={search_term_string}\"},\"query-input\":{\"@type\":\"PropertyValueSpecification\",\"valueRequired\":true,\"valueName\":\"search_term_string\"}}],\"inLanguage\":\"tr\"},{\"@type\":[\"Person\",\"Organization\"],\"@id\":\"https:\\\/\\\/exoticchemicals.com\\\/#\\\/schema\\\/person\\\/07ad08472b6f5b213792451a32dbe8c7\",\"name\":\"wwalkershop@gmail.com\",\"image\":{\"@type\":\"ImageObject\",\"inLanguage\":\"tr\",\"@id\":\"https:\\\/\\\/exoticchemicals.com\\\/wp-content\\\/uploads\\\/2025\\\/02\\\/pure-3-1-1.png\",\"url\":\"https:\\\/\\\/exoticchemicals.com\\\/wp-content\\\/uploads\\\/2025\\\/02\\\/pure-3-1-1.png\",\"contentUrl\":\"https:\\\/\\\/exoticchemicals.com\\\/wp-content\\\/uploads\\\/2025\\\/02\\\/pure-3-1-1.png\",\"width\":500,\"height\":500,\"caption\":\"wwalkershop@gmail.com\"},\"logo\":{\"@id\":\"https:\\\/\\\/exoticchemicals.com\\\/wp-content\\\/uploads\\\/2025\\\/02\\\/pure-3-1-1.png\"},\"sameAs\":[\"http:\\\/\\\/exoticchemicals.com\"]}]}<\/script>\n<!-- \/ Yoast SEO plugin. -->","yoast_head_json":{"title":"Wonder \u2013 Psilocybin Gummies \u2013 Cranberry \u2013 3g -","robots":{"index":"index","follow":"follow","max-snippet":"max-snippet:-1","max-image-preview":"max-image-preview:large","max-video-preview":"max-video-preview:-1"},"canonical":"https:\/\/exoticchemicals.com\/tr\/product\/wonder-psilocybin-gummies-cranberry-3g\/","og_locale":"tr_TR","og_type":"article","og_title":"Wonder \u2013 Psilocybin Gummies \u2013 Cranberry \u2013 3g -","og_description":"Are you looking to integrate psilocybin into your daily routine? Maybe you\u2019re looking to microdose on a regular basis to enjoy the benefits of increased creativity, decreased anxiety, and improved mood. Perhaps you\u2019re looking to take your next philosophical discussion with friends to a whole new level with a museum dose. Or you might be looking to reset your ego and perspective of the world by taking a trip to wonderland with a mega dose. For all the above and more, Wonder has you covered. Our Wonder psilocybin gummies are carefully crafted using meticulous measurements of premium quality, third party tested psilocybin derived from the world\u2019s most beloved psychedelic mushroom, Psilocybe Cubensis.","og_url":"https:\/\/exoticchemicals.com\/tr\/product\/wonder-psilocybin-gummies-cranberry-3g\/","article_modified_time":"2026-04-12T12:51:38+00:00","og_image":[{"width":600,"height":404,"url":"https:\/\/exoticchemicals.com\/wp-content\/uploads\/2025\/02\/Wonder_Mockup_GummyBag_Cranberry-600x404-1.webp","type":"image\/webp"}],"twitter_card":"summary_large_image","twitter_misc":{"Tahmini okuma s\u00fcresi":"1 dakika"},"schema":{"@context":"https:\/\/schema.org","@graph":[{"@type":"WebPage","@id":"https:\/\/exoticchemicals.com\/product\/wonder-psilocybin-gummies-cranberry-3g\/","url":"https:\/\/exoticchemicals.com\/product\/wonder-psilocybin-gummies-cranberry-3g\/","name":"Wonder \u2013 Psilocybin Gummies \u2013 Cranberry \u2013 3g -","isPartOf":{"@id":"https:\/\/exoticchemicals.com\/#website"},"primaryImageOfPage":{"@id":"https:\/\/exoticchemicals.com\/product\/wonder-psilocybin-gummies-cranberry-3g\/#primaryimage"},"image":{"@id":"https:\/\/exoticchemicals.com\/product\/wonder-psilocybin-gummies-cranberry-3g\/#primaryimage"},"thumbnailUrl":"https:\/\/exoticchemicals.com\/wp-content\/uploads\/2025\/02\/Wonder_Mockup_GummyBag_Cranberry-600x404-1.webp","datePublished":"2025-02-06T21:27:22+00:00","dateModified":"2026-04-12T12:51:38+00:00","breadcrumb":{"@id":"https:\/\/exoticchemicals.com\/product\/wonder-psilocybin-gummies-cranberry-3g\/#breadcrumb"},"inLanguage":"tr","potentialAction":[{"@type":"ReadAction","target":["https:\/\/exoticchemicals.com\/product\/wonder-psilocybin-gummies-cranberry-3g\/"]}]},{"@type":"ImageObject","inLanguage":"tr","@id":"https:\/\/exoticchemicals.com\/product\/wonder-psilocybin-gummies-cranberry-3g\/#primaryimage","url":"https:\/\/exoticchemicals.com\/wp-content\/uploads\/2025\/02\/Wonder_Mockup_GummyBag_Cranberry-600x404-1.webp","contentUrl":"https:\/\/exoticchemicals.com\/wp-content\/uploads\/2025\/02\/Wonder_Mockup_GummyBag_Cranberry-600x404-1.webp","width":600,"height":404},{"@type":"BreadcrumbList","@id":"https:\/\/exoticchemicals.com\/product\/wonder-psilocybin-gummies-cranberry-3g\/#breadcrumb","itemListElement":[{"@type":"ListItem","position":1,"name":"Home","item":"https:\/\/exoticchemicals.com\/"},{"@type":"ListItem","position":2,"name":"Shop","item":"https:\/\/exoticchemicals.com\/shop\/"},{"@type":"ListItem","position":3,"name":"Wonder \u2013 Psilocybin Gummies \u2013 Cranberry \u2013 3g"}]},{"@type":"WebSite","@id":"https:\/\/exoticchemicals.com\/#website","url":"https:\/\/exoticchemicals.com\/","name":"egzoti\u0307k ki\u0307myasallar","description":"MDPHP Hidroklor\u00fcr Sat\u0131n Al\u0131n","publisher":{"@id":"https:\/\/exoticchemicals.com\/#\/schema\/person\/07ad08472b6f5b213792451a32dbe8c7"},"potentialAction":[{"@type":"SearchAction","target":{"@type":"EntryPoint","urlTemplate":"https:\/\/exoticchemicals.com\/?s={search_term_string}"},"query-input":{"@type":"PropertyValueSpecification","valueRequired":true,"valueName":"search_term_string"}}],"inLanguage":"tr"},{"@type":["Person","Organization"],"@id":"https:\/\/exoticchemicals.com\/#\/schema\/person\/07ad08472b6f5b213792451a32dbe8c7","name":"wwalkershop@gmail.com","image":{"@type":"ImageObject","inLanguage":"tr","@id":"https:\/\/exoticchemicals.com\/wp-content\/uploads\/2025\/02\/pure-3-1-1.png","url":"https:\/\/exoticchemicals.com\/wp-content\/uploads\/2025\/02\/pure-3-1-1.png","contentUrl":"https:\/\/exoticchemicals.com\/wp-content\/uploads\/2025\/02\/pure-3-1-1.png","width":500,"height":500,"caption":"wwalkershop@gmail.com"},"logo":{"@id":"https:\/\/exoticchemicals.com\/wp-content\/uploads\/2025\/02\/pure-3-1-1.png"},"sameAs":["http:\/\/exoticchemicals.com"]}]}},"uagb_featured_image_src":{"full":["https:\/\/exoticchemicals.com\/wp-content\/uploads\/2025\/02\/Wonder_Mockup_GummyBag_Cranberry-600x404-1.webp",600,404,false],"thumbnail":["https:\/\/exoticchemicals.com\/wp-content\/uploads\/2025\/02\/Wonder_Mockup_GummyBag_Cranberry-600x404-1-150x150.webp",150,150,true],"medium":["https:\/\/exoticchemicals.com\/wp-content\/uploads\/2025\/02\/Wonder_Mockup_GummyBag_Cranberry-600x404-1-300x202.webp",300,202,true],"medium_large":["https:\/\/exoticchemicals.com\/wp-content\/uploads\/2025\/02\/Wonder_Mockup_GummyBag_Cranberry-600x404-1.webp",600,404,false],"large":["https:\/\/exoticchemicals.com\/wp-content\/uploads\/2025\/02\/Wonder_Mockup_GummyBag_Cranberry-600x404-1.webp",600,404,false],"1536x1536":["https:\/\/exoticchemicals.com\/wp-content\/uploads\/2025\/02\/Wonder_Mockup_GummyBag_Cranberry-600x404-1.webp",600,404,false],"2048x2048":["https:\/\/exoticchemicals.com\/wp-content\/uploads\/2025\/02\/Wonder_Mockup_GummyBag_Cranberry-600x404-1.webp",600,404,false],"trp-custom-language-flag":["https:\/\/exoticchemicals.com\/wp-content\/uploads\/2025\/02\/Wonder_Mockup_GummyBag_Cranberry-600x404-1.webp",18,12,false],"woocommerce_thumbnail":["https:\/\/exoticchemicals.com\/wp-content\/uploads\/2025\/02\/Wonder_Mockup_GummyBag_Cranberry-600x404-1-300x300.webp",300,300,true],"woocommerce_single":["https:\/\/exoticchemicals.com\/wp-content\/uploads\/2025\/02\/Wonder_Mockup_GummyBag_Cranberry-600x404-1.webp",600,404,false],"woocommerce_gallery_thumbnail":["https:\/\/exoticchemicals.com\/wp-content\/uploads\/2025\/02\/Wonder_Mockup_GummyBag_Cranberry-600x404-1-100x100.webp",100,100,true]},"uagb_author_info":{"display_name":"bossman","author_link":"https:\/\/exoticchemicals.com\/tr\/author\/"},"uagb_comment_info":9,"uagb_excerpt":"Are you looking to integrate psilocybin into your daily routine? Maybe you\u2019re looking to microdose on a regular basis to enjoy the benefits of increased creativity, decreased anxiety, and improved mood. Perhaps you\u2019re looking to take your next philosophical discussion with friends to a whole new level with a museum dose. Or you might be&hellip;","_links":{"self":[{"href":"https:\/\/exoticchemicals.com\/tr\/wp-json\/wp\/v2\/product\/3788","targetHints":{"allow":["GET"]}}],"collection":[{"href":"https:\/\/exoticchemicals.com\/tr\/wp-json\/wp\/v2\/product"}],"about":[{"href":"https:\/\/exoticchemicals.com\/tr\/wp-json\/wp\/v2\/types\/product"}],"replies":[{"embeddable":true,"href":"https:\/\/exoticchemicals.com\/tr\/wp-json\/wp\/v2\/comments?post=3788"}],"wp:featuredmedia":[{"embeddable":true,"href":"https:\/\/exoticchemicals.com\/tr\/wp-json\/wp\/v2\/media\/3803"}],"wp:attachment":[{"href":"https:\/\/exoticchemicals.com\/tr\/wp-json\/wp\/v2\/media?parent=3788"}],"wp:term":[{"taxonomy":"product_brand","embeddable":true,"href":"https:\/\/exoticchemicals.com\/tr\/wp-json\/wp\/v2\/product_brand?post=3788"},{"taxonomy":"product_cat","embeddable":true,"href":"https:\/\/exoticchemicals.com\/tr\/wp-json\/wp\/v2\/product_cat?post=3788"},{"taxonomy":"product_tag","embeddable":true,"href":"https:\/\/exoticchemicals.com\/tr\/wp-json\/wp\/v2\/product_tag?post=3788"}],"curies":[{"name":"wp","href":"https:\/\/api.w.org\/{rel}","templated":true}]}}