{"id":3789,"date":"2025-02-06T21:27:22","date_gmt":"2025-02-06T21:27:22","guid":{"rendered":"https:\/\/exoticchemicals.com\/?post_type=product&#038;p=3789"},"modified":"2026-04-10T05:51:32","modified_gmt":"2026-04-10T05:51:32","slug":"ritual-relief-black-cherry-microdose-chews","status":"publish","type":"product","link":"https:\/\/exoticchemicals.com\/tr\/product\/ritual-relief-black-cherry-microdose-chews\/","title":{"rendered":"Ritual Relief Black Cherry Microdose Chews"},"content":{"rendered":"<h2>Ritual Relief Black Cherry Microdose Chews<\/h2>\n<p>&nbsp;<\/p>\n<p>These natural chews are made with premium psilocybin distillate offering a balanced high with a clean discrete taste. Each pack comes with 8x 125 mg psilocybin extract Black Cherry chews. Our exclusive formulation delivers a unique and balanced experience yet is gentle on the stomach. These are intended for folks that need some stability throughout the day.<\/p>\n<p>Nootropic ingredients such as Lion\u2019s Mane and Ashwagandha Root was added for an extra boost of brain food for positive energy, focus, and overall well being. Our Chews are dusted in coconut milk powder for healthy fats, and less sugar than traditional chews.<\/p>\n<p>We recommend starting with 1 Gummy = 125mg then adding to enhance your experience.<\/p>\n<p>Ingredients: Dried Coconut Milk 5mg | Lion\u2019s Maine 80mg | Ashwagandha Root 80mg | Psilocybin Distillate 125mg<\/p>\n<p>**Allergy Notice: Gummies contain Gelatine and are dusted with coconut milk**<\/p>","protected":false},"excerpt":{"rendered":"<p>These natural chews are made with premium psilocybin distillate offering a balanced high with a clean discrete taste. Each pack comes with 8x 125 mg psilocybin extract Black Cherry chews. Our exclusive formulation delivers a unique and balanced experience yet is gentle on the stomach. These are intended for folks that need some stability throughout the day.<\/p>","protected":false},"featured_media":3804,"comment_status":"open","ping_status":"closed","template":"","meta":{"_uag_custom_page_level_css":"","site-sidebar-layout":"default","site-content-layout":"","ast-site-content-layout":"","site-content-style":"default","site-sidebar-style":"default","ast-global-header-display":"","ast-banner-title-visibility":"","ast-main-header-display":"","ast-hfb-above-header-display":"","ast-hfb-below-header-display":"","ast-hfb-mobile-header-display":"","site-post-title":"","ast-breadcrumbs-content":"","ast-featured-img":"","footer-sml-layout":"","theme-transparent-header-meta":"","adv-header-id-meta":"","stick-header-meta":"","header-above-stick-meta":"","header-main-stick-meta":"","header-below-stick-meta":"","astra-migrate-meta-layouts":"default","ast-page-background-enabled":"default","ast-page-background-meta":{"desktop":{"background-color":"","background-image":"","background-repeat":"repeat","background-position":"center center","background-size":"auto","background-attachment":"scroll","background-type":"","background-media":"","overlay-type":"","overlay-color":"","overlay-opacity":"","overlay-gradient":""},"tablet":{"background-color":"","background-image":"","background-repeat":"repeat","background-position":"center center","background-size":"auto","background-attachment":"scroll","background-type":"","background-media":"","overlay-type":"","overlay-color":"","overlay-opacity":"","overlay-gradient":""},"mobile":{"background-color":"","background-image":"","background-repeat":"repeat","background-position":"center center","background-size":"auto","background-attachment":"scroll","background-type":"","background-media":"","overlay-type":"","overlay-color":"","overlay-opacity":"","overlay-gradient":""}},"ast-content-background-meta":{"desktop":{"background-color":"var(--ast-global-color-5)","background-image":"","background-repeat":"repeat","background-position":"center center","background-size":"auto","background-attachment":"scroll","background-type":"","background-media":"","overlay-type":"","overlay-color":"","overlay-opacity":"","overlay-gradient":""},"tablet":{"background-color":"var(--ast-global-color-5)","background-image":"","background-repeat":"repeat","background-position":"center center","background-size":"auto","background-attachment":"scroll","background-type":"","background-media":"","overlay-type":"","overlay-color":"","overlay-opacity":"","overlay-gradient":""},"mobile":{"background-color":"var(--ast-global-color-5)","background-image":"","background-repeat":"repeat","background-position":"center center","background-size":"auto","background-attachment":"scroll","background-type":"","background-media":"","overlay-type":"","overlay-color":"","overlay-opacity":"","overlay-gradient":""}}},"product_brand":[],"product_cat":[2197],"product_tag":[],"class_list":{"0":"post-3789","1":"product","2":"type-product","3":"status-publish","4":"has-post-thumbnail","6":"product_cat-buy-magic-mushroom-edibles","7":"desktop-align-left","8":"tablet-align-left","9":"mobile-align-left","11":"first","12":"instock","13":"shipping-taxable","14":"purchasable","15":"product-type-simple"},"yoast_head":"<!-- This site is optimized with the Yoast SEO plugin v27.4 - https:\/\/yoast.com\/product\/yoast-seo-wordpress\/ -->\n<title>Ritual Relief Black Cherry Microdose Chews -<\/title>\n<meta name=\"robots\" content=\"index, follow, max-snippet:-1, max-image-preview:large, max-video-preview:-1\" \/>\n<link rel=\"canonical\" href=\"https:\/\/exoticchemicals.com\/tr\/product\/ritual-relief-black-cherry-microdose-chews\/\" \/>\n<meta property=\"og:locale\" content=\"tr_TR\" \/>\n<meta property=\"og:type\" content=\"article\" \/>\n<meta property=\"og:title\" content=\"Ritual Relief Black Cherry Microdose Chews -\" \/>\n<meta property=\"og:description\" content=\"These natural chews are made with premium psilocybin distillate offering a balanced high with a clean discrete taste. Each pack comes with 8x 125 mg psilocybin extract Black Cherry chews. Our exclusive formulation delivers a unique and balanced experience yet is gentle on the stomach. These are intended for folks that need some stability throughout the day.\" \/>\n<meta property=\"og:url\" content=\"https:\/\/exoticchemicals.com\/tr\/product\/ritual-relief-black-cherry-microdose-chews\/\" \/>\n<meta property=\"article:modified_time\" content=\"2026-04-10T05:51:32+00:00\" \/>\n<meta property=\"og:image\" content=\"https:\/\/exoticchemicals.com\/wp-content\/uploads\/2025\/02\/WhatsApp-Image-2021-07-14-at-12.12.16-AM-1-300x300-1.png\" \/>\n\t<meta property=\"og:image:width\" content=\"300\" \/>\n\t<meta property=\"og:image:height\" content=\"300\" \/>\n\t<meta property=\"og:image:type\" content=\"image\/png\" \/>\n<meta name=\"twitter:card\" content=\"summary_large_image\" \/>\n<meta name=\"twitter:label1\" content=\"Tahmini okuma s\u00fcresi\" \/>\n\t<meta name=\"twitter:data1\" content=\"1 dakika\" \/>\n<script type=\"application\/ld+json\" class=\"yoast-schema-graph\">{\"@context\":\"https:\\\/\\\/schema.org\",\"@graph\":[{\"@type\":\"WebPage\",\"@id\":\"https:\\\/\\\/exoticchemicals.com\\\/product\\\/ritual-relief-black-cherry-microdose-chews\\\/\",\"url\":\"https:\\\/\\\/exoticchemicals.com\\\/product\\\/ritual-relief-black-cherry-microdose-chews\\\/\",\"name\":\"Ritual Relief Black Cherry Microdose Chews -\",\"isPartOf\":{\"@id\":\"https:\\\/\\\/exoticchemicals.com\\\/#website\"},\"primaryImageOfPage\":{\"@id\":\"https:\\\/\\\/exoticchemicals.com\\\/product\\\/ritual-relief-black-cherry-microdose-chews\\\/#primaryimage\"},\"image\":{\"@id\":\"https:\\\/\\\/exoticchemicals.com\\\/product\\\/ritual-relief-black-cherry-microdose-chews\\\/#primaryimage\"},\"thumbnailUrl\":\"https:\\\/\\\/exoticchemicals.com\\\/wp-content\\\/uploads\\\/2025\\\/02\\\/WhatsApp-Image-2021-07-14-at-12.12.16-AM-1-300x300-1.png\",\"datePublished\":\"2025-02-06T21:27:22+00:00\",\"dateModified\":\"2026-04-10T05:51:32+00:00\",\"breadcrumb\":{\"@id\":\"https:\\\/\\\/exoticchemicals.com\\\/product\\\/ritual-relief-black-cherry-microdose-chews\\\/#breadcrumb\"},\"inLanguage\":\"tr\",\"potentialAction\":[{\"@type\":\"ReadAction\",\"target\":[\"https:\\\/\\\/exoticchemicals.com\\\/product\\\/ritual-relief-black-cherry-microdose-chews\\\/\"]}]},{\"@type\":\"ImageObject\",\"inLanguage\":\"tr\",\"@id\":\"https:\\\/\\\/exoticchemicals.com\\\/product\\\/ritual-relief-black-cherry-microdose-chews\\\/#primaryimage\",\"url\":\"https:\\\/\\\/exoticchemicals.com\\\/wp-content\\\/uploads\\\/2025\\\/02\\\/WhatsApp-Image-2021-07-14-at-12.12.16-AM-1-300x300-1.png\",\"contentUrl\":\"https:\\\/\\\/exoticchemicals.com\\\/wp-content\\\/uploads\\\/2025\\\/02\\\/WhatsApp-Image-2021-07-14-at-12.12.16-AM-1-300x300-1.png\",\"width\":300,\"height\":300},{\"@type\":\"BreadcrumbList\",\"@id\":\"https:\\\/\\\/exoticchemicals.com\\\/product\\\/ritual-relief-black-cherry-microdose-chews\\\/#breadcrumb\",\"itemListElement\":[{\"@type\":\"ListItem\",\"position\":1,\"name\":\"Home\",\"item\":\"https:\\\/\\\/exoticchemicals.com\\\/\"},{\"@type\":\"ListItem\",\"position\":2,\"name\":\"Shop\",\"item\":\"https:\\\/\\\/exoticchemicals.com\\\/shop\\\/\"},{\"@type\":\"ListItem\",\"position\":3,\"name\":\"Ritual Relief Black Cherry Microdose Chews\"}]},{\"@type\":\"WebSite\",\"@id\":\"https:\\\/\\\/exoticchemicals.com\\\/#website\",\"url\":\"https:\\\/\\\/exoticchemicals.com\\\/\",\"name\":\"exotic chemicals\",\"description\":\"Buy MDPHP Hydrochloride\",\"publisher\":{\"@id\":\"https:\\\/\\\/exoticchemicals.com\\\/#\\\/schema\\\/person\\\/07ad08472b6f5b213792451a32dbe8c7\"},\"potentialAction\":[{\"@type\":\"SearchAction\",\"target\":{\"@type\":\"EntryPoint\",\"urlTemplate\":\"https:\\\/\\\/exoticchemicals.com\\\/?s={search_term_string}\"},\"query-input\":{\"@type\":\"PropertyValueSpecification\",\"valueRequired\":true,\"valueName\":\"search_term_string\"}}],\"inLanguage\":\"tr\"},{\"@type\":[\"Person\",\"Organization\"],\"@id\":\"https:\\\/\\\/exoticchemicals.com\\\/#\\\/schema\\\/person\\\/07ad08472b6f5b213792451a32dbe8c7\",\"name\":\"wwalkershop@gmail.com\",\"image\":{\"@type\":\"ImageObject\",\"inLanguage\":\"tr\",\"@id\":\"https:\\\/\\\/exoticchemicals.com\\\/wp-content\\\/uploads\\\/2025\\\/02\\\/pure-3-1-1.png\",\"url\":\"https:\\\/\\\/exoticchemicals.com\\\/wp-content\\\/uploads\\\/2025\\\/02\\\/pure-3-1-1.png\",\"contentUrl\":\"https:\\\/\\\/exoticchemicals.com\\\/wp-content\\\/uploads\\\/2025\\\/02\\\/pure-3-1-1.png\",\"width\":500,\"height\":500,\"caption\":\"wwalkershop@gmail.com\"},\"logo\":{\"@id\":\"https:\\\/\\\/exoticchemicals.com\\\/wp-content\\\/uploads\\\/2025\\\/02\\\/pure-3-1-1.png\"},\"sameAs\":[\"http:\\\/\\\/exoticchemicals.com\"]}]}<\/script>\n<!-- \/ Yoast SEO plugin. -->","yoast_head_json":{"title":"Ritual Relief Black Cherry Microdose Chews -","robots":{"index":"index","follow":"follow","max-snippet":"max-snippet:-1","max-image-preview":"max-image-preview:large","max-video-preview":"max-video-preview:-1"},"canonical":"https:\/\/exoticchemicals.com\/tr\/product\/ritual-relief-black-cherry-microdose-chews\/","og_locale":"tr_TR","og_type":"article","og_title":"Ritual Relief Black Cherry Microdose Chews -","og_description":"These natural chews are made with premium psilocybin distillate offering a balanced high with a clean discrete taste. Each pack comes with 8x 125 mg psilocybin extract Black Cherry chews. Our exclusive formulation delivers a unique and balanced experience yet is gentle on the stomach. These are intended for folks that need some stability throughout the day.","og_url":"https:\/\/exoticchemicals.com\/tr\/product\/ritual-relief-black-cherry-microdose-chews\/","article_modified_time":"2026-04-10T05:51:32+00:00","og_image":[{"width":300,"height":300,"url":"https:\/\/exoticchemicals.com\/wp-content\/uploads\/2025\/02\/WhatsApp-Image-2021-07-14-at-12.12.16-AM-1-300x300-1.png","type":"image\/png"}],"twitter_card":"summary_large_image","twitter_misc":{"Tahmini okuma s\u00fcresi":"1 dakika"},"schema":{"@context":"https:\/\/schema.org","@graph":[{"@type":"WebPage","@id":"https:\/\/exoticchemicals.com\/product\/ritual-relief-black-cherry-microdose-chews\/","url":"https:\/\/exoticchemicals.com\/product\/ritual-relief-black-cherry-microdose-chews\/","name":"Ritual Relief Black Cherry Microdose Chews -","isPartOf":{"@id":"https:\/\/exoticchemicals.com\/#website"},"primaryImageOfPage":{"@id":"https:\/\/exoticchemicals.com\/product\/ritual-relief-black-cherry-microdose-chews\/#primaryimage"},"image":{"@id":"https:\/\/exoticchemicals.com\/product\/ritual-relief-black-cherry-microdose-chews\/#primaryimage"},"thumbnailUrl":"https:\/\/exoticchemicals.com\/wp-content\/uploads\/2025\/02\/WhatsApp-Image-2021-07-14-at-12.12.16-AM-1-300x300-1.png","datePublished":"2025-02-06T21:27:22+00:00","dateModified":"2026-04-10T05:51:32+00:00","breadcrumb":{"@id":"https:\/\/exoticchemicals.com\/product\/ritual-relief-black-cherry-microdose-chews\/#breadcrumb"},"inLanguage":"tr","potentialAction":[{"@type":"ReadAction","target":["https:\/\/exoticchemicals.com\/product\/ritual-relief-black-cherry-microdose-chews\/"]}]},{"@type":"ImageObject","inLanguage":"tr","@id":"https:\/\/exoticchemicals.com\/product\/ritual-relief-black-cherry-microdose-chews\/#primaryimage","url":"https:\/\/exoticchemicals.com\/wp-content\/uploads\/2025\/02\/WhatsApp-Image-2021-07-14-at-12.12.16-AM-1-300x300-1.png","contentUrl":"https:\/\/exoticchemicals.com\/wp-content\/uploads\/2025\/02\/WhatsApp-Image-2021-07-14-at-12.12.16-AM-1-300x300-1.png","width":300,"height":300},{"@type":"BreadcrumbList","@id":"https:\/\/exoticchemicals.com\/product\/ritual-relief-black-cherry-microdose-chews\/#breadcrumb","itemListElement":[{"@type":"ListItem","position":1,"name":"Home","item":"https:\/\/exoticchemicals.com\/"},{"@type":"ListItem","position":2,"name":"Shop","item":"https:\/\/exoticchemicals.com\/shop\/"},{"@type":"ListItem","position":3,"name":"Ritual Relief Black Cherry Microdose Chews"}]},{"@type":"WebSite","@id":"https:\/\/exoticchemicals.com\/#website","url":"https:\/\/exoticchemicals.com\/","name":"egzoti\u0307k ki\u0307myasallar","description":"MDPHP Hidroklor\u00fcr Sat\u0131n Al\u0131n","publisher":{"@id":"https:\/\/exoticchemicals.com\/#\/schema\/person\/07ad08472b6f5b213792451a32dbe8c7"},"potentialAction":[{"@type":"SearchAction","target":{"@type":"EntryPoint","urlTemplate":"https:\/\/exoticchemicals.com\/?s={search_term_string}"},"query-input":{"@type":"PropertyValueSpecification","valueRequired":true,"valueName":"search_term_string"}}],"inLanguage":"tr"},{"@type":["Person","Organization"],"@id":"https:\/\/exoticchemicals.com\/#\/schema\/person\/07ad08472b6f5b213792451a32dbe8c7","name":"wwalkershop@gmail.com","image":{"@type":"ImageObject","inLanguage":"tr","@id":"https:\/\/exoticchemicals.com\/wp-content\/uploads\/2025\/02\/pure-3-1-1.png","url":"https:\/\/exoticchemicals.com\/wp-content\/uploads\/2025\/02\/pure-3-1-1.png","contentUrl":"https:\/\/exoticchemicals.com\/wp-content\/uploads\/2025\/02\/pure-3-1-1.png","width":500,"height":500,"caption":"wwalkershop@gmail.com"},"logo":{"@id":"https:\/\/exoticchemicals.com\/wp-content\/uploads\/2025\/02\/pure-3-1-1.png"},"sameAs":["http:\/\/exoticchemicals.com"]}]}},"uagb_featured_image_src":{"full":["https:\/\/exoticchemicals.com\/wp-content\/uploads\/2025\/02\/WhatsApp-Image-2021-07-14-at-12.12.16-AM-1-300x300-1.png",300,300,false],"thumbnail":["https:\/\/exoticchemicals.com\/wp-content\/uploads\/2025\/02\/WhatsApp-Image-2021-07-14-at-12.12.16-AM-1-300x300-1-150x150.png",150,150,true],"medium":["https:\/\/exoticchemicals.com\/wp-content\/uploads\/2025\/02\/WhatsApp-Image-2021-07-14-at-12.12.16-AM-1-300x300-1.png",300,300,false],"medium_large":["https:\/\/exoticchemicals.com\/wp-content\/uploads\/2025\/02\/WhatsApp-Image-2021-07-14-at-12.12.16-AM-1-300x300-1.png",300,300,false],"large":["https:\/\/exoticchemicals.com\/wp-content\/uploads\/2025\/02\/WhatsApp-Image-2021-07-14-at-12.12.16-AM-1-300x300-1.png",300,300,false],"1536x1536":["https:\/\/exoticchemicals.com\/wp-content\/uploads\/2025\/02\/WhatsApp-Image-2021-07-14-at-12.12.16-AM-1-300x300-1.png",300,300,false],"2048x2048":["https:\/\/exoticchemicals.com\/wp-content\/uploads\/2025\/02\/WhatsApp-Image-2021-07-14-at-12.12.16-AM-1-300x300-1.png",300,300,false],"trp-custom-language-flag":["https:\/\/exoticchemicals.com\/wp-content\/uploads\/2025\/02\/WhatsApp-Image-2021-07-14-at-12.12.16-AM-1-300x300-1.png",12,12,false],"woocommerce_thumbnail":["https:\/\/exoticchemicals.com\/wp-content\/uploads\/2025\/02\/WhatsApp-Image-2021-07-14-at-12.12.16-AM-1-300x300-1.png",300,300,false],"woocommerce_single":["https:\/\/exoticchemicals.com\/wp-content\/uploads\/2025\/02\/WhatsApp-Image-2021-07-14-at-12.12.16-AM-1-300x300-1.png",300,300,false],"woocommerce_gallery_thumbnail":["https:\/\/exoticchemicals.com\/wp-content\/uploads\/2025\/02\/WhatsApp-Image-2021-07-14-at-12.12.16-AM-1-300x300-1-100x100.png",100,100,true]},"uagb_author_info":{"display_name":"bossman","author_link":"https:\/\/exoticchemicals.com\/tr\/author\/"},"uagb_comment_info":8,"uagb_excerpt":"These natural chews are made with premium psilocybin distillate offering a balanced high with a clean discrete taste. Each pack comes with 8x 125 mg psilocybin extract Black Cherry chews. Our exclusive formulation delivers a unique and balanced experience yet is gentle on the stomach. These are intended for folks that need some stability throughout&hellip;","_links":{"self":[{"href":"https:\/\/exoticchemicals.com\/tr\/wp-json\/wp\/v2\/product\/3789","targetHints":{"allow":["GET"]}}],"collection":[{"href":"https:\/\/exoticchemicals.com\/tr\/wp-json\/wp\/v2\/product"}],"about":[{"href":"https:\/\/exoticchemicals.com\/tr\/wp-json\/wp\/v2\/types\/product"}],"replies":[{"embeddable":true,"href":"https:\/\/exoticchemicals.com\/tr\/wp-json\/wp\/v2\/comments?post=3789"}],"wp:featuredmedia":[{"embeddable":true,"href":"https:\/\/exoticchemicals.com\/tr\/wp-json\/wp\/v2\/media\/3804"}],"wp:attachment":[{"href":"https:\/\/exoticchemicals.com\/tr\/wp-json\/wp\/v2\/media?parent=3789"}],"wp:term":[{"taxonomy":"product_brand","embeddable":true,"href":"https:\/\/exoticchemicals.com\/tr\/wp-json\/wp\/v2\/product_brand?post=3789"},{"taxonomy":"product_cat","embeddable":true,"href":"https:\/\/exoticchemicals.com\/tr\/wp-json\/wp\/v2\/product_cat?post=3789"},{"taxonomy":"product_tag","embeddable":true,"href":"https:\/\/exoticchemicals.com\/tr\/wp-json\/wp\/v2\/product_tag?post=3789"}],"curies":[{"name":"wp","href":"https:\/\/api.w.org\/{rel}","templated":true}]}}