{"id":3826,"date":"2025-02-06T21:27:37","date_gmt":"2025-02-06T21:27:37","guid":{"rendered":"https:\/\/exoticchemicals.com\/?post_type=product&#038;p=3826"},"modified":"2026-04-14T09:41:33","modified_gmt":"2026-04-14T09:41:33","slug":"psilocybe-buy-albino-treasure-coast","status":"publish","type":"product","link":"https:\/\/exoticchemicals.com\/tr\/product\/psilocybe-buy-albino-treasure-coast\/","title":{"rendered":"Psilocybe: Buy Albino Treasure Coast"},"content":{"rendered":"<h1>Buy Albino Treasure Coast Magic mushroom USA<\/h1>\n<p>buy psychedelic mushroom New Jersey<\/p>\n<p>Albino Treasure Coast (ATC) Magic Mushrooms (Psilocybe Cubensis, <a href=\"https:\/\/isochemi.com\/product\/psilocybe-buy-albino-treasure-coast\/\">Treasure Coast Albino<\/a>), is a P. Cubensis strain named after its place of origin, the Treasure Coast of Florida. This strain is derived from the original Treasure Coast magic mushroom. The main difference between the two is the pigmentation and the fact that the albino strain is said to be more potent, especially in their frosted caps. This mushroom is considered to be in the same class as the strongest Psilocybe Cubensis.<\/p>\n<p>They were originally found in the wild growing in cow and horse dung along the Southern Florida Gulf coast (Treasure Coast).\u00a0<a href=\"https:\/\/isochemi.com\/product\/psilocybe-buy-albino-treasure-coast\/\"> buy psychedelic mushroom New Jersey<\/a> Nowadays they are grown organically in a more sanitary and sterile environment. Because the Albino Treasure Coast Shrooms are known for very large flushes and to grow in thick clusters, many psychonauts and mycologist favours this strain. While the Albino shrooms tend to grow slower, it also contains more psilocybin in its caps.<\/p>\n<div>\n<div class=\"woocommerce-product-details__short-description\">\n<p>The Albino Treasure Coast is definitely a Magic Mushroom to be used with caution as it is\u00a0<strong>very potent<\/strong>. It is\u00a0<strong>not suitable for beginners<\/strong>\u00a0and even experienced users should plan their trip properly. Many people report strong highs at first but as the trip continues, it tapers off to a more chill high. The feelings associated to this mushroom can be described as enlightening and sensations of a euphoric buzz. It will help you connect to nature and heal your mind and spirit.<\/p>\n<h2><a href=\"https:\/\/isochemi.com\/product\/psilocybe-buy-albino-treasure-coast\/\">buy psychedelic mushroom New Jersey<\/a><\/h2>\n<\/p><\/div>\n<p>Dosage recommendations:<\/p>\n<p>Creative dose: 0.5 Grams to 1.25 Gram<\/p>\n<p>Medium Recreational dose: 1.5 Grams to 2 Grams<\/p>\n<p>Full Recreational dose: 2 Grams to 3.5 Grams<\/p>\n<p>!!Caution!! Do not mix magic mushroom products with alcohol or other anti-depression medication (SSRI) as it dulls the experience or blocks it completely.<\/p>\n<p>Keep product stored at room temperature in a dry environment away from direct sunlight. Also keep out of the reach of children and pets.<\/p>\n<\/p><\/div>","protected":false},"excerpt":{"rendered":"<h2>Buy Albino Treasure Coast<\/h2>\n<p>Albino Treasure Coast (ATC) Magic Mushrooms (Psilocybe Cubensis, Treasure Coast Albino), is a P. Cubensis strain named after its place of origin, the Treasure Coast of Florida. This strain is derived from the original Treasure Coast magic mushroom. The main difference between the two is the pigmentation and the fact that the albino strain is said to be more potent, especially in their frosted caps. This mushroom is considered to be in the same class as the strongest Psilocybe Cubensis.<\/p>\n<p>The Albino Treasure Coast is definitely a Magic Mushroom to be used with caution as it is\u00a0<strong>very potent<\/strong>. It is\u00a0<strong>not suitable for beginners<\/strong>\u00a0and even experienced users should plan their trip properly. Many people report strong highs at first but as the trip continues, it tapers off to a more chill high. The feelings associated to this mushroom can be described as enlightening and sensations of a euphoric buzz. It will help you connect to nature and heal your mind and spirit.<\/p>\n<p>&nbsp;<\/p>\n<h2>14 GRAMS<\/h2>","protected":false},"featured_media":3856,"comment_status":"open","ping_status":"closed","template":"","meta":{"_uag_custom_page_level_css":"","site-sidebar-layout":"default","site-content-layout":"","ast-site-content-layout":"","site-content-style":"default","site-sidebar-style":"default","ast-global-header-display":"","ast-banner-title-visibility":"","ast-main-header-display":"","ast-hfb-above-header-display":"","ast-hfb-below-header-display":"","ast-hfb-mobile-header-display":"","site-post-title":"","ast-breadcrumbs-content":"","ast-featured-img":"","footer-sml-layout":"","theme-transparent-header-meta":"","adv-header-id-meta":"","stick-header-meta":"","header-above-stick-meta":"","header-main-stick-meta":"","header-below-stick-meta":"","astra-migrate-meta-layouts":"default","ast-page-background-enabled":"default","ast-page-background-meta":{"desktop":{"background-color":"","background-image":"","background-repeat":"repeat","background-position":"center center","background-size":"auto","background-attachment":"scroll","background-type":"","background-media":"","overlay-type":"","overlay-color":"","overlay-opacity":"","overlay-gradient":""},"tablet":{"background-color":"","background-image":"","background-repeat":"repeat","background-position":"center center","background-size":"auto","background-attachment":"scroll","background-type":"","background-media":"","overlay-type":"","overlay-color":"","overlay-opacity":"","overlay-gradient":""},"mobile":{"background-color":"","background-image":"","background-repeat":"repeat","background-position":"center center","background-size":"auto","background-attachment":"scroll","background-type":"","background-media":"","overlay-type":"","overlay-color":"","overlay-opacity":"","overlay-gradient":""}},"ast-content-background-meta":{"desktop":{"background-color":"var(--ast-global-color-5)","background-image":"","background-repeat":"repeat","background-position":"center center","background-size":"auto","background-attachment":"scroll","background-type":"","background-media":"","overlay-type":"","overlay-color":"","overlay-opacity":"","overlay-gradient":""},"tablet":{"background-color":"var(--ast-global-color-5)","background-image":"","background-repeat":"repeat","background-position":"center center","background-size":"auto","background-attachment":"scroll","background-type":"","background-media":"","overlay-type":"","overlay-color":"","overlay-opacity":"","overlay-gradient":""},"mobile":{"background-color":"var(--ast-global-color-5)","background-image":"","background-repeat":"repeat","background-position":"center center","background-size":"auto","background-attachment":"scroll","background-type":"","background-media":"","overlay-type":"","overlay-color":"","overlay-opacity":"","overlay-gradient":""}}},"product_brand":[],"product_cat":[2198],"product_tag":[2218,2238,2213,2239,2199,2200,2201,2202,2203,2214,2219,2220,2215,2204,2205,2206,2221,2222,2223,2224,2207,2208,2225,2226,2216,2227,2240,2228,2229,2230,2231,2232,2209,2233,2210,2211,2212,2234,2217,2235],"class_list":{"0":"post-3826","1":"product","2":"type-product","3":"status-publish","4":"has-post-thumbnail","6":"product_cat-secure-mdphp-hydrochloride-purchase-shrooms","7":"product_tag-book-on-psychedelic-mushrooms","8":"product_tag-buy-psychedelic-mushroom","9":"product_tag-buy-psychedelic-mushroom-in-australia","10":"product_tag-buy-psychedelic-mushroom-new-jersey","11":"product_tag-buy-psychedelic-mushroom-spores-canada","12":"product_tag-buy-psychedelic-mushrooms-uk","13":"product_tag-buy-psychedelics-mushrooms","14":"product_tag-can-you-buy-psychedelic-mushroom-seeds-online","15":"product_tag-can-you-buy-psychedelics-mushrooms-in-usa","16":"product_tag-how-much-are-mushrooms-psychedelic","17":"product_tag-how-to-buy-psychedelic-mushrooms","18":"product_tag-how-to-find-psychedelic-mushrooms","19":"product_tag-how-to-get-psychedelics-mushrooms","20":"product_tag-mushrooms-for-sale","21":"product_tag-mushrooms-psychedelic-buy","22":"product_tag-mushrooms-psychedelic-buy-online-usa","23":"product_tag-mushrooms-psychedelic-near-me","24":"product_tag-mushrooms-psychedelic-where-to-find-them","25":"product_tag-mushrooms-selling-price-psychedelic","26":"product_tag-mushrooms-with-psychedelic-properties","27":"product_tag-psychedelic-drugs","28":"product_tag-psychedelic-mushroom-kit-ship-to-kuwait-buy","29":"product_tag-psychedelic-mushroom-shop-near-me","30":"product_tag-psychedelic-mushrooms-for-sale","31":"product_tag-psychedelic-mushrooms-for-sale-near-me","32":"product_tag-psychedelic-mushrooms-in-australia","33":"product_tag-psychedelic-mushrooms-in-ohio","34":"product_tag-psychedelic-mushrooms-near-me","35":"product_tag-psychedelic-mushrooms-to-buy","36":"product_tag-psychedelics-mushroom-for-sale","37":"product_tag-what-are-psychedelic-mushrooms","38":"product_tag-where-can-i-buy-psychedelic-mushrooms","39":"product_tag-where-can-i-buy-psychedelics-mushrooms-in-usa","40":"product_tag-where-can-i-get-psychedelic-mushrooms","41":"product_tag-where-to-buy-mushrooms-psychedelic","42":"product_tag-where-to-buy-psychedelic-mushroom-spores","43":"product_tag-where-to-buy-psychedelics-mushrooms","44":"product_tag-where-to-find-psychedelics-mushrooms","45":"product_tag-where-to-find-psychedelics-mushrooms-uk","46":"product_tag-which-mushrooms-are-psychedelic","47":"desktop-align-left","48":"tablet-align-left","49":"mobile-align-left","51":"first","52":"instock","53":"shipping-taxable","54":"purchasable","55":"product-type-simple"},"yoast_head":"<!-- This site is optimized with the Yoast SEO plugin v27.4 - https:\/\/yoast.com\/product\/yoast-seo-wordpress\/ -->\n<title>Psilocybe: Buy Albino Treasure Coast -<\/title>\n<meta name=\"robots\" content=\"index, follow, max-snippet:-1, max-image-preview:large, max-video-preview:-1\" \/>\n<link rel=\"canonical\" href=\"https:\/\/exoticchemicals.com\/tr\/product\/psilocybe-buy-albino-treasure-coast\/\" \/>\n<meta property=\"og:locale\" content=\"tr_TR\" \/>\n<meta property=\"og:type\" content=\"article\" \/>\n<meta property=\"og:title\" content=\"Psilocybe: Buy Albino Treasure Coast -\" \/>\n<meta property=\"og:description\" content=\"Buy Albino Treasure Coast Albino Treasure Coast (ATC) Magic Mushrooms (Psilocybe Cubensis, Treasure Coast Albino), is a P. Cubensis strain named after its place of origin, the Treasure Coast of Florida. This strain is derived from the original Treasure Coast magic mushroom. The main difference between the two is the pigmentation and the fact that the albino strain is said to be more potent, especially in their frosted caps. This mushroom is considered to be in the same class as the strongest Psilocybe Cubensis. The Albino Treasure Coast is definitely a Magic Mushroom to be used with caution as it is\u00a0very potent. It is\u00a0not suitable for beginners\u00a0and even experienced users should plan their trip properly. Many people report strong highs at first but as the trip continues, it tapers off to a more chill high. The feelings associated to this mushroom can be described as enlightening and sensations of a euphoric buzz. It will help you connect to nature and heal your mind and spirit. &nbsp; 14 GRAMS\" \/>\n<meta property=\"og:url\" content=\"https:\/\/exoticchemicals.com\/tr\/product\/psilocybe-buy-albino-treasure-coast\/\" \/>\n<meta property=\"article:modified_time\" content=\"2026-04-14T09:41:33+00:00\" \/>\n<meta property=\"og:image\" content=\"https:\/\/exoticchemicals.com\/wp-content\/uploads\/2025\/02\/Albino-Treasure-Coast-1-scaled-465x465-1-jpg.webp\" \/>\n\t<meta property=\"og:image:width\" content=\"465\" \/>\n\t<meta property=\"og:image:height\" content=\"465\" \/>\n\t<meta property=\"og:image:type\" content=\"image\/webp\" \/>\n<meta name=\"twitter:card\" content=\"summary_large_image\" \/>\n<meta name=\"twitter:label1\" content=\"Tahmini okuma s\u00fcresi\" \/>\n\t<meta name=\"twitter:data1\" content=\"2 dakika\" \/>\n<script type=\"application\/ld+json\" class=\"yoast-schema-graph\">{\"@context\":\"https:\\\/\\\/schema.org\",\"@graph\":[{\"@type\":\"WebPage\",\"@id\":\"https:\\\/\\\/exoticchemicals.com\\\/product\\\/psilocybe-buy-albino-treasure-coast\\\/\",\"url\":\"https:\\\/\\\/exoticchemicals.com\\\/product\\\/psilocybe-buy-albino-treasure-coast\\\/\",\"name\":\"Psilocybe: Buy Albino Treasure Coast -\",\"isPartOf\":{\"@id\":\"https:\\\/\\\/exoticchemicals.com\\\/#website\"},\"primaryImageOfPage\":{\"@id\":\"https:\\\/\\\/exoticchemicals.com\\\/product\\\/psilocybe-buy-albino-treasure-coast\\\/#primaryimage\"},\"image\":{\"@id\":\"https:\\\/\\\/exoticchemicals.com\\\/product\\\/psilocybe-buy-albino-treasure-coast\\\/#primaryimage\"},\"thumbnailUrl\":\"https:\\\/\\\/exoticchemicals.com\\\/wp-content\\\/uploads\\\/2025\\\/02\\\/Albino-Treasure-Coast-1-scaled-465x465-1-jpg.webp\",\"datePublished\":\"2025-02-06T21:27:37+00:00\",\"dateModified\":\"2026-04-14T09:41:33+00:00\",\"breadcrumb\":{\"@id\":\"https:\\\/\\\/exoticchemicals.com\\\/product\\\/psilocybe-buy-albino-treasure-coast\\\/#breadcrumb\"},\"inLanguage\":\"tr\",\"potentialAction\":[{\"@type\":\"ReadAction\",\"target\":[\"https:\\\/\\\/exoticchemicals.com\\\/product\\\/psilocybe-buy-albino-treasure-coast\\\/\"]}]},{\"@type\":\"ImageObject\",\"inLanguage\":\"tr\",\"@id\":\"https:\\\/\\\/exoticchemicals.com\\\/product\\\/psilocybe-buy-albino-treasure-coast\\\/#primaryimage\",\"url\":\"https:\\\/\\\/exoticchemicals.com\\\/wp-content\\\/uploads\\\/2025\\\/02\\\/Albino-Treasure-Coast-1-scaled-465x465-1-jpg.webp\",\"contentUrl\":\"https:\\\/\\\/exoticchemicals.com\\\/wp-content\\\/uploads\\\/2025\\\/02\\\/Albino-Treasure-Coast-1-scaled-465x465-1-jpg.webp\",\"width\":465,\"height\":465},{\"@type\":\"BreadcrumbList\",\"@id\":\"https:\\\/\\\/exoticchemicals.com\\\/product\\\/psilocybe-buy-albino-treasure-coast\\\/#breadcrumb\",\"itemListElement\":[{\"@type\":\"ListItem\",\"position\":1,\"name\":\"Home\",\"item\":\"https:\\\/\\\/exoticchemicals.com\\\/\"},{\"@type\":\"ListItem\",\"position\":2,\"name\":\"Shop\",\"item\":\"https:\\\/\\\/exoticchemicals.com\\\/shop\\\/\"},{\"@type\":\"ListItem\",\"position\":3,\"name\":\"Psilocybe: Buy Albino Treasure Coast\"}]},{\"@type\":\"WebSite\",\"@id\":\"https:\\\/\\\/exoticchemicals.com\\\/#website\",\"url\":\"https:\\\/\\\/exoticchemicals.com\\\/\",\"name\":\"exotic chemicals\",\"description\":\"Buy MDPHP Hydrochloride\",\"publisher\":{\"@id\":\"https:\\\/\\\/exoticchemicals.com\\\/#\\\/schema\\\/person\\\/07ad08472b6f5b213792451a32dbe8c7\"},\"potentialAction\":[{\"@type\":\"SearchAction\",\"target\":{\"@type\":\"EntryPoint\",\"urlTemplate\":\"https:\\\/\\\/exoticchemicals.com\\\/?s={search_term_string}\"},\"query-input\":{\"@type\":\"PropertyValueSpecification\",\"valueRequired\":true,\"valueName\":\"search_term_string\"}}],\"inLanguage\":\"tr\"},{\"@type\":[\"Person\",\"Organization\"],\"@id\":\"https:\\\/\\\/exoticchemicals.com\\\/#\\\/schema\\\/person\\\/07ad08472b6f5b213792451a32dbe8c7\",\"name\":\"wwalkershop@gmail.com\",\"image\":{\"@type\":\"ImageObject\",\"inLanguage\":\"tr\",\"@id\":\"https:\\\/\\\/exoticchemicals.com\\\/wp-content\\\/uploads\\\/2025\\\/02\\\/pure-3-1-1.png\",\"url\":\"https:\\\/\\\/exoticchemicals.com\\\/wp-content\\\/uploads\\\/2025\\\/02\\\/pure-3-1-1.png\",\"contentUrl\":\"https:\\\/\\\/exoticchemicals.com\\\/wp-content\\\/uploads\\\/2025\\\/02\\\/pure-3-1-1.png\",\"width\":500,\"height\":500,\"caption\":\"wwalkershop@gmail.com\"},\"logo\":{\"@id\":\"https:\\\/\\\/exoticchemicals.com\\\/wp-content\\\/uploads\\\/2025\\\/02\\\/pure-3-1-1.png\"},\"sameAs\":[\"http:\\\/\\\/exoticchemicals.com\"]}]}<\/script>\n<!-- \/ Yoast SEO plugin. -->","yoast_head_json":{"title":"Psilocybe: Buy Albino Treasure Coast -","robots":{"index":"index","follow":"follow","max-snippet":"max-snippet:-1","max-image-preview":"max-image-preview:large","max-video-preview":"max-video-preview:-1"},"canonical":"https:\/\/exoticchemicals.com\/tr\/product\/psilocybe-buy-albino-treasure-coast\/","og_locale":"tr_TR","og_type":"article","og_title":"Psilocybe: Buy Albino Treasure Coast -","og_description":"Buy Albino Treasure Coast Albino Treasure Coast (ATC) Magic Mushrooms (Psilocybe Cubensis, Treasure Coast Albino), is a P. Cubensis strain named after its place of origin, the Treasure Coast of Florida. This strain is derived from the original Treasure Coast magic mushroom. The main difference between the two is the pigmentation and the fact that the albino strain is said to be more potent, especially in their frosted caps. This mushroom is considered to be in the same class as the strongest Psilocybe Cubensis. The Albino Treasure Coast is definitely a Magic Mushroom to be used with caution as it is\u00a0very potent. It is\u00a0not suitable for beginners\u00a0and even experienced users should plan their trip properly. Many people report strong highs at first but as the trip continues, it tapers off to a more chill high. The feelings associated to this mushroom can be described as enlightening and sensations of a euphoric buzz. It will help you connect to nature and heal your mind and spirit. &nbsp; 14 GRAMS","og_url":"https:\/\/exoticchemicals.com\/tr\/product\/psilocybe-buy-albino-treasure-coast\/","article_modified_time":"2026-04-14T09:41:33+00:00","og_image":[{"width":465,"height":465,"url":"https:\/\/exoticchemicals.com\/wp-content\/uploads\/2025\/02\/Albino-Treasure-Coast-1-scaled-465x465-1-jpg.webp","type":"image\/webp"}],"twitter_card":"summary_large_image","twitter_misc":{"Tahmini okuma s\u00fcresi":"2 dakika"},"schema":{"@context":"https:\/\/schema.org","@graph":[{"@type":"WebPage","@id":"https:\/\/exoticchemicals.com\/product\/psilocybe-buy-albino-treasure-coast\/","url":"https:\/\/exoticchemicals.com\/product\/psilocybe-buy-albino-treasure-coast\/","name":"Psilocybe: Buy Albino Treasure Coast -","isPartOf":{"@id":"https:\/\/exoticchemicals.com\/#website"},"primaryImageOfPage":{"@id":"https:\/\/exoticchemicals.com\/product\/psilocybe-buy-albino-treasure-coast\/#primaryimage"},"image":{"@id":"https:\/\/exoticchemicals.com\/product\/psilocybe-buy-albino-treasure-coast\/#primaryimage"},"thumbnailUrl":"https:\/\/exoticchemicals.com\/wp-content\/uploads\/2025\/02\/Albino-Treasure-Coast-1-scaled-465x465-1-jpg.webp","datePublished":"2025-02-06T21:27:37+00:00","dateModified":"2026-04-14T09:41:33+00:00","breadcrumb":{"@id":"https:\/\/exoticchemicals.com\/product\/psilocybe-buy-albino-treasure-coast\/#breadcrumb"},"inLanguage":"tr","potentialAction":[{"@type":"ReadAction","target":["https:\/\/exoticchemicals.com\/product\/psilocybe-buy-albino-treasure-coast\/"]}]},{"@type":"ImageObject","inLanguage":"tr","@id":"https:\/\/exoticchemicals.com\/product\/psilocybe-buy-albino-treasure-coast\/#primaryimage","url":"https:\/\/exoticchemicals.com\/wp-content\/uploads\/2025\/02\/Albino-Treasure-Coast-1-scaled-465x465-1-jpg.webp","contentUrl":"https:\/\/exoticchemicals.com\/wp-content\/uploads\/2025\/02\/Albino-Treasure-Coast-1-scaled-465x465-1-jpg.webp","width":465,"height":465},{"@type":"BreadcrumbList","@id":"https:\/\/exoticchemicals.com\/product\/psilocybe-buy-albino-treasure-coast\/#breadcrumb","itemListElement":[{"@type":"ListItem","position":1,"name":"Home","item":"https:\/\/exoticchemicals.com\/"},{"@type":"ListItem","position":2,"name":"Shop","item":"https:\/\/exoticchemicals.com\/shop\/"},{"@type":"ListItem","position":3,"name":"Psilocybe: Buy Albino Treasure Coast"}]},{"@type":"WebSite","@id":"https:\/\/exoticchemicals.com\/#website","url":"https:\/\/exoticchemicals.com\/","name":"egzoti\u0307k ki\u0307myasallar","description":"MDPHP Hidroklor\u00fcr Sat\u0131n Al\u0131n","publisher":{"@id":"https:\/\/exoticchemicals.com\/#\/schema\/person\/07ad08472b6f5b213792451a32dbe8c7"},"potentialAction":[{"@type":"SearchAction","target":{"@type":"EntryPoint","urlTemplate":"https:\/\/exoticchemicals.com\/?s={search_term_string}"},"query-input":{"@type":"PropertyValueSpecification","valueRequired":true,"valueName":"search_term_string"}}],"inLanguage":"tr"},{"@type":["Person","Organization"],"@id":"https:\/\/exoticchemicals.com\/#\/schema\/person\/07ad08472b6f5b213792451a32dbe8c7","name":"wwalkershop@gmail.com","image":{"@type":"ImageObject","inLanguage":"tr","@id":"https:\/\/exoticchemicals.com\/wp-content\/uploads\/2025\/02\/pure-3-1-1.png","url":"https:\/\/exoticchemicals.com\/wp-content\/uploads\/2025\/02\/pure-3-1-1.png","contentUrl":"https:\/\/exoticchemicals.com\/wp-content\/uploads\/2025\/02\/pure-3-1-1.png","width":500,"height":500,"caption":"wwalkershop@gmail.com"},"logo":{"@id":"https:\/\/exoticchemicals.com\/wp-content\/uploads\/2025\/02\/pure-3-1-1.png"},"sameAs":["http:\/\/exoticchemicals.com"]}]}},"uagb_featured_image_src":{"full":["https:\/\/exoticchemicals.com\/wp-content\/uploads\/2025\/02\/Albino-Treasure-Coast-1-scaled-465x465-1-jpg.webp",465,465,false],"thumbnail":["https:\/\/exoticchemicals.com\/wp-content\/uploads\/2025\/02\/Albino-Treasure-Coast-1-scaled-465x465-1-jpg-150x150.webp",150,150,true],"medium":["https:\/\/exoticchemicals.com\/wp-content\/uploads\/2025\/02\/Albino-Treasure-Coast-1-scaled-465x465-1-jpg-300x300.webp",300,300,true],"medium_large":["https:\/\/exoticchemicals.com\/wp-content\/uploads\/2025\/02\/Albino-Treasure-Coast-1-scaled-465x465-1-jpg.webp",465,465,false],"large":["https:\/\/exoticchemicals.com\/wp-content\/uploads\/2025\/02\/Albino-Treasure-Coast-1-scaled-465x465-1-jpg.webp",465,465,false],"1536x1536":["https:\/\/exoticchemicals.com\/wp-content\/uploads\/2025\/02\/Albino-Treasure-Coast-1-scaled-465x465-1-jpg.webp",465,465,false],"2048x2048":["https:\/\/exoticchemicals.com\/wp-content\/uploads\/2025\/02\/Albino-Treasure-Coast-1-scaled-465x465-1-jpg.webp",465,465,false],"trp-custom-language-flag":["https:\/\/exoticchemicals.com\/wp-content\/uploads\/2025\/02\/Albino-Treasure-Coast-1-scaled-465x465-1-jpg.webp",12,12,false],"woocommerce_thumbnail":["https:\/\/exoticchemicals.com\/wp-content\/uploads\/2025\/02\/Albino-Treasure-Coast-1-scaled-465x465-1-jpg-300x300.webp",300,300,true],"woocommerce_single":["https:\/\/exoticchemicals.com\/wp-content\/uploads\/2025\/02\/Albino-Treasure-Coast-1-scaled-465x465-1-jpg.webp",465,465,false],"woocommerce_gallery_thumbnail":["https:\/\/exoticchemicals.com\/wp-content\/uploads\/2025\/02\/Albino-Treasure-Coast-1-scaled-465x465-1-jpg-100x100.webp",100,100,true]},"uagb_author_info":{"display_name":"bossman","author_link":"https:\/\/exoticchemicals.com\/tr\/author\/"},"uagb_comment_info":8,"uagb_excerpt":"Buy Albino Treasure Coast Albino Treasure Coast (ATC) Magic Mushrooms (Psilocybe Cubensis, Treasure Coast Albino), is a P. Cubensis strain named after its place of origin, the Treasure Coast of Florida. This strain is derived from the original Treasure Coast magic mushroom. The main difference between the two is the pigmentation and the fact that&hellip;","_links":{"self":[{"href":"https:\/\/exoticchemicals.com\/tr\/wp-json\/wp\/v2\/product\/3826","targetHints":{"allow":["GET"]}}],"collection":[{"href":"https:\/\/exoticchemicals.com\/tr\/wp-json\/wp\/v2\/product"}],"about":[{"href":"https:\/\/exoticchemicals.com\/tr\/wp-json\/wp\/v2\/types\/product"}],"replies":[{"embeddable":true,"href":"https:\/\/exoticchemicals.com\/tr\/wp-json\/wp\/v2\/comments?post=3826"}],"wp:featuredmedia":[{"embeddable":true,"href":"https:\/\/exoticchemicals.com\/tr\/wp-json\/wp\/v2\/media\/3856"}],"wp:attachment":[{"href":"https:\/\/exoticchemicals.com\/tr\/wp-json\/wp\/v2\/media?parent=3826"}],"wp:term":[{"taxonomy":"product_brand","embeddable":true,"href":"https:\/\/exoticchemicals.com\/tr\/wp-json\/wp\/v2\/product_brand?post=3826"},{"taxonomy":"product_cat","embeddable":true,"href":"https:\/\/exoticchemicals.com\/tr\/wp-json\/wp\/v2\/product_cat?post=3826"},{"taxonomy":"product_tag","embeddable":true,"href":"https:\/\/exoticchemicals.com\/tr\/wp-json\/wp\/v2\/product_tag?post=3826"}],"curies":[{"name":"wp","href":"https:\/\/api.w.org\/{rel}","templated":true}]}}