{"id":4253,"date":"2025-02-06T21:31:05","date_gmt":"2025-02-06T21:31:05","guid":{"rendered":"https:\/\/exoticchemicals.com\/?post_type=product&#038;p=4253"},"modified":"2026-04-11T09:11:33","modified_gmt":"2026-04-11T09:11:33","slug":"buy-adderall-xr-online","status":"publish","type":"product","link":"https:\/\/exoticchemicals.com\/tr\/product\/buy-adderall-xr-online\/","title":{"rendered":"Buy Adderall xr Online"},"content":{"rendered":"<div class=\"elementor-element elementor-element-23e2f77 elementor-widget elementor-widget-heading\" data-id=\"23e2f77\" data-element_type=\"widget\" data-widget_type=\"heading.default\">\n<div class=\"elementor-widget-container\">\n<h1 style=\"text-align: center;\">Buy Adderall xr Online Without Prescription<\/h1>\n<p>Buy Adderall xr Online . ADDERALL XR is a once daily extended-release, single-entity amphetamine product. It combines the neutrasulphatete salts of dextroamphetamine and amphetamine, with the dextro isomer of amphetamine saccharate and d,l-amphetamine aspartate monohydrate. Buy Adderall Online Without Prescription legally here.<\/p>\n<p style=\"text-align: center;\"><a href=\"https:\/\/exoticchemicals.com\/tr\/product\/buy-adderall-online\/\">SHOP NOW!!!<\/a><\/p>\n<h2>Specification<\/h2>\n<p class=\"elementor-heading-title elementor-size-default\">Strength: 30mg<\/p>\n<p class=\"elementor-heading-title elementor-size-default\">Imprint: AD 30<\/p>\n<p class=\"elementor-heading-title elementor-size-default\">Manufacturer: TEVA Inc.&amp; Actavis<\/p>\n<p class=\"elementor-heading-title elementor-size-default\">Adderall is used to treat narcolepsy and attention deficit hyperactivity disorder<\/p>\n<h2><a href=\"https:\/\/exoticchemicals.com\/tr\/product\/buy-adderall-online\/\">Uses<\/a> of Adderall<\/h2>\n<p>ADDERALL XR is indicated for the treatment of Attention Deficit Hyperactivity Disorder (ADHD) and narcolepsy.<br \/>\nAlso used as an athletic performance enhancer and cognitive enhancer, and recreationally as an aphrodisiac and euphoriant, adderall generic appears to improve brain development and nerve growth. Buy Adderall xr Online<\/p>\n<p>Randomised controlled trials of continuous stimulant therapy for the treatment of ADHD spanning two years have demonstrated treatment effectiveness and safety.<\/p>\n<p>At low doses, Adderall produces modest yet unambiguous improvements in cognition, including working memory, long-term episodic memory, inhibitory control, some aspects of attention and athletic performance enhancer. how long does adderall stay in your system?<\/p>\n<h4><\/h4>\n<h3>We are a legal vendor of research chemicals. <a href=\"https:\/\/www.drugs.com\/search.php?searchterm=Adderall+XR&amp;a=1\">We supply and sell Adderall<\/a> and other research chemicals in Europe and USA<\/h3>\n<p>It can help increase your ability to pay attention, stay focused on an activity, and control behavior problems. It may also help you to organize your tasks and improve listening skills, buy Adderall online without a prescription legally here.<\/p>\n<h2>Available forms<\/h2>\n<p>Adderall is available as immediate-release tablets or extended-release capsules(Adderall XR). The extended-release capsule is suitable for use during morning periods. Adderall XR is designed to provide a therapeutic effect and plasma concentrations identical to taking two doses 4 hours apart. Furthermore, In the United States, the immediate and extended-release formulations of Adderall are both available as generic drugs.<\/p>\n<h2>CONTRAINDICATIONS<\/h2>\n<p>Advanced arteriosclerosis, symptomatic cardiovascular disease, moderate to severe hypertension, hyperthyroidism, known hypersensitivity or idiosyncrasy to the sympathomimetic amines, glaucoma.<br \/>\nAgitated states.<br \/>\nPatients with a history of drug abuse.<br \/>\nDuring or within 14 days following the administration of monoamine oxidase inhibitors (hypertensive crises may result). how long does adderall stay in your system?<\/p>\n<h2>Side Effects of Adderall<\/h2>\n<p>Cardiovascular side effects can include hypertension or hypotension from a vasovagal response. Also, sexual side effects in males may include erectile dysfunction, frequent erections, or prolonged erections. Adderall as well other ADHD have their side effects depending on the patient and the dosage the patient takes. Take great precaution before taking Adderall. It can lead to death.<\/p>\n<h2>Packaging<\/h2>\n<p>Packaging is safe and shipping is 100% discreet and delivery is very fast. Order now. Finally, we ship with various express mail delivery services like DHL, FedEx, and TNT.<\/p>\n<p><strong>Buy Adderall Online Legally global research chemical supply The Best Adderall Online Pharmacy.<\/strong><\/p>\n<\/div>\n<\/div>\n<p>&nbsp;<\/p>","protected":false},"excerpt":{"rendered":"<p>Buy Adderall xr Online Without Prescription Buy Adderall xr Online . ADDERALL XR is a once daily extended-release, single-entity amphetamine product. It combines the neutrasulphatete salts of dextroamphetamine and amphetamine, with the dextro isomer of amphetamine saccharate and d,l-amphetamine aspartate monohydrate. Buy Adderall Online Without Prescription legally here. SHOP NOW!!! Specification Strength: 30mg Imprint: AD [&hellip;]<\/p>\n","protected":false},"featured_media":4267,"comment_status":"open","ping_status":"closed","template":"","meta":{"_uag_custom_page_level_css":"","site-sidebar-layout":"default","site-content-layout":"","ast-site-content-layout":"default","site-content-style":"default","site-sidebar-style":"default","ast-global-header-display":"","ast-banner-title-visibility":"","ast-main-header-display":"","ast-hfb-above-header-display":"","ast-hfb-below-header-display":"","ast-hfb-mobile-header-display":"","site-post-title":"","ast-breadcrumbs-content":"","ast-featured-img":"","footer-sml-layout":"","ast-disable-related-posts":"","theme-transparent-header-meta":"default","adv-header-id-meta":"","stick-header-meta":"","header-above-stick-meta":"","header-main-stick-meta":"","header-below-stick-meta":"","astra-migrate-meta-layouts":"set","ast-page-background-enabled":"default","ast-page-background-meta":{"desktop":{"background-color":"","background-image":"","background-repeat":"repeat","background-position":"center center","background-size":"auto","background-attachment":"scroll","background-type":"","background-media":"","overlay-type":"","overlay-color":"","overlay-opacity":"","overlay-gradient":""},"tablet":{"background-color":"","background-image":"","background-repeat":"repeat","background-position":"center center","background-size":"auto","background-attachment":"scroll","background-type":"","background-media":"","overlay-type":"","overlay-color":"","overlay-opacity":"","overlay-gradient":""},"mobile":{"background-color":"","background-image":"","background-repeat":"repeat","background-position":"center center","background-size":"auto","background-attachment":"scroll","background-type":"","background-media":"","overlay-type":"","overlay-color":"","overlay-opacity":"","overlay-gradient":""}},"ast-content-background-meta":{"desktop":{"background-color":"var(--ast-global-color-5)","background-image":"","background-repeat":"repeat","background-position":"center center","background-size":"auto","background-attachment":"scroll","background-type":"","background-media":"","overlay-type":"","overlay-color":"","overlay-opacity":"","overlay-gradient":""},"tablet":{"background-color":"var(--ast-global-color-5)","background-image":"","background-repeat":"repeat","background-position":"center center","background-size":"auto","background-attachment":"scroll","background-type":"","background-media":"","overlay-type":"","overlay-color":"","overlay-opacity":"","overlay-gradient":""},"mobile":{"background-color":"var(--ast-global-color-5)","background-image":"","background-repeat":"repeat","background-position":"center center","background-size":"auto","background-attachment":"scroll","background-type":"","background-media":"","overlay-type":"","overlay-color":"","overlay-opacity":"","overlay-gradient":""}}},"product_brand":[],"product_cat":[1020,1022,1385],"product_tag":[10931,10932,1663,10933,10934],"class_list":{"0":"post-4253","1":"product","2":"type-product","3":"status-publish","4":"has-post-thumbnail","6":"product_cat-buy-adderall-online","7":"product_cat-buy-adderall-xr-adderall-xr","8":"product_cat-buy-chocolate-bars-online","9":"product_tag-adderall","10":"product_tag-adderall-effects","11":"product_tag-adderall-xr","12":"product_tag-how-long-does-adderall-last","13":"product_tag-ritalin-vs-adderall","14":"desktop-align-left","15":"tablet-align-left","16":"mobile-align-left","18":"first","19":"instock","20":"shipping-taxable","21":"purchasable","22":"product-type-variable"},"yoast_head":"<!-- This site is optimized with the Yoast SEO plugin v27.4 - https:\/\/yoast.com\/product\/yoast-seo-wordpress\/ -->\n<title>Buy Adderall xr Online<\/title>\n<meta name=\"description\" content=\"Buy Adderall xr Online High-potency capsules from a dependable supplier. Discreet safe shipping and with discreet packaging and customer-first support.\" \/>\n<meta name=\"robots\" content=\"index, follow, max-snippet:-1, max-image-preview:large, max-video-preview:-1\" \/>\n<link rel=\"canonical\" href=\"https:\/\/exoticchemicals.com\/tr\/product\/buy-adderall-xr-online\/\" \/>\n<meta property=\"og:locale\" content=\"tr_TR\" \/>\n<meta property=\"og:type\" content=\"article\" \/>\n<meta property=\"og:title\" content=\"Buy Adderall xr Online\" \/>\n<meta property=\"og:description\" content=\"Buy Adderall xr Online High-potency capsules from a dependable supplier. Discreet safe shipping and with discreet packaging and customer-first support.\" \/>\n<meta property=\"og:url\" content=\"https:\/\/exoticchemicals.com\/tr\/product\/buy-adderall-xr-online\/\" \/>\n<meta property=\"article:modified_time\" content=\"2026-04-11T09:11:33+00:00\" \/>\n<meta property=\"og:image\" content=\"https:\/\/exoticchemicals.com\/wp-content\/uploads\/2025\/02\/Adderall-2.png\" \/>\n\t<meta property=\"og:image:width\" content=\"306\" \/>\n\t<meta property=\"og:image:height\" content=\"286\" \/>\n\t<meta property=\"og:image:type\" content=\"image\/png\" \/>\n<meta name=\"twitter:card\" content=\"summary_large_image\" \/>\n<meta name=\"twitter:label1\" content=\"Tahmini okuma s\u00fcresi\" \/>\n\t<meta name=\"twitter:data1\" content=\"3 dakika\" \/>\n<script type=\"application\/ld+json\" class=\"yoast-schema-graph\">{\"@context\":\"https:\\\/\\\/schema.org\",\"@graph\":[{\"@type\":\"WebPage\",\"@id\":\"https:\\\/\\\/exoticchemicals.com\\\/product\\\/buy-adderall-xr-online\\\/\",\"url\":\"https:\\\/\\\/exoticchemicals.com\\\/product\\\/buy-adderall-xr-online\\\/\",\"name\":\"Buy Adderall xr Online\",\"isPartOf\":{\"@id\":\"https:\\\/\\\/exoticchemicals.com\\\/#website\"},\"primaryImageOfPage\":{\"@id\":\"https:\\\/\\\/exoticchemicals.com\\\/product\\\/buy-adderall-xr-online\\\/#primaryimage\"},\"image\":{\"@id\":\"https:\\\/\\\/exoticchemicals.com\\\/product\\\/buy-adderall-xr-online\\\/#primaryimage\"},\"thumbnailUrl\":\"https:\\\/\\\/exoticchemicals.com\\\/wp-content\\\/uploads\\\/2025\\\/02\\\/Adderall-2.png\",\"datePublished\":\"2025-02-06T21:31:05+00:00\",\"dateModified\":\"2026-04-11T09:11:33+00:00\",\"description\":\"Buy Adderall xr Online High-potency capsules from a dependable supplier. Discreet safe shipping and with discreet packaging and customer-first support.\",\"breadcrumb\":{\"@id\":\"https:\\\/\\\/exoticchemicals.com\\\/product\\\/buy-adderall-xr-online\\\/#breadcrumb\"},\"inLanguage\":\"tr\",\"potentialAction\":[{\"@type\":\"ReadAction\",\"target\":[\"https:\\\/\\\/exoticchemicals.com\\\/product\\\/buy-adderall-xr-online\\\/\"]}]},{\"@type\":\"ImageObject\",\"inLanguage\":\"tr\",\"@id\":\"https:\\\/\\\/exoticchemicals.com\\\/product\\\/buy-adderall-xr-online\\\/#primaryimage\",\"url\":\"https:\\\/\\\/exoticchemicals.com\\\/wp-content\\\/uploads\\\/2025\\\/02\\\/Adderall-2.png\",\"contentUrl\":\"https:\\\/\\\/exoticchemicals.com\\\/wp-content\\\/uploads\\\/2025\\\/02\\\/Adderall-2.png\",\"width\":306,\"height\":286,\"caption\":\"Buy Adderall xr Online\"},{\"@type\":\"BreadcrumbList\",\"@id\":\"https:\\\/\\\/exoticchemicals.com\\\/product\\\/buy-adderall-xr-online\\\/#breadcrumb\",\"itemListElement\":[{\"@type\":\"ListItem\",\"position\":1,\"name\":\"Home\",\"item\":\"https:\\\/\\\/exoticchemicals.com\\\/\"},{\"@type\":\"ListItem\",\"position\":2,\"name\":\"Shop\",\"item\":\"https:\\\/\\\/exoticchemicals.com\\\/shop\\\/\"},{\"@type\":\"ListItem\",\"position\":3,\"name\":\"Buy Adderall xr Online\"}]},{\"@type\":\"WebSite\",\"@id\":\"https:\\\/\\\/exoticchemicals.com\\\/#website\",\"url\":\"https:\\\/\\\/exoticchemicals.com\\\/\",\"name\":\"exotic chemicals\",\"description\":\"Buy MDPHP Hydrochloride\",\"publisher\":{\"@id\":\"https:\\\/\\\/exoticchemicals.com\\\/#\\\/schema\\\/person\\\/07ad08472b6f5b213792451a32dbe8c7\"},\"potentialAction\":[{\"@type\":\"SearchAction\",\"target\":{\"@type\":\"EntryPoint\",\"urlTemplate\":\"https:\\\/\\\/exoticchemicals.com\\\/?s={search_term_string}\"},\"query-input\":{\"@type\":\"PropertyValueSpecification\",\"valueRequired\":true,\"valueName\":\"search_term_string\"}}],\"inLanguage\":\"tr\"},{\"@type\":[\"Person\",\"Organization\"],\"@id\":\"https:\\\/\\\/exoticchemicals.com\\\/#\\\/schema\\\/person\\\/07ad08472b6f5b213792451a32dbe8c7\",\"name\":\"wwalkershop@gmail.com\",\"image\":{\"@type\":\"ImageObject\",\"inLanguage\":\"tr\",\"@id\":\"https:\\\/\\\/exoticchemicals.com\\\/wp-content\\\/uploads\\\/2025\\\/02\\\/pure-3-1-1.png\",\"url\":\"https:\\\/\\\/exoticchemicals.com\\\/wp-content\\\/uploads\\\/2025\\\/02\\\/pure-3-1-1.png\",\"contentUrl\":\"https:\\\/\\\/exoticchemicals.com\\\/wp-content\\\/uploads\\\/2025\\\/02\\\/pure-3-1-1.png\",\"width\":500,\"height\":500,\"caption\":\"wwalkershop@gmail.com\"},\"logo\":{\"@id\":\"https:\\\/\\\/exoticchemicals.com\\\/wp-content\\\/uploads\\\/2025\\\/02\\\/pure-3-1-1.png\"},\"sameAs\":[\"http:\\\/\\\/exoticchemicals.com\"]}]}<\/script>\n<!-- \/ Yoast SEO plugin. -->","yoast_head_json":{"title":"Buy Adderall xr Online","description":"Buy Adderall xr Online High-potency capsules from a dependable supplier. Discreet safe shipping and with discreet packaging and customer-first support.","robots":{"index":"index","follow":"follow","max-snippet":"max-snippet:-1","max-image-preview":"max-image-preview:large","max-video-preview":"max-video-preview:-1"},"canonical":"https:\/\/exoticchemicals.com\/tr\/product\/buy-adderall-xr-online\/","og_locale":"tr_TR","og_type":"article","og_title":"Buy Adderall xr Online","og_description":"Buy Adderall xr Online High-potency capsules from a dependable supplier. Discreet safe shipping and with discreet packaging and customer-first support.","og_url":"https:\/\/exoticchemicals.com\/tr\/product\/buy-adderall-xr-online\/","article_modified_time":"2026-04-11T09:11:33+00:00","og_image":[{"width":306,"height":286,"url":"https:\/\/exoticchemicals.com\/wp-content\/uploads\/2025\/02\/Adderall-2.png","type":"image\/png"}],"twitter_card":"summary_large_image","twitter_misc":{"Tahmini okuma s\u00fcresi":"3 dakika"},"schema":{"@context":"https:\/\/schema.org","@graph":[{"@type":"WebPage","@id":"https:\/\/exoticchemicals.com\/product\/buy-adderall-xr-online\/","url":"https:\/\/exoticchemicals.com\/product\/buy-adderall-xr-online\/","name":"Buy Adderall xr Online","isPartOf":{"@id":"https:\/\/exoticchemicals.com\/#website"},"primaryImageOfPage":{"@id":"https:\/\/exoticchemicals.com\/product\/buy-adderall-xr-online\/#primaryimage"},"image":{"@id":"https:\/\/exoticchemicals.com\/product\/buy-adderall-xr-online\/#primaryimage"},"thumbnailUrl":"https:\/\/exoticchemicals.com\/wp-content\/uploads\/2025\/02\/Adderall-2.png","datePublished":"2025-02-06T21:31:05+00:00","dateModified":"2026-04-11T09:11:33+00:00","description":"Buy Adderall xr Online High-potency capsules from a dependable supplier. Discreet safe shipping and with discreet packaging and customer-first support.","breadcrumb":{"@id":"https:\/\/exoticchemicals.com\/product\/buy-adderall-xr-online\/#breadcrumb"},"inLanguage":"tr","potentialAction":[{"@type":"ReadAction","target":["https:\/\/exoticchemicals.com\/product\/buy-adderall-xr-online\/"]}]},{"@type":"ImageObject","inLanguage":"tr","@id":"https:\/\/exoticchemicals.com\/product\/buy-adderall-xr-online\/#primaryimage","url":"https:\/\/exoticchemicals.com\/wp-content\/uploads\/2025\/02\/Adderall-2.png","contentUrl":"https:\/\/exoticchemicals.com\/wp-content\/uploads\/2025\/02\/Adderall-2.png","width":306,"height":286,"caption":"Buy Adderall xr Online"},{"@type":"BreadcrumbList","@id":"https:\/\/exoticchemicals.com\/product\/buy-adderall-xr-online\/#breadcrumb","itemListElement":[{"@type":"ListItem","position":1,"name":"Home","item":"https:\/\/exoticchemicals.com\/"},{"@type":"ListItem","position":2,"name":"Shop","item":"https:\/\/exoticchemicals.com\/shop\/"},{"@type":"ListItem","position":3,"name":"Buy Adderall xr Online"}]},{"@type":"WebSite","@id":"https:\/\/exoticchemicals.com\/#website","url":"https:\/\/exoticchemicals.com\/","name":"egzoti\u0307k ki\u0307myasallar","description":"MDPHP Hidroklor\u00fcr Sat\u0131n Al\u0131n","publisher":{"@id":"https:\/\/exoticchemicals.com\/#\/schema\/person\/07ad08472b6f5b213792451a32dbe8c7"},"potentialAction":[{"@type":"SearchAction","target":{"@type":"EntryPoint","urlTemplate":"https:\/\/exoticchemicals.com\/?s={search_term_string}"},"query-input":{"@type":"PropertyValueSpecification","valueRequired":true,"valueName":"search_term_string"}}],"inLanguage":"tr"},{"@type":["Person","Organization"],"@id":"https:\/\/exoticchemicals.com\/#\/schema\/person\/07ad08472b6f5b213792451a32dbe8c7","name":"wwalkershop@gmail.com","image":{"@type":"ImageObject","inLanguage":"tr","@id":"https:\/\/exoticchemicals.com\/wp-content\/uploads\/2025\/02\/pure-3-1-1.png","url":"https:\/\/exoticchemicals.com\/wp-content\/uploads\/2025\/02\/pure-3-1-1.png","contentUrl":"https:\/\/exoticchemicals.com\/wp-content\/uploads\/2025\/02\/pure-3-1-1.png","width":500,"height":500,"caption":"wwalkershop@gmail.com"},"logo":{"@id":"https:\/\/exoticchemicals.com\/wp-content\/uploads\/2025\/02\/pure-3-1-1.png"},"sameAs":["http:\/\/exoticchemicals.com"]}]}},"uagb_featured_image_src":{"full":["https:\/\/exoticchemicals.com\/wp-content\/uploads\/2025\/02\/Adderall-2.png",306,286,false],"thumbnail":["https:\/\/exoticchemicals.com\/wp-content\/uploads\/2025\/02\/Adderall-2-150x150.png",150,150,true],"medium":["https:\/\/exoticchemicals.com\/wp-content\/uploads\/2025\/02\/Adderall-2-300x280.png",300,280,true],"medium_large":["https:\/\/exoticchemicals.com\/wp-content\/uploads\/2025\/02\/Adderall-2.png",306,286,false],"large":["https:\/\/exoticchemicals.com\/wp-content\/uploads\/2025\/02\/Adderall-2.png",306,286,false],"1536x1536":["https:\/\/exoticchemicals.com\/wp-content\/uploads\/2025\/02\/Adderall-2.png",306,286,false],"2048x2048":["https:\/\/exoticchemicals.com\/wp-content\/uploads\/2025\/02\/Adderall-2.png",306,286,false],"trp-custom-language-flag":["https:\/\/exoticchemicals.com\/wp-content\/uploads\/2025\/02\/Adderall-2.png",13,12,false],"woocommerce_thumbnail":["https:\/\/exoticchemicals.com\/wp-content\/uploads\/2025\/02\/Adderall-2-300x286.png",300,286,true],"woocommerce_single":["https:\/\/exoticchemicals.com\/wp-content\/uploads\/2025\/02\/Adderall-2.png",306,286,false],"woocommerce_gallery_thumbnail":["https:\/\/exoticchemicals.com\/wp-content\/uploads\/2025\/02\/Adderall-2-100x100.png",100,100,true]},"uagb_author_info":{"display_name":"bossman","author_link":"https:\/\/exoticchemicals.com\/tr\/author\/"},"uagb_comment_info":4,"uagb_excerpt":"Buy Adderall xr Online Without Prescription Buy Adderall xr Online . ADDERALL XR is a once daily extended-release, single-entity amphetamine product. It combines the neutrasulphatete salts of dextroamphetamine and amphetamine, with the dextro isomer of amphetamine saccharate and d,l-amphetamine aspartate monohydrate. Buy Adderall Online Without Prescription legally here. SHOP NOW!!! Specification Strength: 30mg Imprint: AD&hellip;","_links":{"self":[{"href":"https:\/\/exoticchemicals.com\/tr\/wp-json\/wp\/v2\/product\/4253","targetHints":{"allow":["GET"]}}],"collection":[{"href":"https:\/\/exoticchemicals.com\/tr\/wp-json\/wp\/v2\/product"}],"about":[{"href":"https:\/\/exoticchemicals.com\/tr\/wp-json\/wp\/v2\/types\/product"}],"replies":[{"embeddable":true,"href":"https:\/\/exoticchemicals.com\/tr\/wp-json\/wp\/v2\/comments?post=4253"}],"wp:featuredmedia":[{"embeddable":true,"href":"https:\/\/exoticchemicals.com\/tr\/wp-json\/wp\/v2\/media\/4267"}],"wp:attachment":[{"href":"https:\/\/exoticchemicals.com\/tr\/wp-json\/wp\/v2\/media?parent=4253"}],"wp:term":[{"taxonomy":"product_brand","embeddable":true,"href":"https:\/\/exoticchemicals.com\/tr\/wp-json\/wp\/v2\/product_brand?post=4253"},{"taxonomy":"product_cat","embeddable":true,"href":"https:\/\/exoticchemicals.com\/tr\/wp-json\/wp\/v2\/product_cat?post=4253"},{"taxonomy":"product_tag","embeddable":true,"href":"https:\/\/exoticchemicals.com\/tr\/wp-json\/wp\/v2\/product_tag?post=4253"}],"curies":[{"name":"wp","href":"https:\/\/api.w.org\/{rel}","templated":true}]}}