{"id":4676,"date":"2026-01-29T21:19:53","date_gmt":"2026-01-29T21:19:53","guid":{"rendered":"https:\/\/exoticchemicals.com\/?post_type=product&#038;p=4676"},"modified":"2026-04-05T18:11:32","modified_gmt":"2026-04-05T18:11:32","slug":"buy-3-mmc-crystals-4mmc-crystals","status":"publish","type":"product","link":"https:\/\/exoticchemicals.com\/tr\/product\/buy-3-mmc-crystals-4mmc-crystals\/","title":{"rendered":"Buy 3-MMC Crystals | 4MMC Crystals"},"content":{"rendered":"<h1>Where To Buy <a href=\"https:\/\/exoticchemicals.com\/tr\/product\/buy-3cmc-crystals-4cmc-online\/\">3mmc<\/a> Crystals in Europe | 3-MMC Crystals for sale<\/h1>\n<p>We offer 3mmc crystal at wholesale prices. We have been selling 3mmc crystals since 2013 and we are still doing great. Our 3cmc crystals are high quality and affordable. You can get them online from our website. We sell only high quality 3cmc 3-chlormethcathinone crystals to buy online from US suppliers. Our products are 100% pure and guaranteed to work.<\/p>\n<h2>How To Order 3mmc Crystal? \u2013 4-MMC Crystals for sale<\/h2>\n<div>You can order 3cmc crystal online from our website. Just click on the shop link and follow the instructions.<\/div>\n<div>Our company focuses on the sales of 3cmc 3- chlormethcathine supplies (3cmc 3-chlorethcathinone for sale) to our customers. Over the past several years, many brands have jumped on the bandwagon of selling these 3cmc 3-chloromethcathaione. Many of those same companies were able to fool their customers. But we at clinicalresearchchemicals.com refuse to participate in the fraud. In fact, we\u2019ve been providing 3cmc 3- chloromethcathinonesupplies (3cmC 3-chloromethcatheinone) to our loyal customers since 2010. We offer fast shipping at low prices. We provide sample packs of 100g. You can order 3cmc 3- chlorine methcathinone crystals from us. <a href=\"https:\/\/exoticchemicals.com\/tr\/product\/buy-4-mmc-online\/\">Buy 3-MMC Crystals | 4MMC Crystals<\/a><\/div>\n<div><\/div>\n<div>If you need any information about where to buy 3cmc, please feel free to contact us anytime.<\/div>\n<h3><\/h3>\n<h3>buy mmc Crystal Prices \u2013 3mmc Crystal for sale Shipping<\/h3>\n<p>Our 3cmc crystal price starts at $10 per gram. If you want to know how much 3cmc crystal cost, just enter your quantity and hit the button. We ship worldwide. All orders placed before 4pm EST Monday-Friday will be shipped out same day. Orders after 4pm EST will be shipped out on Tuesday.<\/p>\n<h4><strong>3mmc Crystal Reviews \u2013 <em>Best 3cmc Crystals Supplier online<\/em><\/strong><\/h4>\n<p>We have received many positive reviews about our 3cmc crystal. Check out some of our customer reviews on review page. Buy 3-MMC Crystals | 4MMC Crystals<\/p>\n<h3><a href=\"https:\/\/exoticchemicals.com\/tr\/\">How To Buy 3mmc\/4mmc Crystals?<\/a><\/h3>\n<p>You can purchase 3cmc\/4cmc crystals\u00a0online from our website. You just need to follow three simple steps below:<\/p>\n<p><strong>Step 1: Choose Your Favorite Package<\/strong><\/p>\n<p>We offer two different packages: 2g and 5g sample packs.<\/p>\n<p>You can choose any of these packages according to your requirement.<\/p>\n<p><strong>Step 2: Add Items To Cart<\/strong><\/p>\n<p>Add items to cart and proceed to checkout.<\/p>\n<p><strong>Step 3: Place Order And Pay<\/strong><\/p>\n<p>Place order and pay via the Payment Modes available on the website.<\/p>\n<p>After placing your order, we will send you an email confirmation<a href=\"https:\/\/crystalmethsuppliers.com\/\">.<\/a><\/p>","protected":false},"excerpt":{"rendered":"<p>Best Place to Order <em><strong>3-cmc \u2013 4-cmc<\/strong> <\/em>Research chemicals safe and discreet.<\/p>","protected":false},"featured_media":4681,"comment_status":"closed","ping_status":"closed","template":"","meta":{"_uag_custom_page_level_css":"","site-sidebar-layout":"default","site-content-layout":"","ast-site-content-layout":"default","site-content-style":"default","site-sidebar-style":"default","ast-global-header-display":"","ast-banner-title-visibility":"","ast-main-header-display":"","ast-hfb-above-header-display":"","ast-hfb-below-header-display":"","ast-hfb-mobile-header-display":"","site-post-title":"","ast-breadcrumbs-content":"","ast-featured-img":"","footer-sml-layout":"","theme-transparent-header-meta":"default","adv-header-id-meta":"","stick-header-meta":"","header-above-stick-meta":"","header-main-stick-meta":"","header-below-stick-meta":"","astra-migrate-meta-layouts":"set","ast-page-background-enabled":"default","ast-page-background-meta":{"desktop":{"background-color":"","background-image":"","background-repeat":"repeat","background-position":"center center","background-size":"auto","background-attachment":"scroll","background-type":"","background-media":"","overlay-type":"","overlay-color":"","overlay-opacity":"","overlay-gradient":""},"tablet":{"background-color":"","background-image":"","background-repeat":"repeat","background-position":"center center","background-size":"auto","background-attachment":"scroll","background-type":"","background-media":"","overlay-type":"","overlay-color":"","overlay-opacity":"","overlay-gradient":""},"mobile":{"background-color":"","background-image":"","background-repeat":"repeat","background-position":"center center","background-size":"auto","background-attachment":"scroll","background-type":"","background-media":"","overlay-type":"","overlay-color":"","overlay-opacity":"","overlay-gradient":""}},"ast-content-background-meta":{"desktop":{"background-color":"var(--ast-global-color-5)","background-image":"","background-repeat":"repeat","background-position":"center center","background-size":"auto","background-attachment":"scroll","background-type":"","background-media":"","overlay-type":"","overlay-color":"","overlay-opacity":"","overlay-gradient":""},"tablet":{"background-color":"var(--ast-global-color-5)","background-image":"","background-repeat":"repeat","background-position":"center center","background-size":"auto","background-attachment":"scroll","background-type":"","background-media":"","overlay-type":"","overlay-color":"","overlay-opacity":"","overlay-gradient":""},"mobile":{"background-color":"var(--ast-global-color-5)","background-image":"","background-repeat":"repeat","background-position":"center center","background-size":"auto","background-attachment":"scroll","background-type":"","background-media":"","overlay-type":"","overlay-color":"","overlay-opacity":"","overlay-gradient":""}}},"product_brand":[],"product_cat":[11818],"product_tag":[],"class_list":{"0":"post-4676","1":"product","2":"type-product","3":"status-publish","4":"has-post-thumbnail","6":"product_cat-research-chemicals","7":"desktop-align-left","8":"tablet-align-left","9":"mobile-align-left","11":"first","12":"instock","13":"shipping-taxable","14":"purchasable","15":"product-type-variable"},"yoast_head":"<!-- This site is optimized with the Yoast SEO plugin v27.3 - https:\/\/yoast.com\/product\/yoast-seo-wordpress\/ -->\n<title>Buy 3-MMC | 4MMC Crystals Online. 3MMC,4MMC supplier<\/title>\n<meta name=\"description\" content=\"Buy 3-MMC Crystals | 4MMC Crystals from the best suppliers of Mephedrone online , with discrete delivery worldwide, Order mephedrone online today.\" \/>\n<meta name=\"robots\" content=\"index, follow, max-snippet:-1, max-image-preview:large, max-video-preview:-1\" \/>\n<link rel=\"canonical\" href=\"https:\/\/exoticchemicals.com\/tr\/product\/buy-3-mmc-crystals-4mmc-crystals\/\" \/>\n<meta property=\"og:locale\" content=\"tr_TR\" \/>\n<meta property=\"og:type\" content=\"article\" \/>\n<meta property=\"og:title\" content=\"Buy 3-MMC | 4MMC Crystals Online. 3MMC,4MMC supplier\" \/>\n<meta property=\"og:description\" content=\"Buy 3-MMC Crystals | 4MMC Crystals from the best suppliers of Mephedrone online , with discrete delivery worldwide, Order mephedrone online today.\" \/>\n<meta property=\"og:url\" content=\"https:\/\/exoticchemicals.com\/tr\/product\/buy-3-mmc-crystals-4mmc-crystals\/\" \/>\n<meta property=\"article:modified_time\" content=\"2026-04-05T18:11:32+00:00\" \/>\n<meta property=\"og:image\" content=\"https:\/\/exoticchemicals.com\/wp-content\/uploads\/2026\/01\/4cmc.png\" \/>\n\t<meta property=\"og:image:width\" content=\"499\" \/>\n\t<meta property=\"og:image:height\" content=\"500\" \/>\n\t<meta property=\"og:image:type\" content=\"image\/png\" \/>\n<meta name=\"twitter:card\" content=\"summary_large_image\" \/>\n<meta name=\"twitter:label1\" content=\"Tahmini okuma s\u00fcresi\" \/>\n\t<meta name=\"twitter:data1\" content=\"2 dakika\" \/>\n<script type=\"application\/ld+json\" class=\"yoast-schema-graph\">{\"@context\":\"https:\\\/\\\/schema.org\",\"@graph\":[{\"@type\":\"WebPage\",\"@id\":\"https:\\\/\\\/exoticchemicals.com\\\/product\\\/buy-3-mmc-crystals-4mmc-crystals\\\/\",\"url\":\"https:\\\/\\\/exoticchemicals.com\\\/product\\\/buy-3-mmc-crystals-4mmc-crystals\\\/\",\"name\":\"Buy 3-MMC | 4MMC Crystals Online. 3MMC,4MMC supplier\",\"isPartOf\":{\"@id\":\"https:\\\/\\\/exoticchemicals.com\\\/#website\"},\"primaryImageOfPage\":{\"@id\":\"https:\\\/\\\/exoticchemicals.com\\\/product\\\/buy-3-mmc-crystals-4mmc-crystals\\\/#primaryimage\"},\"image\":{\"@id\":\"https:\\\/\\\/exoticchemicals.com\\\/product\\\/buy-3-mmc-crystals-4mmc-crystals\\\/#primaryimage\"},\"thumbnailUrl\":\"https:\\\/\\\/exoticchemicals.com\\\/wp-content\\\/uploads\\\/2026\\\/01\\\/4cmc.png\",\"datePublished\":\"2026-01-29T21:19:53+00:00\",\"dateModified\":\"2026-04-05T18:11:32+00:00\",\"description\":\"Buy 3-MMC Crystals | 4MMC Crystals from the best suppliers of Mephedrone online , with discrete delivery worldwide, Order mephedrone online today.\",\"breadcrumb\":{\"@id\":\"https:\\\/\\\/exoticchemicals.com\\\/product\\\/buy-3-mmc-crystals-4mmc-crystals\\\/#breadcrumb\"},\"inLanguage\":\"tr\",\"potentialAction\":[{\"@type\":\"ReadAction\",\"target\":[\"https:\\\/\\\/exoticchemicals.com\\\/product\\\/buy-3-mmc-crystals-4mmc-crystals\\\/\"]}]},{\"@type\":\"ImageObject\",\"inLanguage\":\"tr\",\"@id\":\"https:\\\/\\\/exoticchemicals.com\\\/product\\\/buy-3-mmc-crystals-4mmc-crystals\\\/#primaryimage\",\"url\":\"https:\\\/\\\/exoticchemicals.com\\\/wp-content\\\/uploads\\\/2026\\\/01\\\/4cmc.png\",\"contentUrl\":\"https:\\\/\\\/exoticchemicals.com\\\/wp-content\\\/uploads\\\/2026\\\/01\\\/4cmc.png\",\"width\":499,\"height\":500,\"caption\":\"Buy 3-MMC Crystals | 4MMC Crystals\"},{\"@type\":\"BreadcrumbList\",\"@id\":\"https:\\\/\\\/exoticchemicals.com\\\/product\\\/buy-3-mmc-crystals-4mmc-crystals\\\/#breadcrumb\",\"itemListElement\":[{\"@type\":\"ListItem\",\"position\":1,\"name\":\"Home\",\"item\":\"https:\\\/\\\/exoticchemicals.com\\\/\"},{\"@type\":\"ListItem\",\"position\":2,\"name\":\"Shop\",\"item\":\"https:\\\/\\\/exoticchemicals.com\\\/shop\\\/\"},{\"@type\":\"ListItem\",\"position\":3,\"name\":\"Buy 3-MMC Crystals | 4MMC Crystals\"}]},{\"@type\":\"WebSite\",\"@id\":\"https:\\\/\\\/exoticchemicals.com\\\/#website\",\"url\":\"https:\\\/\\\/exoticchemicals.com\\\/\",\"name\":\"exotic chemicals\",\"description\":\"Buy MDPHP Hydrochloride\",\"publisher\":{\"@id\":\"https:\\\/\\\/exoticchemicals.com\\\/#\\\/schema\\\/person\\\/07ad08472b6f5b213792451a32dbe8c7\"},\"potentialAction\":[{\"@type\":\"SearchAction\",\"target\":{\"@type\":\"EntryPoint\",\"urlTemplate\":\"https:\\\/\\\/exoticchemicals.com\\\/?s={search_term_string}\"},\"query-input\":{\"@type\":\"PropertyValueSpecification\",\"valueRequired\":true,\"valueName\":\"search_term_string\"}}],\"inLanguage\":\"tr\"},{\"@type\":[\"Person\",\"Organization\"],\"@id\":\"https:\\\/\\\/exoticchemicals.com\\\/#\\\/schema\\\/person\\\/07ad08472b6f5b213792451a32dbe8c7\",\"name\":\"wwalkershop@gmail.com\",\"image\":{\"@type\":\"ImageObject\",\"inLanguage\":\"tr\",\"@id\":\"https:\\\/\\\/exoticchemicals.com\\\/wp-content\\\/uploads\\\/2025\\\/02\\\/pure-3-1-1.png\",\"url\":\"https:\\\/\\\/exoticchemicals.com\\\/wp-content\\\/uploads\\\/2025\\\/02\\\/pure-3-1-1.png\",\"contentUrl\":\"https:\\\/\\\/exoticchemicals.com\\\/wp-content\\\/uploads\\\/2025\\\/02\\\/pure-3-1-1.png\",\"width\":500,\"height\":500,\"caption\":\"wwalkershop@gmail.com\"},\"logo\":{\"@id\":\"https:\\\/\\\/exoticchemicals.com\\\/wp-content\\\/uploads\\\/2025\\\/02\\\/pure-3-1-1.png\"},\"sameAs\":[\"http:\\\/\\\/exoticchemicals.com\"]}]}<\/script>\n<!-- \/ Yoast SEO plugin. -->","yoast_head_json":{"title":"Buy 3-MMC | 4MMC Crystals Online. 3MMC,4MMC supplier","description":"Buy 3-MMC Crystals | 4MMC Crystals from the best suppliers of Mephedrone online , with discrete delivery worldwide, Order mephedrone online today.","robots":{"index":"index","follow":"follow","max-snippet":"max-snippet:-1","max-image-preview":"max-image-preview:large","max-video-preview":"max-video-preview:-1"},"canonical":"https:\/\/exoticchemicals.com\/tr\/product\/buy-3-mmc-crystals-4mmc-crystals\/","og_locale":"tr_TR","og_type":"article","og_title":"Buy 3-MMC | 4MMC Crystals Online. 3MMC,4MMC supplier","og_description":"Buy 3-MMC Crystals | 4MMC Crystals from the best suppliers of Mephedrone online , with discrete delivery worldwide, Order mephedrone online today.","og_url":"https:\/\/exoticchemicals.com\/tr\/product\/buy-3-mmc-crystals-4mmc-crystals\/","article_modified_time":"2026-04-05T18:11:32+00:00","og_image":[{"width":499,"height":500,"url":"https:\/\/exoticchemicals.com\/wp-content\/uploads\/2026\/01\/4cmc.png","type":"image\/png"}],"twitter_card":"summary_large_image","twitter_misc":{"Tahmini okuma s\u00fcresi":"2 dakika"},"schema":{"@context":"https:\/\/schema.org","@graph":[{"@type":"WebPage","@id":"https:\/\/exoticchemicals.com\/product\/buy-3-mmc-crystals-4mmc-crystals\/","url":"https:\/\/exoticchemicals.com\/product\/buy-3-mmc-crystals-4mmc-crystals\/","name":"Buy 3-MMC | 4MMC Crystals Online. 3MMC,4MMC supplier","isPartOf":{"@id":"https:\/\/exoticchemicals.com\/#website"},"primaryImageOfPage":{"@id":"https:\/\/exoticchemicals.com\/product\/buy-3-mmc-crystals-4mmc-crystals\/#primaryimage"},"image":{"@id":"https:\/\/exoticchemicals.com\/product\/buy-3-mmc-crystals-4mmc-crystals\/#primaryimage"},"thumbnailUrl":"https:\/\/exoticchemicals.com\/wp-content\/uploads\/2026\/01\/4cmc.png","datePublished":"2026-01-29T21:19:53+00:00","dateModified":"2026-04-05T18:11:32+00:00","description":"Buy 3-MMC Crystals | 4MMC Crystals from the best suppliers of Mephedrone online , with discrete delivery worldwide, Order mephedrone online today.","breadcrumb":{"@id":"https:\/\/exoticchemicals.com\/product\/buy-3-mmc-crystals-4mmc-crystals\/#breadcrumb"},"inLanguage":"tr","potentialAction":[{"@type":"ReadAction","target":["https:\/\/exoticchemicals.com\/product\/buy-3-mmc-crystals-4mmc-crystals\/"]}]},{"@type":"ImageObject","inLanguage":"tr","@id":"https:\/\/exoticchemicals.com\/product\/buy-3-mmc-crystals-4mmc-crystals\/#primaryimage","url":"https:\/\/exoticchemicals.com\/wp-content\/uploads\/2026\/01\/4cmc.png","contentUrl":"https:\/\/exoticchemicals.com\/wp-content\/uploads\/2026\/01\/4cmc.png","width":499,"height":500,"caption":"Buy 3-MMC Crystals | 4MMC Crystals"},{"@type":"BreadcrumbList","@id":"https:\/\/exoticchemicals.com\/product\/buy-3-mmc-crystals-4mmc-crystals\/#breadcrumb","itemListElement":[{"@type":"ListItem","position":1,"name":"Home","item":"https:\/\/exoticchemicals.com\/"},{"@type":"ListItem","position":2,"name":"Shop","item":"https:\/\/exoticchemicals.com\/shop\/"},{"@type":"ListItem","position":3,"name":"Buy 3-MMC Crystals | 4MMC Crystals"}]},{"@type":"WebSite","@id":"https:\/\/exoticchemicals.com\/#website","url":"https:\/\/exoticchemicals.com\/","name":"egzoti\u0307k ki\u0307myasallar","description":"MDPHP Hidroklor\u00fcr Sat\u0131n Al\u0131n","publisher":{"@id":"https:\/\/exoticchemicals.com\/#\/schema\/person\/07ad08472b6f5b213792451a32dbe8c7"},"potentialAction":[{"@type":"SearchAction","target":{"@type":"EntryPoint","urlTemplate":"https:\/\/exoticchemicals.com\/?s={search_term_string}"},"query-input":{"@type":"PropertyValueSpecification","valueRequired":true,"valueName":"search_term_string"}}],"inLanguage":"tr"},{"@type":["Person","Organization"],"@id":"https:\/\/exoticchemicals.com\/#\/schema\/person\/07ad08472b6f5b213792451a32dbe8c7","name":"wwalkershop@gmail.com","image":{"@type":"ImageObject","inLanguage":"tr","@id":"https:\/\/exoticchemicals.com\/wp-content\/uploads\/2025\/02\/pure-3-1-1.png","url":"https:\/\/exoticchemicals.com\/wp-content\/uploads\/2025\/02\/pure-3-1-1.png","contentUrl":"https:\/\/exoticchemicals.com\/wp-content\/uploads\/2025\/02\/pure-3-1-1.png","width":500,"height":500,"caption":"wwalkershop@gmail.com"},"logo":{"@id":"https:\/\/exoticchemicals.com\/wp-content\/uploads\/2025\/02\/pure-3-1-1.png"},"sameAs":["http:\/\/exoticchemicals.com"]}]}},"uagb_featured_image_src":{"full":["https:\/\/exoticchemicals.com\/wp-content\/uploads\/2026\/01\/4cmc.png",499,500,false],"thumbnail":["https:\/\/exoticchemicals.com\/wp-content\/uploads\/2026\/01\/4cmc-150x150.png",150,150,true],"medium":["https:\/\/exoticchemicals.com\/wp-content\/uploads\/2026\/01\/4cmc-300x300.png",300,300,true],"medium_large":["https:\/\/exoticchemicals.com\/wp-content\/uploads\/2026\/01\/4cmc.png",499,500,false],"large":["https:\/\/exoticchemicals.com\/wp-content\/uploads\/2026\/01\/4cmc.png",499,500,false],"1536x1536":["https:\/\/exoticchemicals.com\/wp-content\/uploads\/2026\/01\/4cmc.png",499,500,false],"2048x2048":["https:\/\/exoticchemicals.com\/wp-content\/uploads\/2026\/01\/4cmc.png",499,500,false],"trp-custom-language-flag":["https:\/\/exoticchemicals.com\/wp-content\/uploads\/2026\/01\/4cmc-12x12.png",12,12,true],"woocommerce_thumbnail":["https:\/\/exoticchemicals.com\/wp-content\/uploads\/2026\/01\/4cmc-300x300.png",300,300,true],"woocommerce_single":["https:\/\/exoticchemicals.com\/wp-content\/uploads\/2026\/01\/4cmc.png",499,500,false],"woocommerce_gallery_thumbnail":["https:\/\/exoticchemicals.com\/wp-content\/uploads\/2026\/01\/4cmc-100x100.png",100,100,true]},"uagb_author_info":{"display_name":"wwalkershop@gmail.com","author_link":"https:\/\/exoticchemicals.com\/tr\/author\/"},"uagb_comment_info":5,"uagb_excerpt":"Best Place to Order 3-cmc \u2013 4-cmc Research chemicals safe and discreet.","_links":{"self":[{"href":"https:\/\/exoticchemicals.com\/tr\/wp-json\/wp\/v2\/product\/4676","targetHints":{"allow":["GET"]}}],"collection":[{"href":"https:\/\/exoticchemicals.com\/tr\/wp-json\/wp\/v2\/product"}],"about":[{"href":"https:\/\/exoticchemicals.com\/tr\/wp-json\/wp\/v2\/types\/product"}],"replies":[{"embeddable":true,"href":"https:\/\/exoticchemicals.com\/tr\/wp-json\/wp\/v2\/comments?post=4676"}],"wp:featuredmedia":[{"embeddable":true,"href":"https:\/\/exoticchemicals.com\/tr\/wp-json\/wp\/v2\/media\/4681"}],"wp:attachment":[{"href":"https:\/\/exoticchemicals.com\/tr\/wp-json\/wp\/v2\/media?parent=4676"}],"wp:term":[{"taxonomy":"product_brand","embeddable":true,"href":"https:\/\/exoticchemicals.com\/tr\/wp-json\/wp\/v2\/product_brand?post=4676"},{"taxonomy":"product_cat","embeddable":true,"href":"https:\/\/exoticchemicals.com\/tr\/wp-json\/wp\/v2\/product_cat?post=4676"},{"taxonomy":"product_tag","embeddable":true,"href":"https:\/\/exoticchemicals.com\/tr\/wp-json\/wp\/v2\/product_tag?post=4676"}],"curies":[{"name":"wp","href":"https:\/\/api.w.org\/{rel}","templated":true}]}}