{"id":5039,"date":"2026-01-29T21:22:16","date_gmt":"2026-01-29T21:22:16","guid":{"rendered":"https:\/\/exoticchemicals.com\/?post_type=product&#038;p=5039"},"modified":"2026-04-05T12:51:35","modified_gmt":"2026-04-05T12:51:35","slug":"3cmc-clophedrone-for-sale-buy-3cmc-crystals-4cmc-online","status":"publish","type":"product","link":"https:\/\/exoticchemicals.com\/tr\/product\/3cmc-clophedrone-for-sale-buy-3cmc-crystals-4cmc-online\/","title":{"rendered":"Buy 3-MMC Crystals | 4MMC Crystals"},"content":{"rendered":"<h1>Buy 3-MMC Crystals | 4MMC Crystals for sale \u2013 Buy 3-Chloromethcathinone| 3CMC clophedrone for sale<\/h1>\n<p>4-CMC Powder 1-(4-Chlorophenyl)-2-(methylamino)propan-1-one<br \/>\n3-CMC Powder Also Know As Clephedrone Is A New Research Chemical Available To Buy<\/p>\n<p>Also,: We\u2019ve Received A Lot Of Requests For This Product, And We\u2019re Happy To Finally Be Able To Offer This High Quality Product To Our Customers<\/p>\n<p>4-CMC Powder Is Expected To Produce Similar Effects To\u00a0Mephedrone And Other Research Chemicals\u00a0From The Cathinone Class.<\/p>\n<p>Moreover,; customers Purchasing This Exciting New Product Will Receive Very High Quality Rice <a href=\"https:\/\/3mmcbuy4mmc.com\/\">Crystals<\/a>.<\/p>\n<h2>Buy 3CMC Crystals 4CMC | Clephedrone Crystals for sale 3-CMC Cas #:1246816-62-5, 4CMC<\/h2>\n<div><\/div>\n<div>3-Chloromethcathinone (also known as 3-CMC and clophedrone) is a stimulant drug of the cathinone class. It is closely related in chemical structure to the antidepressant and anti-addictive medication bupropion, which is 3-chloro-N-(t-butyl)cathinone, though the pharmacological profile of 3-CMC is quite different.<\/div>\n<div><\/div>\n<div>\n<table class=\"wp-block-table\">\n<tbody>\n<tr>\n<td><strong>E\u015fanlaml\u0131lar<\/strong><\/td>\n<td>\n<ul>\n<li>3-Methylmethcathinone<\/li>\n<li>3-MMC<\/li>\n<li>metaphedrone<\/li>\n<\/ul>\n<\/td>\n<\/tr>\n<tr>\n<td><strong>IUPAC<\/strong><\/td>\n<td>\n<p class=\"p3\"><span class=\"s1\">\u00a02-(Methylamino)-1-(3-methylphenyl)propan-1-one<\/span><\/p>\n<\/td>\n<\/tr>\n<tr>\n<td><strong>Form\u00fcl<\/strong><\/td>\n<td><span class=\"right\"><span class=\"s1\">C11H15NO \u2022 HCl<\/span><\/span><\/td>\n<\/tr>\n<tr>\n<td><strong>Molek\u00fcler a\u011f\u0131rl\u0131k<\/strong><\/td>\n<td><span class=\"s1\"><span class=\"nowrap\">177.247<\/span><\/span>\u00a0g\/mol<\/td>\n<\/tr>\n<tr>\n<td><strong>CAS<\/strong><\/td>\n<td>1246816-62-5<\/td>\n<\/tr>\n<tr>\n<td><strong>G\u00f6r\u00fcn\u00fc\u015f<\/strong><\/td>\n<td>\u00a0\u00a0<span class=\"s1\">Crystalline, crystalline powder<\/span><\/td>\n<\/tr>\n<tr>\n<td><strong>Safl\u0131k<\/strong><\/td>\n<td>\u00a0\u00a0 \u2265 99%<\/td>\n<\/tr>\n<\/tbody>\n<\/table>\n<\/div>\n<p>More still,: When Shopping , As Always You Can Expect To Receive Only The Highest Quality Products And The #1 Customer Service In The Industry.<\/p>\n<p>Chemical Data:<\/p>\n<h2>Buy 4-CMC Powder 1-(4-Chlorophenyl)-2-(methylamino)propan-1-one<\/h2>\n<p>CAS#: 842212-02-1<\/p>\n<p>Molecular Mass: 197.661 G\/mol<\/p>\n<p>Molecular Formula: C10H12ClNO<br \/>\nPlease note, this product is available for shipping to all countries with via express couriers<\/p>\n<p>4-CMC Crystals taken orally runs about 2-3 hours. The phase is described as nice, but without a powerful euphoria what is the mephedrone or even 3-MMC. The substance does not spiduje hard, but only intellectually stimulating conversations or promotes creativity. It causes a feeling of relaxation and laziness. Doses of active orally at which to feel the fullness of the substance is 200-300 mg.<\/p>\n<h3>Where to buy 3cmc Crystals Online \u2013 3cmc for sale \u2013 Buy 4CMC Crystals Online in Poland<\/h3>\n<p>Furthermore,: 4-CMC Crystals drawn into the nose begins to run fine of 100 mg. It is not recommended to exceed the dose above 180 mg. Terribly bakes in the nose for a few minutes after being pulled. Operation is much shorter and is about one hour. There is quite a strong desire for further tightening strokes. The effect of stimulation of the way the administration is already very clear. Unfortunately, stimulation does not go hand in hand with concentration. There are problems with concentration, speech may be tangled, a rapid heartbeat, sweating, chills, nausea. Euphoria is more comparable to the popular mephedrone and initial results are similar to it. Pleasant phase is often intertwined with something that researchers call \u201clight struciem.\u201d<\/p>\n<p><em>FEEDBACKS<\/em><\/p>","protected":false},"excerpt":{"rendered":"<p>4-CMC Crystals taken orally runs about 2-3 hours. The phase is described as nice, but without a powerful euphoria what is the mephedrone or even 3-MMC. The substance does not spiduje hard, but only intellectually stimulating conversations or promotes creativity. It causes a feeling of relax<\/p>","protected":false},"featured_media":5065,"comment_status":"closed","ping_status":"closed","template":"","meta":{"_uag_custom_page_level_css":"","site-sidebar-layout":"default","site-content-layout":"","ast-site-content-layout":"default","site-content-style":"default","site-sidebar-style":"default","ast-global-header-display":"","ast-banner-title-visibility":"","ast-main-header-display":"","ast-hfb-above-header-display":"","ast-hfb-below-header-display":"","ast-hfb-mobile-header-display":"","site-post-title":"","ast-breadcrumbs-content":"","ast-featured-img":"","footer-sml-layout":"","theme-transparent-header-meta":"default","adv-header-id-meta":"","stick-header-meta":"","header-above-stick-meta":"","header-main-stick-meta":"","header-below-stick-meta":"","astra-migrate-meta-layouts":"set","ast-page-background-enabled":"default","ast-page-background-meta":{"desktop":{"background-color":"","background-image":"","background-repeat":"repeat","background-position":"center center","background-size":"auto","background-attachment":"scroll","background-type":"","background-media":"","overlay-type":"","overlay-color":"","overlay-opacity":"","overlay-gradient":""},"tablet":{"background-color":"","background-image":"","background-repeat":"repeat","background-position":"center center","background-size":"auto","background-attachment":"scroll","background-type":"","background-media":"","overlay-type":"","overlay-color":"","overlay-opacity":"","overlay-gradient":""},"mobile":{"background-color":"","background-image":"","background-repeat":"repeat","background-position":"center center","background-size":"auto","background-attachment":"scroll","background-type":"","background-media":"","overlay-type":"","overlay-color":"","overlay-opacity":"","overlay-gradient":""}},"ast-content-background-meta":{"desktop":{"background-color":"var(--ast-global-color-5)","background-image":"","background-repeat":"repeat","background-position":"center center","background-size":"auto","background-attachment":"scroll","background-type":"","background-media":"","overlay-type":"","overlay-color":"","overlay-opacity":"","overlay-gradient":""},"tablet":{"background-color":"var(--ast-global-color-5)","background-image":"","background-repeat":"repeat","background-position":"center center","background-size":"auto","background-attachment":"scroll","background-type":"","background-media":"","overlay-type":"","overlay-color":"","overlay-opacity":"","overlay-gradient":""},"mobile":{"background-color":"var(--ast-global-color-5)","background-image":"","background-repeat":"repeat","background-position":"center center","background-size":"auto","background-attachment":"scroll","background-type":"","background-media":"","overlay-type":"","overlay-color":"","overlay-opacity":"","overlay-gradient":""}}},"product_brand":[],"product_cat":[11818],"product_tag":[12690,12691,12692,12693,12694,12695,12696,12697,12698,12699,12700,12701,12702,12703,12704,12705,12706,12707],"class_list":{"0":"post-5039","1":"product","2":"type-product","3":"status-publish","4":"has-post-thumbnail","6":"product_cat-research-chemicals","7":"product_tag-3cmc","8":"product_tag-3cmc-crystals-for-sale-eu","9":"product_tag-3cmc-crystals-germany","10":"product_tag-3cmc-crystals-poland","11":"product_tag-3cmc-crystals-romania","12":"product_tag-4cmc","13":"product_tag-4cmc-crystals","14":"product_tag-4cmc-crystals-for-sale-online","15":"product_tag-4cmc-for-sale","16":"product_tag-4cmc-online","17":"product_tag-4mmc-usa","18":"product_tag-buy-3cmc-crystals","19":"product_tag-buy-4-cmc-powder","20":"product_tag-buy-4cmc-crystal-europe","21":"product_tag-buy-cas-1246816-62-5","22":"product_tag-clephedrone-crystals-for-sale","23":"product_tag-for-sale-4cmc-crystals","24":"product_tag-order-4cmc-crystals","25":"desktop-align-left","26":"tablet-align-left","27":"mobile-align-left","29":"first","30":"instock","31":"shipping-taxable","32":"purchasable","33":"product-type-variable"},"yoast_head":"<!-- This site is optimized with the Yoast SEO plugin v27.4 - https:\/\/yoast.com\/product\/yoast-seo-wordpress\/ -->\n<title>3CMC clophedrone for sale Buy 3-MMC Crystals | 4MMC Crystals -<\/title>\n<meta name=\"description\" content=\"3CMC clophedrone for sale\" \/>\n<meta name=\"robots\" content=\"index, follow, max-snippet:-1, max-image-preview:large, max-video-preview:-1\" \/>\n<link rel=\"canonical\" href=\"https:\/\/exoticchemicals.com\/tr\/product\/3cmc-clophedrone-for-sale-buy-3cmc-crystals-4cmc-online\/\" \/>\n<meta property=\"og:locale\" content=\"tr_TR\" \/>\n<meta property=\"og:type\" content=\"article\" \/>\n<meta property=\"og:title\" content=\"3CMC clophedrone for sale Buy 3-MMC Crystals | 4MMC Crystals -\" \/>\n<meta property=\"og:description\" content=\"3CMC clophedrone for sale\" \/>\n<meta property=\"og:url\" content=\"https:\/\/exoticchemicals.com\/tr\/product\/3cmc-clophedrone-for-sale-buy-3cmc-crystals-4cmc-online\/\" \/>\n<meta property=\"article:modified_time\" content=\"2026-04-05T12:51:35+00:00\" \/>\n<meta property=\"og:image\" content=\"https:\/\/exoticchemicals.com\/wp-content\/uploads\/2026\/01\/3cmc.png\" \/>\n\t<meta property=\"og:image:width\" content=\"499\" \/>\n\t<meta property=\"og:image:height\" content=\"500\" \/>\n\t<meta property=\"og:image:type\" content=\"image\/png\" \/>\n<meta name=\"twitter:card\" content=\"summary_large_image\" \/>\n<meta name=\"twitter:label1\" content=\"Tahmini okuma s\u00fcresi\" \/>\n\t<meta name=\"twitter:data1\" content=\"3 dakika\" \/>\n<script type=\"application\/ld+json\" class=\"yoast-schema-graph\">{\"@context\":\"https:\\\/\\\/schema.org\",\"@graph\":[{\"@type\":\"WebPage\",\"@id\":\"https:\\\/\\\/exoticchemicals.com\\\/product\\\/3cmc-clophedrone-for-sale-buy-3cmc-crystals-4cmc-online\\\/\",\"url\":\"https:\\\/\\\/exoticchemicals.com\\\/product\\\/3cmc-clophedrone-for-sale-buy-3cmc-crystals-4cmc-online\\\/\",\"name\":\"3CMC clophedrone for sale Buy 3-MMC Crystals | 4MMC Crystals -\",\"isPartOf\":{\"@id\":\"https:\\\/\\\/exoticchemicals.com\\\/#website\"},\"primaryImageOfPage\":{\"@id\":\"https:\\\/\\\/exoticchemicals.com\\\/product\\\/3cmc-clophedrone-for-sale-buy-3cmc-crystals-4cmc-online\\\/#primaryimage\"},\"image\":{\"@id\":\"https:\\\/\\\/exoticchemicals.com\\\/product\\\/3cmc-clophedrone-for-sale-buy-3cmc-crystals-4cmc-online\\\/#primaryimage\"},\"thumbnailUrl\":\"https:\\\/\\\/exoticchemicals.com\\\/wp-content\\\/uploads\\\/2026\\\/01\\\/3cmc.png\",\"datePublished\":\"2026-01-29T21:22:16+00:00\",\"dateModified\":\"2026-04-05T12:51:35+00:00\",\"description\":\"3CMC clophedrone for sale\",\"breadcrumb\":{\"@id\":\"https:\\\/\\\/exoticchemicals.com\\\/product\\\/3cmc-clophedrone-for-sale-buy-3cmc-crystals-4cmc-online\\\/#breadcrumb\"},\"inLanguage\":\"tr\",\"potentialAction\":[{\"@type\":\"ReadAction\",\"target\":[\"https:\\\/\\\/exoticchemicals.com\\\/product\\\/3cmc-clophedrone-for-sale-buy-3cmc-crystals-4cmc-online\\\/\"]}]},{\"@type\":\"ImageObject\",\"inLanguage\":\"tr\",\"@id\":\"https:\\\/\\\/exoticchemicals.com\\\/product\\\/3cmc-clophedrone-for-sale-buy-3cmc-crystals-4cmc-online\\\/#primaryimage\",\"url\":\"https:\\\/\\\/exoticchemicals.com\\\/wp-content\\\/uploads\\\/2026\\\/01\\\/3cmc.png\",\"contentUrl\":\"https:\\\/\\\/exoticchemicals.com\\\/wp-content\\\/uploads\\\/2026\\\/01\\\/3cmc.png\",\"width\":499,\"height\":500,\"caption\":\"3CMC clophedrone for sale\"},{\"@type\":\"BreadcrumbList\",\"@id\":\"https:\\\/\\\/exoticchemicals.com\\\/product\\\/3cmc-clophedrone-for-sale-buy-3cmc-crystals-4cmc-online\\\/#breadcrumb\",\"itemListElement\":[{\"@type\":\"ListItem\",\"position\":1,\"name\":\"Home\",\"item\":\"https:\\\/\\\/exoticchemicals.com\\\/\"},{\"@type\":\"ListItem\",\"position\":2,\"name\":\"Shop\",\"item\":\"https:\\\/\\\/exoticchemicals.com\\\/shop\\\/\"},{\"@type\":\"ListItem\",\"position\":3,\"name\":\"Buy 3-MMC Crystals | 4MMC Crystals\"}]},{\"@type\":\"WebSite\",\"@id\":\"https:\\\/\\\/exoticchemicals.com\\\/#website\",\"url\":\"https:\\\/\\\/exoticchemicals.com\\\/\",\"name\":\"exotic chemicals\",\"description\":\"Buy MDPHP Hydrochloride\",\"publisher\":{\"@id\":\"https:\\\/\\\/exoticchemicals.com\\\/#\\\/schema\\\/person\\\/07ad08472b6f5b213792451a32dbe8c7\"},\"potentialAction\":[{\"@type\":\"SearchAction\",\"target\":{\"@type\":\"EntryPoint\",\"urlTemplate\":\"https:\\\/\\\/exoticchemicals.com\\\/?s={search_term_string}\"},\"query-input\":{\"@type\":\"PropertyValueSpecification\",\"valueRequired\":true,\"valueName\":\"search_term_string\"}}],\"inLanguage\":\"tr\"},{\"@type\":[\"Person\",\"Organization\"],\"@id\":\"https:\\\/\\\/exoticchemicals.com\\\/#\\\/schema\\\/person\\\/07ad08472b6f5b213792451a32dbe8c7\",\"name\":\"wwalkershop@gmail.com\",\"image\":{\"@type\":\"ImageObject\",\"inLanguage\":\"tr\",\"@id\":\"https:\\\/\\\/exoticchemicals.com\\\/wp-content\\\/uploads\\\/2025\\\/02\\\/pure-3-1-1.png\",\"url\":\"https:\\\/\\\/exoticchemicals.com\\\/wp-content\\\/uploads\\\/2025\\\/02\\\/pure-3-1-1.png\",\"contentUrl\":\"https:\\\/\\\/exoticchemicals.com\\\/wp-content\\\/uploads\\\/2025\\\/02\\\/pure-3-1-1.png\",\"width\":500,\"height\":500,\"caption\":\"wwalkershop@gmail.com\"},\"logo\":{\"@id\":\"https:\\\/\\\/exoticchemicals.com\\\/wp-content\\\/uploads\\\/2025\\\/02\\\/pure-3-1-1.png\"},\"sameAs\":[\"http:\\\/\\\/exoticchemicals.com\"]}]}<\/script>\n<!-- \/ Yoast SEO plugin. -->","yoast_head_json":{"title":"3CMC clophedrone for sale Buy 3-MMC Crystals | 4MMC Crystals -","description":"3CMC clophedrone for sale","robots":{"index":"index","follow":"follow","max-snippet":"max-snippet:-1","max-image-preview":"max-image-preview:large","max-video-preview":"max-video-preview:-1"},"canonical":"https:\/\/exoticchemicals.com\/tr\/product\/3cmc-clophedrone-for-sale-buy-3cmc-crystals-4cmc-online\/","og_locale":"tr_TR","og_type":"article","og_title":"3CMC clophedrone for sale Buy 3-MMC Crystals | 4MMC Crystals -","og_description":"3CMC clophedrone for sale","og_url":"https:\/\/exoticchemicals.com\/tr\/product\/3cmc-clophedrone-for-sale-buy-3cmc-crystals-4cmc-online\/","article_modified_time":"2026-04-05T12:51:35+00:00","og_image":[{"width":499,"height":500,"url":"https:\/\/exoticchemicals.com\/wp-content\/uploads\/2026\/01\/3cmc.png","type":"image\/png"}],"twitter_card":"summary_large_image","twitter_misc":{"Tahmini okuma s\u00fcresi":"3 dakika"},"schema":{"@context":"https:\/\/schema.org","@graph":[{"@type":"WebPage","@id":"https:\/\/exoticchemicals.com\/product\/3cmc-clophedrone-for-sale-buy-3cmc-crystals-4cmc-online\/","url":"https:\/\/exoticchemicals.com\/product\/3cmc-clophedrone-for-sale-buy-3cmc-crystals-4cmc-online\/","name":"3CMC clophedrone for sale Buy 3-MMC Crystals | 4MMC Crystals -","isPartOf":{"@id":"https:\/\/exoticchemicals.com\/#website"},"primaryImageOfPage":{"@id":"https:\/\/exoticchemicals.com\/product\/3cmc-clophedrone-for-sale-buy-3cmc-crystals-4cmc-online\/#primaryimage"},"image":{"@id":"https:\/\/exoticchemicals.com\/product\/3cmc-clophedrone-for-sale-buy-3cmc-crystals-4cmc-online\/#primaryimage"},"thumbnailUrl":"https:\/\/exoticchemicals.com\/wp-content\/uploads\/2026\/01\/3cmc.png","datePublished":"2026-01-29T21:22:16+00:00","dateModified":"2026-04-05T12:51:35+00:00","description":"3CMC clophedrone for sale","breadcrumb":{"@id":"https:\/\/exoticchemicals.com\/product\/3cmc-clophedrone-for-sale-buy-3cmc-crystals-4cmc-online\/#breadcrumb"},"inLanguage":"tr","potentialAction":[{"@type":"ReadAction","target":["https:\/\/exoticchemicals.com\/product\/3cmc-clophedrone-for-sale-buy-3cmc-crystals-4cmc-online\/"]}]},{"@type":"ImageObject","inLanguage":"tr","@id":"https:\/\/exoticchemicals.com\/product\/3cmc-clophedrone-for-sale-buy-3cmc-crystals-4cmc-online\/#primaryimage","url":"https:\/\/exoticchemicals.com\/wp-content\/uploads\/2026\/01\/3cmc.png","contentUrl":"https:\/\/exoticchemicals.com\/wp-content\/uploads\/2026\/01\/3cmc.png","width":499,"height":500,"caption":"3CMC clophedrone for sale"},{"@type":"BreadcrumbList","@id":"https:\/\/exoticchemicals.com\/product\/3cmc-clophedrone-for-sale-buy-3cmc-crystals-4cmc-online\/#breadcrumb","itemListElement":[{"@type":"ListItem","position":1,"name":"Home","item":"https:\/\/exoticchemicals.com\/"},{"@type":"ListItem","position":2,"name":"Shop","item":"https:\/\/exoticchemicals.com\/shop\/"},{"@type":"ListItem","position":3,"name":"Buy 3-MMC Crystals | 4MMC Crystals"}]},{"@type":"WebSite","@id":"https:\/\/exoticchemicals.com\/#website","url":"https:\/\/exoticchemicals.com\/","name":"egzoti\u0307k ki\u0307myasallar","description":"MDPHP Hidroklor\u00fcr Sat\u0131n Al\u0131n","publisher":{"@id":"https:\/\/exoticchemicals.com\/#\/schema\/person\/07ad08472b6f5b213792451a32dbe8c7"},"potentialAction":[{"@type":"SearchAction","target":{"@type":"EntryPoint","urlTemplate":"https:\/\/exoticchemicals.com\/?s={search_term_string}"},"query-input":{"@type":"PropertyValueSpecification","valueRequired":true,"valueName":"search_term_string"}}],"inLanguage":"tr"},{"@type":["Person","Organization"],"@id":"https:\/\/exoticchemicals.com\/#\/schema\/person\/07ad08472b6f5b213792451a32dbe8c7","name":"wwalkershop@gmail.com","image":{"@type":"ImageObject","inLanguage":"tr","@id":"https:\/\/exoticchemicals.com\/wp-content\/uploads\/2025\/02\/pure-3-1-1.png","url":"https:\/\/exoticchemicals.com\/wp-content\/uploads\/2025\/02\/pure-3-1-1.png","contentUrl":"https:\/\/exoticchemicals.com\/wp-content\/uploads\/2025\/02\/pure-3-1-1.png","width":500,"height":500,"caption":"wwalkershop@gmail.com"},"logo":{"@id":"https:\/\/exoticchemicals.com\/wp-content\/uploads\/2025\/02\/pure-3-1-1.png"},"sameAs":["http:\/\/exoticchemicals.com"]}]}},"uagb_featured_image_src":{"full":["https:\/\/exoticchemicals.com\/wp-content\/uploads\/2026\/01\/3cmc.png",499,500,false],"thumbnail":["https:\/\/exoticchemicals.com\/wp-content\/uploads\/2026\/01\/3cmc-150x150.png",150,150,true],"medium":["https:\/\/exoticchemicals.com\/wp-content\/uploads\/2026\/01\/3cmc-300x300.png",300,300,true],"medium_large":["https:\/\/exoticchemicals.com\/wp-content\/uploads\/2026\/01\/3cmc.png",499,500,false],"large":["https:\/\/exoticchemicals.com\/wp-content\/uploads\/2026\/01\/3cmc.png",499,500,false],"1536x1536":["https:\/\/exoticchemicals.com\/wp-content\/uploads\/2026\/01\/3cmc.png",499,500,false],"2048x2048":["https:\/\/exoticchemicals.com\/wp-content\/uploads\/2026\/01\/3cmc.png",499,500,false],"trp-custom-language-flag":["https:\/\/exoticchemicals.com\/wp-content\/uploads\/2026\/01\/3cmc-12x12.png",12,12,true],"woocommerce_thumbnail":["https:\/\/exoticchemicals.com\/wp-content\/uploads\/2026\/01\/3cmc-300x300.png",300,300,true],"woocommerce_single":["https:\/\/exoticchemicals.com\/wp-content\/uploads\/2026\/01\/3cmc.png",499,500,false],"woocommerce_gallery_thumbnail":["https:\/\/exoticchemicals.com\/wp-content\/uploads\/2026\/01\/3cmc-100x100.png",100,100,true]},"uagb_author_info":{"display_name":"wwalkershop@gmail.com","author_link":"https:\/\/exoticchemicals.com\/tr\/author\/"},"uagb_comment_info":8,"uagb_excerpt":"4-CMC Crystals taken orally runs about 2-3 hours. The phase is described as nice, but without a powerful euphoria what is the mephedrone or even 3-MMC. The substance does not spiduje hard, but only intellectually stimulating conversations or promotes creativity. It causes a feeling of relax","_links":{"self":[{"href":"https:\/\/exoticchemicals.com\/tr\/wp-json\/wp\/v2\/product\/5039","targetHints":{"allow":["GET"]}}],"collection":[{"href":"https:\/\/exoticchemicals.com\/tr\/wp-json\/wp\/v2\/product"}],"about":[{"href":"https:\/\/exoticchemicals.com\/tr\/wp-json\/wp\/v2\/types\/product"}],"replies":[{"embeddable":true,"href":"https:\/\/exoticchemicals.com\/tr\/wp-json\/wp\/v2\/comments?post=5039"}],"wp:featuredmedia":[{"embeddable":true,"href":"https:\/\/exoticchemicals.com\/tr\/wp-json\/wp\/v2\/media\/5065"}],"wp:attachment":[{"href":"https:\/\/exoticchemicals.com\/tr\/wp-json\/wp\/v2\/media?parent=5039"}],"wp:term":[{"taxonomy":"product_brand","embeddable":true,"href":"https:\/\/exoticchemicals.com\/tr\/wp-json\/wp\/v2\/product_brand?post=5039"},{"taxonomy":"product_cat","embeddable":true,"href":"https:\/\/exoticchemicals.com\/tr\/wp-json\/wp\/v2\/product_cat?post=5039"},{"taxonomy":"product_tag","embeddable":true,"href":"https:\/\/exoticchemicals.com\/tr\/wp-json\/wp\/v2\/product_tag?post=5039"}],"curies":[{"name":"wp","href":"https:\/\/api.w.org\/{rel}","templated":true}]}}