{"id":5500,"date":"2026-01-29T21:34:31","date_gmt":"2026-01-29T21:34:31","guid":{"rendered":"https:\/\/exoticchemicals.com\/?post_type=product&#038;p=5500"},"modified":"2026-04-15T22:01:37","modified_gmt":"2026-04-15T22:01:37","slug":"5-meo-dmt-2","status":"publish","type":"product","link":"https:\/\/exoticchemicals.com\/tr\/product\/5-meo-dmt-2\/","title":{"rendered":"5-MEO-DMT"},"content":{"rendered":"<h3 style=\"text-align: center\"><strong>5-MEO-DMT<\/strong><\/h3>\n<p>5-MEO-DMT is a tryptamine-type designer drug with pronounced physiological and psychoactiveeffects and has the molecular formula C<small>13<\/small>H<small>18<\/small>N<small>2<\/small>O. The formula weight has the value\u00a0218.3g\/mol. The toxicological and physiological properties of product<strong>\u00a0<\/strong>are not known<a href=\"https:\/\/bulkmunitionsdepot.com\/shop\/\">.<\/a><\/p>\n<h2>How To Buy 5-MEO-DMT Online?<\/h2>\n<p>Size zorluk veya beceriksizlik olmadan \u00e7evrimi\u00e7i olarak alma imkan\u0131 sunuyoruz. Ara\u015ft\u0131rma kimyasallar\u0131m\u0131zdan her \u00e7evrimi\u00e7i sipari\u015f verdi\u011finizde paradan tasarruf etmenizi sa\u011flamak i\u00e7in durmadan \u00e7al\u0131\u015f\u0131yoruz <a href=\"https:\/\/researchchemicalshop.com\/shop\/\">d\u00fckkan<\/a>. Amac\u0131m\u0131z m\u00fc\u015fterilerimizin daha az \u00f6deyip daha fazlas\u0131n\u0131 almalar\u0131n\u0131 sa\u011flamakt\u0131r.<\/p>\n<h3>Additional Information<\/h3>\n<table class=\"shop_attributes\">\n<tbody>\n<tr>\n<th>E\u015fanlaml\u0131lar<\/th>\n<td>5-methoxy-dimethyltryptamine<\/td>\n<\/tr>\n<tr>\n<th>IUPAC<\/th>\n<td>2-(5-methoxy-1H-indol-3-yl)-N,N-dimethylethanamine<\/td>\n<\/tr>\n<tr>\n<th>Form\u00fcl<\/th>\n<td>C13H18N2O<\/td>\n<\/tr>\n<tr>\n<th>Molek\u00fcler a\u011f\u0131rl\u0131k<\/th>\n<td>218.298 g\/mol<\/td>\n<\/tr>\n<tr>\n<th>CAS<\/th>\n<td>1019-45-0<\/td>\n<\/tr>\n<tr>\n<th>G\u00f6r\u00fcn\u00fc\u015f<\/th>\n<td>beyaz toz<\/td>\n<\/tr>\n<tr>\n<th>Safl\u0131k<\/th>\n<td>\u2265 99%<\/td>\n<\/tr>\n<\/tbody>\n<\/table>","protected":false},"excerpt":{"rendered":"<p>5-MEO-DMT 5-MEO-DMT is a tryptamine-type designer drug with pronounced physiological and psychoactiveeffects and has the molecular formula C13H18N2O. The formula weight has the value\u00a0218.3g\/mol. The toxicological and physiological properties of product\u00a0are not known. How To Buy 5-MEO-DMT Online? We offers you the possibility to get it online without hassles or awkwardness. We work endlessly to [&hellip;]<\/p>\n","protected":false},"featured_media":5530,"comment_status":"closed","ping_status":"closed","template":"","meta":{"_uag_custom_page_level_css":"","site-sidebar-layout":"default","site-content-layout":"","ast-site-content-layout":"","site-content-style":"default","site-sidebar-style":"default","ast-global-header-display":"","ast-banner-title-visibility":"","ast-main-header-display":"","ast-hfb-above-header-display":"","ast-hfb-below-header-display":"","ast-hfb-mobile-header-display":"","site-post-title":"","ast-breadcrumbs-content":"","ast-featured-img":"","footer-sml-layout":"","theme-transparent-header-meta":"","adv-header-id-meta":"","stick-header-meta":"","header-above-stick-meta":"","header-main-stick-meta":"","header-below-stick-meta":"","astra-migrate-meta-layouts":"default","ast-page-background-enabled":"default","ast-page-background-meta":{"desktop":{"background-color":"","background-image":"","background-repeat":"repeat","background-position":"center center","background-size":"auto","background-attachment":"scroll","background-type":"","background-media":"","overlay-type":"","overlay-color":"","overlay-opacity":"","overlay-gradient":""},"tablet":{"background-color":"","background-image":"","background-repeat":"repeat","background-position":"center center","background-size":"auto","background-attachment":"scroll","background-type":"","background-media":"","overlay-type":"","overlay-color":"","overlay-opacity":"","overlay-gradient":""},"mobile":{"background-color":"","background-image":"","background-repeat":"repeat","background-position":"center center","background-size":"auto","background-attachment":"scroll","background-type":"","background-media":"","overlay-type":"","overlay-color":"","overlay-opacity":"","overlay-gradient":""}},"ast-content-background-meta":{"desktop":{"background-color":"var(--ast-global-color-5)","background-image":"","background-repeat":"repeat","background-position":"center center","background-size":"auto","background-attachment":"scroll","background-type":"","background-media":"","overlay-type":"","overlay-color":"","overlay-opacity":"","overlay-gradient":""},"tablet":{"background-color":"var(--ast-global-color-5)","background-image":"","background-repeat":"repeat","background-position":"center center","background-size":"auto","background-attachment":"scroll","background-type":"","background-media":"","overlay-type":"","overlay-color":"","overlay-opacity":"","overlay-gradient":""},"mobile":{"background-color":"var(--ast-global-color-5)","background-image":"","background-repeat":"repeat","background-position":"center center","background-size":"auto","background-attachment":"scroll","background-type":"","background-media":"","overlay-type":"","overlay-color":"","overlay-opacity":"","overlay-gradient":""}}},"product_brand":[],"product_cat":[22],"product_tag":[12926,13545,13546,13547,13548,13549,13550,13551,13552,13553,13554,13555,13556,13557,13558,13559,13560,13561,13562,576,13563,12928,5649,1852,12929,12930,12931,12932,5717,5729,5731,5735,5736,12946,12947,12948,12949,12950,12951,12952,12953,12954,12955,12956,12957,1502,5685,5741,5743,5744,12958,12959,12960,12961,12963,12964,12965,5749,5753,5763],"class_list":{"0":"post-5500","1":"product","2":"type-product","3":"status-publish","4":"has-post-thumbnail","6":"product_cat-buy-high-quality-mdpv-hydrochloride","7":"product_tag-2c-research-chemical","8":"product_tag-5-meo-dmt-2","9":"product_tag-5-meo-dmt-cart","10":"product_tag-5-meo-dmt-clinical-trials","11":"product_tag-5-meo-dmt-depression","12":"product_tag-5-meo-dmt-ervaring","13":"product_tag-5-meo-dmt-for-sale-2","14":"product_tag-5-meo-dmt-freebase","15":"product_tag-5-meo-dmt-hydrochloride","16":"product_tag-5-meo-dmt-kopen","17":"product_tag-5-meo-dmt-neurogenesis","18":"product_tag-5-meo-dmt-research","19":"product_tag-5-meo-dmt-retreat","20":"product_tag-5-meo-dmt-retreat-california","21":"product_tag-5-meo-dmt-retreat-cost","22":"product_tag-5-meo-dmt-retreat-florida","23":"product_tag-5-meo-dmt-retreat-near-me","24":"product_tag-5-meo-dmt-retreat-united-states","25":"product_tag-5-meo-dmt-synthesis","26":"product_tag-5-meo-dmt-vs-dmt","27":"product_tag-buy-5-meo-dmt-2","28":"product_tag-buy-research-chemical","29":"product_tag-buy-research-chemicals","30":"product_tag-buy-research-chemicals-online","31":"product_tag-cabergoline-research-chemical","32":"product_tag-canadian-research-chemicals","33":"product_tag-domestic-research-chemicals","34":"product_tag-enclomiphene-research-chemical","35":"product_tag-legal-research-chemicals","36":"product_tag-opioid-research-chemicals","37":"product_tag-order-research-chemicals","38":"product_tag-quality-research-chemicals","39":"product_tag-reddit-research-chemicals","40":"product_tag-research-chemical","41":"product_tag-research-chemical-drugs","42":"product_tag-research-chemical-forum","43":"product_tag-research-chemical-opiates","44":"product_tag-research-chemical-reddit","45":"product_tag-research-chemical-shop","46":"product_tag-research-chemical-sources","47":"product_tag-research-chemical-store","48":"product_tag-research-chemical-supply","49":"product_tag-research-chemical-vendor-usa","50":"product_tag-research-chemical-vendors","51":"product_tag-research-chemical-vendors-reddit","52":"product_tag-research-chemicals","53":"product_tag-research-chemicals-for-sale","54":"product_tag-research-chemicals-kopen","55":"product_tag-research-chemicals-online","56":"product_tag-research-chemicals-reddit","57":"product_tag-research-chemicals-sale","58":"product_tag-research-chemicals-store","59":"product_tag-semaglutide-research-chemical","60":"product_tag-sunnyside-research-chemicals","61":"product_tag-tadalafil-research-chemical","62":"product_tag-tirzepatide-research-chemical","63":"product_tag-tirzepatide-research-chemical-for-sale","64":"product_tag-toronto-research-chemicals","65":"product_tag-what-are-research-chemicals","66":"product_tag-where-to-buy-research-chemicals","67":"desktop-align-left","68":"tablet-align-left","69":"mobile-align-left","71":"first","72":"instock","73":"shipping-taxable","74":"purchasable","75":"product-type-variable"},"yoast_head":"<!-- This site is optimized with the Yoast SEO plugin v27.4 - https:\/\/yoast.com\/product\/yoast-seo-wordpress\/ -->\n<title>5-MEO-DMT -<\/title>\n<meta name=\"robots\" content=\"index, follow, max-snippet:-1, max-image-preview:large, max-video-preview:-1\" \/>\n<link rel=\"canonical\" href=\"https:\/\/exoticchemicals.com\/tr\/product\/5-meo-dmt-2\/\" \/>\n<meta property=\"og:locale\" content=\"tr_TR\" \/>\n<meta property=\"og:type\" content=\"article\" \/>\n<meta property=\"og:title\" content=\"5-MEO-DMT -\" \/>\n<meta property=\"og:description\" content=\"5-MEO-DMT 5-MEO-DMT is a tryptamine-type designer drug with pronounced physiological and psychoactiveeffects and has the molecular formula C13H18N2O. The formula weight has the value\u00a0218.3g\/mol. The toxicological and physiological properties of product\u00a0are not known. How To Buy 5-MEO-DMT Online? We offers you the possibility to get it online without hassles or awkwardness. We work endlessly to [&hellip;]\" \/>\n<meta property=\"og:url\" content=\"https:\/\/exoticchemicals.com\/tr\/product\/5-meo-dmt-2\/\" \/>\n<meta property=\"article:modified_time\" content=\"2026-04-15T22:01:37+00:00\" \/>\n<meta name=\"twitter:card\" content=\"summary_large_image\" \/>\n<meta name=\"twitter:label1\" content=\"Tahmini okuma s\u00fcresi\" \/>\n\t<meta name=\"twitter:data1\" content=\"1 dakika\" \/>\n<script type=\"application\/ld+json\" class=\"yoast-schema-graph\">{\"@context\":\"https:\\\/\\\/schema.org\",\"@graph\":[{\"@type\":\"WebPage\",\"@id\":\"https:\\\/\\\/exoticchemicals.com\\\/product\\\/5-meo-dmt-2\\\/\",\"url\":\"https:\\\/\\\/exoticchemicals.com\\\/product\\\/5-meo-dmt-2\\\/\",\"name\":\"5-MEO-DMT -\",\"isPartOf\":{\"@id\":\"https:\\\/\\\/exoticchemicals.com\\\/#website\"},\"primaryImageOfPage\":{\"@id\":\"https:\\\/\\\/exoticchemicals.com\\\/product\\\/5-meo-dmt-2\\\/#primaryimage\"},\"image\":{\"@id\":\"https:\\\/\\\/exoticchemicals.com\\\/product\\\/5-meo-dmt-2\\\/#primaryimage\"},\"thumbnailUrl\":\"https:\\\/\\\/exoticchemicals.com\\\/wp-content\\\/uploads\\\/2026\\\/01\\\/5-MEO-DMT.jpg\",\"datePublished\":\"2026-01-29T21:34:31+00:00\",\"dateModified\":\"2026-04-15T22:01:37+00:00\",\"breadcrumb\":{\"@id\":\"https:\\\/\\\/exoticchemicals.com\\\/product\\\/5-meo-dmt-2\\\/#breadcrumb\"},\"inLanguage\":\"tr\",\"potentialAction\":[{\"@type\":\"ReadAction\",\"target\":[\"https:\\\/\\\/exoticchemicals.com\\\/product\\\/5-meo-dmt-2\\\/\"]}]},{\"@type\":\"ImageObject\",\"inLanguage\":\"tr\",\"@id\":\"https:\\\/\\\/exoticchemicals.com\\\/product\\\/5-meo-dmt-2\\\/#primaryimage\",\"url\":\"https:\\\/\\\/exoticchemicals.com\\\/wp-content\\\/uploads\\\/2026\\\/01\\\/5-MEO-DMT.jpg\",\"contentUrl\":\"https:\\\/\\\/exoticchemicals.com\\\/wp-content\\\/uploads\\\/2026\\\/01\\\/5-MEO-DMT.jpg\",\"width\":225,\"height\":225},{\"@type\":\"BreadcrumbList\",\"@id\":\"https:\\\/\\\/exoticchemicals.com\\\/product\\\/5-meo-dmt-2\\\/#breadcrumb\",\"itemListElement\":[{\"@type\":\"ListItem\",\"position\":1,\"name\":\"Home\",\"item\":\"https:\\\/\\\/exoticchemicals.com\\\/\"},{\"@type\":\"ListItem\",\"position\":2,\"name\":\"Shop\",\"item\":\"https:\\\/\\\/exoticchemicals.com\\\/shop\\\/\"},{\"@type\":\"ListItem\",\"position\":3,\"name\":\"5-MEO-DMT\"}]},{\"@type\":\"WebSite\",\"@id\":\"https:\\\/\\\/exoticchemicals.com\\\/#website\",\"url\":\"https:\\\/\\\/exoticchemicals.com\\\/\",\"name\":\"exotic chemicals\",\"description\":\"Buy MDPHP Hydrochloride\",\"publisher\":{\"@id\":\"https:\\\/\\\/exoticchemicals.com\\\/#\\\/schema\\\/person\\\/07ad08472b6f5b213792451a32dbe8c7\"},\"potentialAction\":[{\"@type\":\"SearchAction\",\"target\":{\"@type\":\"EntryPoint\",\"urlTemplate\":\"https:\\\/\\\/exoticchemicals.com\\\/?s={search_term_string}\"},\"query-input\":{\"@type\":\"PropertyValueSpecification\",\"valueRequired\":true,\"valueName\":\"search_term_string\"}}],\"inLanguage\":\"tr\"},{\"@type\":[\"Person\",\"Organization\"],\"@id\":\"https:\\\/\\\/exoticchemicals.com\\\/#\\\/schema\\\/person\\\/07ad08472b6f5b213792451a32dbe8c7\",\"name\":\"wwalkershop@gmail.com\",\"image\":{\"@type\":\"ImageObject\",\"inLanguage\":\"tr\",\"@id\":\"https:\\\/\\\/exoticchemicals.com\\\/wp-content\\\/uploads\\\/2025\\\/02\\\/pure-3-1-1.png\",\"url\":\"https:\\\/\\\/exoticchemicals.com\\\/wp-content\\\/uploads\\\/2025\\\/02\\\/pure-3-1-1.png\",\"contentUrl\":\"https:\\\/\\\/exoticchemicals.com\\\/wp-content\\\/uploads\\\/2025\\\/02\\\/pure-3-1-1.png\",\"width\":500,\"height\":500,\"caption\":\"wwalkershop@gmail.com\"},\"logo\":{\"@id\":\"https:\\\/\\\/exoticchemicals.com\\\/wp-content\\\/uploads\\\/2025\\\/02\\\/pure-3-1-1.png\"},\"sameAs\":[\"http:\\\/\\\/exoticchemicals.com\"]}]}<\/script>\n<!-- \/ Yoast SEO plugin. -->","yoast_head_json":{"title":"5-MEO-DMT -","robots":{"index":"index","follow":"follow","max-snippet":"max-snippet:-1","max-image-preview":"max-image-preview:large","max-video-preview":"max-video-preview:-1"},"canonical":"https:\/\/exoticchemicals.com\/tr\/product\/5-meo-dmt-2\/","og_locale":"tr_TR","og_type":"article","og_title":"5-MEO-DMT -","og_description":"5-MEO-DMT 5-MEO-DMT is a tryptamine-type designer drug with pronounced physiological and psychoactiveeffects and has the molecular formula C13H18N2O. The formula weight has the value\u00a0218.3g\/mol. The toxicological and physiological properties of product\u00a0are not known. How To Buy 5-MEO-DMT Online? We offers you the possibility to get it online without hassles or awkwardness. We work endlessly to [&hellip;]","og_url":"https:\/\/exoticchemicals.com\/tr\/product\/5-meo-dmt-2\/","article_modified_time":"2026-04-15T22:01:37+00:00","twitter_card":"summary_large_image","twitter_misc":{"Tahmini okuma s\u00fcresi":"1 dakika"},"schema":{"@context":"https:\/\/schema.org","@graph":[{"@type":"WebPage","@id":"https:\/\/exoticchemicals.com\/product\/5-meo-dmt-2\/","url":"https:\/\/exoticchemicals.com\/product\/5-meo-dmt-2\/","name":"5-MEO-DMT -","isPartOf":{"@id":"https:\/\/exoticchemicals.com\/#website"},"primaryImageOfPage":{"@id":"https:\/\/exoticchemicals.com\/product\/5-meo-dmt-2\/#primaryimage"},"image":{"@id":"https:\/\/exoticchemicals.com\/product\/5-meo-dmt-2\/#primaryimage"},"thumbnailUrl":"https:\/\/exoticchemicals.com\/wp-content\/uploads\/2026\/01\/5-MEO-DMT.jpg","datePublished":"2026-01-29T21:34:31+00:00","dateModified":"2026-04-15T22:01:37+00:00","breadcrumb":{"@id":"https:\/\/exoticchemicals.com\/product\/5-meo-dmt-2\/#breadcrumb"},"inLanguage":"tr","potentialAction":[{"@type":"ReadAction","target":["https:\/\/exoticchemicals.com\/product\/5-meo-dmt-2\/"]}]},{"@type":"ImageObject","inLanguage":"tr","@id":"https:\/\/exoticchemicals.com\/product\/5-meo-dmt-2\/#primaryimage","url":"https:\/\/exoticchemicals.com\/wp-content\/uploads\/2026\/01\/5-MEO-DMT.jpg","contentUrl":"https:\/\/exoticchemicals.com\/wp-content\/uploads\/2026\/01\/5-MEO-DMT.jpg","width":225,"height":225},{"@type":"BreadcrumbList","@id":"https:\/\/exoticchemicals.com\/product\/5-meo-dmt-2\/#breadcrumb","itemListElement":[{"@type":"ListItem","position":1,"name":"Home","item":"https:\/\/exoticchemicals.com\/"},{"@type":"ListItem","position":2,"name":"Shop","item":"https:\/\/exoticchemicals.com\/shop\/"},{"@type":"ListItem","position":3,"name":"5-MEO-DMT"}]},{"@type":"WebSite","@id":"https:\/\/exoticchemicals.com\/#website","url":"https:\/\/exoticchemicals.com\/","name":"egzoti\u0307k ki\u0307myasallar","description":"MDPHP Hidroklor\u00fcr Sat\u0131n Al\u0131n","publisher":{"@id":"https:\/\/exoticchemicals.com\/#\/schema\/person\/07ad08472b6f5b213792451a32dbe8c7"},"potentialAction":[{"@type":"SearchAction","target":{"@type":"EntryPoint","urlTemplate":"https:\/\/exoticchemicals.com\/?s={search_term_string}"},"query-input":{"@type":"PropertyValueSpecification","valueRequired":true,"valueName":"search_term_string"}}],"inLanguage":"tr"},{"@type":["Person","Organization"],"@id":"https:\/\/exoticchemicals.com\/#\/schema\/person\/07ad08472b6f5b213792451a32dbe8c7","name":"wwalkershop@gmail.com","image":{"@type":"ImageObject","inLanguage":"tr","@id":"https:\/\/exoticchemicals.com\/wp-content\/uploads\/2025\/02\/pure-3-1-1.png","url":"https:\/\/exoticchemicals.com\/wp-content\/uploads\/2025\/02\/pure-3-1-1.png","contentUrl":"https:\/\/exoticchemicals.com\/wp-content\/uploads\/2025\/02\/pure-3-1-1.png","width":500,"height":500,"caption":"wwalkershop@gmail.com"},"logo":{"@id":"https:\/\/exoticchemicals.com\/wp-content\/uploads\/2025\/02\/pure-3-1-1.png"},"sameAs":["http:\/\/exoticchemicals.com"]}]}},"uagb_featured_image_src":{"full":["https:\/\/exoticchemicals.com\/wp-content\/uploads\/2026\/01\/5-MEO-DMT.jpg",225,225,false],"thumbnail":["https:\/\/exoticchemicals.com\/wp-content\/uploads\/2026\/01\/5-MEO-DMT-150x150.jpg",150,150,true],"medium":["https:\/\/exoticchemicals.com\/wp-content\/uploads\/2026\/01\/5-MEO-DMT.jpg",225,225,false],"medium_large":["https:\/\/exoticchemicals.com\/wp-content\/uploads\/2026\/01\/5-MEO-DMT.jpg",225,225,false],"large":["https:\/\/exoticchemicals.com\/wp-content\/uploads\/2026\/01\/5-MEO-DMT.jpg",225,225,false],"1536x1536":["https:\/\/exoticchemicals.com\/wp-content\/uploads\/2026\/01\/5-MEO-DMT.jpg",225,225,false],"2048x2048":["https:\/\/exoticchemicals.com\/wp-content\/uploads\/2026\/01\/5-MEO-DMT.jpg",225,225,false],"trp-custom-language-flag":["https:\/\/exoticchemicals.com\/wp-content\/uploads\/2026\/01\/5-MEO-DMT-12x12.jpg",12,12,true],"woocommerce_thumbnail":["https:\/\/exoticchemicals.com\/wp-content\/uploads\/2026\/01\/5-MEO-DMT.jpg",225,225,false],"woocommerce_single":["https:\/\/exoticchemicals.com\/wp-content\/uploads\/2026\/01\/5-MEO-DMT.jpg",225,225,false],"woocommerce_gallery_thumbnail":["https:\/\/exoticchemicals.com\/wp-content\/uploads\/2026\/01\/5-MEO-DMT-100x100.jpg",100,100,true]},"uagb_author_info":{"display_name":"wwalkershop@gmail.com","author_link":"https:\/\/exoticchemicals.com\/tr\/author\/"},"uagb_comment_info":9,"uagb_excerpt":"5-MEO-DMT 5-MEO-DMT is a tryptamine-type designer drug with pronounced physiological and psychoactiveeffects and has the molecular formula C13H18N2O. The formula weight has the value\u00a0218.3g\/mol. The toxicological and physiological properties of product\u00a0are not known. How To Buy 5-MEO-DMT Online? We offers you the possibility to get it online without hassles or awkwardness. We work endlessly to&hellip;","_links":{"self":[{"href":"https:\/\/exoticchemicals.com\/tr\/wp-json\/wp\/v2\/product\/5500","targetHints":{"allow":["GET"]}}],"collection":[{"href":"https:\/\/exoticchemicals.com\/tr\/wp-json\/wp\/v2\/product"}],"about":[{"href":"https:\/\/exoticchemicals.com\/tr\/wp-json\/wp\/v2\/types\/product"}],"replies":[{"embeddable":true,"href":"https:\/\/exoticchemicals.com\/tr\/wp-json\/wp\/v2\/comments?post=5500"}],"wp:featuredmedia":[{"embeddable":true,"href":"https:\/\/exoticchemicals.com\/tr\/wp-json\/wp\/v2\/media\/5530"}],"wp:attachment":[{"href":"https:\/\/exoticchemicals.com\/tr\/wp-json\/wp\/v2\/media?parent=5500"}],"wp:term":[{"taxonomy":"product_brand","embeddable":true,"href":"https:\/\/exoticchemicals.com\/tr\/wp-json\/wp\/v2\/product_brand?post=5500"},{"taxonomy":"product_cat","embeddable":true,"href":"https:\/\/exoticchemicals.com\/tr\/wp-json\/wp\/v2\/product_cat?post=5500"},{"taxonomy":"product_tag","embeddable":true,"href":"https:\/\/exoticchemicals.com\/tr\/wp-json\/wp\/v2\/product_tag?post=5500"}],"curies":[{"name":"wp","href":"https:\/\/api.w.org\/{rel}","templated":true}]}}